{"id":1170,"date":"2013-08-27T07:32:41","date_gmt":"2013-08-27T05:32:41","guid":{"rendered":"http:\/\/semmelweis.hu\/gyogyszerhatastan\/?page_id=1170"},"modified":"2014-08-12T12:05:56","modified_gmt":"2014-08-12T10:05:56","slug":"gyorgy-bagdy","status":"publish","type":"page","link":"https:\/\/semmelweis.hu\/gyogyszerhatastan\/de\/lehrpersonal\/gyorgy-bagdy\/","title":{"rendered":"Gy\u00f6rgy Bagdy"},"content":{"rendered":"<p>Professor Gy\u00f6rgy Bagdy ist der gesch\u00e4ftsf\u00fchrender Direktor des Instituts.<br \/>\nNeben seinen Lehraufgaben ist der Professor ein\u00a0erfolgreicher Forscher mit rund 500 kumulativen Impaktfaktoren. Er leitet auch die akademische Forschungsgruppe des Instituts und hat das Grant von einer der niveauvollsten\u00a0Projekte des Staats gewonnen. Sein Forschungsschwerpunkt ist das Zentralnervensystem, haupts\u00e4chlich Depression und verbundene Krankheiten, und deren Pharmakogenetik und -genomik.<br \/>\nIn diesen Themen hat er bisher den Weg von mehr als 16 PhD Studenten angebahnt und\u00a0neue Bewerber\u00a0sind auch immer willkommen.<\/p>\n<p>Wenn Sie den Professor erreichen oder sich als zuk\u00fcnftlicher PhD Student melden m\u00f6chten, k\u00f6nnen es pers\u00f6nlich auf\u00a0der 8. Stock oder via\u00a0E-Mail tun. Bitte ber\u00fccksichtigen Sie, da\u00df der Professor, obwohl deutsch auch versteht, haupts\u00e4chlich englisch pr\u00e4feriert.<\/p>\n<p>F\u00fcr Publikationsliste siehe <a href=\"https:\/\/vm.mtmt.hu\/\/search\/slist.php?inited=1&amp;co_on=&amp;ty_on=1&amp;la_on=&amp;abs_on=&amp;if_on=&amp;st_on=&amp;url_on=1&amp;cite_type=2&amp;orderby=-7&amp;Scientific=1&amp;Independent=&amp;top10=&amp;lang=1&amp;location=mtmt&amp;debug=&amp;stn=1&amp;AuthorID=10001318&amp;DocumentID=&amp;tipus=&amp;besorolas=&amp;jelleg=\">Liste (in MTMT)<\/a> oder <a href=\"http:\/\/www.ncbi.nlm.nih.gov\/pubmed\/?term=bagdy+g\">Liste (in PubMed)<\/a><\/p>\n","protected":false},"excerpt":{"rendered":"<p>Professor Gy\u00f6rgy Bagdy ist der gesch\u00e4ftsf\u00fchrender Direktor des Instituts. Neben seinen Lehraufgaben ist der Professor ein\u00a0erfolgreicher Forscher mit rund 500 kumulativen Impaktfaktoren. Er leitet auch die akademische Forschungsgruppe des Instituts und hat das Grant von einer der niveauvollsten\u00a0Projekte des Staats gewonnen. Sein Forschungsschwerpunkt ist das Zentralnervensystem, haupts\u00e4chlich Depression und verbundene Krankheiten, und deren Pharmakogenetik und &hellip;<\/p>\n","protected":false},"author":107,"featured_media":0,"parent":1140,"menu_order":2,"comment_status":"closed","ping_status":"closed","template":"","meta":{"_acf_changed":false,"footnotes":""},"categories":[],"tags":[],"class_list":["post-1170","page","type-page","status-publish","hentry"],"acf":[],"_links":{"self":[{"href":"https:\/\/semmelweis.hu\/gyogyszerhatastan\/wp-json\/wp\/v2\/pages\/1170","targetHints":{"allow":["GET"]}}],"collection":[{"href":"https:\/\/semmelweis.hu\/gyogyszerhatastan\/wp-json\/wp\/v2\/pages"}],"about":[{"href":"https:\/\/semmelweis.hu\/gyogyszerhatastan\/wp-json\/wp\/v2\/types\/page"}],"author":[{"embeddable":true,"href":"https:\/\/semmelweis.hu\/gyogyszerhatastan\/wp-json\/wp\/v2\/users\/107"}],"replies":[{"embeddable":true,"href":"https:\/\/semmelweis.hu\/gyogyszerhatastan\/wp-json\/wp\/v2\/comments?post=1170"}],"version-history":[{"count":10,"href":"https:\/\/semmelweis.hu\/gyogyszerhatastan\/wp-json\/wp\/v2\/pages\/1170\/revisions"}],"predecessor-version":[{"id":1299,"href":"https:\/\/semmelweis.hu\/gyogyszerhatastan\/wp-json\/wp\/v2\/pages\/1170\/revisions\/1299"}],"up":[{"embeddable":true,"href":"https:\/\/semmelweis.hu\/gyogyszerhatastan\/wp-json\/wp\/v2\/pages\/1140"}],"wp:attachment":[{"href":"https:\/\/semmelweis.hu\/gyogyszerhatastan\/wp-json\/wp\/v2\/media?parent=1170"}],"wp:term":[{"taxonomy":"category","embeddable":true,"href":"https:\/\/semmelweis.hu\/gyogyszerhatastan\/wp-json\/wp\/v2\/categories?post=1170"},{"taxonomy":"post_tag","embeddable":true,"href":"https:\/\/semmelweis.hu\/gyogyszerhatastan\/wp-json\/wp\/v2\/tags?post=1170"}],"curies":[{"name":"wp","href":"https:\/\/api.w.org\/{rel}","templated":true}]}}