{"id":940,"date":"2018-05-15T09:38:15","date_gmt":"2018-05-15T07:38:15","guid":{"rendered":"http:\/\/semmelweis.hu\/gyogyszereszi-kemia\/?page_id=940"},"modified":"2022-11-18T11:47:12","modified_gmt":"2022-11-18T10:47:12","slug":"a-gyogyszereszi-kemiai-intezet-minosegpolitikaja","status":"publish","type":"page","link":"https:\/\/semmelweis.hu\/gyogyszereszi-kemia\/a-gyogyszereszi-kemiai-intezet-minosegpolitikaja\/","title":{"rendered":"A Gy\u00f3gyszer\u00e9szi K\u00e9miai Int\u00e9zet min\u0151s\u00e9gpolitik\u00e1ja"},"content":{"rendered":"<p>A Semmelweis Egyetem <span style=\"color: #3366ff\"><a href=\"https:\/\/semmelweis.hu\/az-egyetemrol\/a-semmelweis-egyetem-strategiaja\/\" target=\"_blank\" rel=\"noopener noreferrer\">strat\u00e9gi\u00e1j\u00e1hoz <\/a><\/span>illeszkedve Int\u00e9zet\u00fcnk min\u0151s\u00e9gpolitikai c\u00e9ljai a k\u00f6vetkez\u0151k:<\/p>\n<p>OKTAT\u00c1S:<\/p>\n<ul>\n<li style=\"text-align: justify\">a gy\u00f3gyszerek k\u00e9mi\u00e1j\u00e1val, fizikai-k\u00e9mi\u00e1j\u00e1val kapcsolatos tud\u00e1s \u00e1tad\u00e1sa a hallgat\u00f3knak, mind elm\u00e9leti, mind gyakorlati szinten, ami a tov\u00e1bbi szakt\u00e1rgyak alapj\u00e1ul szolg\u00e1l \u00e9s azok meg\u00e9rt\u00e9s\u00e9t megalapozza<\/li>\n<li style=\"text-align: justify\">tehets\u00e9ggondoz\u00e1s (TDK, demonstr\u00e1tor, szakdolgozat)<\/li>\n<li style=\"text-align: justify\">felz\u00e1rk\u00f3ztat\u00e1s (a kor\u00e1bbi t\u00e1rgyi hi\u00e1nyoss\u00e1gok p\u00f3tl\u00e1sa, a gy\u00f3gyszer\u00e9szi k\u00e9mia tananyag elsaj\u00e1t\u00edt\u00e1s\u00e1nak el\u0151seg\u00edt\u00e9se)<\/li>\n<li style=\"text-align: justify\">az elm\u00e9leti \u00e9s gyakorlati tematik\u00e1k folyamatos fejleszt\u00e9se, az Eur\u00f3pai Gy\u00f3gyszerk\u00f6nyv v\u00e1ltoz\u00e1sainak \u00e9s a tudom\u00e1ny fejl\u0151d\u00e9s\u00e9nek megfelel\u0151en<\/li>\n<li style=\"text-align: justify\">oktat\u00e1si seg\u00e9danyagok folyamatos biztos\u00edt\u00e1sa (tkv., jegyzet, egy\u00e9b seg\u00e9danyagok)<\/li>\n<\/ul>\n<p>&nbsp;<\/p>\n<p style=\"text-align: justify\">KUTAT\u00c1S<\/p>\n<ul>\n<li style=\"text-align: justify\">az Int\u00e9zet kialakult kutat\u00e1si profiljainak meg\u0151rz\u00e9se \u00e9s fejleszt\u00e9se, a kutat\u00f3i szabads\u00e1g biztos\u00edt\u00e1sa<\/li>\n<li style=\"text-align: justify\">innovat\u00edv m\u00f3dszerfejleszt\u00e9s az alapkutat\u00e1s \u00e9s az alkalmazott kutat\u00e1s ter\u00fclet\u00e9n<\/li>\n<li style=\"text-align: justify\">kutat\u00f3i ut\u00e1np\u00f3tl\u00e1s biztos\u00edt\u00e1sa, Ph.D. t\u00e9m\u00e1k meghirdet\u00e9se, vezet\u00e9se<\/li>\n<li style=\"text-align: justify\">kutat\u00f3i \u00e9letp\u00e1lya-modell el\u0151seg\u00edt\u00e9se<\/li>\n<li style=\"text-align: justify\">kutat\u00e1si egy\u00fcttm\u0171k\u00f6d\u00e9s hazai \u00e9s nemzetk\u00f6zi kutat\u00f3csoportokkal<\/li>\n<\/ul>\n","protected":false},"excerpt":{"rendered":"<p>A Semmelweis Egyetem <a href=\"https:\/\/semmelweis.hu\/az-egyetemrol\/a-semmelweis-egyetem-strategiaja\/\" target=\"_blank\" rel=\"noopener noreferrer\">strat\u00e9gi\u00e1j\u00e1hoz <\/a> illeszkedve Int\u00e9zet\u00fcnk min\u0151s\u00e9gpolitikai c\u00e9ljai a k\u00f6vetkez\u0151k: OKTAT\u00c1S: a gy\u00f3gyszerek k\u00e9mi\u00e1j\u00e1val, fizikai-k\u00e9mi\u00e1j\u00e1val kapcsolatos tud\u00e1s \u00e1tad\u00e1sa a hallgat\u00f3knak, mind elm\u00e9leti, mind gyakorlati szinten, ami a tov\u00e1bbi szakt\u00e1rgyak alapj\u00e1ul szolg\u00e1l \u00e9s azok meg\u00e9rt\u00e9s\u00e9t megalapozza tehets\u00e9ggondoz\u00e1s (TDK, demonstr\u00e1tor, szakdolgozat) felz\u00e1rk\u00f3ztat\u00e1s (a kor\u00e1bbi t\u00e1rgyi hi\u00e1nyoss\u00e1gok p\u00f3tl\u00e1sa, a gy\u00f3gyszer\u00e9szi k\u00e9mia tananyag elsaj\u00e1t\u00edt\u00e1s\u00e1nak el\u0151seg\u00edt\u00e9se) az elm\u00e9leti \u00e9s gyakorlati tematik\u00e1k &hellip;<\/p>\n","protected":false},"author":298,"featured_media":0,"parent":0,"menu_order":1,"comment_status":"closed","ping_status":"closed","template":"","meta":{"_acf_changed":false,"footnotes":""},"categories":[],"tags":[],"class_list":["post-940","page","type-page","status-publish","hentry"],"acf":[],"_links":{"self":[{"href":"https:\/\/semmelweis.hu\/gyogyszereszi-kemia\/wp-json\/wp\/v2\/pages\/940","targetHints":{"allow":["GET"]}}],"collection":[{"href":"https:\/\/semmelweis.hu\/gyogyszereszi-kemia\/wp-json\/wp\/v2\/pages"}],"about":[{"href":"https:\/\/semmelweis.hu\/gyogyszereszi-kemia\/wp-json\/wp\/v2\/types\/page"}],"author":[{"embeddable":true,"href":"https:\/\/semmelweis.hu\/gyogyszereszi-kemia\/wp-json\/wp\/v2\/users\/298"}],"replies":[{"embeddable":true,"href":"https:\/\/semmelweis.hu\/gyogyszereszi-kemia\/wp-json\/wp\/v2\/comments?post=940"}],"version-history":[{"count":10,"href":"https:\/\/semmelweis.hu\/gyogyszereszi-kemia\/wp-json\/wp\/v2\/pages\/940\/revisions"}],"predecessor-version":[{"id":1567,"href":"https:\/\/semmelweis.hu\/gyogyszereszi-kemia\/wp-json\/wp\/v2\/pages\/940\/revisions\/1567"}],"wp:attachment":[{"href":"https:\/\/semmelweis.hu\/gyogyszereszi-kemia\/wp-json\/wp\/v2\/media?parent=940"}],"wp:term":[{"taxonomy":"category","embeddable":true,"href":"https:\/\/semmelweis.hu\/gyogyszereszi-kemia\/wp-json\/wp\/v2\/categories?post=940"},{"taxonomy":"post_tag","embeddable":true,"href":"https:\/\/semmelweis.hu\/gyogyszereszi-kemia\/wp-json\/wp\/v2\/tags?post=940"}],"curies":[{"name":"wp","href":"https:\/\/api.w.org\/{rel}","templated":true}]}}