{"id":686,"date":"2016-11-29T13:25:39","date_gmt":"2016-11-29T12:25:39","guid":{"rendered":"http:\/\/semmelweis.hu\/gyogyszereszi-kemia\/?page_id=686"},"modified":"2025-09-10T12:42:28","modified_gmt":"2025-09-10T10:42:28","slug":"downloadable-materials","status":"publish","type":"page","link":"https:\/\/semmelweis.hu\/gyogyszereszi-kemia\/information\/downloadable-materials\/","title":{"rendered":"Thesis works (2024\/25)"},"content":{"rendered":"<p><strong>.Etymology of the names of drug molecules <\/strong><em>(literature research)<\/em><br \/>\nDr. Maz\u00e1k K\u00e1roly<\/p>\n<hr \/>\n<p><strong>.Pharmaceutical chemistry of antimalarial agents<\/strong> (<em>literature research<\/em>)<br \/>\nDr. Maz\u00e1k K\u00e1roly<\/p>\n<hr \/>\n<p><strong>.In Vitro and Ex Vivo Methods for Predicting the Absorption of Nasally Administered Drugs<\/strong> <em>(literature research)<\/em><br \/>\nDr. Angi R\u00e9ka<\/p>\n<hr \/>\n<p><strong>.The role of protonation on the stability and structure of cyclodextrin complexes with drugs and biomolecules<\/strong> <em>(literature research)<\/em><br \/>\nDr. Maz\u00e1k K\u00e1roly<\/p>\n<hr \/>\n<p><strong>Capillary electrophoresis in pharmaceutical analysis<\/strong><br \/>\nMaz\u00e1kn\u00e9 Dr. Kraszni M\u00e1rta<\/p>\n<hr \/>\n<p><strong>In silico prediction of cyclodextrin-drug complexation<\/strong> <em>(literature research, Python programming)<\/em><br \/>\nStifter-Mursits Marcell, Dr. Mirzahosseini Arash<\/p>\n<hr \/>\n<p><strong>.The European Union&#8217;s essential medicine list from the perspective of pharmaceutical chemistry<\/strong> (<em>literature survey<\/em>)<br \/>\nDr. Vivien B\u00e1rdos, Dr. K\u00e1roly Maz\u00e1k<\/p>\n","protected":false},"excerpt":{"rendered":"<p>.Etymology of the names of drug molecules (literature research) Dr. Maz\u00e1k K\u00e1roly .Pharmaceutical chemistry of antimalarial agents (literature research) Dr. Maz\u00e1k K\u00e1roly .In Vitro and Ex Vivo Methods for Predicting the Absorption of Nasally Administered Drugs (literature research) Dr. Angi R\u00e9ka .The role of protonation on the stability and structure of cyclodextrin complexes with drugs &hellip;<\/p>\n","protected":false},"author":298,"featured_media":0,"parent":1527,"menu_order":3,"comment_status":"closed","ping_status":"closed","template":"","meta":{"_acf_changed":false,"footnotes":""},"categories":[24],"tags":[],"class_list":["post-686","page","type-page","status-publish","hentry","category-english"],"acf":[],"_links":{"self":[{"href":"https:\/\/semmelweis.hu\/gyogyszereszi-kemia\/wp-json\/wp\/v2\/pages\/686","targetHints":{"allow":["GET"]}}],"collection":[{"href":"https:\/\/semmelweis.hu\/gyogyszereszi-kemia\/wp-json\/wp\/v2\/pages"}],"about":[{"href":"https:\/\/semmelweis.hu\/gyogyszereszi-kemia\/wp-json\/wp\/v2\/types\/page"}],"author":[{"embeddable":true,"href":"https:\/\/semmelweis.hu\/gyogyszereszi-kemia\/wp-json\/wp\/v2\/users\/298"}],"replies":[{"embeddable":true,"href":"https:\/\/semmelweis.hu\/gyogyszereszi-kemia\/wp-json\/wp\/v2\/comments?post=686"}],"version-history":[{"count":10,"href":"https:\/\/semmelweis.hu\/gyogyszereszi-kemia\/wp-json\/wp\/v2\/pages\/686\/revisions"}],"predecessor-version":[{"id":2957,"href":"https:\/\/semmelweis.hu\/gyogyszereszi-kemia\/wp-json\/wp\/v2\/pages\/686\/revisions\/2957"}],"up":[{"embeddable":true,"href":"https:\/\/semmelweis.hu\/gyogyszereszi-kemia\/wp-json\/wp\/v2\/pages\/1527"}],"wp:attachment":[{"href":"https:\/\/semmelweis.hu\/gyogyszereszi-kemia\/wp-json\/wp\/v2\/media?parent=686"}],"wp:term":[{"taxonomy":"category","embeddable":true,"href":"https:\/\/semmelweis.hu\/gyogyszereszi-kemia\/wp-json\/wp\/v2\/categories?post=686"},{"taxonomy":"post_tag","embeddable":true,"href":"https:\/\/semmelweis.hu\/gyogyszereszi-kemia\/wp-json\/wp\/v2\/tags?post=686"}],"curies":[{"name":"wp","href":"https:\/\/api.w.org\/{rel}","templated":true}]}}