{"id":34,"date":"2013-12-05T10:28:53","date_gmt":"2013-12-05T10:28:53","guid":{"rendered":"http:\/\/semmelweis.hu\/gyogyszereszi-kemia\/?page_id=34"},"modified":"2025-09-12T17:27:21","modified_gmt":"2025-09-12T15:27:21","slug":"tdk-temak","status":"publish","type":"page","link":"https:\/\/semmelweis.hu\/gyogyszereszi-kemia\/kutatas-2\/tdk-temak\/","title":{"rendered":"TDK t\u00e9m\u00e1k"},"content":{"rendered":"<h2>TDK lehet\u0151s\u00e9gek:<\/h2>\n<table style=\"border-collapse: collapse;width: 100%;height: 594px\">\n<thead>\n<tr style=\"height: 32px\">\n<td style=\"width: 76.3308%;height: 26px\"><span style=\"font-size: 16pt\">T\u00e9ma c\u00edme<\/span><\/td>\n<td style=\"width: 23.6692%;height: 26px\"><span style=\"font-size: 16pt\">T\u00e9mavezet\u0151<\/span><\/td>\n<\/tr>\n<\/thead>\n<tbody>\n<tr style=\"height: 52px\">\n<td style=\"width: 76.3308%;height: 52px\">\n<p><span style=\"font-size: 15pt\">Gy\u00f3gyszermetabolizmus vizsg\u00e1lat biol\u00f3giai \u00e9s k\u00e9miai modellek seg\u00edts\u00e9g\u00e9vel<\/span><\/p>\n<\/td>\n<td style=\"width: 23.6692%;height: 52px\">Prof. Dr. Balogh Gy\u00f6rgy Tibor<\/td>\n<\/tr>\n<tr style=\"height: 52px\">\n<td style=\"width: 76.3308%;height: 52px\">\n<p><span style=\"font-size: 15pt\">In vitro gy\u00f3gyszerfelsz\u00edv\u00f3d\u00e1si modellek fejleszt\u00e9se \u00e9s alkalmaz\u00e1sa \u00faj hat\u00f3anyagformul\u00e1ci\u00f3kon<\/span><\/p>\n<\/td>\n<td style=\"width: 23.6692%;height: 52px\">Prof. Dr. Balogh Gy\u00f6rgy Tibor<\/td>\n<\/tr>\n<tr style=\"height: 52px\">\n<td style=\"width: 76.3308%;height: 52px\">\n<p><span style=\"font-size: 15pt\">Ex vivo sert\u00e9sszem permeabilit\u00e1si vizsg\u00e1latok szem\u00e9szeti k\u00e9sz\u00edtm\u00e9nyeken<\/span><\/p>\n<\/td>\n<td style=\"width: 23.6692%;height: 52px\">Prof. Dr. Balogh Gy\u00f6rgy Tibor<\/td>\n<\/tr>\n<tr style=\"height: 52px\">\n<td style=\"width: 76.3308%;height: 52px\">\n<p><span style=\"font-size: 15pt\">Molekul\u00e1ris felismer\u00e9sre alkalmas vegy\u00fcletek szint\u00e9zise<\/span><\/p>\n<\/td>\n<td style=\"width: 23.6692%;height: 52px\">Dr. Golcs \u00c1d\u00e1m<\/td>\n<\/tr>\n<tr style=\"height: 52px\">\n<td style=\"width: 76.3308%;height: 52px\">\n<p><span style=\"font-size: 15pt\">Neh\u00e9zf\u00e9mion-szelekt\u00edv elektro- \u00e9s optok\u00e9miai szenzorok fejleszt\u00e9se<\/span><\/p>\n<\/td>\n<td style=\"width: 23.6692%;height: 52px\">Dr. Golcs \u00c1d\u00e1m<\/td>\n<\/tr>\n<tr style=\"height: 52px\">\n<td style=\"width: 76.3308%;height: 52px\">\n<p><span style=\"font-size: 15pt\">Nagy \u00e1tereszt\u0151k\u00e9pess\u00e9g\u0171 szint\u00e9zist\u00e1mogat\u00f3 elj\u00e1r\u00e1sok kidolgoz\u00e1sa<\/span><\/p>\n<\/td>\n<td style=\"width: 23.6692%;height: 52px\">Dr. Golcs \u00c1d\u00e1m<\/td>\n<\/tr>\n<tr style=\"height: 52px\">\n<td style=\"width: 76.3308%;height: 52px\">\n<p><span style=\"font-size: 15pt\">Szupramolekul\u00e1ris k\u00f6lcs\u00f6nhat\u00e1sokon alapul\u00f3 membr\u00e1nszepar\u00e1ci\u00f3s elj\u00e1r\u00e1sok fejleszt\u00e9se<\/span><\/p>\n<\/td>\n<td style=\"width: 23.6692%;height: 52px\">Dr. Golcs \u00c1d\u00e1m<\/td>\n<\/tr>\n<tr style=\"height: 52px\">\n<td style=\"width: 76.3308%;height: 52px\">\n<p><span style=\"font-size: 15pt\">Szteroid hat\u00f3anyagot tartalmaz\u00f3 szuszpenzi\u00f3s k\u00e9sz\u00edtm\u00e9nyek hat\u00f3anyag tartalm\u00e1nak meghat\u00e1roz\u00e1sa CD spektroszk\u00f3pi\u00e1val<\/span><\/p>\n<\/td>\n<td style=\"width: 23.6692%;height: 52px\">Dr. Horv\u00e1th P\u00e9ter<\/td>\n<\/tr>\n<tr style=\"height: 52px\">\n<td style=\"width: 76.3308%;height: 52px\">\n<p><span style=\"font-size: 15pt\">Arom\u00e1s gy\u0171r\u0171ben szubsztitu\u00e1lt morfinsz\u00e1rmaz\u00e9kok szint\u00e9zise \u00e9s fizikai-k\u00e9miai tulajdons\u00e1gainak vizsg\u00e1lata<\/span><\/p>\n<\/td>\n<td style=\"width: 23.6692%;height: 52px\">Dr. Hosztafi S\u00e1ndor<\/td>\n<\/tr>\n<tr style=\"height: 52px\">\n<td style=\"width: 76.3308%;height: 52px\">\n<p><span style=\"font-size: 15pt\">Szintetikus vizsg\u00e1latok morfinsz\u00e1rmaz\u00e9kok k\u00f6r\u00e9ben<\/span><\/p>\n<\/td>\n<td style=\"width: 23.6692%;height: 52px\">Dr. Hosztafi S\u00e1ndor<\/td>\n<\/tr>\n<tr style=\"height: 52px\">\n<td style=\"width: 76.3308%;height: 52px\"><span style=\"font-size: 15pt\"><em>N<\/em>-aminolkil-normorfin v\u00e1zas hapt\u00e9n-jel\u00f6lt vegy\u00fcletek szint\u00e9zise \u00e9s szerkezetvizsg\u00e1lata; 3-as, 6-os, 14-es helyzetben \u00e9szterezett \u00faj morfinsz\u00e1rmaz\u00e9kok el\u0151\u00e1ll\u00edt\u00e1sa \u00e9s szerkezetvizsg\u00e1lata<\/span><\/td>\n<td style=\"width: 23.6692%;height: 52px\">Dr. Hosztafi S\u00e1ndor<\/td>\n<\/tr>\n<tr style=\"height: 52px\">\n<td style=\"width: 76.3308%;height: 52px\">\n<p><span style=\"font-size: 16pt\">Ford\u00edtott f\u00e1zis\u00fa kir\u00e1lis elv\u00e1laszt\u00e1sok<\/span><\/p>\n<\/td>\n<td style=\"width: 23.6692%;height: 52px\">Dr. T\u00f3th Gerg\u0151<\/td>\n<\/tr>\n<\/tbody>\n<\/table>\n<h3>\u00a0<\/h3>\n<h3>Int\u00e9zet\u00fcnkb\u0151l a 2024-es TDK konferenci\u00e1n az al\u00e1bbi hallgat\u00f3k el\u0151ad\u00e1sai hangzottak el:<\/h3>\n<ul>\n<li><strong>Dombi Gergely \/ Imre Attila:<\/strong> Kir\u00e1lis elv\u00e1laszt\u00e1sok el\u0151rejelz\u00e9se g\u00e9pi tanul\u00e1ssal (<strong>I. helyez\u00e9s<\/strong>)<\/li>\n<li><strong>Dombi Gergely:<\/strong> Protonpumpa g\u00e1tl\u00f3k enantioszelekt\u00edv k\u00f6t\u0151d\u00e9s\u00e9nek vizsg\u00e1lata AGP-hez (<strong>III. helyez\u00e9s<\/strong>)<\/li>\n<li><strong>Moln\u00e1r Gergely:<\/strong> Protonpumpa g\u00e1tl\u00f3k kir\u00e1lis elv\u00e1laszt\u00e1sa poliszacharid \u00e1ll\u00f3f\u00e1zisokon<\/li>\n<\/ul>\n<p>Mind a r\u00e9sztvev\u0151knek, mind t\u00e9mavezet\u0151iknek gratul\u00e1lunk!<\/p>\n<p>&nbsp;<\/p>\n","protected":false},"excerpt":{"rendered":"<p>TDK lehet\u0151s\u00e9gek: T\u00e9ma c\u00edme T\u00e9mavezet\u0151 Gy\u00f3gyszermetabolizmus vizsg\u00e1lat biol\u00f3giai \u00e9s k\u00e9miai modellek seg\u00edts\u00e9g\u00e9vel Prof. Dr. Balogh Gy\u00f6rgy Tibor In vitro gy\u00f3gyszerfelsz\u00edv\u00f3d\u00e1si modellek fejleszt\u00e9se \u00e9s alkalmaz\u00e1sa \u00faj hat\u00f3anyagformul\u00e1ci\u00f3kon Prof. Dr. Balogh Gy\u00f6rgy Tibor Ex vivo sert\u00e9sszem permeabilit\u00e1si vizsg\u00e1latok szem\u00e9szeti k\u00e9sz\u00edtm\u00e9nyeken Prof. Dr. Balogh Gy\u00f6rgy Tibor Molekul\u00e1ris felismer\u00e9sre alkalmas vegy\u00fcletek szint\u00e9zise Dr. Golcs \u00c1d\u00e1m Neh\u00e9zf\u00e9mion-szelekt\u00edv elektro- \u00e9s optok\u00e9miai &hellip;<\/p>\n","protected":false},"author":12,"featured_media":0,"parent":1915,"menu_order":4,"comment_status":"closed","ping_status":"closed","template":"template-fullwidth.php","meta":{"_acf_changed":false,"footnotes":""},"categories":[23],"tags":[],"class_list":["post-34","page","type-page","status-publish","hentry","category-kutatas"],"acf":[],"_links":{"self":[{"href":"https:\/\/semmelweis.hu\/gyogyszereszi-kemia\/wp-json\/wp\/v2\/pages\/34","targetHints":{"allow":["GET"]}}],"collection":[{"href":"https:\/\/semmelweis.hu\/gyogyszereszi-kemia\/wp-json\/wp\/v2\/pages"}],"about":[{"href":"https:\/\/semmelweis.hu\/gyogyszereszi-kemia\/wp-json\/wp\/v2\/types\/page"}],"author":[{"embeddable":true,"href":"https:\/\/semmelweis.hu\/gyogyszereszi-kemia\/wp-json\/wp\/v2\/users\/12"}],"replies":[{"embeddable":true,"href":"https:\/\/semmelweis.hu\/gyogyszereszi-kemia\/wp-json\/wp\/v2\/comments?post=34"}],"version-history":[{"count":12,"href":"https:\/\/semmelweis.hu\/gyogyszereszi-kemia\/wp-json\/wp\/v2\/pages\/34\/revisions"}],"predecessor-version":[{"id":2981,"href":"https:\/\/semmelweis.hu\/gyogyszereszi-kemia\/wp-json\/wp\/v2\/pages\/34\/revisions\/2981"}],"up":[{"embeddable":true,"href":"https:\/\/semmelweis.hu\/gyogyszereszi-kemia\/wp-json\/wp\/v2\/pages\/1915"}],"wp:attachment":[{"href":"https:\/\/semmelweis.hu\/gyogyszereszi-kemia\/wp-json\/wp\/v2\/media?parent=34"}],"wp:term":[{"taxonomy":"category","embeddable":true,"href":"https:\/\/semmelweis.hu\/gyogyszereszi-kemia\/wp-json\/wp\/v2\/categories?post=34"},{"taxonomy":"post_tag","embeddable":true,"href":"https:\/\/semmelweis.hu\/gyogyszereszi-kemia\/wp-json\/wp\/v2\/tags?post=34"}],"curies":[{"name":"wp","href":"https:\/\/api.w.org\/{rel}","templated":true}]}}