{"id":2919,"date":"2025-08-29T12:04:59","date_gmt":"2025-08-29T10:04:59","guid":{"rendered":"https:\/\/semmelweis.hu\/gyogyszereszi-kemia\/?page_id=2919"},"modified":"2025-08-29T12:04:59","modified_gmt":"2025-08-29T10:04:59","slug":"analitikai-kemia-i-kovetelmenyek","status":"publish","type":"page","link":"https:\/\/semmelweis.hu\/gyogyszereszi-kemia\/oktatas\/kotelezo-targyak\/analitikai-kemia-i\/analitikai-kemia-i-kovetelmenyek\/","title":{"rendered":"Analitikai k\u00e9mia I &#8211; k\u00f6vetelm\u00e9nyek"},"content":{"rendered":"<h3>II. \u00e9ves gy\u00f3gyszer\u00e9szhallgat\u00f3k sz\u00e1m\u00e1ra el\u0151\u00edrt k\u00f6vetelm\u00e9nyrendszer az Analitikai k\u00e9mia I. t\u00e1rgyhoz<\/h3>\n<p><strong>Az el\u0151ad\u00e1sokon \u00e9s gyakorlatokon leadott tananyag ismerete sz\u00fcks\u00e9ges az al\u00e1\u00edr\u00e1s megszerz\u00e9s\u00e9hez, a z\u00e1rthelyik, valamint az \u00edr\u00e1sbeli kollokvium sikeres teljes\u00edt\u00e9s\u00e9hez.<\/strong><\/p>\n<p><strong><em>A <\/em><\/strong><strong><u>szorgalmi id\u0151szakban<\/u><\/strong><strong><em> a f\u00e9l\u00e9v v\u00e9gi al\u00e1\u00edr\u00e1shoz, valamint a vizsg\u00e1ra bocs\u00e1t\u00e1shoz az elm\u00e9leti \u00e9s a gyakorlati k\u00f6vetelm\u00e9nyeket <\/em><\/strong><strong><em>elfogadhat\u00f3 szinten (minimum el\u00e9gs\u00e9ges)<\/em><\/strong> <strong><em>kell teljes\u00edteni. <\/em><\/strong>Ezek a k\u00f6vetkez\u0151k:<\/p>\n<p><strong style=\"font-size: 1rem\">1. Elm\u00e9leti k\u00f6vetelm\u00e9nyek:<\/strong><\/p>\n<p>Az <em>analitikai k\u00e9mia elm\u00e9leti alapjainak tud\u00e1sa<\/em> (bele\u00e9rtve a kvantitat\u00edv analitikai k\u00e9mia el\u0151ad\u00e1sok \u00e9s gyakorlatok anyag\u00e1nak, az anyagr\u00e9szek elm\u00e9leti h\u00e1tter\u00e9nek ismeret\u00e9t, a gyakorlati m\u00e9r\u00e9sek elv\u00e9nek tud\u00e1s\u00e1t, az egyenlet\u00edr\u00e1st, a szt\u00f6chiometrikus \u00e9s egyens\u00falyi sz\u00e1m\u00edt\u00e1sokat, stb).<\/p>\n<p>Az elm\u00e9leti tud\u00e1s ellen\u0151rz\u00e9se c\u00e9lj\u00e1b\u00f3l 2 k\u00fcl\u00f6nb\u00f6z\u0151 anyagr\u00e9szb\u0151l <em>2 <\/em><em>(nagy)<\/em> <em>z\u00e1rthelyi<\/em> \u00edr\u00e1s\u00e1ra ker\u00fcl sor, a hallgat\u00f3kkal el\u0151re egyeztetett id\u0151pontban (7. \u00e9s 13. h\u00e9t). <em>Jav\u00edt\u00e1sra, p\u00f3tl\u00e1sra<\/em> mindk\u00e9t z\u00e1rthelyit k\u00f6vet\u0151en p\u00f3t-z\u00e1rthelyi, a szemeszter v\u00e9g\u00e9n p\u00f3t-p\u00f3t z\u00e1rthelyi form\u00e1j\u00e1ban biztos\u00edtunk lehet\u0151s\u00e9get \u00e9s az al\u00e1\u00edr\u00e1s megszerz\u00e9s\u00e9hez az ism\u00e9tl\u00e9sen el\u00e9rt eredm\u00e9nyt vessz\u00fck figyelembe. R\u00f6videbb \u00edr\u00e1sos, vagy sz\u00f3beli sz\u00e1monk\u00e9r\u00e9s a f\u00e9l\u00e9v b\u00e1rmelyik het\u00e9ben is lehets\u00e9ges.<\/p>\n<p>A <strong><em>f\u00e9l\u00e9v elm\u00e9leti k\u00f6vetelm\u00e9ny\u00e9t<\/em><\/strong> akkor teljes\u00edti a hallgat\u00f3, <strong><em><u>ha mindk\u00e9t anyagr\u00e9szre kapott z\u00e1rthelyi oszt\u00e1lyzata minimum el\u00e9gs\u00e9ges. <\/u><\/em><\/strong><\/p>\n<p>Ha a hallgat\u00f3 b\u00e1rmelyik sz\u00e1monk\u00e9r\u00e9s sor\u00e1n nem megengedett seg\u00e9deszk\u00f6zt haszn\u00e1l, f\u00e9l\u00e9v v\u00e9gi al\u00e1\u00edr\u00e1st nem kaphat.<\/p>\n<p><strong style=\"font-size: 1rem\">2. Gyakorlati k\u00f6vetelm\u00e9nyek:<\/strong><\/p>\n<p>A <em>laborat\u00f3riumi gyakorlatok legal\u00e1bb 75%-\u00e1n r\u00e9szt kell venni<\/em>, ez maxim\u00e1lisan 3 hi\u00e1nyz\u00e1s lehet\u0151s\u00e9g\u00e9t jelenti. A gyakorlatokon a pontos megjelen\u00e9s k\u00f6telez\u0151. 3 k\u00e9s\u00e9s 1 hi\u00e1nyz\u00e1snak sz\u00e1m\u00edt. 15 percn\u00e9l t\u00f6bb k\u00e9s\u00e9s hi\u00e1nyz\u00e1snak min\u0151s\u00fcl.<\/p>\n<p>A <em>gyakorlatokon<\/em> a tematik\u00e1ban el\u0151\u00edrt kvantitat\u00edv analitikai<em> m\u00e9r\u00e9seket el kell v\u00e9gezni,<\/em> lehet\u0151leg a tanrendben megadott id\u0151ben. Hi\u00e1nyz\u00e1s eset\u00e9n a m\u00e9r\u00e9sek p\u00f3tl\u00e1s\u00e1ra a t\u00e1rgyhetet k\u00f6vetkez\u0151 k\u00e9t h\u00e9ten bel\u00fcl, illetve indokolt esetben a f\u00e9l\u00e9v v\u00e9g\u00e9n van lehet\u0151s\u00e9g. P\u00f3tl\u00e1sra jelentkezni a Moodle E-learning rendszeren kereszt\u00fcl lehets\u00e9ges.<\/p>\n<p>A <em>feladatok legal\u00e1bb 75%-\u00e1t elfogadhat\u00f3 szinten kell teljes\u00edteni<\/em> (ez a legt\u00f6bb esetben \u00b1 4 %-os pontoss\u00e1g\u00fa kvantitat\u00edv m\u00e9r\u00e9st jelent). Az el\u00e9gtelen m\u00e9r\u00e9s egyszer megism\u00e9telhet\u0151 a hi\u00e1nyz\u00e1s miatti p\u00f3tl\u00e1sok id\u0151pontj\u00e1ban.<\/p>\n<p>A feladatok elv\u00e9gz\u00e9se sor\u00e1n <em>jegyz\u0151k\u00f6nyvet <\/em>kell vezetni<em>. <\/em>A m\u00e9r\u00e9si eredm\u00e9nyeket ki kell sz\u00e1m\u00edtani, amelyet legk\u00e9s\u0151bb a <em>t\u00e1rgyhetet k\u00f6vet\u0151 h\u00e9ten <\/em>az oktat\u00f3nak<em> \u00e9rt\u00e9kel\u00e9sre be kell ny\u00fajtani<\/em>.<\/p>\n<p>A <em>nem megm\u00e9rt m\u00e9r\u00e9s<\/em> \u00e9s a <em>nem beadott jegyz\u0151k\u00f6nyv el\u00e9gtelen <\/em>m\u00e9r\u00e9snek sz\u00e1m\u00edt<em>.<\/em><\/p>\n<p>Ha az egyes m\u00e9r\u00e9sekre kapott oszt\u00e1lyzatok \u00e1tlaga<\/p>\n<p><em>\u00a0\u00a0\u00a0\u00a0\u00a0\u00a0\u00a0\u00a0\u00a0\u00a0\u00a0\u00a0\u00a0\u00a0\u00a0\u00a0\u00a0\u00a0\u00a0\u00a0\u00a0\u00a0\u00a0\u00a0\u00a0\u00a0\u00a0\u00a0\u00a0\u00a0\u00a0\u00a0\u00a0\u00a0\u00a0\u00a0\u00a0\u00a0\u00a0\u00a0\u00a0\u00a0\u00a0\u00a0\u00a0\u00a0\u00a0\u00a0\u00a0\u00a0\u00a0\u00a0\u00a0\u00a0\u00a0\u00a0\u00a0\u00a0\u00a0\u00a0\u00a0 <\/em>2,51 \u2013 2,99 k\u00f6z\u00f6tt van, a <em>f\u00e9l\u00e9vi m\u00e9r\u00e9si jegy<\/em>:\u00a0 \u00a0 \u00a0 \u00a0 \u00a0 \u00a02;<\/p>\n<p>\u00a0\u00a0\u00a0\u00a0\u00a0\u00a0\u00a0\u00a0\u00a0\u00a0\u00a0\u00a0\u00a0\u00a0\u00a0\u00a0\u00a0\u00a0\u00a0\u00a0\u00a0\u00a0\u00a0\u00a0\u00a0\u00a0\u00a0\u00a0\u00a0\u00a0\u00a0\u00a0\u00a0\u00a0\u00a0\u00a0\u00a0\u00a0\u00a0\u00a0\u00a0\u00a0\u00a0\u00a0\u00a0\u00a0\u00a0\u00a0\u00a0\u00a0\u00a0\u00a0\u00a0\u00a0\u00a0\u00a0\u00a0\u00a0\u00a0\u00a0\u00a0 3,00 \u2013 3,49 \u00a0\u00a0\u00a0\u00a0\u00a0\u00a0\u00a0\u00a0\u00a0\u00a0\u00a0\u00a0\u00a0\u00a0\u00a0\u00a0\u00a0\u00a0\u00a0\u00a0\u00a0\u00a0\u00a0\u00a0\u00a0\u00a0\u00a0\u00a0\u00a0\u00a0\u00a0\u00a0\u00a0\u00a0\u00a0\u00a0\u00a0\u00a0\u00a0\u00a0\u00a0\u00a0\u00a0\u00a0\u00a0\u00a0\u00a0\u00a0\u00a0\u00a0\u00a0\u00a0\u00a0\u00a0\u00a0\u00a0\u00a0\u00a0\u00a0\u00a0\u00a0 3;<\/p>\n<p>\u00a0\u00a0\u00a0\u00a0\u00a0\u00a0\u00a0\u00a0\u00a0\u00a0\u00a0\u00a0\u00a0\u00a0\u00a0\u00a0\u00a0\u00a0\u00a0\u00a0\u00a0\u00a0\u00a0\u00a0\u00a0\u00a0\u00a0\u00a0\u00a0\u00a0\u00a0\u00a0\u00a0\u00a0\u00a0\u00a0\u00a0\u00a0\u00a0\u00a0\u00a0\u00a0\u00a0\u00a0\u00a0\u00a0\u00a0\u00a0\u00a0\u00a0\u00a0\u00a0\u00a0\u00a0\u00a0\u00a0\u00a0\u00a0\u00a0\u00a0\u00a0 3,50 \u2013 4,24 \u00a0\u00a0\u00a0\u00a0\u00a0\u00a0\u00a0\u00a0\u00a0\u00a0\u00a0\u00a0\u00a0\u00a0\u00a0\u00a0\u00a0\u00a0\u00a0\u00a0\u00a0\u00a0\u00a0\u00a0\u00a0\u00a0\u00a0\u00a0\u00a0\u00a0\u00a0\u00a0\u00a0\u00a0\u00a0\u00a0\u00a0\u00a0\u00a0\u00a0\u00a0\u00a0\u00a0\u00a0\u00a0\u00a0\u00a0\u00a0\u00a0\u00a0\u00a0\u00a0\u00a0\u00a0\u00a0\u00a0\u00a0\u00a0\u00a0\u00a0\u00a0 4;<\/p>\n<p>\u00a0\u00a0\u00a0\u00a0\u00a0\u00a0\u00a0\u00a0\u00a0\u00a0\u00a0\u00a0\u00a0\u00a0\u00a0\u00a0\u00a0\u00a0\u00a0\u00a0\u00a0\u00a0\u00a0\u00a0\u00a0\u00a0\u00a0\u00a0\u00a0\u00a0\u00a0\u00a0\u00a0\u00a0\u00a0\u00a0\u00a0\u00a0\u00a0\u00a0\u00a0\u00a0\u00a0\u00a0\u00a0\u00a0\u00a0\u00a0\u00a0\u00a0\u00a0\u00a0\u00a0\u00a0\u00a0\u00a0\u00a0\u00a0\u00a0\u00a0\u00a0 4,25 \u2013 5,00 \u00a0\u00a0\u00a0\u00a0\u00a0\u00a0\u00a0\u00a0\u00a0\u00a0\u00a0\u00a0\u00a0\u00a0\u00a0\u00a0\u00a0\u00a0\u00a0\u00a0\u00a0\u00a0\u00a0\u00a0\u00a0\u00a0\u00a0\u00a0\u00a0\u00a0\u00a0\u00a0\u00a0\u00a0\u00a0\u00a0\u00a0\u00a0\u00a0\u00a0\u00a0\u00a0\u00a0\u00a0\u00a0\u00a0\u00a0\u00a0\u00a0\u00a0\u00a0\u00a0\u00a0\u00a0\u00a0\u00a0\u00a0\u00a0\u00a0\u00a0\u00a0 5.<\/p>\n<p>A <strong><em>f\u00e9l\u00e9vi gyakorlati k\u00f6vetelm\u00e9ny\u00e9t<\/em><\/strong> akkor teljes\u00edti a hallgat\u00f3, ha a <em><u>f\u00e9l\u00e9vi m\u00e9r\u00e9si jegye minimum 2<\/u><\/em><u>, <\/u>valamint a hi\u00e1nyz\u00e1sok m\u00e9rt\u00e9ke nem m\u00falta fel\u00fcl a megengedettet.<\/p>\n<p>A <strong><u>vizsgaid\u0151szakban<\/u><\/strong> <strong><em>\u00edr\u00e1sbeli vizsg\u00e1t<\/em><\/strong> (kollokvium) kell tenni. A vizsga a z\u00e1rthelyikhez hasonl\u00f3 rendszer\u0171 (nem teszt!) dolgozat, ami az el\u0151ad\u00e1sok \u00e9s a gyakorlatok anyag\u00e1b\u00f3l, el\u0151re meghat\u00e1rozott k\u00e9rd\u00e9sekb\u0151l \u00e1ll. A f\u00e9l\u00e9v sor\u00e1n a k\u00e9rd\u00e9sbank sz\u00e1mol\u00e1si p\u00e9ld\u00e1kkal, minta z\u00e1rthelyikkel egy\u00fctt folyamatosan felt\u00f6lt\u00e9sre ker\u00fcl a Moodle E-learning rendszerbe.<\/p>\n<p><strong><u>A f\u00e9l\u00e9v v\u00e9gi jegy<\/u><\/strong> a k\u00f6vetkez\u0151k\u00e9pp ker\u00fcl meg\u00e1llap\u00edt\u00e1sra:<\/p>\n<p>\u00a0\u00a0\u00a0\u00a0\u00a0\u00a0\u00a0\u00a0\u00a0\u00a0\u00a0 2 ZH jegye \u00e9s a m\u00e9r\u00e9si jegy \u00e1tlaga: 50%.<\/p>\n<p>\u00a0\u00a0\u00a0\u00a0\u00a0\u00a0\u00a0\u00a0\u00a0\u00a0\u00a0 \u00edr\u00e1sbeli kollokvium jegye: 50%<\/p>\n<p>(figyelembe v\u00e9ve, hogy <strong>mindk\u00e9t ZH-t, a m\u00e9r\u00e9si jegyet \u00e9s az \u00edr\u00e1sbeli kollokviumot is legal\u00e1bb el\u00e9gs\u00e9ges szintre kell teljes\u00edteni!<\/strong>)<\/p>\n<p>&nbsp;<\/p>\n","protected":false},"excerpt":{"rendered":"<p>II. \u00e9ves gy\u00f3gyszer\u00e9szhallgat\u00f3k sz\u00e1m\u00e1ra el\u0151\u00edrt k\u00f6vetelm\u00e9nyrendszer az Analitikai k\u00e9mia I. t\u00e1rgyhoz Az el\u0151ad\u00e1sokon \u00e9s gyakorlatokon leadott tananyag ismerete sz\u00fcks\u00e9ges az al\u00e1\u00edr\u00e1s megszerz\u00e9s\u00e9hez, a z\u00e1rthelyik, valamint az \u00edr\u00e1sbeli kollokvium sikeres teljes\u00edt\u00e9s\u00e9hez. A szorgalmi id\u0151szakban a f\u00e9l\u00e9v v\u00e9gi al\u00e1\u00edr\u00e1shoz, valamint a vizsg\u00e1ra bocs\u00e1t\u00e1shoz az elm\u00e9leti \u00e9s a gyakorlati k\u00f6vetelm\u00e9nyeket elfogadhat\u00f3 szinten (minimum el\u00e9gs\u00e9ges) kell teljes\u00edteni. Ezek a &hellip;<\/p>\n","protected":false},"author":102300,"featured_media":0,"parent":2638,"menu_order":0,"comment_status":"closed","ping_status":"closed","template":"","meta":{"_acf_changed":false,"footnotes":""},"categories":[22],"tags":[],"class_list":["post-2919","page","type-page","status-publish","hentry","category-oktatas"],"acf":[],"_links":{"self":[{"href":"https:\/\/semmelweis.hu\/gyogyszereszi-kemia\/wp-json\/wp\/v2\/pages\/2919","targetHints":{"allow":["GET"]}}],"collection":[{"href":"https:\/\/semmelweis.hu\/gyogyszereszi-kemia\/wp-json\/wp\/v2\/pages"}],"about":[{"href":"https:\/\/semmelweis.hu\/gyogyszereszi-kemia\/wp-json\/wp\/v2\/types\/page"}],"author":[{"embeddable":true,"href":"https:\/\/semmelweis.hu\/gyogyszereszi-kemia\/wp-json\/wp\/v2\/users\/102300"}],"replies":[{"embeddable":true,"href":"https:\/\/semmelweis.hu\/gyogyszereszi-kemia\/wp-json\/wp\/v2\/comments?post=2919"}],"version-history":[{"count":2,"href":"https:\/\/semmelweis.hu\/gyogyszereszi-kemia\/wp-json\/wp\/v2\/pages\/2919\/revisions"}],"predecessor-version":[{"id":2921,"href":"https:\/\/semmelweis.hu\/gyogyszereszi-kemia\/wp-json\/wp\/v2\/pages\/2919\/revisions\/2921"}],"up":[{"embeddable":true,"href":"https:\/\/semmelweis.hu\/gyogyszereszi-kemia\/wp-json\/wp\/v2\/pages\/2638"}],"wp:attachment":[{"href":"https:\/\/semmelweis.hu\/gyogyszereszi-kemia\/wp-json\/wp\/v2\/media?parent=2919"}],"wp:term":[{"taxonomy":"category","embeddable":true,"href":"https:\/\/semmelweis.hu\/gyogyszereszi-kemia\/wp-json\/wp\/v2\/categories?post=2919"},{"taxonomy":"post_tag","embeddable":true,"href":"https:\/\/semmelweis.hu\/gyogyszereszi-kemia\/wp-json\/wp\/v2\/tags?post=2919"}],"curies":[{"name":"wp","href":"https:\/\/api.w.org\/{rel}","templated":true}]}}