{"id":2859,"date":"2025-06-19T12:52:12","date_gmt":"2025-06-19T10:52:12","guid":{"rendered":"https:\/\/semmelweis.hu\/gyogyszereszi-kemia\/?page_id=2859"},"modified":"2026-03-19T13:20:32","modified_gmt":"2026-03-19T12:20:32","slug":"bemutatkozas-csillag-balazs","status":"publish","type":"page","link":"https:\/\/semmelweis.hu\/gyogyszereszi-kemia\/munkatarsak\/bemutatkozas-csillag-balazs\/","title":{"rendered":"Bemutatkoz\u00e1s &#8211; Csillag Bal\u00e1zs"},"content":{"rendered":"<div class=\"row\">\n<div class=\"col-4\"><img loading=\"lazy\" decoding=\"async\" class=\"size-full wp-image-1625 alignleft\" src=\"https:\/\/semmelweis.hu\/gyogyszereszi-kemia\/files\/2024\/01\/profile-blank-whitebg.png\" alt=\"\" width=\"274\" height=\"346\" \/><\/div>\n<div class=\"col-8\">\n<div class=\"row\">\n<div class=\"col-3\"><strong>N\u00e9v: Beoszt\u00e1s: Telefonsz\u00e1m: E-mail c\u00edm: Iroda:<\/strong><\/div>\n<div class=\"col-9\">Csillag Bal\u00e1zs<br \/>\nPh.D. hallgat\u00f3 <br \/>\n476-3600, 53013<br \/>\ncsillag.balazs@semmelweis.hu<br \/>\n1. emelet 13.<\/div>\n<\/div>\n<div class=\"row mt-3\">\n<div class=\"col-12\">\n<p>Kutat\u00f3munk\u00e1m t\u00e9m\u00e1ja gy\u00f3gyszerek oxidat\u00edv metabolizmus\u00e1nak modellez\u00e9se metalloporfirin alap\u00fa rendszerekben, melynek f\u00f3kusz\u00e1ban a biomimetikus reakci\u00f3k kinetik\u00e1j\u00e1nak vizsg\u00e1lata \u00e1ll. Gy\u00f3gyszervegy\u00e9sz-m\u00e9rn\u00f6ki diplom\u00e1mat a Budapesti M\u0171szaki \u00e9s Gazdas\u00e1gtudom\u00e1nyi Egyetemen szereztem, ahol dihidropiridin szerkezeti egys\u00e9get tartalmaz\u00f3 gy\u00f3gyszerek biotranszform\u00e1ci\u00f3j\u00e1t modelleztem elektrok\u00e9miai rendszerekben.<\/p>\n<\/div>\n<\/div>\n<\/div>\n<\/div>\n<p class=\"mt-3\"><strong>Tanulm\u00e1nyok:<\/strong><\/p>\n<ul style=\"list-style-type: square\">\n<li>2019-2023 \u2013 Budapesti M\u0171szaki \u00e9s Gazdas\u00e1gtudom\u00e1nyi Egyetem \u2013 Vegy\u00e9szm\u00e9rn\u00f6k BSc<\/li>\n<li>2023-2025 \u2013 Budapesti M\u0171szaki \u00e9s Gazdas\u00e1gtudom\u00e1nyi Egyetem \u2013 Gy\u00f3gyszervegy\u00e9sz-m\u00e9rn\u00f6k MSc<\/li>\n<li>2025-t\u0151l \u2013 Semmelweis Egyetem GYKI \u2013 PhD hallgat\u00f3<\/li>\n<\/ul>\n<p><strong>Szakmai tapasztalat:<\/strong><\/p>\n<ul>\n<li>2022 \u2013 Richter Gedeon Nyrt. \u2013 szakmai gyakorlat (preparat\u00edv munka szerves szintetikus laborban)<\/li>\n<li>2023-2025 \u2013 Kempelen Farkas Gimn\u00e1zium \u2013 k\u00e9mia tan\u00e1r<\/li>\n<\/ul>\n<p><strong style=\"font-size: 1rem\">MTMT link: <\/strong><a href=\"https:\/\/m2.mtmt.hu\/api\/author\/10100924\">https:\/\/m2.mtmt.hu\/api\/author\/10100924<\/a><\/p>\n<p><strong>ODT adatlap: <\/strong><a href=\"https:\/\/doktori.hu\/doktori-kepzes\/szemelyek\/54266\">https:\/\/doktori.hu\/doktori-kepzes\/szemelyek\/54266<\/a><\/p>\n","protected":false},"excerpt":{"rendered":"<p>N\u00e9v: Beoszt\u00e1s: Telefonsz\u00e1m: E-mail c\u00edm: Iroda: Csillag Bal\u00e1zs Ph.D. hallgat\u00f3 476-3600, 53013 csillag.balazs@semmelweis.hu 1. emelet 13. Kutat\u00f3munk\u00e1m t\u00e9m\u00e1ja gy\u00f3gyszerek oxidat\u00edv metabolizmus\u00e1nak modellez\u00e9se metalloporfirin alap\u00fa rendszerekben, melynek f\u00f3kusz\u00e1ban a biomimetikus reakci\u00f3k kinetik\u00e1j\u00e1nak vizsg\u00e1lata \u00e1ll. Gy\u00f3gyszervegy\u00e9sz-m\u00e9rn\u00f6ki diplom\u00e1mat a Budapesti M\u0171szaki \u00e9s Gazdas\u00e1gtudom\u00e1nyi Egyetemen szereztem, ahol dihidropiridin szerkezeti egys\u00e9get tartalmaz\u00f3 gy\u00f3gyszerek biotranszform\u00e1ci\u00f3j\u00e1t modelleztem elektrok\u00e9miai rendszerekben. Tanulm\u00e1nyok: 2019-2023 \u2013 &hellip;<\/p>\n","protected":false},"author":102300,"featured_media":0,"parent":1674,"menu_order":0,"comment_status":"closed","ping_status":"closed","template":"","meta":{"_acf_changed":false,"footnotes":""},"categories":[],"tags":[],"class_list":["post-2859","page","type-page","status-publish","hentry"],"acf":[],"_links":{"self":[{"href":"https:\/\/semmelweis.hu\/gyogyszereszi-kemia\/wp-json\/wp\/v2\/pages\/2859","targetHints":{"allow":["GET"]}}],"collection":[{"href":"https:\/\/semmelweis.hu\/gyogyszereszi-kemia\/wp-json\/wp\/v2\/pages"}],"about":[{"href":"https:\/\/semmelweis.hu\/gyogyszereszi-kemia\/wp-json\/wp\/v2\/types\/page"}],"author":[{"embeddable":true,"href":"https:\/\/semmelweis.hu\/gyogyszereszi-kemia\/wp-json\/wp\/v2\/users\/102300"}],"replies":[{"embeddable":true,"href":"https:\/\/semmelweis.hu\/gyogyszereszi-kemia\/wp-json\/wp\/v2\/comments?post=2859"}],"version-history":[{"count":1,"href":"https:\/\/semmelweis.hu\/gyogyszereszi-kemia\/wp-json\/wp\/v2\/pages\/2859\/revisions"}],"predecessor-version":[{"id":2860,"href":"https:\/\/semmelweis.hu\/gyogyszereszi-kemia\/wp-json\/wp\/v2\/pages\/2859\/revisions\/2860"}],"up":[{"embeddable":true,"href":"https:\/\/semmelweis.hu\/gyogyszereszi-kemia\/wp-json\/wp\/v2\/pages\/1674"}],"wp:attachment":[{"href":"https:\/\/semmelweis.hu\/gyogyszereszi-kemia\/wp-json\/wp\/v2\/media?parent=2859"}],"wp:term":[{"taxonomy":"category","embeddable":true,"href":"https:\/\/semmelweis.hu\/gyogyszereszi-kemia\/wp-json\/wp\/v2\/categories?post=2859"},{"taxonomy":"post_tag","embeddable":true,"href":"https:\/\/semmelweis.hu\/gyogyszereszi-kemia\/wp-json\/wp\/v2\/tags?post=2859"}],"curies":[{"name":"wp","href":"https:\/\/api.w.org\/{rel}","templated":true}]}}