{"id":2689,"date":"2025-02-10T14:00:01","date_gmt":"2025-02-10T13:00:01","guid":{"rendered":"https:\/\/semmelweis.hu\/gyogyszereszi-kemia\/?page_id=2689"},"modified":"2025-06-13T10:06:12","modified_gmt":"2025-06-13T08:06:12","slug":"bemutatkozas-mohacsi-zsombor","status":"publish","type":"page","link":"https:\/\/semmelweis.hu\/gyogyszereszi-kemia\/munkatarsak\/bemutatkozas-mohacsi-zsombor\/","title":{"rendered":"Bemutatkoz\u00e1s &#8211; Moh\u00e1csi Zsombor"},"content":{"rendered":"<div class=\"row\">\n<div class=\"col-4\"><img loading=\"lazy\" decoding=\"async\" class=\"size-full wp-image-1625 alignleft\" src=\"https:\/\/semmelweis.hu\/gyogyszereszi-kemia\/files\/2025\/02\/Mohacsi_Zsombor.jpg\" alt=\"\" width=\"274\" height=\"346\" \/><\/div>\n<div class=\"col-8\">\n<div class=\"row\">\n<div class=\"col-3\"><strong>N\u00e9v: Beoszt\u00e1s: Telefonsz\u00e1m: E-mail c\u00edm: Iroda:<\/strong><\/div>\n<div class=\"col-9\">Moh\u00e1csi Zsombor M\u00e1rton<br \/>\nPh.D. hallgat\u00f3 <br \/>\n476-3600, 55093<br \/>\nmohacsi.zsombor@phd.semmelweis.hu<br \/>\n2. emelet 23.<\/div>\n<\/div>\n<div class=\"row mt-3\">\n<div class=\"col-12\">\n<p>Kutat\u00e1si t\u00e9m\u00e1m a szintetikus metalloporfirin alap\u00fa biomimetikus rendszerek fejleszt\u00e9se batch \u00e9s \u00e1raml\u00e1sos k\u00e9miai k\u00f6r\u00fclm\u00e9nyek k\u00f6z\u00f6tt, hogy ezeket a rendszereket \u00f6sszevessem az irodalomban le\u00edrt metabolikus profilokkal, valamint a jelenleg elterjedt in vitro vizsg\u00e1lata m\u00f3dszerekkel. A rendszerek tesztel\u00e9s\u00e9t v\u00e1ltoz\u00f3 m\u00e9ret\u0171 \u00e9s diverzit\u00e1s\u00fa el\u0151re meghat\u00e1rozott gy\u00f3gyszerk\u00f6nyvt\u00e1rak seg\u00edts\u00e9g\u00e9vel v\u00e9gzem.<\/p>\n<\/div>\n<\/div>\n<\/div>\n<\/div>\n<p class=\"mt-3\"><strong>Tanulm\u00e1nyok:<\/strong><\/p>\n<ul style=\"list-style-type: square\">\n<li>2018-2022 \u2013 BME-VBK \u2013 Vegy\u00e9szm\u00e9rn\u00f6k BSc<\/li>\n<li>2022-2024 \u2013 BME-VBK \u2013 Gy\u00f3gyszervegy\u00e9szm\u00e9rn\u00f6k MSc<\/li>\n<li>2024-t\u00f3l \u2013 SE-GYKI \u2013 PhD Hallgat\u00f3<\/li>\n<\/ul>\n<p><strong>Szakmai tapasztalat:<\/strong><\/p>\n<ul>\n<li>2021 \u2013 Waters Corporation \u2013 Szakmai Gyakorlat\n<ul>\n<li>REIMS-HRMS nagy\u00e1tereszt\u0151k\u00e9pess\u00e9g\u0171 teljes\u00edt\u0151k\u00e9pess\u00e9g\u00e9nek vizsg\u00e1lata<\/li>\n<li>Szakdolgozatom sor\u00e1n el\u0151\u00e1ll\u00edtott reakci\u00f3elegyek HRMS vizsg\u00e1lata<\/li>\n<\/ul>\n<\/li>\n<li>2023 \u2013 Cyclolab Kft. \u2013 Szakmai Gyakorlat\n<ul>\n<li>Ciklodextrin sz\u00e1rmaz\u00e9kok vizsg\u00e1lata HPLC-MS technik\u00e1val<\/li>\n<\/ul>\n<\/li>\n<\/ul>\n<p><strong>Oktatott t\u00e1rgyak:<\/strong><\/p>\n<ul style=\"list-style-type: square\">\n<li>\u00c1ltal\u00e1nos K\u00e9mia \u2013 Gyakorlat<\/li>\n<li>Szervetlen K\u00e9mia &#8211; Gyakorlat<\/li>\n<li>Analitikai K\u00e9mia II. &#8211; Gyakorlat<\/li>\n<\/ul>\n<p><strong style=\"font-size: 1rem\">MTMT link: <\/strong><a href=\"https:\/\/m2.mtmt.hu\/api\/author\/10096871\">https:\/\/m2.mtmt.hu\/api\/author\/10096871<\/a><\/p>\n<p><strong>ODT adatlap<\/strong>: <a href=\"https:\/\/doktori.hu\/index.php?menuid=192&amp;lang=HU&amp;sz_ID=50527\">https:\/\/doktori.hu\/index.php?menuid=192&amp;lang=HU&amp;sz_ID=50527<\/a><\/p>\n","protected":false},"excerpt":{"rendered":"<p>N\u00e9v: Beoszt\u00e1s: Telefonsz\u00e1m: E-mail c\u00edm: Iroda: Moh\u00e1csi Zsombor M\u00e1rton Ph.D. hallgat\u00f3 476-3600, 55093 mohacsi.zsombor@phd.semmelweis.hu 2. emelet 23. Kutat\u00e1si t\u00e9m\u00e1m a szintetikus metalloporfirin alap\u00fa biomimetikus rendszerek fejleszt\u00e9se batch \u00e9s \u00e1raml\u00e1sos k\u00e9miai k\u00f6r\u00fclm\u00e9nyek k\u00f6z\u00f6tt, hogy ezeket a rendszereket \u00f6sszevessem az irodalomban le\u00edrt metabolikus profilokkal, valamint a jelenleg elterjedt in vitro vizsg\u00e1lata m\u00f3dszerekkel. A rendszerek tesztel\u00e9s\u00e9t v\u00e1ltoz\u00f3 m\u00e9ret\u0171 &hellip;<\/p>\n","protected":false},"author":102300,"featured_media":0,"parent":1674,"menu_order":0,"comment_status":"closed","ping_status":"closed","template":"template-fullwidth.php","meta":{"_acf_changed":false,"footnotes":""},"categories":[18],"tags":[],"class_list":["post-2689","page","type-page","status-publish","hentry","category-bemutatkozo-oldal"],"acf":[],"_links":{"self":[{"href":"https:\/\/semmelweis.hu\/gyogyszereszi-kemia\/wp-json\/wp\/v2\/pages\/2689","targetHints":{"allow":["GET"]}}],"collection":[{"href":"https:\/\/semmelweis.hu\/gyogyszereszi-kemia\/wp-json\/wp\/v2\/pages"}],"about":[{"href":"https:\/\/semmelweis.hu\/gyogyszereszi-kemia\/wp-json\/wp\/v2\/types\/page"}],"author":[{"embeddable":true,"href":"https:\/\/semmelweis.hu\/gyogyszereszi-kemia\/wp-json\/wp\/v2\/users\/102300"}],"replies":[{"embeddable":true,"href":"https:\/\/semmelweis.hu\/gyogyszereszi-kemia\/wp-json\/wp\/v2\/comments?post=2689"}],"version-history":[{"count":4,"href":"https:\/\/semmelweis.hu\/gyogyszereszi-kemia\/wp-json\/wp\/v2\/pages\/2689\/revisions"}],"predecessor-version":[{"id":2858,"href":"https:\/\/semmelweis.hu\/gyogyszereszi-kemia\/wp-json\/wp\/v2\/pages\/2689\/revisions\/2858"}],"up":[{"embeddable":true,"href":"https:\/\/semmelweis.hu\/gyogyszereszi-kemia\/wp-json\/wp\/v2\/pages\/1674"}],"wp:attachment":[{"href":"https:\/\/semmelweis.hu\/gyogyszereszi-kemia\/wp-json\/wp\/v2\/media?parent=2689"}],"wp:term":[{"taxonomy":"category","embeddable":true,"href":"https:\/\/semmelweis.hu\/gyogyszereszi-kemia\/wp-json\/wp\/v2\/categories?post=2689"},{"taxonomy":"post_tag","embeddable":true,"href":"https:\/\/semmelweis.hu\/gyogyszereszi-kemia\/wp-json\/wp\/v2\/tags?post=2689"}],"curies":[{"name":"wp","href":"https:\/\/api.w.org\/{rel}","templated":true}]}}