{"id":2662,"date":"2025-01-17T14:44:51","date_gmt":"2025-01-17T13:44:51","guid":{"rendered":"https:\/\/semmelweis.hu\/gyogyszereszi-kemia\/?page_id=2662"},"modified":"2026-03-18T10:41:59","modified_gmt":"2026-03-18T09:41:59","slug":"tamogatok","status":"publish","type":"page","link":"https:\/\/semmelweis.hu\/gyogyszereszi-kemia\/tamogatok\/","title":{"rendered":"T\u00e1mogat\u00f3k"},"content":{"rendered":"<h1 style=\"text-align: center\">Egy\u00fcttm\u0171k\u00f6d\u0151 parTnereink \/ T\u00e1mogat\u00f3ink<\/h1>\n<table style=\"border-collapse: collapse;width: 100%;height: 32px\">\n<tbody>\n<tr style=\"height: 32px\">\n<td style=\"width: 33.3333%;height: 32px\">\n<p><img loading=\"lazy\" decoding=\"async\" class=\"aligncenter\" src=\"https:\/\/semmelweis.hu\/gyogyszereszi-kemia\/files\/2025\/01\/Logo_of_EGIS.jpg\" alt=\"\" width=\"302\" height=\"226\" \/><\/p>\n<\/td>\n<td style=\"width: 33.3333%;height: 32px\"><img decoding=\"async\" src=\"https:\/\/semmelweis.hu\/gyogyszereszi-kemia\/files\/2025\/01\/Waters-logo.jpg\" alt=\"\" \/><\/td>\n<td style=\"width: 33.3333%;height: 32px\"><img loading=\"lazy\" decoding=\"async\" class=\"aligncenter\" src=\"https:\/\/semmelweis.hu\/gyogyszereszi-kemia\/files\/2025\/01\/company-servier.png\" alt=\"\" width=\"391\" height=\"99\" \/><\/td>\n<\/tr>\n<tr>\n<td style=\"width: 33.3333%\"><img loading=\"lazy\" decoding=\"async\" class=\"aligncenter\" src=\"https:\/\/semmelweis.hu\/gyogyszereszi-kemia\/files\/2025\/01\/ambimass.png\" alt=\"\" width=\"182\" height=\"222\" \/><\/td>\n<td style=\"width: 33.3333%\"><img loading=\"lazy\" decoding=\"async\" class=\"aligncenter\" src=\"https:\/\/semmelweis.hu\/gyogyszereszi-kemia\/files\/2025\/01\/vascular.png\" alt=\"\" width=\"334\" height=\"122\" \/><\/td>\n<td style=\"width: 33.3333%\"><img loading=\"lazy\" decoding=\"async\" class=\"aligncenter\" src=\"https:\/\/semmelweis.hu\/gyogyszereszi-kemia\/files\/2026\/03\/acd-labs.png\" alt=\"\" width=\"299\" height=\"237\" \/><\/td>\n<\/tr>\n<\/tbody>\n<\/table>\n<p>&nbsp;<\/p>\n","protected":false},"excerpt":{"rendered":"<p>Egy\u00fcttm\u0171k\u00f6d\u0151 parTnereink \/ T\u00e1mogat\u00f3ink<\/p>\n<p>&nbsp;<\/p>\n","protected":false},"author":102300,"featured_media":0,"parent":0,"menu_order":0,"comment_status":"closed","ping_status":"closed","template":"","meta":{"_acf_changed":false,"footnotes":""},"categories":[19],"tags":[],"class_list":["post-2662","page","type-page","status-publish","hentry","category-fomenu"],"acf":[],"_links":{"self":[{"href":"https:\/\/semmelweis.hu\/gyogyszereszi-kemia\/wp-json\/wp\/v2\/pages\/2662","targetHints":{"allow":["GET"]}}],"collection":[{"href":"https:\/\/semmelweis.hu\/gyogyszereszi-kemia\/wp-json\/wp\/v2\/pages"}],"about":[{"href":"https:\/\/semmelweis.hu\/gyogyszereszi-kemia\/wp-json\/wp\/v2\/types\/page"}],"author":[{"embeddable":true,"href":"https:\/\/semmelweis.hu\/gyogyszereszi-kemia\/wp-json\/wp\/v2\/users\/102300"}],"replies":[{"embeddable":true,"href":"https:\/\/semmelweis.hu\/gyogyszereszi-kemia\/wp-json\/wp\/v2\/comments?post=2662"}],"version-history":[{"count":7,"href":"https:\/\/semmelweis.hu\/gyogyszereszi-kemia\/wp-json\/wp\/v2\/pages\/2662\/revisions"}],"predecessor-version":[{"id":3022,"href":"https:\/\/semmelweis.hu\/gyogyszereszi-kemia\/wp-json\/wp\/v2\/pages\/2662\/revisions\/3022"}],"wp:attachment":[{"href":"https:\/\/semmelweis.hu\/gyogyszereszi-kemia\/wp-json\/wp\/v2\/media?parent=2662"}],"wp:term":[{"taxonomy":"category","embeddable":true,"href":"https:\/\/semmelweis.hu\/gyogyszereszi-kemia\/wp-json\/wp\/v2\/categories?post=2662"},{"taxonomy":"post_tag","embeddable":true,"href":"https:\/\/semmelweis.hu\/gyogyszereszi-kemia\/wp-json\/wp\/v2\/tags?post=2662"}],"curies":[{"name":"wp","href":"https:\/\/api.w.org\/{rel}","templated":true}]}}