{"id":2645,"date":"2025-01-16T14:05:04","date_gmt":"2025-01-16T13:05:04","guid":{"rendered":"https:\/\/semmelweis.hu\/gyogyszereszi-kemia\/?page_id=2645"},"modified":"2025-06-13T15:22:49","modified_gmt":"2025-06-13T13:22:49","slug":"altalanos-kemia-kovetelmenyek","status":"publish","type":"page","link":"https:\/\/semmelweis.hu\/gyogyszereszi-kemia\/oktatas\/kotelezo-targyak\/altalanos-kemia\/altalanos-kemia-kovetelmenyek\/","title":{"rendered":"\u00c1ltal\u00e1nos k\u00e9mia &#8211; k\u00f6vetelm\u00e9nyek"},"content":{"rendered":"<h3>1. Elm\u00e9leti k\u00f6vetelm\u00e9nyek<\/h3>\n<p><strong>A gyakorlatok elm\u00e9leti t\u00e1rgyk\u00f6rei:<\/strong> K\u00e9miai alapfogalmak, szervetlen k\u00e9miai rendszer- \u00e9s nevez\u00e9ktan. Az anyagok tiszt\u00edt\u00e1s\u00e1ra alkalmazott m\u00f3dszerek elm\u00e9leti alapjai. Sav-b\u00e1zis elm\u00e9letek \u00e9s reakci\u00f3k, preparat\u00edv lehet\u0151s\u00e9gek. Redoxireakci\u00f3k: reduk\u00e1l\u00f3- \u00e9s oxid\u00e1l\u00f3szerek, redoxiegyenletek rendez\u00e9se; standardpotenci\u00e1l, redoxifolyamatok ir\u00e1nya; elektr\u00f3d- \u00e9s redoxipotenci\u00e1l, galv\u00e1nelemek (Nernst-egyenlet) \u00e9s elektrol\u00edzis; preparat\u00edv lehet\u0151s\u00e9gek. A k\u00e9miai egyens\u00faly \u00e9s befoly\u00e1sol\u00e1s\u00e1nak lehet\u0151s\u00e9gei. Komplex vegy\u00fcletek nevez\u00e9ktana, el\u0151\u00e1ll\u00edt\u00e1sa \u00e9s reakci\u00f3i. Csapad\u00e9kk\u00e9pz\u0151d\u00e9si reakci\u00f3k, az oldhat\u00f3s\u00e1gi egyens\u00falyok alapjai. Szervetlen vegy\u00fcletek h\u0151boml\u00e1sa.<\/p>\n<p><strong>Sz\u00e1m\u00edt\u00e1si feladatt\u00edpusok: <\/strong>koncentr\u00e1ci\u00f3sz\u00e1m\u00edt\u00e1s, \u00e1tkrist\u00e1lyos\u00edt\u00e1s, szt\u00f6chiometria, g\u00e1zt\u00f6rv\u00e9nyek, elektrok\u00e9mia, pH-sz\u00e1m\u00edt\u00e1s (savak, b\u00e1zisok, puffer rendszerek, hidrol\u00edzis), oldhat\u00f3s\u00e1g.<\/p>\n<div class=\"fontos_div\">\n<p>Az elm\u00e9leti tud\u00e1s ellen\u0151rz\u00e9se c\u00e9lj\u00e1b\u00f3l az el\u0151ad\u00e1sok idej\u00e9ben <strong>h\u00e1rom \u00e9vfolyam z\u00e1rthelyi <\/strong>\u00edr\u00e1s\u00e1ra ker\u00fcl sor, a hallgat\u00f3kkal el\u0151re egyeztetett id\u0151pontokban. <strong>A h\u00e1rom z\u00e1rthelyin (vagy a p\u00f3t z\u00e1rthelyiken) legal\u00e1bb el\u00e9gs\u00e9ges \u00e9rdemjegy el\u00e9r\u00e9se a felt\u00e9tele az al\u00e1\u00edr\u00e1s megszerz\u00e9s\u00e9nek \u00e9s a vizsg\u00e1n val\u00f3 r\u00e9szv\u00e9telnek. A h\u00e1rom z\u00e1rthelyi \u00e1tlagak\u00e9nt kapott jegy a f\u00e9l\u00e9v v\u00e9gi jegy 50%-\u00e1t k\u00e9pzi.<\/strong><\/p>\n<\/div>\n<p>Hi\u00e1nyz\u00f3, vagy sikertelen dolgozat jav\u00edt\u00e1s\u00e1ra a f\u00e9l\u00e9v sor\u00e1n minden z\u00e1rthelyi eset\u00e9ben <strong>k\u00e9t p\u00f3t z\u00e1rthelyi<\/strong> \u00edr\u00e1s\u00e1ra lesz lehet\u0151s\u00e9g.<\/p>\n<p><span style=\"color: #ff0000\"><strong>Amennyiben a hallgat\u00f3 b\u00e1rmelyik sz\u00e1monk\u00e9r\u00e9s sor\u00e1n nem megengedett seg\u00e9deszk\u00f6zt haszn\u00e1l, a t\u00e1rgyb\u00f3l nem kaphat al\u00e1\u00edr\u00e1st!<\/strong><\/span><\/p>\n<p>R\u00f6videbb \u00edr\u00e1sos vagy sz\u00f3beli besz\u00e1mol\u00e1s az aznap elv\u00e9gzend\u0151 \u00e9s a gyakorlatot megel\u0151z\u0151 heteken t\u00e1rgyalt anyagb\u00f3l alkalomszer\u0171en, bejelent\u00e9s n\u00e9lk\u00fcl is lehets\u00e9ges.<\/p>\n<hr \/>\n<h3>2. Gyakorlati k\u00f6vetelm\u00e9nyek<\/h3>\n<div class=\"fontos_div\">\n<p>A laborat\u00f3riumi gyakorlatok <strong>75%-\u00e1n k\u00f6telez\u0151 a megjelen\u00e9s<\/strong><strong>,<\/strong> <strong>felk\u00e9sz\u00fclten <\/strong>az elv\u00e9gzend\u0151 feladatok elm\u00e9let\u00e9b\u0151l is. <strong>Hi\u00e1nyozni a f\u00e9l\u00e9v folyam\u00e1n legfeljebb h\u00e1romszor lehet<\/strong>. 15 perc k\u00e9s\u00e9sig \u201ek\u00e9s\u00e9s\u201d-nek, 3 k\u00e9s\u00e9s 1 hi\u00e1nyz\u00e1snak felel meg. <strong>A gyakorlatokon 15 percn\u00e9l nagyobb k\u00e9s\u00e9s nem megengedett \u00e9s hi\u00e1nyz\u00e1snak min\u0151s\u00fcl.<\/strong><\/p>\n<\/div>\n<p>Az elv\u00e9gzett feladatokr\u00f3l a <strong>k\u00f6vetkez<\/strong><strong>\u0151 <\/strong><strong>gyakorlat megkezd\u00e9s\u00e9ig jegyz\u0151k\u00f6nyvet kell leadni<\/strong>, amely elfogad\u00e1s\u00e1t a gyakorlatvezet\u0151 igazolja. A jegyz\u0151k\u00f6nyvnek tartalmaznia kell a munkav\u00e9gz\u00e9s d\u00e1tum\u00e1t, a feladat c\u00edm\u00e9t \u00e9s t\u00f6m\u00f6r le\u00edr\u00e1s\u00e1t, \u00faj m\u0171velet eset\u00e9n a k\u00e9sz\u00fcl\u00e9krajzot, az \u00f6sszes reakci\u00f3 rendezett egyenlet\u00e9t, valamint a kapcsol\u00f3d\u00f3 sz\u00e1m\u00edt\u00e1sokat. A jegyz\u0151k\u00f6nyvek elk\u00e9sz\u00edt\u00e9s\u00e9nek m\u00f3dj\u00e1t a gyakorlatvezet\u0151 hat\u00e1rozza meg, k\u00e9zzel \u00edrott, illetve elektronikus form\u00e1ban k\u00e9sz\u00edtett jegyz\u0151k\u00f6nyv egyar\u00e1nt elfogadhat\u00f3. <strong>A gyakorlati k\u00f6vetelm\u00e9nyek megszeg\u00e9se a tant\u00e1rgy al\u00e1\u00edr\u00e1s\u00e1nak megtagad\u00e1s\u00e1val j\u00e1r.<\/strong><\/p>\n","protected":false},"excerpt":{"rendered":"<p>1. Elm\u00e9leti k\u00f6vetelm\u00e9nyek A gyakorlatok elm\u00e9leti t\u00e1rgyk\u00f6rei: K\u00e9miai alapfogalmak, szervetlen k\u00e9miai rendszer- \u00e9s nevez\u00e9ktan. Az anyagok tiszt\u00edt\u00e1s\u00e1ra alkalmazott m\u00f3dszerek elm\u00e9leti alapjai. Sav-b\u00e1zis elm\u00e9letek \u00e9s reakci\u00f3k, preparat\u00edv lehet\u0151s\u00e9gek. Redoxireakci\u00f3k: reduk\u00e1l\u00f3- \u00e9s oxid\u00e1l\u00f3szerek, redoxiegyenletek rendez\u00e9se; standardpotenci\u00e1l, redoxifolyamatok ir\u00e1nya; elektr\u00f3d- \u00e9s redoxipotenci\u00e1l, galv\u00e1nelemek (Nernst-egyenlet) \u00e9s elektrol\u00edzis; preparat\u00edv lehet\u0151s\u00e9gek. A k\u00e9miai egyens\u00faly \u00e9s befoly\u00e1sol\u00e1s\u00e1nak lehet\u0151s\u00e9gei. Komplex vegy\u00fcletek nevez\u00e9ktana, el\u0151\u00e1ll\u00edt\u00e1sa &hellip;<\/p>\n","protected":false},"author":102300,"featured_media":0,"parent":2640,"menu_order":0,"comment_status":"closed","ping_status":"closed","template":"","meta":{"_acf_changed":false,"footnotes":""},"categories":[22],"tags":[],"class_list":["post-2645","page","type-page","status-publish","hentry","category-oktatas"],"acf":[],"_links":{"self":[{"href":"https:\/\/semmelweis.hu\/gyogyszereszi-kemia\/wp-json\/wp\/v2\/pages\/2645","targetHints":{"allow":["GET"]}}],"collection":[{"href":"https:\/\/semmelweis.hu\/gyogyszereszi-kemia\/wp-json\/wp\/v2\/pages"}],"about":[{"href":"https:\/\/semmelweis.hu\/gyogyszereszi-kemia\/wp-json\/wp\/v2\/types\/page"}],"author":[{"embeddable":true,"href":"https:\/\/semmelweis.hu\/gyogyszereszi-kemia\/wp-json\/wp\/v2\/users\/102300"}],"replies":[{"embeddable":true,"href":"https:\/\/semmelweis.hu\/gyogyszereszi-kemia\/wp-json\/wp\/v2\/comments?post=2645"}],"version-history":[{"count":5,"href":"https:\/\/semmelweis.hu\/gyogyszereszi-kemia\/wp-json\/wp\/v2\/pages\/2645\/revisions"}],"predecessor-version":[{"id":2850,"href":"https:\/\/semmelweis.hu\/gyogyszereszi-kemia\/wp-json\/wp\/v2\/pages\/2645\/revisions\/2850"}],"up":[{"embeddable":true,"href":"https:\/\/semmelweis.hu\/gyogyszereszi-kemia\/wp-json\/wp\/v2\/pages\/2640"}],"wp:attachment":[{"href":"https:\/\/semmelweis.hu\/gyogyszereszi-kemia\/wp-json\/wp\/v2\/media?parent=2645"}],"wp:term":[{"taxonomy":"category","embeddable":true,"href":"https:\/\/semmelweis.hu\/gyogyszereszi-kemia\/wp-json\/wp\/v2\/categories?post=2645"},{"taxonomy":"post_tag","embeddable":true,"href":"https:\/\/semmelweis.hu\/gyogyszereszi-kemia\/wp-json\/wp\/v2\/tags?post=2645"}],"curies":[{"name":"wp","href":"https:\/\/api.w.org\/{rel}","templated":true}]}}