{"id":2640,"date":"2025-01-16T14:02:11","date_gmt":"2025-01-16T13:02:11","guid":{"rendered":"https:\/\/semmelweis.hu\/gyogyszereszi-kemia\/?page_id=2640"},"modified":"2025-09-08T13:19:03","modified_gmt":"2025-09-08T11:19:03","slug":"altalanos-kemia","status":"publish","type":"page","link":"https:\/\/semmelweis.hu\/gyogyszereszi-kemia\/oktatas\/kotelezo-targyak\/altalanos-kemia\/","title":{"rendered":"\u00c1ltal\u00e1nos k\u00e9mia (I. \u00e9v)"},"content":{"rendered":"<h5>Tant\u00e1rgy teljes neve: \u00c1LTAL\u00c1NOS K\u00c9MIA<\/h5>\n<div class=\"keretes\">\n<p><span style=\"color: #333399\"><strong>Tant\u00e1rgyfelel\u0151s:<\/strong><\/span><\/p>\n<p><strong style=\"color: #1e2326;font-family: 'PT serif', serif;font-size: 1rem\"><span style=\"font-size: 14pt\">Prof. Dr. Balogh Gy\u00f6rgy Tibor<\/span><br \/>\n<\/strong><span style=\"font-size: 12pt\"><span style=\"color: #1e2326;font-family: 'PT serif', serif;font-weight: 400\">SE Gy\u00f3gyszer\u00e9szi K\u00e9miai Int\u00e9zet,<br \/>\n<\/span><span style=\"color: #1e2326;font-family: 'PT serif', serif;font-weight: 400\">1092 Budapest, H\u0151gyes Endre u. 9.<br \/>\n<\/span><span style=\"color: #1e2326;font-family: 'PT serif', serif;font-weight: 400\">\ud83d\udcde\u00a006-1-217-0891<br \/>\n<\/span><span style=\"color: #1e2326;font-family: 'PT serif', serif;font-weight: 400\">\ud83d\udd82 <strong>balogh.gyorgy.tibor@semmelweis.hu<\/strong><\/span><\/span><\/p>\n<\/div>\n<ul>\n<li>\u00c9vfolyam: I. \u00e9v, 1. f\u00e9l\u00e9v<\/li>\n<li>Kurzus meghirdet\u00e9se: \u0151szi szemeszter<\/li>\n<li>\u00d3rasz\u00e1m: 2 \u00f3ra elm\u00e9let + 4 \u00f3ra gyakorlat<\/li>\n<\/ul>\n<h5>Aktu\u00e1lis tematika (el\u0151ad\u00e1s)<\/h5>\n<h5>Aktu\u00e1lis tematika (gyakorlat)<\/h5>\n<p><a class=\"btn btn-secondary\" href=\"https:\/\/semmelweis.hu\/gyogyszereszi-kemia\/altalanos-kemia-kovetelmenyek\/\" target=\"null\">Tant\u00e1rgy k\u00f6vetelm\u00e9nyek<\/a><\/p>\n<h5>\u00a0<\/h5>\n<h5>A tant\u00e1rgy szakmai tartalma elsaj\u00e1t\u00edt\u00e1s\u00e1nak c\u00e9lja \u00e9s feladata a k\u00e9pz\u00e9s c\u00e9lj\u00e1nak megval\u00f3s\u00edt\u00e1s\u00e1ban:<\/h5>\n<p>A k\u00e9miai alapfogalmak \u00e9s a laborat\u00f3riumi alapm\u0171veletek elsaj\u00e1t\u00edt\u00e1sa.<\/p>\n<h5>A tant\u00e1rgy r\u00f6vid le\u00edr\u00e1sa:<\/h5>\n<p>Az atomszerkezet alapjai. Elemi r\u00e9szecsk\u00e9k. A Bohr-f\u00e9le atommodell. Az elektron kett\u0151s term\u00e9szete. A Heisenberg-f\u00e9le bizonytalans\u00e1gi elv. A Schr\u00f6dinger-egyenlet \u00e9s a kvantumsz\u00e1mok. A Pauli-elv \u00e9s a Hund-szab\u00e1ly. Az elektronp\u00e1ly\u00e1k energi\u00e1ja \u00e9s be\u00e9p\u00fcl\u00e9si sorrendje. A peri\u00f3dusos rendszer mez\u0151i \u00e9s f\u0151 tulajdons\u00e1gai. Periodikus tulajdons\u00e1gok. Az ionos k\u00f6t\u00e9s. Kovalens k\u00f6t\u00e9s. A kovalens k\u00f6t\u00e9s \u00e1br\u00e1zol\u00e1sa Lewis-szerkezetekkel. Oktett szab\u00e1ly. A vegy\u00e9rt\u00e9k-elektronp\u00e1r tasz\u00edt\u00e1si elm\u00e9let. A molekul\u00e1k geometri\u00e1ja a vegy\u00e9rt\u00e9k-k\u00f6t\u00e9si elm\u00e9let alapj\u00e1n. Molekulap\u00e1ly\u00e1k kialakul\u00e1sa. K\u00f6t\u00e9spolarit\u00e1s \u00e9s molekulapolarit\u00e1s. M\u00e1gneses tulajdons\u00e1gok. Az elektronegativit\u00e1s \u00e9s meghat\u00e1roz\u00e1sa. F\u00e9mes k\u00f6t\u00e9s. Gyenge k\u00f6t\u0151er\u0151k. K\u00e9miai reakci\u00f3k t\u00edpusai. Szt\u00f6chiometria. Az anyag halmaz\u00e1llapotai. F\u00e1zisdiagram \u00e9s f\u00e1zisszab\u00e1ly. T\u00f6bbkomponens\u0171 rendszerek, oldatok. H\u00edg oldatok t\u00f6rv\u00e9nyei. Sav-b\u00e1zis elm\u00e9letek. Elektr\u00f3dfolyamatok. Galv\u00e1nelemek. Redoxi- folyamatok ir\u00e1nya, redoxipotenci\u00e1l. K\u00e9miai egyens\u00falyok. A t\u00f6meghat\u00e1s t\u00f6rv\u00e9nye. A pH \u00e9s sz\u00e1m\u00edt\u00e1sa. Hidrol\u00edzis. Puffer-rendszerek. Komplexk\u00e9pz\u0151d\u00e9si egyens\u00falyok. A Lewis-f\u00e9le sav-b\u00e1zis elm\u00e9let Pearson-f\u00e9le \u00e9rtelmez\u00e9se<\/p>\n","protected":false},"excerpt":{"rendered":"<p>Tant\u00e1rgy teljes neve: \u00c1LTAL\u00c1NOS K\u00c9MIA Tant\u00e1rgyfelel\u0151s: Prof. Dr. Balogh Gy\u00f6rgy Tibor SE Gy\u00f3gyszer\u00e9szi K\u00e9miai Int\u00e9zet, 1092 Budapest, H\u0151gyes Endre u. 9. \ud83d\udcde\u00a006-1-217-0891 \ud83d\udd82 balogh.gyorgy.tibor@semmelweis.hu \u00c9vfolyam: I. \u00e9v, 1. f\u00e9l\u00e9v Kurzus meghirdet\u00e9se: \u0151szi szemeszter \u00d3rasz\u00e1m: 2 \u00f3ra elm\u00e9let + 4 \u00f3ra gyakorlat Aktu\u00e1lis tematika (el\u0151ad\u00e1s) Aktu\u00e1lis tematika (gyakorlat) <a class=\"btn btn-secondary\" href=\"https:\/\/semmelweis.hu\/gyogyszereszi-kemia\/altalanos-kemia-kovetelmenyek\/\" target=\"null\">Tant\u00e1rgy k\u00f6vetelm\u00e9nyek<\/a> \u00a0 A tant\u00e1rgy szakmai tartalma elsaj\u00e1t\u00edt\u00e1s\u00e1nak c\u00e9lja \u00e9s &hellip;<\/p>\n","protected":false},"author":102300,"featured_media":0,"parent":2601,"menu_order":1,"comment_status":"closed","ping_status":"closed","template":"","meta":{"_acf_changed":false,"footnotes":""},"categories":[22],"tags":[],"class_list":["post-2640","page","type-page","status-publish","hentry","category-oktatas"],"acf":[],"_links":{"self":[{"href":"https:\/\/semmelweis.hu\/gyogyszereszi-kemia\/wp-json\/wp\/v2\/pages\/2640","targetHints":{"allow":["GET"]}}],"collection":[{"href":"https:\/\/semmelweis.hu\/gyogyszereszi-kemia\/wp-json\/wp\/v2\/pages"}],"about":[{"href":"https:\/\/semmelweis.hu\/gyogyszereszi-kemia\/wp-json\/wp\/v2\/types\/page"}],"author":[{"embeddable":true,"href":"https:\/\/semmelweis.hu\/gyogyszereszi-kemia\/wp-json\/wp\/v2\/users\/102300"}],"replies":[{"embeddable":true,"href":"https:\/\/semmelweis.hu\/gyogyszereszi-kemia\/wp-json\/wp\/v2\/comments?post=2640"}],"version-history":[{"count":10,"href":"https:\/\/semmelweis.hu\/gyogyszereszi-kemia\/wp-json\/wp\/v2\/pages\/2640\/revisions"}],"predecessor-version":[{"id":2943,"href":"https:\/\/semmelweis.hu\/gyogyszereszi-kemia\/wp-json\/wp\/v2\/pages\/2640\/revisions\/2943"}],"up":[{"embeddable":true,"href":"https:\/\/semmelweis.hu\/gyogyszereszi-kemia\/wp-json\/wp\/v2\/pages\/2601"}],"wp:attachment":[{"href":"https:\/\/semmelweis.hu\/gyogyszereszi-kemia\/wp-json\/wp\/v2\/media?parent=2640"}],"wp:term":[{"taxonomy":"category","embeddable":true,"href":"https:\/\/semmelweis.hu\/gyogyszereszi-kemia\/wp-json\/wp\/v2\/categories?post=2640"},{"taxonomy":"post_tag","embeddable":true,"href":"https:\/\/semmelweis.hu\/gyogyszereszi-kemia\/wp-json\/wp\/v2\/tags?post=2640"}],"curies":[{"name":"wp","href":"https:\/\/api.w.org\/{rel}","templated":true}]}}