{"id":2638,"date":"2025-01-16T13:58:41","date_gmt":"2025-01-16T12:58:41","guid":{"rendered":"https:\/\/semmelweis.hu\/gyogyszereszi-kemia\/?page_id=2638"},"modified":"2025-09-08T13:17:55","modified_gmt":"2025-09-08T11:17:55","slug":"analitikai-kemia-i","status":"publish","type":"page","link":"https:\/\/semmelweis.hu\/gyogyszereszi-kemia\/oktatas\/kotelezo-targyak\/analitikai-kemia-i\/","title":{"rendered":"Analitikai k\u00e9mia I. (II. \u00e9v)"},"content":{"rendered":"<h5>Tant\u00e1rgy teljes neve: ANALITIKAI K\u00c9MIA I<\/h5>\n<div class=\"keretes\">\n<p><strong><span style=\"color: #333399\">Tant\u00e1rgyfelel\u0151s(\u00f6k):<\/span><\/strong><\/p>\n<p><strong>Prof. Dr. Balogh Gy\u00f6rgy Tibor<\/strong><br \/>\n<span style=\"font-size: 12pt\">SE Gy\u00f3gyszer\u00e9szi K\u00e9miai Int\u00e9zet,<\/span><br \/>\n<span style=\"font-size: 12pt\">1092 Budapest, H\u0151gyes Endre u. 9.<\/span><br \/>\n<span style=\"font-size: 12pt\"><span style=\"color: #1e2326;font-family: 'PT serif', serif;font-weight: 400\">\ud83d\udcde\u00a006-1-217-0891<\/span><\/span><br \/>\n<span style=\"font-size: 12pt\"><span style=\"color: #1e2326;font-family: 'PT serif', serif;font-weight: 400\">\ud83d\udd82 <\/span>balogh.gyorgy.tibor@semmelweis.hu<\/span><\/p>\n<p><strong>Cs\u00f6rgein\u00e9 Dr. Kurin Krisztina<\/strong><br \/>\n<span style=\"font-size: 12pt\">ELTE TTK, Analitikai K\u00e9miai Tansz\u00e9k,<\/span><br \/>\n<span style=\"font-size: 12pt\">1117 Budapest, P\u00e1zm\u00e1ny P\u00e9ter s\u00e9t\u00e1ny 1\/a<\/span><br \/>\n<span style=\"font-size: 12pt\"><span style=\"color: #1e2326;font-family: 'PT serif', serif;font-weight: 400\">\ud83d\udcde 1<\/span>372-2500\/1241<\/span><br \/>\n<span style=\"font-size: 12pt\"><span style=\"color: #1e2326;font-family: 'PT serif', serif;font-weight: 400\">\ud83d\udd82 <\/span>krisztina. kurin@ttk.elte.hu<\/span><\/p>\n<\/div>\n<ul>\n<li>\u00c9vfolyam: II. \u00e9v, 1. f\u00e9l\u00e9v<\/li>\n<li>Kurzus meghirdet\u00e9se: \u0151szi szemeszter<\/li>\n<li>\u00d3rasz\u00e1m: 4 \u00f3ra elm\u00e9let + 4 \u00f3ra gyakorlat<\/li>\n<\/ul>\n<h5><a href=\"https:\/\/semmelweis.hu\/gyogyszereszi-kemia\/files\/2025\/08\/TEMATIKA-2025-2026-I.-felev-02-04-06-csoportok.pdf\">Aktu\u00e1lis tematika (02, 04, 06 csoportok)<\/a><\/h5>\n<h5><a href=\"https:\/\/semmelweis.hu\/gyogyszereszi-kemia\/files\/2025\/08\/TEMATIKA-2025-2026-I.-felev-01-03-05-07-08-csoportok.pdf\">Aktu\u00e1lis tematika (01, 03, 05, 07, 08 csoportok)<\/a><\/h5>\n<p><a class=\"btn btn-secondary\" href=\"https:\/\/semmelweis.hu\/gyogyszereszi-kemia\/oktatas\/kotelezo-targyak\/analitikai-kemia-i\/analitikai-kemia-i-kovetelmenyek\/\" target=\"_blank\" rel=\"noopener\">Tant\u00e1rgy k\u00f6vetelm\u00e9nyek<\/a><\/p>\n<h3><span style=\"color: #ff0000\">A tant\u00e1rgyhoz kapcsol\u00f3d\u00f3, \u00faj gyakorlati jegyzet <span style=\"color: #0000ff\"><a href=\"https:\/\/www.semmelweiskiado.hu\/termek\/2154\/analitikai-kemia-2-mennyisegi-kvantitativ-analizis-kemiai-es-elektrokemiai-modszerei\">ezen a linken<\/a><\/span> v\u00e1s\u00e1rolhat\u00f3 meg.<\/span><\/h3>\n<h5>A tant\u00e1rgy szakmai tartalma elsaj\u00e1t\u00edt\u00e1s\u00e1nak c\u00e9lja \u00e9s feladata a k\u00e9pz\u00e9s c\u00e9lj\u00e1nak megval\u00f3s\u00edt\u00e1s\u00e1ban:<\/h5>\n<p>A tant\u00e1rgy feladata \u00e9s c\u00e9lja az analitikai k\u00e9miai m\u00f3dszerek elm\u00e9leti megismertet\u00e9se \u00e9s gyakorlati alkalmaz\u00e1sa, az analitikai szeml\u00e9letm\u00f3d kialak\u00edt\u00e1sa az anyag \u00f6sszet\u00e9tel\u00e9nek min\u0151s\u00e9gi \u00e9s mennyis\u00e9gi meghat\u00e1roz\u00e1s\u00e1ban. A hallgat\u00f3k logikus gondolkod\u00e1si k\u00e9szs\u00e9g\u00e9nek kifejleszt\u00e9se, elm\u00e9leti \u00e9s gyakorlati tud\u00e1suk komplex m\u00f3don val\u00f3 kialak\u00edt\u00e1sa szervetlen (\u00e9s szerves) anyagok kvalitat\u00edv \u00e9s kvantitat\u00edv anal\u00edzis\u00e9re.<\/p>\n<h5>A tant\u00e1rgy r\u00f6vid le\u00edr\u00e1sa:<\/h5>\n<p>A min\u0151s\u00e9gi, valamint a mennyis\u00e9gi anal\u00edzis k\u00e9miai (t\u00e9rfogat- \u00e9s t\u00f6megm\u00e9r\u00e9sen alapul\u00f3) m\u00f3dszereinek elm\u00e9leti bemutat\u00e1sa, valamint gyakorlati alkalmaz\u00e1sa laborat\u00f3riumi mint\u00e1k \u00e9s val\u00f3di mint\u00e1k \u00f6sszet\u00e9tel\u00e9nek meghat\u00e1roz\u00e1sa sor\u00e1n. Kvalitat\u00edv analitikai k\u00e9miai reakci\u00f3k jellemz\u00e9se \u00e9s feloszt\u00e1suk. A kvantitat\u00edv analitika k\u00e9mia sav-b\u00e1zis reakci\u00f3n alapul\u00f3 meghat\u00e1roz\u00e1si lehet\u0151s\u00e9gei (vizes \u00e9s nemvizes k\u00f6zegben).<\/p>\n","protected":false},"excerpt":{"rendered":"<p>Tant\u00e1rgy teljes neve: ANALITIKAI K\u00c9MIA I Tant\u00e1rgyfelel\u0151s(\u00f6k): Prof. Dr. Balogh Gy\u00f6rgy Tibor SE Gy\u00f3gyszer\u00e9szi K\u00e9miai Int\u00e9zet, 1092 Budapest, H\u0151gyes Endre u. 9. \ud83d\udcde\u00a006-1-217-0891 \ud83d\udd82 balogh.gyorgy.tibor@semmelweis.hu Cs\u00f6rgein\u00e9 Dr. Kurin Krisztina ELTE TTK, Analitikai K\u00e9miai Tansz\u00e9k, 1117 Budapest, P\u00e1zm\u00e1ny P\u00e9ter s\u00e9t\u00e1ny 1\/a \ud83d\udcde 1372-2500\/1241 \ud83d\udd82 krisztina. kurin@ttk.elte.hu \u00c9vfolyam: II. \u00e9v, 1. f\u00e9l\u00e9v Kurzus meghirdet\u00e9se: \u0151szi szemeszter \u00d3rasz\u00e1m: &hellip;<\/p>\n","protected":false},"author":102300,"featured_media":0,"parent":2601,"menu_order":2,"comment_status":"closed","ping_status":"closed","template":"","meta":{"_acf_changed":false,"footnotes":""},"categories":[22],"tags":[],"class_list":["post-2638","page","type-page","status-publish","hentry","category-oktatas"],"acf":[],"_links":{"self":[{"href":"https:\/\/semmelweis.hu\/gyogyszereszi-kemia\/wp-json\/wp\/v2\/pages\/2638","targetHints":{"allow":["GET"]}}],"collection":[{"href":"https:\/\/semmelweis.hu\/gyogyszereszi-kemia\/wp-json\/wp\/v2\/pages"}],"about":[{"href":"https:\/\/semmelweis.hu\/gyogyszereszi-kemia\/wp-json\/wp\/v2\/types\/page"}],"author":[{"embeddable":true,"href":"https:\/\/semmelweis.hu\/gyogyszereszi-kemia\/wp-json\/wp\/v2\/users\/102300"}],"replies":[{"embeddable":true,"href":"https:\/\/semmelweis.hu\/gyogyszereszi-kemia\/wp-json\/wp\/v2\/comments?post=2638"}],"version-history":[{"count":10,"href":"https:\/\/semmelweis.hu\/gyogyszereszi-kemia\/wp-json\/wp\/v2\/pages\/2638\/revisions"}],"predecessor-version":[{"id":2942,"href":"https:\/\/semmelweis.hu\/gyogyszereszi-kemia\/wp-json\/wp\/v2\/pages\/2638\/revisions\/2942"}],"up":[{"embeddable":true,"href":"https:\/\/semmelweis.hu\/gyogyszereszi-kemia\/wp-json\/wp\/v2\/pages\/2601"}],"wp:attachment":[{"href":"https:\/\/semmelweis.hu\/gyogyszereszi-kemia\/wp-json\/wp\/v2\/media?parent=2638"}],"wp:term":[{"taxonomy":"category","embeddable":true,"href":"https:\/\/semmelweis.hu\/gyogyszereszi-kemia\/wp-json\/wp\/v2\/categories?post=2638"},{"taxonomy":"post_tag","embeddable":true,"href":"https:\/\/semmelweis.hu\/gyogyszereszi-kemia\/wp-json\/wp\/v2\/tags?post=2638"}],"curies":[{"name":"wp","href":"https:\/\/api.w.org\/{rel}","templated":true}]}}