{"id":2636,"date":"2025-01-16T13:55:10","date_gmt":"2025-01-16T12:55:10","guid":{"rendered":"https:\/\/semmelweis.hu\/gyogyszereszi-kemia\/?page_id=2636"},"modified":"2025-09-08T12:44:22","modified_gmt":"2025-09-08T10:44:22","slug":"muszeres-gyogyszeranalizis","status":"publish","type":"page","link":"https:\/\/semmelweis.hu\/gyogyszereszi-kemia\/oktatas\/kotelezo-targyak\/muszeres-gyogyszeranalizis\/","title":{"rendered":"M\u0171szeres gy\u00f3gyszeranal\u00edzis (IV. \u00e9v)"},"content":{"rendered":"<h5>Tant\u00e1rgy teljes neve: M\u0170SZERES GY\u00d3GYSZERANAL\u00cdZIS<\/h5>\n<div class=\"keretes\">\n<p><span style=\"color: #333399\"><strong>Tant\u00e1rgyfelel\u0151s:<\/strong><\/span><\/p>\n<p><strong style=\"color: #1e2326;font-family: 'PT serif', serif;font-size: 1rem\"><span style=\"font-size: 14pt\">Prof. Dr. Balogh Gy\u00f6rgy Tibor<\/span><br \/>\n<\/strong><span style=\"font-size: 12pt\"><span style=\"color: #1e2326;font-family: 'PT serif', serif;font-weight: 400\">SE Gy\u00f3gyszer\u00e9szi K\u00e9miai Int\u00e9zet,<br \/>\n<\/span><span style=\"color: #1e2326;font-family: 'PT serif', serif;font-weight: 400\">1092 Budapest, H\u0151gyes Endre u. 9.<br \/>\n<\/span><span style=\"color: #1e2326;font-family: 'PT serif', serif;font-weight: 400\">\ud83d\udcde\u00a006-1-217-0891<br \/>\n<\/span><span style=\"color: #1e2326;font-family: 'PT serif', serif;font-weight: 400\">\ud83d\udd82 <strong>balogh.gyorgy.tibor@semmelweis.hu<\/strong><\/span><\/span><\/p>\n<\/div>\n<ul>\n<li>\u00c9vfolyam: IV. \u00e9v, 1. f\u00e9l\u00e9v<\/li>\n<li>Kurzus meghirdet\u00e9se: \u0151szi szemeszter<\/li>\n<li>\u00d3rasz\u00e1m: 2 \u00f3ra elm\u00e9let + 5 \u00f3ra gyakorlat<\/li>\n<\/ul>\n<h5><a href=\"https:\/\/semmelweis.hu\/gyogyszereszi-kemia\/files\/2025\/09\/muszeres_magyar_eloadas_2025-26_1_felev_IV_evf.pdf\">Aktu\u00e1lis tematika (el\u0151ad\u00e1s)<\/a><\/h5>\n<h5><a href=\"https:\/\/semmelweis.hu\/gyogyszereszi-kemia\/files\/2025\/01\/muszeres_magyar_gyakorlat_2024-25_1_felev_IV_evf_Munka.pdf\" target=\"_blank\" rel=\"noopener\">Aktu\u00e1lis tematika (gyakorlat)<\/a><\/h5>\n<p><a class=\"btn btn-secondary\" href=\"https:\/\/semmelweis.hu\/gyogyszereszi-kemia\/oktatas\/kotelezo-targyak\/muszeres-gyogyszeranalizis-iv-ev\/muszeres-gyogyszeranalizis-iv-ev\/\" target=\"null\">Tant\u00e1rgy k\u00f6vetelm\u00e9nyek<\/a><\/p>\n<h5>A tant\u00e1rgy szakmai tartalma elsaj\u00e1t\u00edt\u00e1s\u00e1nak c\u00e9lja \u00e9s feladata a k\u00e9pz\u00e9s c\u00e9lj\u00e1nak megval\u00f3s\u00edt\u00e1s\u00e1ban:<\/h5>\n<p>A gy\u00f3gyszerk\u00f6nyv cikkelyekben el\u0151fordul\u00f3, \u00e9s a gy\u00f3gyszeripar \u00e1ltal haszn\u00e1lt korszer\u0171 rutin \u00e9s nagym\u0171szeres analitikai technik\u00e1k elm\u00e9leti bemutat\u00e1sa \u00e9s gyakorlati alkalmaz\u00e1sa, ez\u00e1ltal el\u00e9rni azt, hogy a kis-, k\u00f6z\u00e9p- \u00e9s nagy\u00fczemi \u00faton el\u0151\u00e1ll\u00edtott gy\u00f3gyszer-alapanyagok, k\u00f6ztiterm\u00e9kek \u00e9s k\u00e9sz\u00edtm\u00e9nyek vizsg\u00e1lat\u00e1r\u00f3l \u00e1tfog\u00f3 k\u00e9p\u00fck legyen, tov\u00e1bb\u00e1 \u00e9rtelmezni tudj\u00e1k a Gy\u00f3gyszerk\u00f6nyv egyes cikkelyeiben alkalmazott nagym\u0171szeres m\u00f3dszereket. Tov\u00e1bbi c\u00e9l, hogy alkalmass\u00e1 tegy\u00fck hallgat\u00f3inkat a gy\u00f3gyszeriparban val\u00f3 k\u00f6nnyebb elhelyezked\u00e9sre.<\/p>\n<h5>A tant\u00e1rgy r\u00f6vid ler\u00e1sa:<\/h5>\n<p>A tant\u00e1rgy alapvet\u0151 c\u00e9lkit\u0171z\u00e9se, hogy a hallgat\u00f3kat megismertesse gy\u00f3gyszerk\u00e9sz\u00edtm\u00e9nyek \u00e9s alapanyagok min\u0151s\u00e9g\u00e9nek, \u00f6sszet\u00e9tel\u00e9nek meg\u00e1llap\u00edt\u00e1s\u00e1hoz sz\u00fcks\u00e9ges fontosabb rutin \u00e9s nagym\u0171szeres analitikai m\u00e9r\u0151m\u00f3dszerekkel. A hallgat\u00f3k megismerik a k\u00fcl\u00f6nb\u00f6z\u0151 m\u0171szerek fel\u00e9p\u00edt\u00e9s\u00e9t, m\u0171k\u00f6d\u00e9s\u00e9t. Betekint\u00e9st nyernek az egyes m\u0171szerek alkalmaz\u00e1si lehet\u0151s\u00e9geibe \u00e9s gyakorlati munk\u00e1n kereszt\u00fcl tapasztalatot szereznek a gy\u00f3gyszeranalitika legfontosabb m\u0171szeres technik\u00e1iba.<\/p>\n","protected":false},"excerpt":{"rendered":"<p>Tant\u00e1rgy teljes neve: M\u0170SZERES GY\u00d3GYSZERANAL\u00cdZIS Tant\u00e1rgyfelel\u0151s: Prof. Dr. Balogh Gy\u00f6rgy Tibor SE Gy\u00f3gyszer\u00e9szi K\u00e9miai Int\u00e9zet, 1092 Budapest, H\u0151gyes Endre u. 9. \ud83d\udcde\u00a006-1-217-0891 \ud83d\udd82 balogh.gyorgy.tibor@semmelweis.hu \u00c9vfolyam: IV. \u00e9v, 1. f\u00e9l\u00e9v Kurzus meghirdet\u00e9se: \u0151szi szemeszter \u00d3rasz\u00e1m: 2 \u00f3ra elm\u00e9let + 5 \u00f3ra gyakorlat <a href=\"https:\/\/semmelweis.hu\/gyogyszereszi-kemia\/files\/2025\/09\/muszeres_magyar_eloadas_2025-26_1_felev_IV_evf.pdf\">Aktu\u00e1lis tematika (el\u0151ad\u00e1s)<\/a> <a href=\"https:\/\/semmelweis.hu\/gyogyszereszi-kemia\/files\/2025\/01\/muszeres_magyar_gyakorlat_2024-25_1_felev_IV_evf_Munka.pdf\" target=\"_blank\" rel=\"noopener\">Aktu\u00e1lis tematika (gyakorlat)<\/a> <a class=\"btn btn-secondary\" href=\"https:\/\/semmelweis.hu\/gyogyszereszi-kemia\/oktatas\/kotelezo-targyak\/muszeres-gyogyszeranalizis-iv-ev\/muszeres-gyogyszeranalizis-iv-ev\/\" target=\"null\">Tant\u00e1rgy k\u00f6vetelm\u00e9nyek<\/a> A tant\u00e1rgy szakmai tartalma elsaj\u00e1t\u00edt\u00e1s\u00e1nak c\u00e9lja \u00e9s feladata a k\u00e9pz\u00e9s c\u00e9lj\u00e1nak megval\u00f3s\u00edt\u00e1s\u00e1ban: A gy\u00f3gyszerk\u00f6nyv &hellip;<\/p>\n","protected":false},"author":102300,"featured_media":0,"parent":2601,"menu_order":6,"comment_status":"closed","ping_status":"closed","template":"","meta":{"_acf_changed":false,"footnotes":""},"categories":[22],"tags":[],"class_list":["post-2636","page","type-page","status-publish","hentry","category-oktatas"],"acf":[],"_links":{"self":[{"href":"https:\/\/semmelweis.hu\/gyogyszereszi-kemia\/wp-json\/wp\/v2\/pages\/2636","targetHints":{"allow":["GET"]}}],"collection":[{"href":"https:\/\/semmelweis.hu\/gyogyszereszi-kemia\/wp-json\/wp\/v2\/pages"}],"about":[{"href":"https:\/\/semmelweis.hu\/gyogyszereszi-kemia\/wp-json\/wp\/v2\/types\/page"}],"author":[{"embeddable":true,"href":"https:\/\/semmelweis.hu\/gyogyszereszi-kemia\/wp-json\/wp\/v2\/users\/102300"}],"replies":[{"embeddable":true,"href":"https:\/\/semmelweis.hu\/gyogyszereszi-kemia\/wp-json\/wp\/v2\/comments?post=2636"}],"version-history":[{"count":7,"href":"https:\/\/semmelweis.hu\/gyogyszereszi-kemia\/wp-json\/wp\/v2\/pages\/2636\/revisions"}],"predecessor-version":[{"id":2938,"href":"https:\/\/semmelweis.hu\/gyogyszereszi-kemia\/wp-json\/wp\/v2\/pages\/2636\/revisions\/2938"}],"up":[{"embeddable":true,"href":"https:\/\/semmelweis.hu\/gyogyszereszi-kemia\/wp-json\/wp\/v2\/pages\/2601"}],"wp:attachment":[{"href":"https:\/\/semmelweis.hu\/gyogyszereszi-kemia\/wp-json\/wp\/v2\/media?parent=2636"}],"wp:term":[{"taxonomy":"category","embeddable":true,"href":"https:\/\/semmelweis.hu\/gyogyszereszi-kemia\/wp-json\/wp\/v2\/categories?post=2636"},{"taxonomy":"post_tag","embeddable":true,"href":"https:\/\/semmelweis.hu\/gyogyszereszi-kemia\/wp-json\/wp\/v2\/tags?post=2636"}],"curies":[{"name":"wp","href":"https:\/\/api.w.org\/{rel}","templated":true}]}}