{"id":2631,"date":"2025-01-16T13:51:26","date_gmt":"2025-01-16T12:51:26","guid":{"rendered":"https:\/\/semmelweis.hu\/gyogyszereszi-kemia\/?page_id=2631"},"modified":"2025-09-08T13:19:41","modified_gmt":"2025-09-08T11:19:41","slug":"gyogyszerkemia-es-analizis-ii","status":"publish","type":"page","link":"https:\/\/semmelweis.hu\/gyogyszereszi-kemia\/oktatas\/kotelezo-targyak\/gyogyszerkemia-es-analizis-ii\/","title":{"rendered":"Gy\u00f3gyszerk\u00e9mia \u00e9s anal\u00edzis II. (III. \u00e9v)"},"content":{"rendered":"<h5>Tant\u00e1rgy teljes neve: GY\u00d3GYSZERK\u00c9MIA \u00c9S ANAL\u00cdZIS II<\/h5>\n<div class=\"keretes\">\n<p><span style=\"color: #333399\"><strong>Tant\u00e1rgyfelel\u0151s:<\/strong><\/span><\/p>\n<p><strong style=\"color: #1e2326;font-family: 'PT serif', serif;font-size: 1rem\"><span style=\"font-size: 14pt\">Prof. Dr. Balogh Gy\u00f6rgy Tibor<\/span><br \/>\n<\/strong><span style=\"font-size: 12pt\"><span style=\"color: #1e2326;font-family: 'PT serif', serif;font-weight: 400\">SE Gy\u00f3gyszer\u00e9szi K\u00e9miai Int\u00e9zet,<br \/>\n<\/span><span style=\"color: #1e2326;font-family: 'PT serif', serif;font-weight: 400\">1092 Budapest, H\u0151gyes Endre u. 9.<br \/>\n<\/span><span style=\"color: #1e2326;font-family: 'PT serif', serif;font-weight: 400\">\ud83d\udcde\u00a006-1-217-0891<br \/>\n<\/span><span style=\"color: #1e2326;font-family: 'PT serif', serif;font-weight: 400\">\ud83d\udd82 <strong>balogh.gyorgy.tibor@semmelweis.hu<\/strong><\/span><\/span><\/p>\n<\/div>\n<ul>\n<li>\u00c9vfolyam: III. \u00e9v, 2. f\u00e9l\u00e9v<\/li>\n<li>Kurzus meghirdet\u00e9se: tavaszi szemeszter<\/li>\n<li>\u00d3rasz\u00e1m: 4 \u00f3ra elm\u00e9let + 4 \u00f3ra gyakorlat<\/li>\n<\/ul>\n<h5>Aktu\u00e1lis tematika (el\u0151ad\u00e1s)<\/h5>\n<h5>Aktu\u00e1lis tematika (gyakorlat)<\/h5>\n<p><a class=\"btn btn-secondary\" href=\"https:\/\/semmelweis.hu\/gyogyszereszi-kemia\/oktatas\/kovetelmenyek\/gyogyszerkemia-es-analizis\/\" target=\"null\">Tant\u00e1rgy k\u00f6vetelm\u00e9nyek<\/a><\/p>\n<h5>A tant\u00e1rgy szakmai tartalma elsaj\u00e1t\u00edt\u00e1s\u00e1nak c\u00e9lja \u00e9s feladata a k\u00e9pz\u00e9s c\u00e9lj\u00e1nak megval\u00f3s\u00edt\u00e1s\u00e1ban:<\/h5>\n<p>Gy\u00f3gyszer hat\u00f3anyagok k\u00e9miai szerkezet\u00e9b\u0151l eredeztethet\u0151 fizikai-k\u00e9miai \u00e9s k\u00e9mia tulajdons\u00e1gainak magyar\u00e1zata, tov\u00e1bb\u00e1 a tulajdons\u00e1gok \u00e9s a szerkezet-hat\u00e1s \u00f6sszef\u00fcgg\u00e9seinek megvil\u00e1g\u00edt\u00e1sa. Tov\u00e1bbi c\u00e9l a hat\u00f3anyagok azonos\u00edt\u00e1si, szennyez\u00e9svizsg\u00e1lati \u00e9s tartalmi meghat\u00e1roz\u00e1si lehet\u0151s\u00e9geinek ismertet\u00e9se. Az el\u0151z\u0151ekben felsorolt analitikai elj\u00e1r\u00e1sok klasszikus k\u00e9miai alapjainak ism\u00e9tl\u00e9se \u00e9s a m\u0171szeres analitikai technik\u00e1k sz\u00fcks\u00e9ges alapjainak ismertet\u00e9se. Ez ut\u00f3bbi t\u00e9mak\u00f6r a 7. szemeszter \u201eM\u0171szeres Gy\u00f3gyszeranal\u00edzis\u201d t\u00e1rgy megalapoz\u00e1s\u00e1t szolg\u00e1lja. A gyakorlatokon az elm\u00e9leti ismeretek elm\u00e9ly\u00edt\u00e9s\u00e9t is szolg\u00e1l\u00f3 gyakorlati feladatok kivitelez\u00e9se a c\u00e9l. A feladatok els\u0151dlegesen az aktu\u00e1lisan \u00e9rv\u00e9nyben l\u00e9v\u0151 Magyar- \u00e9s Eur\u00f3pai Gy\u00f3gyszerk\u00f6nyvi vizsg\u00e1latokra alapulnak. C\u00e9lkit\u0171z\u00e9s tov\u00e1bb\u00e1, hogy a t\u00e1rgy specifikumait \u00e9s a kor\u00e1bban elsaj\u00e1t\u00edtott alapoz\u00f3 t\u00e1rgyak ismeretanyag\u00e1t szintetiz\u00e1lja.<\/p>\n<h5>A tant\u00e1rgy r\u00f6vid ler\u00e1sa:<\/h5>\n<p>A tant\u00e1rgy keret\u00e9ben ismertet\u00e9sre ker\u00fclnek a gy\u00f3gyszerek farmakokinetik\u00e1j\u00e1t \u00e9s farmakodin\u00e1mi\u00e1j\u00e1t megalapoz\u00f3 fizikai-k\u00e9miai tulajdons\u00e1gok (pKa, logP, oldhat\u00f3s\u00e1g, old\u00e9konys\u00e1g,) tov\u00e1bb\u00e1 a k\u00e9miai szerkezetb\u0151l eredeztethet\u0151 egy\u00e9b tulajdons\u00e1gok. A tematik\u00e1ban bemutat\u00e1sra ker\u00fclnek az egyes hat\u00e1stani csoportok legfontosabb k\u00e9pvisel\u0151i, r\u00e9szletezve azok k\u00e9miai szerkezet\u00e9t, tulajdons\u00e1gait, tov\u00e1bb\u00e1 azt, hogy a farmakol\u00f3giai hat\u00e1st hogyan befoly\u00e1solja a k\u00e9miai szerkezet illetve annak megv\u00e1ltoz\u00e1sa. Itt alapvet\u0151en a c\u00e9lmolekul\u00e1hoz t\u00f6rt\u00e9n\u0151 k\u00f6t\u0151d\u00e9sre fokusz\u00e1lunk, de a k\u00f6t\u0151d\u00e9st k\u00f6vet\u0151 jel\u00e1tviteli utak aktiv\u00e1l\u00f3d\u00e1s\u00e1ra nem t\u00e9r\u00fcnk ki. A tematika m\u00e1sik fontos eleme a k\u00e9miai szerkezet \u00e9s az abb\u00f3l levezethet\u0151 analitikai m\u00f3dszerek ismertet\u00e9se. Az analitikai m\u00f3dszerek ismertet\u00e9s\u00e9n\u00e9l r\u00e1vil\u00e1g\u00edtunk a gy\u00f3gyszerk\u00f6nyvek (magyar, eur\u00f3pai \u00e9s amerikai) min\u0151s\u00e9gbiztos\u00edt\u00e1si \u00e9s valid\u00e1l\u00e1si aspektusaira, amivel meg k\u00edv\u00e1njuk alapozni a min\u0151s\u00e9g\u00fcgyi szeml\u00e9letet.<\/p>\n","protected":false},"excerpt":{"rendered":"<p>Tant\u00e1rgy teljes neve: GY\u00d3GYSZERK\u00c9MIA \u00c9S ANAL\u00cdZIS II Tant\u00e1rgyfelel\u0151s: Prof. Dr. Balogh Gy\u00f6rgy Tibor SE Gy\u00f3gyszer\u00e9szi K\u00e9miai Int\u00e9zet, 1092 Budapest, H\u0151gyes Endre u. 9. \ud83d\udcde\u00a006-1-217-0891 \ud83d\udd82 balogh.gyorgy.tibor@semmelweis.hu \u00c9vfolyam: III. \u00e9v, 2. f\u00e9l\u00e9v Kurzus meghirdet\u00e9se: tavaszi szemeszter \u00d3rasz\u00e1m: 4 \u00f3ra elm\u00e9let + 4 \u00f3ra gyakorlat Aktu\u00e1lis tematika (el\u0151ad\u00e1s) Aktu\u00e1lis tematika (gyakorlat) <a class=\"btn btn-secondary\" href=\"https:\/\/semmelweis.hu\/gyogyszereszi-kemia\/oktatas\/kovetelmenyek\/gyogyszerkemia-es-analizis\/\" target=\"null\">Tant\u00e1rgy k\u00f6vetelm\u00e9nyek<\/a> A tant\u00e1rgy szakmai tartalma elsaj\u00e1t\u00edt\u00e1s\u00e1nak c\u00e9lja &hellip;<\/p>\n","protected":false},"author":102300,"featured_media":0,"parent":2601,"menu_order":5,"comment_status":"closed","ping_status":"closed","template":"","meta":{"_acf_changed":false,"footnotes":""},"categories":[22],"tags":[],"class_list":["post-2631","page","type-page","status-publish","hentry","category-oktatas"],"acf":[],"_links":{"self":[{"href":"https:\/\/semmelweis.hu\/gyogyszereszi-kemia\/wp-json\/wp\/v2\/pages\/2631","targetHints":{"allow":["GET"]}}],"collection":[{"href":"https:\/\/semmelweis.hu\/gyogyszereszi-kemia\/wp-json\/wp\/v2\/pages"}],"about":[{"href":"https:\/\/semmelweis.hu\/gyogyszereszi-kemia\/wp-json\/wp\/v2\/types\/page"}],"author":[{"embeddable":true,"href":"https:\/\/semmelweis.hu\/gyogyszereszi-kemia\/wp-json\/wp\/v2\/users\/102300"}],"replies":[{"embeddable":true,"href":"https:\/\/semmelweis.hu\/gyogyszereszi-kemia\/wp-json\/wp\/v2\/comments?post=2631"}],"version-history":[{"count":8,"href":"https:\/\/semmelweis.hu\/gyogyszereszi-kemia\/wp-json\/wp\/v2\/pages\/2631\/revisions"}],"predecessor-version":[{"id":2944,"href":"https:\/\/semmelweis.hu\/gyogyszereszi-kemia\/wp-json\/wp\/v2\/pages\/2631\/revisions\/2944"}],"up":[{"embeddable":true,"href":"https:\/\/semmelweis.hu\/gyogyszereszi-kemia\/wp-json\/wp\/v2\/pages\/2601"}],"wp:attachment":[{"href":"https:\/\/semmelweis.hu\/gyogyszereszi-kemia\/wp-json\/wp\/v2\/media?parent=2631"}],"wp:term":[{"taxonomy":"category","embeddable":true,"href":"https:\/\/semmelweis.hu\/gyogyszereszi-kemia\/wp-json\/wp\/v2\/categories?post=2631"},{"taxonomy":"post_tag","embeddable":true,"href":"https:\/\/semmelweis.hu\/gyogyszereszi-kemia\/wp-json\/wp\/v2\/tags?post=2631"}],"curies":[{"name":"wp","href":"https:\/\/api.w.org\/{rel}","templated":true}]}}