{"id":2587,"date":"2025-01-14T14:54:58","date_gmt":"2025-01-14T13:54:58","guid":{"rendered":"https:\/\/semmelweis.hu\/gyogyszereszi-kemia\/?page_id=2587"},"modified":"2025-01-14T14:56:37","modified_gmt":"2025-01-14T13:56:37","slug":"altalanos-kemiai-alapismeretek","status":"publish","type":"page","link":"https:\/\/semmelweis.hu\/gyogyszereszi-kemia\/oktatas\/valaszthato-targyak\/altalanos-kemiai-alapismeretek\/","title":{"rendered":"\u00c1ltal\u00e1nos k\u00e9miai alapismeretek"},"content":{"rendered":"<h5>Tant\u00e1rgy teljes neve: \u00c1LTAL\u00c1NOS K\u00c9MIAI ALAPISMERETEK<\/h5>\n<ul>\n<li>El\u0151ad\u00f3: Dr. P\u00e1lla Tam\u00e1s<\/li>\n<li>Aj\u00e1nlott \u00e9vfolyam: I.<\/li>\n<li>Kurzus meghirdet\u00e9se: \u0151szi szemeszter<\/li>\n<\/ul>\n<p><strong>Tant\u00e1rgy r\u00f6vid le\u00edr\u00e1sa:<\/strong><\/p>\n<p>A t\u00e1rgy feladata, hogy a k\u00fcl\u00f6nb\u00f6z\u0151 el\u0151k\u00e9pzetts\u00e9g\u0171 k\u00e9miai alapismeretekkel rendelkez\u0151 els\u0151\u00e9ves hallgat\u00f3k elsaj\u00e1t\u00edthass\u00e1k az alapvet\u0151 laborat\u00f3riumi sz\u00e1m\u00edt\u00e1sokat. Ezen k\u00e9szs\u00e9gek elsaj\u00e1t\u00edt\u00e1s\u00e1val seg\u00edts\u00e9get kapnak az \u00c1ltal\u00e1nos K\u00e9mia tant\u00e1rgy sikeres teljes\u00edt\u00e9s\u00e9hez.<\/p>\n<p>A tant\u00e1rgy sor\u00e1n a gy\u00f3gyszer\u00e9szek sz\u00e1m\u00e1ra fontos laborat\u00f3riumi sz\u00e1m\u00edt\u00e1sok k\u00f6z\u00fcl a koncentr\u00e1ci\u00f3sz\u00e1m\u00edt\u00e1sok (t\u00f6megsz\u00e1zal\u00e9k, vegyes-sz\u00e1zal\u00e9k, t\u00f6megt\u00f6rt, m\u00f3lt\u00f6rt, m\u00f3lsz\u00e1zal\u00e9k, molarit\u00e1s, molalit\u00e1s) ker\u00fclnek els\u0151k\u00e9nt t\u00e1rgyal\u00e1sra, ezt k\u00f6vetik az \u00e1tkrist\u00e1lyos\u00edt\u00e1s t\u00e9mak\u00f6r\u00e9nek sz\u00e1m\u00edt\u00e1sai. A szt\u00f6chiometriai probl\u00e9m\u00e1k megold\u00e1s\u00e1n kereszt\u00fcl sav-b\u00e1zis \u00e9s redox egyenlet\u00edr\u00e1si k\u00e9pess\u00e9g\u00fcket fejlesztj\u00fck \u00e9s \u00f6sszetett szt\u00f6chiometriai \u00e9s g\u00e1zt\u00f6rv\u00e9nyekkel kapcsolatos p\u00e9ld\u00e1kon kereszt\u00fcl saj\u00e1t\u00edtj\u00e1k el a limit\u00e1l\u00f3 reakt\u00e1ns fogalm\u00e1t, a s\u00f3k\u00e9pz\u0151d\u00e9ssel \u00e9s g\u00e1zk\u00e9pz\u0151d\u00e9ssel j\u00e1r\u00f3 reakci\u00f3k \u00e1ltal\u00e1nos szab\u00e1lyait. Az elektrok\u00e9mia t\u00e1rgyk\u00f6r\u00e9be tartoz\u00f3 sz\u00e1mol\u00e1sok k\u00f6z\u00fcl megismerkednek a galv\u00e1nelemmel \u00e9s az elektrol\u00edzissel kapcsolatos sz\u00e1mol\u00e1si probl\u00e9m\u00e1kkal. Az egyens\u00falyi reakci\u00f3kon alapul\u00f3 sz\u00e1mol\u00e1si feladatok k\u00f6z\u00fcl r\u00e9szletesen t\u00e1rgyalt pH-sz\u00e1m\u00edt\u00e1s (savak, b\u00e1zisok, puffer rendszerek, hidrol\u00edzis) az analitikai k\u00e9miai probl\u00e9m\u00e1k megold\u00e1s\u00e1ra k\u00e9sz\u00edti fel a hallgat\u00f3kat.<\/p>\n<p><strong>Tananyag, aj\u00e1nlott irodalom:<\/strong><\/p>\n<p>A tan\u00f3r\u00e1kon elhangzott p\u00e9ld\u00e1k alapos ismerete sz\u00fcks\u00e9ges a tant\u00e1rgy teljes\u00edt\u00e9s\u00e9hez. Az \u00f3r\u00e1k anyaga el\u00e9rhet\u0151 a t\u00e1rgy moodle fel\u00fclet\u00e9n.<\/p>\n<p>A hallgat\u00f3k elm\u00e9ly\u00edthetik tud\u00e1sukat az <em>\u00c1ltal\u00e1nos \u00e9s szervetlen k\u00e9miai gyakorlatok \/B\u00e9ni Szabolcs, Szak\u00e1cs Zolt\u00e1n, Ungv\u00e1rain\u00e9 Nagy Zsuzsanna\/\u00a0 <\/em>tank\u00f6nyv alapj\u00e1n.<\/p>\n","protected":false},"excerpt":{"rendered":"<p>Tant\u00e1rgy teljes neve: \u00c1LTAL\u00c1NOS K\u00c9MIAI ALAPISMERETEK El\u0151ad\u00f3: Dr. P\u00e1lla Tam\u00e1s Aj\u00e1nlott \u00e9vfolyam: I. Kurzus meghirdet\u00e9se: \u0151szi szemeszter Tant\u00e1rgy r\u00f6vid le\u00edr\u00e1sa: A t\u00e1rgy feladata, hogy a k\u00fcl\u00f6nb\u00f6z\u0151 el\u0151k\u00e9pzetts\u00e9g\u0171 k\u00e9miai alapismeretekkel rendelkez\u0151 els\u0151\u00e9ves hallgat\u00f3k elsaj\u00e1t\u00edthass\u00e1k az alapvet\u0151 laborat\u00f3riumi sz\u00e1m\u00edt\u00e1sokat. Ezen k\u00e9szs\u00e9gek elsaj\u00e1t\u00edt\u00e1s\u00e1val seg\u00edts\u00e9get kapnak az \u00c1ltal\u00e1nos K\u00e9mia tant\u00e1rgy sikeres teljes\u00edt\u00e9s\u00e9hez. A tant\u00e1rgy sor\u00e1n a gy\u00f3gyszer\u00e9szek sz\u00e1m\u00e1ra fontos &hellip;<\/p>\n","protected":false},"author":102300,"featured_media":0,"parent":100,"menu_order":0,"comment_status":"closed","ping_status":"closed","template":"","meta":{"_acf_changed":false,"footnotes":""},"categories":[22],"tags":[],"class_list":["post-2587","page","type-page","status-publish","hentry","category-oktatas"],"acf":[],"_links":{"self":[{"href":"https:\/\/semmelweis.hu\/gyogyszereszi-kemia\/wp-json\/wp\/v2\/pages\/2587","targetHints":{"allow":["GET"]}}],"collection":[{"href":"https:\/\/semmelweis.hu\/gyogyszereszi-kemia\/wp-json\/wp\/v2\/pages"}],"about":[{"href":"https:\/\/semmelweis.hu\/gyogyszereszi-kemia\/wp-json\/wp\/v2\/types\/page"}],"author":[{"embeddable":true,"href":"https:\/\/semmelweis.hu\/gyogyszereszi-kemia\/wp-json\/wp\/v2\/users\/102300"}],"replies":[{"embeddable":true,"href":"https:\/\/semmelweis.hu\/gyogyszereszi-kemia\/wp-json\/wp\/v2\/comments?post=2587"}],"version-history":[{"count":3,"href":"https:\/\/semmelweis.hu\/gyogyszereszi-kemia\/wp-json\/wp\/v2\/pages\/2587\/revisions"}],"predecessor-version":[{"id":2593,"href":"https:\/\/semmelweis.hu\/gyogyszereszi-kemia\/wp-json\/wp\/v2\/pages\/2587\/revisions\/2593"}],"up":[{"embeddable":true,"href":"https:\/\/semmelweis.hu\/gyogyszereszi-kemia\/wp-json\/wp\/v2\/pages\/100"}],"wp:attachment":[{"href":"https:\/\/semmelweis.hu\/gyogyszereszi-kemia\/wp-json\/wp\/v2\/media?parent=2587"}],"wp:term":[{"taxonomy":"category","embeddable":true,"href":"https:\/\/semmelweis.hu\/gyogyszereszi-kemia\/wp-json\/wp\/v2\/categories?post=2587"},{"taxonomy":"post_tag","embeddable":true,"href":"https:\/\/semmelweis.hu\/gyogyszereszi-kemia\/wp-json\/wp\/v2\/tags?post=2587"}],"curies":[{"name":"wp","href":"https:\/\/api.w.org\/{rel}","templated":true}]}}