{"id":2585,"date":"2025-01-14T14:52:51","date_gmt":"2025-01-14T13:52:51","guid":{"rendered":"https:\/\/semmelweis.hu\/gyogyszereszi-kemia\/?page_id=2585"},"modified":"2025-01-14T15:04:19","modified_gmt":"2025-01-14T14:04:19","slug":"altalanos-es-szervetlen-kemiai-alapszamitasok","status":"publish","type":"page","link":"https:\/\/semmelweis.hu\/gyogyszereszi-kemia\/oktatas\/valaszthato-targyak\/altalanos-es-szervetlen-kemiai-alapszamitasok\/","title":{"rendered":"\u00c1ltal\u00e1nos \u00e9s szervetlen k\u00e9miai alapsz\u00e1m\u00edt\u00e1sok"},"content":{"rendered":"<h5>Tant\u00e1rgy teljes neve: \u00c1LTAL\u00c1NOS \u00c9S SZERVETLEN K\u00c9MIAI ALAPSZ\u00c1M\u00cdT\u00c1SOK<\/h5>\n<ul>\n<li>El\u0151ad\u00f3: Dr. P\u00e1lla Tam\u00e1s<\/li>\n<li>Aj\u00e1nlott \u00e9vfolyam: I.<\/li>\n<li>Kurzus meghirdet\u00e9se: tavaszi szemeszter<\/li>\n<\/ul>\n<p><strong>Tant\u00e1rgy r\u00f6vid le\u00edr\u00e1sa:<\/strong><\/p>\n<p>A t\u00e1rgy feladata, hogy a k\u00fcl\u00f6nb\u00f6z\u0151 el\u0151k\u00e9pzetts\u00e9g\u0171 k\u00e9miai ismeretekkel rendelkez\u0151 els\u0151\u00e9ves hallgat\u00f3k elsaj\u00e1t\u00edthass\u00e1k az alapvet\u0151 laborat\u00f3riumi sz\u00e1m\u00edt\u00e1sokat. Ezen k\u00e9szs\u00e9gek elsaj\u00e1t\u00edt\u00e1s\u00e1val seg\u00edts\u00e9get kapnak a Szervetlen K\u00e9mia tant\u00e1rgy sikeres teljes\u00edt\u00e9s\u00e9hez.<\/p>\n<p>A tant\u00e1rgy sor\u00e1n a gy\u00f3gyszer\u00e9szek sz\u00e1m\u00e1ra fontos, az els\u0151 f\u00e9l\u00e9vben megismert sz\u00e1m\u00edt\u00e1si p\u00e9ld\u00e1kat eleven\u00edtik fel a hallgat\u00f3k. Ezut\u00e1n az egyens\u00falyi reakci\u00f3kon alapul\u00f3 sz\u00e1mol\u00e1si feladatok k\u00f6z\u00fcl r\u00e9szletesen a pH-sz\u00e1m\u00edt\u00e1st (savak, b\u00e1zisok, puffer rendszerek, hidrol\u00edzis) \u00e9s oldhat\u00f3s\u00e1gi sz\u00e1m\u00edt\u00e1sokat tov\u00e1bb\u00e1 a komplex vegy\u00fcletek egyens\u00falyi viszonyait t\u00e1rgyalj\u00e1k. Ezen fel\u00fcl a Szervetlen K\u00e9mia gyakorlatokon megismert kvalitat\u00edv analitika t\u00e9mak\u00f6r\u00e9ben probl\u00e9mafeladatok k\u00f6z\u00f6s \u00e9rtelmez\u00e9s\u00e9n \u00e9s gyakorl\u00e1s\u00e1n kereszt\u00fcl m\u00e9ly\u00edthetik el tud\u00e1sukat a hallgat\u00f3k.<\/p>\n","protected":false},"excerpt":{"rendered":"<p>Tant\u00e1rgy teljes neve: \u00c1LTAL\u00c1NOS \u00c9S SZERVETLEN K\u00c9MIAI ALAPSZ\u00c1M\u00cdT\u00c1SOK El\u0151ad\u00f3: Dr. P\u00e1lla Tam\u00e1s Aj\u00e1nlott \u00e9vfolyam: I. Kurzus meghirdet\u00e9se: tavaszi szemeszter Tant\u00e1rgy r\u00f6vid le\u00edr\u00e1sa: A t\u00e1rgy feladata, hogy a k\u00fcl\u00f6nb\u00f6z\u0151 el\u0151k\u00e9pzetts\u00e9g\u0171 k\u00e9miai ismeretekkel rendelkez\u0151 els\u0151\u00e9ves hallgat\u00f3k elsaj\u00e1t\u00edthass\u00e1k az alapvet\u0151 laborat\u00f3riumi sz\u00e1m\u00edt\u00e1sokat. Ezen k\u00e9szs\u00e9gek elsaj\u00e1t\u00edt\u00e1s\u00e1val seg\u00edts\u00e9get kapnak a Szervetlen K\u00e9mia tant\u00e1rgy sikeres teljes\u00edt\u00e9s\u00e9hez. A tant\u00e1rgy sor\u00e1n a gy\u00f3gyszer\u00e9szek &hellip;<\/p>\n","protected":false},"author":102300,"featured_media":0,"parent":100,"menu_order":0,"comment_status":"closed","ping_status":"closed","template":"","meta":{"_acf_changed":false,"footnotes":""},"categories":[22],"tags":[],"class_list":["post-2585","page","type-page","status-publish","hentry","category-oktatas"],"acf":[],"_links":{"self":[{"href":"https:\/\/semmelweis.hu\/gyogyszereszi-kemia\/wp-json\/wp\/v2\/pages\/2585","targetHints":{"allow":["GET"]}}],"collection":[{"href":"https:\/\/semmelweis.hu\/gyogyszereszi-kemia\/wp-json\/wp\/v2\/pages"}],"about":[{"href":"https:\/\/semmelweis.hu\/gyogyszereszi-kemia\/wp-json\/wp\/v2\/types\/page"}],"author":[{"embeddable":true,"href":"https:\/\/semmelweis.hu\/gyogyszereszi-kemia\/wp-json\/wp\/v2\/users\/102300"}],"replies":[{"embeddable":true,"href":"https:\/\/semmelweis.hu\/gyogyszereszi-kemia\/wp-json\/wp\/v2\/comments?post=2585"}],"version-history":[{"count":4,"href":"https:\/\/semmelweis.hu\/gyogyszereszi-kemia\/wp-json\/wp\/v2\/pages\/2585\/revisions"}],"predecessor-version":[{"id":2597,"href":"https:\/\/semmelweis.hu\/gyogyszereszi-kemia\/wp-json\/wp\/v2\/pages\/2585\/revisions\/2597"}],"up":[{"embeddable":true,"href":"https:\/\/semmelweis.hu\/gyogyszereszi-kemia\/wp-json\/wp\/v2\/pages\/100"}],"wp:attachment":[{"href":"https:\/\/semmelweis.hu\/gyogyszereszi-kemia\/wp-json\/wp\/v2\/media?parent=2585"}],"wp:term":[{"taxonomy":"category","embeddable":true,"href":"https:\/\/semmelweis.hu\/gyogyszereszi-kemia\/wp-json\/wp\/v2\/categories?post=2585"},{"taxonomy":"post_tag","embeddable":true,"href":"https:\/\/semmelweis.hu\/gyogyszereszi-kemia\/wp-json\/wp\/v2\/tags?post=2585"}],"curies":[{"name":"wp","href":"https:\/\/api.w.org\/{rel}","templated":true}]}}