{"id":2430,"date":"2025-01-06T14:47:40","date_gmt":"2025-01-06T13:47:40","guid":{"rendered":"https:\/\/semmelweis.hu\/gyogyszereszi-kemia\/?page_id=2430"},"modified":"2025-09-08T13:15:06","modified_gmt":"2025-09-08T11:15:06","slug":"muszeres-gyogyszeranalizis-iv-ev","status":"publish","type":"page","link":"https:\/\/semmelweis.hu\/gyogyszereszi-kemia\/oktatas\/kotelezo-targyak\/muszeres-gyogyszeranalizis\/muszeres-gyogyszeranalizis-iv-ev\/","title":{"rendered":"M\u0171szeres gy\u00f3gyszeranal\u00edzis &#8211; k\u00f6vetelm\u00e9nyek"},"content":{"rendered":"<h3 class=\"lead\">M\u0171szeres gy\u00f3gyszeranal\u00edzis t\u00e1rgy teljes\u00edt\u00e9s\u00e9nek krit\u00e9riumai (IV. \u00e9v)<\/h3>\n<p>Az el\u0151ad\u00e1sok elej\u00e9n 3-4 k\u00e9rd\u00e9sb\u0151l \u00e1ll\u00f3, az el\u0151ad\u00e1s fontosabb r\u00e9szeire r\u00e1k\u00e9rdez\u0151 ellen\u0151rz\u0151 k\u00e9rd\u00e9seket adunk ki. Az ellen\u0151rz\u0151 k\u00e9rd\u00e9sekre adott v\u00e1laszt pontozzuk. 90-80-70% helyes v\u00e1lasz eset\u00e9n az \u00edr\u00e1sbeli kollokvium eredm\u00e9ny\u00e9hez plusz 7,5%-5%-2,5% ad\u00f3dik. A z\u00e1rthelyik \u00e1tlag\u00e1nak kerek\u00edt\u00e9s n\u00e9lk\u00fcl el kell \u00e9rje a 2,00-t. Ez az eredm\u00e9ny besz\u00e1m\u00edt a kollokvium eredm\u00e9nybe. \u00a0<\/p>\n<div class=\"fontos_div\">\n<p>A <strong>kollokviumi \u00edr\u00e1sbeli 2\/3-ad<\/strong>, m\u00edg a <strong>z\u00e1rthelyik eredm\u00e9nye 1\/3-ad ar\u00e1nyban<\/strong> adja ki a vizsgajegyet.<\/p>\n<\/div>\n<ul>\n<li>\u00a0A gyakorlatok l\u00e1togat\u00e1sa k\u00f6telez\u0151.<\/li>\n<li><strong>Maximum 3 igazolt hi\u00e1nyz\u00e1s lehets\u00e9ges.<\/strong> A negyedik hi\u00e1nyz\u00e1s a gyakorlatr\u00f3l a gyakorlati jegy megtagad\u00e1s\u00e1t vonja maga ut\u00e1n.<\/li>\n<li>\u00a0A gyakorlatok az \u00f3rarend szerinti id\u0151ben, pontosan kezd\u0151dnek. <strong>10 percet meghalad\u00f3 k\u00e9s\u00e9s eset\u00e9n a gyakorlatvezet\u0151 a hallgat\u00f3t hazak\u00fcldheti<\/strong> (TVSZ 28\u00a7 (12) pont alapj\u00e1n).<\/li>\n<li>\u00a0A gyakorlatokra felk\u00e9sz\u00fclten kell j\u00f6nni. A felk\u00e9sz\u00fcl\u00e9st a gyakorlatvezet\u0151 b\u00e1rmikor, el\u0151zetes bejelent\u00e9s n\u00e9lk\u00fcl \u00edr\u00e1sban vagy sz\u00f3ban ellen\u0151rizheti. <strong>A felk\u00e9sz\u00fcletlen hallgat\u00f3t igazolatlan mulaszt\u00e1ssal haza lehet k\u00fcldeni<\/strong> vagy az adott napi teljes\u00edtm\u00e9ny\u00e9t el\u00e9gtelennel \u00e9rt\u00e9kelni.<\/li>\n<\/ul>\n<div class=\"fontos_div\">\n<p><strong>A gyakorlati jegyet az a hallgat\u00f3 kap, aki<\/strong><\/p>\n<ul>\n<li>az elm\u00e9leti sz\u00e1monk\u00e9r\u00e9sek sor\u00e1n legal\u00e1bb kerek\u00edt\u00e9s n\u00e9lk\u00fcli kettes \u00e1tlagot (2,00) \u00e9r el;<\/li>\n<li>el\u00e9ri a gyakorlati munka sor\u00e1n az el\u0151\u00edrt minimum pontsz\u00e1mot;<\/li>\n<li>hi\u00e1nyz\u00e1sainak a sz\u00e1ma nem haladja meg az elfogadhat\u00f3 limitet.<\/li>\n<\/ul>\n<\/div>\n<p>A tematik\u00e1ban szerepl\u0151 <strong>sz\u00e1monk\u00e9r\u00e9seket az adott gyakorlaton kell teljes\u00edteni.<\/strong> A z\u00e1rthelyi dolgozatok p\u00f3tl\u00e1sa\/jav\u00edt\u00e1sa az \u00e9vfolyam sz\u00e1m\u00e1ra egys\u00e9ges m\u00f3don a gyakorlati id\u0151n k\u00edv\u00fcl, a tematik\u00e1ban jelzett id\u0151pontban teljes\u00edthet\u0151. A jav\u00edt\u00f3 z\u00e1rthelyi \u00e9rdemjegye <strong>fel\u00fcl\u00edrja az eredeti z\u00e1rthelyi \u00e9rdemjegy\u00e9t.<\/strong><\/p>\n<p>A szorgalmi id\u0151szakon t\u00fal a TVSZ, illetve a rendk\u00edv\u00fcli Rektori enged\u00e9lyekben megadott szab\u00e1lyok \u00e9rv\u00e9nyesek.<\/p>\n<p>\u00a0A gyakorlati munk\u00e1r\u00f3l <strong>jegyz\u0151k\u00f6nyvet kell vezetni.<\/strong> Az ismeretlenek vizsg\u00e1lat\u00e1nak eredm\u00e9ny\u00e9t jegyz\u0151k\u00f6nyvben kell r\u00f6gz\u00edteni a gyakorlat v\u00e9g\u00e9ig vagy a gyakorlatvezet\u0151vel egyeztetett id\u0151pontig. Ennek elmulaszt\u00e1sa eset\u00e9n a gyakorlatot el\u00e9gtelen eredm\u00e9nnyel (0 pont) vessz\u00fck figyelembe.<\/p>\n<div class=\"fontos_div\">\n<p><b>F\u00e9l\u00e9v v\u00e9gi sz\u00e1mok\u00e9r\u00e9s t\u00edpusa: kollokvium.<\/b><\/p>\n<p>A f\u00e9l\u00e9v sor\u00e1n el\u0151ad\u00e1son kapott kisk\u00e9rd\u00e9sekkel a kollokviumon plusz pont szerezhet\u0151.<\/p>\n<p>A t\u00e1rgy tanulm\u00e1nyi verseny\u00e9n el\u00e9rt 75-87,5%-os eredm\u00e9ny eset\u00e9ben j\u00f3 (4), 88% felett jeles (5) megaj\u00e1nlott jegyet lehet kapni.<\/p>\n<\/div>\n<p>Az ismeretek megszerz\u00e9s\u00e9hez az el\u0151ad\u00e1sok l\u00e1togat\u00e1sa er\u0151sen aj\u00e1nlott. A vizsg\u00e1k ismeretanyag\u00e1t els\u0151dlegesen az el\u0151ad\u00e1son elhangzottak tartalmazz\u00e1k. Az el\u0151ad\u00e1sok anyaga az el\u0151ad\u00e1st megel\u0151z\u0151en felker\u00fcl a Moodle rendszerbe.<\/p>\n<p>Minden el\u0151ad\u00e1s v\u00e9g\u00e9n k\u00fcl\u00f6n di\u00e1n felt\u00fcntet\u00e9sre ker\u00fclnek a f\u0151 k\u00e9rd\u00e9sek.<\/p>\n","protected":false},"excerpt":{"rendered":"<p>M\u0171szeres gy\u00f3gyszeranal\u00edzis t\u00e1rgy teljes\u00edt\u00e9s\u00e9nek krit\u00e9riumai (IV. \u00e9v) Az el\u0151ad\u00e1sok elej\u00e9n 3-4 k\u00e9rd\u00e9sb\u0151l \u00e1ll\u00f3, az el\u0151ad\u00e1s fontosabb r\u00e9szeire r\u00e1k\u00e9rdez\u0151 ellen\u0151rz\u0151 k\u00e9rd\u00e9seket adunk ki. Az ellen\u0151rz\u0151 k\u00e9rd\u00e9sekre adott v\u00e1laszt pontozzuk. 90-80-70% helyes v\u00e1lasz eset\u00e9n az \u00edr\u00e1sbeli kollokvium eredm\u00e9ny\u00e9hez plusz 7,5%-5%-2,5% ad\u00f3dik. A z\u00e1rthelyik \u00e1tlag\u00e1nak kerek\u00edt\u00e9s n\u00e9lk\u00fcl el kell \u00e9rje a 2,00-t. Ez az eredm\u00e9ny besz\u00e1m\u00edt a kollokvium &hellip;<\/p>\n","protected":false},"author":102300,"featured_media":0,"parent":2636,"menu_order":2,"comment_status":"closed","ping_status":"closed","template":"","meta":{"_acf_changed":false,"footnotes":""},"categories":[22],"tags":[],"class_list":["post-2430","page","type-page","status-publish","hentry","category-oktatas"],"acf":[],"_links":{"self":[{"href":"https:\/\/semmelweis.hu\/gyogyszereszi-kemia\/wp-json\/wp\/v2\/pages\/2430","targetHints":{"allow":["GET"]}}],"collection":[{"href":"https:\/\/semmelweis.hu\/gyogyszereszi-kemia\/wp-json\/wp\/v2\/pages"}],"about":[{"href":"https:\/\/semmelweis.hu\/gyogyszereszi-kemia\/wp-json\/wp\/v2\/types\/page"}],"author":[{"embeddable":true,"href":"https:\/\/semmelweis.hu\/gyogyszereszi-kemia\/wp-json\/wp\/v2\/users\/102300"}],"replies":[{"embeddable":true,"href":"https:\/\/semmelweis.hu\/gyogyszereszi-kemia\/wp-json\/wp\/v2\/comments?post=2430"}],"version-history":[{"count":10,"href":"https:\/\/semmelweis.hu\/gyogyszereszi-kemia\/wp-json\/wp\/v2\/pages\/2430\/revisions"}],"predecessor-version":[{"id":2941,"href":"https:\/\/semmelweis.hu\/gyogyszereszi-kemia\/wp-json\/wp\/v2\/pages\/2430\/revisions\/2941"}],"up":[{"embeddable":true,"href":"https:\/\/semmelweis.hu\/gyogyszereszi-kemia\/wp-json\/wp\/v2\/pages\/2636"}],"wp:attachment":[{"href":"https:\/\/semmelweis.hu\/gyogyszereszi-kemia\/wp-json\/wp\/v2\/media?parent=2430"}],"wp:term":[{"taxonomy":"category","embeddable":true,"href":"https:\/\/semmelweis.hu\/gyogyszereszi-kemia\/wp-json\/wp\/v2\/categories?post=2430"},{"taxonomy":"post_tag","embeddable":true,"href":"https:\/\/semmelweis.hu\/gyogyszereszi-kemia\/wp-json\/wp\/v2\/tags?post=2430"}],"curies":[{"name":"wp","href":"https:\/\/api.w.org\/{rel}","templated":true}]}}