{"id":2341,"date":"2024-05-17T12:30:44","date_gmt":"2024-05-17T10:30:44","guid":{"rendered":"https:\/\/semmelweis.hu\/gyogyszereszi-kemia\/?page_id=2341"},"modified":"2025-06-13T10:07:50","modified_gmt":"2025-06-13T08:07:50","slug":"bemutatkozas-herr-dominika-maria","status":"publish","type":"page","link":"https:\/\/semmelweis.hu\/gyogyszereszi-kemia\/munkatarsak\/bemutatkozas-herr-dominika-maria\/","title":{"rendered":"Bemutatkoz\u00e1s &#8211; Herr Dominika M\u00e1ria"},"content":{"rendered":"<div class=\"row\">\n<div class=\"col-4\"><img loading=\"lazy\" decoding=\"async\" class=\"size-full wp-image-1625 alignleft\" src=\"https:\/\/semmelweis.hu\/gyogyszereszi-kemia\/files\/2025\/02\/Herr_Dominika.jpg\" alt=\"\" width=\"274\" height=\"346\" \/><\/div>\n<div class=\"col-8\">\n<div class=\"row\">\n<div class=\"col-3\"><strong>N\u00e9v: Beoszt\u00e1s: Telefonsz\u00e1m: E-mail c\u00edm: Munkahely:<\/strong><\/div>\n<div class=\"col-9\">Herr Dominika M\u00e1ria<br \/>\nPh.D. hallgat\u00f3 <br \/>\n&#8211; <br \/>\nherr.dominika@phd.semmelweis.hu<br \/>\nCylolab Kft.<\/div>\n<\/div>\n<div class=\"row mt-5\">\n<div class=\"col-12\">HPLC\/HPLC-MS m\u00f3dszerfejleszt\u00e9seket, ciklodextrinek \u00e9s hat\u00f3anyagok karakteriz\u00e1l\u00e1s\u00e1t v\u00e9gzem. Emellett c\u00e9lzott hat\u00f3anyaglead\u00f3 rendszereket fejlesztek preparat\u00edvan, mely sor\u00e1n kismolekul\u00e1s ligandumokat kapcsolok kovalensen ciklodextrinekhez. Az \u00edgy k\u00e9sz\u00fclt vegy\u00fcleteket k\u00fcl\u00f6nb\u00f6z\u0151 r\u00e1kellenes hat\u00f3anyagokkal fogom komplex\u00e1lni \u00e9s vizsg\u00e1lni in vitro \u00e9s in vivo rendszerekben.<\/div>\n<\/div>\n<\/div>\n<\/div>\n<p class=\"mt-3\"><strong>Tanulm\u00e1nyok:<\/strong><\/p>\n<ul style=\"list-style-type: square\">\n<li>2023 \u2013 Semmelweis Egyetem Gy\u00f3gyszertudom\u00e1nyok Doktori Iskola<\/li>\n<li>2020-2022 \u2013 Budapesti M\u0171szaki \u00e9s Gazdas\u00e1gtudom\u00e1nyi Egyetem Vegy\u00e9sz \u00e9s Biom\u00e9rn\u00f6ki Kar-gy\u00f3gyszervegy\u00e9szm\u00e9rn\u00f6k (kit\u00fcntet\u00e9ses diploma)<\/li>\n<li>2016-2020-Budapesti M\u0171szaki \u00e9s Gazdas\u00e1gtudom\u00e1nyi Egyetem Vegy\u00e9sz \u00e9s Biom\u00e9rn\u00f6ki Kar-vegy\u00e9szm\u00e9rn\u00f6k (kiv\u00e1l\u00f3 diploma)<\/li>\n<\/ul>\n<p><strong style=\"font-size: 1rem\">Szakmai tapasztalat:<\/strong><\/p>\n<ul>\n<li>2022 &#8211; CycloLab Kft &#8211; kutat\u00f3 vegy\u00e9sz\/analitikus<\/li>\n<li>2021 \u2013 X-Chem Zrt. \u2013 preparat\u00edv vegy\u00e9sz<\/li>\n<li>2020-2022 \u2013 Richter Gedeon Nyrt. \u2013 gy\u00f3gyszerbiztons\u00e1gi gyakornok<\/li>\n<li>2018-2019 &#8211; HUN-REN Term\u00e9szettudom\u00e1nyi Kutat\u00f3k\u00f6zpont &#8211; kutat\u00e1si seg\u00e9dmunkat\u00e1rs<\/li>\n<\/ul>\n<p><strong style=\"font-size: 1rem\">V\u00e1logatott publik\u00e1ci\u00f3k:<\/strong><\/p>\n<ul style=\"list-style-type: square\">\n<li>Sz. Mayer, <strong>D. M. Herr<\/strong>, N. Nagy, V. Donk\u00f3-T\u00f3th, P. Keglevich, M. Weber, M. D\u00e9k\u00e1ny, L. Hazai (2023): Synthesis and In Vitro Anticancer Evaluation of Chrysin Containing Hybrids and Other Chrysin Derivatives<em>, Periodica Polytechnica Chemical Engineering, <\/em>67(2), pp. 316\u2013336.<br \/>\n<a href=\"https:\/\/doi.org\/10.3311\/PPch.21919\">https:\/\/doi.org\/10.3311\/PPch.21919<\/a><\/li>\n<\/ul>\n<p><strong>D\u00edjak, elismer\u00e9sek:<\/strong><\/p>\n<ul>\n<li>2023: KDP Doktori Hallgat\u00f3i \u00d6szt\u00f6nd\u00edj &#8211; NKFIH<\/li>\n<li>2022: Diplomamunka N\u00edv\u00f3d\u00edj &#8211; Magyar K\u00e9mikusok Egyes\u00fclete<\/li>\n<\/ul>\n<p><strong>MTMT link: <\/strong><a href=\"https:\/\/m2.mtmt.hu\/api\/author\/10089091\">https:\/\/m2.mtmt.hu\/api\/author\/10089091<\/a><\/p>\n","protected":false},"excerpt":{"rendered":"<p>N\u00e9v: Beoszt\u00e1s: Telefonsz\u00e1m: E-mail c\u00edm: Munkahely: Herr Dominika M\u00e1ria Ph.D. hallgat\u00f3 &#8211; herr.dominika@phd.semmelweis.hu Cylolab Kft. HPLC\/HPLC-MS m\u00f3dszerfejleszt\u00e9seket, ciklodextrinek \u00e9s hat\u00f3anyagok karakteriz\u00e1l\u00e1s\u00e1t v\u00e9gzem. Emellett c\u00e9lzott hat\u00f3anyaglead\u00f3 rendszereket fejlesztek preparat\u00edvan, mely sor\u00e1n kismolekul\u00e1s ligandumokat kapcsolok kovalensen ciklodextrinekhez. Az \u00edgy k\u00e9sz\u00fclt vegy\u00fcleteket k\u00fcl\u00f6nb\u00f6z\u0151 r\u00e1kellenes hat\u00f3anyagokkal fogom komplex\u00e1lni \u00e9s vizsg\u00e1lni in vitro \u00e9s in vivo rendszerekben. Tanulm\u00e1nyok: 2023 \u2013 &hellip;<\/p>\n","protected":false},"author":102300,"featured_media":0,"parent":1674,"menu_order":0,"comment_status":"closed","ping_status":"closed","template":"template-fullwidth.php","meta":{"_acf_changed":false,"footnotes":""},"categories":[18],"tags":[],"class_list":["post-2341","page","type-page","status-publish","hentry","category-bemutatkozo-oldal"],"acf":[],"_links":{"self":[{"href":"https:\/\/semmelweis.hu\/gyogyszereszi-kemia\/wp-json\/wp\/v2\/pages\/2341","targetHints":{"allow":["GET"]}}],"collection":[{"href":"https:\/\/semmelweis.hu\/gyogyszereszi-kemia\/wp-json\/wp\/v2\/pages"}],"about":[{"href":"https:\/\/semmelweis.hu\/gyogyszereszi-kemia\/wp-json\/wp\/v2\/types\/page"}],"author":[{"embeddable":true,"href":"https:\/\/semmelweis.hu\/gyogyszereszi-kemia\/wp-json\/wp\/v2\/users\/102300"}],"replies":[{"embeddable":true,"href":"https:\/\/semmelweis.hu\/gyogyszereszi-kemia\/wp-json\/wp\/v2\/comments?post=2341"}],"version-history":[{"count":3,"href":"https:\/\/semmelweis.hu\/gyogyszereszi-kemia\/wp-json\/wp\/v2\/pages\/2341\/revisions"}],"predecessor-version":[{"id":2720,"href":"https:\/\/semmelweis.hu\/gyogyszereszi-kemia\/wp-json\/wp\/v2\/pages\/2341\/revisions\/2720"}],"up":[{"embeddable":true,"href":"https:\/\/semmelweis.hu\/gyogyszereszi-kemia\/wp-json\/wp\/v2\/pages\/1674"}],"wp:attachment":[{"href":"https:\/\/semmelweis.hu\/gyogyszereszi-kemia\/wp-json\/wp\/v2\/media?parent=2341"}],"wp:term":[{"taxonomy":"category","embeddable":true,"href":"https:\/\/semmelweis.hu\/gyogyszereszi-kemia\/wp-json\/wp\/v2\/categories?post=2341"},{"taxonomy":"post_tag","embeddable":true,"href":"https:\/\/semmelweis.hu\/gyogyszereszi-kemia\/wp-json\/wp\/v2\/tags?post=2341"}],"curies":[{"name":"wp","href":"https:\/\/api.w.org\/{rel}","templated":true}]}}