{"id":2335,"date":"2024-05-17T12:18:44","date_gmt":"2024-05-17T10:18:44","guid":{"rendered":"https:\/\/semmelweis.hu\/gyogyszereszi-kemia\/?page_id=2335"},"modified":"2025-06-13T09:55:32","modified_gmt":"2025-06-13T07:55:32","slug":"bemutatkozas-stifter-mursits-marcell","status":"publish","type":"page","link":"https:\/\/semmelweis.hu\/gyogyszereszi-kemia\/munkatarsak\/bemutatkozas-stifter-mursits-marcell\/","title":{"rendered":"Bemutatkoz\u00e1s &#8211; Stifter-Mursits Marcell"},"content":{"rendered":"<div class=\"row\">\n<div class=\"col-4\"><img loading=\"lazy\" decoding=\"async\" class=\"size-full wp-image-1625 alignleft\" src=\"https:\/\/semmelweis.hu\/gyogyszereszi-kemia\/files\/2025\/02\/Mursits_Marcell.jpg\" alt=\"\" width=\"274\" height=\"346\" \/><\/div>\n<div class=\"col-8\">\n<div class=\"row\">\n<div class=\"col-3\"><strong>N\u00e9v: Beoszt\u00e1s: Telefonsz\u00e1m: E-mail c\u00edm: Iroda:<\/strong><\/div>\n<div class=\"col-9\">Stifter-Mursits Marcell<br \/>\nPh.D. hallgat\u00f3 <br \/>\n476-3600, 53019 <br \/>\nstifter.marcell@phd.semmelweis.hu<br \/>\n1. emelet 13.<\/div>\n<\/div>\n<div class=\"row mt-5\">\n<div class=\"col-12\">2024 febru\u00e1rj\u00e1ban csatlakoztam az int\u00e9zethez, kutat\u00e1som c\u00e9lja innovat\u00edv ciklodextrin alap\u00fa hat\u00f3anyaglead\u00f3 rendszerek fejleszt\u00e9se \u00e9s azok fizikai-k\u00e9miai tulajdons\u00e1gainak vizsg\u00e1lata. Gy\u00f3gyszerk\u00e9mia \u00e9s anal\u00edzis tant\u00e1rgy oktat\u00e1s\u00e1ba csatlakoztam be.<\/div>\n<\/div>\n<\/div>\n<\/div>\n<p class=\"mt-3\"><strong>Tanulm\u00e1nyok:<\/strong><\/p>\n<ul style=\"list-style-type: square\">\n<li>2017-2021 \u2013 Budapesti M\u0171szaki \u00e9s Gazdas\u00e1gtudom\u00e1nyi Egyetem \u2013 Vegy\u00e9szm\u00e9rn\u00f6k BSc<\/li>\n<li>2021-2023 \u2013 Budapesti M\u0171szaki \u00e9s Gazdas\u00e1gtudom\u00e1nyi Egyetem \u2013 Gy\u00f3gyszervegy\u00e9sz-m\u00e9rn\u00f6k MSc<\/li>\n<li>2024-t\u00f3l\u00a0 \u2013 Semmelweis Egyetem \u2013 Ph.D. hallgat\u00f3<\/li>\n<\/ul>\n<p><strong style=\"font-size: 1rem\">Szakmai tapasztalat:<\/strong><\/p>\n<ul>\n<li>2020-2021 \u2013 CycloLab Kft. \u2013 szakmai gyakorlat, szakdolgozat\n<ul>\n<li>Ciklodextrin-hat\u00f3anyag komplexek k\u00e9sz\u00edt\u00e9s\u00e9vel, a komplexek vizsg\u00e1lat\u00e1val foglalkoztam.<\/li>\n<li>BSc. szakdolgozatom t\u00e9m\u00e1ja ciklodextrinek polimeriz\u00e1ci\u00f3ja volt az intrav\u00e9n\u00e1s adminisztr\u00e1ci\u00f3 ut\u00e1ni felez\u00e9si id\u0151 megn\u00f6vel\u00e9s\u00e9nek \u00e9rdek\u00e9ben.<\/li>\n<\/ul>\n<\/li>\n<li>2021-2024 \u2013 CycloLab Kft. \u2013 Kutat\u00f3 vegy\u00e9sz, projektmenedzser\n<ul>\n<li>Nemzetk\u00f6zi partnerek gy\u00f3gyszerjel\u00f6lt vegy\u00fcleteib\u0151l ciklodextrin alap\u00fa formul\u00e1ci\u00f3kat fejlesztettem k\u00fcl\u00f6nf\u00e9le adminisztr\u00e1ci\u00f3s utakra preklinikai vizsg\u00e1latokhoz. Els\u0151sorban foly\u00e9kony (oldat, szuszpenzi\u00f3) \u00e9s f\u00e9lszil\u00e1rd (g\u00e9l) gy\u00f3gyszerform\u00e1kkal foglalkoztam, kiemelten szem\u00e9szeti k\u00e9sz\u00edtm\u00e9nyekkel. R\u00e9szt vettem egy k\u00eds\u00e9rleti gy\u00f3gyszerk\u00e9szitm\u00e9ny cGMP gy\u00e1rt\u00e1si dokument\u00e1ci\u00f3j\u00e1nak \u00f6ssze\u00e1llit\u00e1s\u00e1ban \u00e9s gy\u00e1rt\u00e1svalid\u00e1l\u00e1s\u00e1ban.<\/li>\n<li>MSc. szakdolgozatom sor\u00e1n egy kombin\u00e1lt hat\u00f3anyagtartalm\u00fa szem\u00e9szeti k\u00e9sz\u00edtm\u00e9nyt fejlesztettem id\u0151skori makula degener\u00e1ci\u00f3 indik\u00e1ci\u00f3ban.<\/li>\n<\/ul>\n<\/li>\n<\/ul>\n<p><strong style=\"font-size: 1rem\">Oktatott t\u00e1rgyak:<\/strong><\/p>\n<ul style=\"list-style-type: square\">\n<li>Gy\u00f3gyszerk\u00e9mia \u00e9s anal\u00edzis &#8211; gyakorlat<\/li>\n<\/ul>\n<p><strong>MTMT link: <\/strong><a href=\"https:\/\/m2.mtmt.hu\/api\/author\/10094262\">https:\/\/m2.mtmt.hu\/api\/author\/10094262<\/a><\/p>\n","protected":false},"excerpt":{"rendered":"<p>N\u00e9v: Beoszt\u00e1s: Telefonsz\u00e1m: E-mail c\u00edm: Iroda: Stifter-Mursits Marcell Ph.D. hallgat\u00f3 476-3600, 53019 stifter.marcell@phd.semmelweis.hu 1. emelet 13. 2024 febru\u00e1rj\u00e1ban csatlakoztam az int\u00e9zethez, kutat\u00e1som c\u00e9lja innovat\u00edv ciklodextrin alap\u00fa hat\u00f3anyaglead\u00f3 rendszerek fejleszt\u00e9se \u00e9s azok fizikai-k\u00e9miai tulajdons\u00e1gainak vizsg\u00e1lata. Gy\u00f3gyszerk\u00e9mia \u00e9s anal\u00edzis tant\u00e1rgy oktat\u00e1s\u00e1ba csatlakoztam be. Tanulm\u00e1nyok: 2017-2021 \u2013 Budapesti M\u0171szaki \u00e9s Gazdas\u00e1gtudom\u00e1nyi Egyetem \u2013 Vegy\u00e9szm\u00e9rn\u00f6k BSc 2021-2023 \u2013 Budapesti &hellip;<\/p>\n","protected":false},"author":102300,"featured_media":0,"parent":1674,"menu_order":0,"comment_status":"closed","ping_status":"closed","template":"template-fullwidth.php","meta":{"_acf_changed":false,"footnotes":""},"categories":[18],"tags":[],"class_list":["post-2335","page","type-page","status-publish","hentry","category-bemutatkozo-oldal"],"acf":[],"_links":{"self":[{"href":"https:\/\/semmelweis.hu\/gyogyszereszi-kemia\/wp-json\/wp\/v2\/pages\/2335","targetHints":{"allow":["GET"]}}],"collection":[{"href":"https:\/\/semmelweis.hu\/gyogyszereszi-kemia\/wp-json\/wp\/v2\/pages"}],"about":[{"href":"https:\/\/semmelweis.hu\/gyogyszereszi-kemia\/wp-json\/wp\/v2\/types\/page"}],"author":[{"embeddable":true,"href":"https:\/\/semmelweis.hu\/gyogyszereszi-kemia\/wp-json\/wp\/v2\/users\/102300"}],"replies":[{"embeddable":true,"href":"https:\/\/semmelweis.hu\/gyogyszereszi-kemia\/wp-json\/wp\/v2\/comments?post=2335"}],"version-history":[{"count":8,"href":"https:\/\/semmelweis.hu\/gyogyszereszi-kemia\/wp-json\/wp\/v2\/pages\/2335\/revisions"}],"predecessor-version":[{"id":2723,"href":"https:\/\/semmelweis.hu\/gyogyszereszi-kemia\/wp-json\/wp\/v2\/pages\/2335\/revisions\/2723"}],"up":[{"embeddable":true,"href":"https:\/\/semmelweis.hu\/gyogyszereszi-kemia\/wp-json\/wp\/v2\/pages\/1674"}],"wp:attachment":[{"href":"https:\/\/semmelweis.hu\/gyogyszereszi-kemia\/wp-json\/wp\/v2\/media?parent=2335"}],"wp:term":[{"taxonomy":"category","embeddable":true,"href":"https:\/\/semmelweis.hu\/gyogyszereszi-kemia\/wp-json\/wp\/v2\/categories?post=2335"},{"taxonomy":"post_tag","embeddable":true,"href":"https:\/\/semmelweis.hu\/gyogyszereszi-kemia\/wp-json\/wp\/v2\/tags?post=2335"}],"curies":[{"name":"wp","href":"https:\/\/api.w.org\/{rel}","templated":true}]}}