{"id":2212,"date":"2024-01-11T09:59:43","date_gmt":"2024-01-11T08:59:43","guid":{"rendered":"https:\/\/semmelweis.hu\/gyogyszereszi-kemia\/?page_id=2212"},"modified":"2025-06-13T09:52:54","modified_gmt":"2025-06-13T07:52:54","slug":"bemutatkozas-dr-mazakne-kraszni-marta","status":"publish","type":"page","link":"https:\/\/semmelweis.hu\/gyogyszereszi-kemia\/munkatarsak\/bemutatkozas-dr-mazakne-kraszni-marta\/","title":{"rendered":"Bemutatkoz\u00e1s &#8211; Dr. Maz\u00e1kn\u00e9 Kraszni M\u00e1rta"},"content":{"rendered":"<div class=\"row\">\n<div class=\"col-4\"><img loading=\"lazy\" decoding=\"async\" class=\"size-full wp-image-1625 alignleft\" src=\"https:\/\/semmelweis.hu\/gyogyszereszi-kemia\/files\/2025\/02\/Mazak_Marta.jpg\" alt=\"\" width=\"274\" height=\"346\" \/><\/div>\n<div class=\"col-8\">\n<div class=\"row\">\n<div class=\"col-3\"><strong>N\u00e9v: Beoszt\u00e1s: Telefonsz\u00e1m: E-mail c\u00edm: Iroda:<\/strong><\/div>\n<div class=\"col-9\">Dr. Maz\u00e1kn\u00e9 Kraszni M\u00e1rta<br \/>\negyetemi docens <br \/>\n476-3600, 53073 <br \/>\nkraszni.marta@semmelweis.hu <br \/>\n1. emelet 16.<\/div>\n<\/div>\n<div class=\"row mt-3\">\n<div class=\"col-12\">Oktat\u00f3i tev\u00e9kenys\u00e9gem keret\u00e9ben Gy\u00f3gyszerk\u00e9mia \u00e9s anal\u00edzis valamint a M\u0171szeres gy\u00f3gyszeranal\u00edzis tant\u00e1rgyak el\u0151ad\u00f3ja, gyakorlatainak vezet\u0151je valamint vizsg\u00e1ztat\u00f3ja vagyok magyar \u00e9s angol nyelven. Emellett a Molekulaszerkezet-meghat\u00e1roz\u00e1s spektroszk\u00f3piai m\u00f3dszerekkel szabadon v\u00e1laszthat\u00f3 kurzus valamint a Kir\u00e1lis anal\u00edzis Ph.D. kuzus keretein bel\u00fcl tartok el\u0151ad\u00e1sokat NMR spektroszk\u00f3pia t\u00e1rgyk\u00f6rb\u0151l. Gy\u00f3gyszerk\u00e9miai \u00e9s NMR spektroszk\u00f3pi\u00e1s t\u00e9m\u00e1kban szakdolgozati illetve TDK munk\u00e1kat ir\u00e1ny\u00edtok. Kutat\u00e1si tev\u00e9kenys\u00e9gem sor\u00e1n bio-\u00e9s gy\u00f3gyszermolekul\u00e1k fizikai-k\u00e9miai tulajdons\u00e1gait, ciklodextrinekkel t\u00f6rt\u00e9n\u0151 komplexk\u00e9pz\u00e9s\u00e9t vizsg\u00e1lom, illetve szintetikus \u00e9s term\u00e9szetes n\u00f6v\u00e9nyi anyagok szerkezetvizsg\u00e1lat\u00e1t v\u00e9gzem NMR spektroszk\u00f3pi\u00e1val.<\/div>\n<\/div>\n<\/div>\n<\/div>\n<p class=\"mt-3\"><strong>Tanulm\u00e1nyok:<\/strong><\/p>\n<ul style=\"list-style-type: square\">\n<li>1998 \u2013 Semmelweis Orvostudom\u00e1nyi Egyetem Gy\u00f3gyszer\u00e9sztudom\u00e1nyi Kar\u2013 okleveles gy\u00f3gyszer\u00e9sz<\/li>\n<li>2004 \u2013 Semmelweis Egyetem Doktori Iskola \u2013 Ph.D. fokozat<\/li>\n<li>2004\u2013 Eg\u00e9szs\u00e9g\u00fcgyi Fels\u0151fok\u00fa Szakir\u00e1ny\u00fa Szakk\u00e9pz\u00e9s \u2013 szakgy\u00f3gyszer\u00e9sz (k\u00e9miai\/fizikai-k\u00e9miai gy\u00f3gyszerellen\u0151rz\u00e9s szakir\u00e1ny)<\/li>\n<\/ul>\n<p><strong>Szakmai tapasztalat:<\/strong><\/p>\n<ul style=\"list-style-type: square\">\n<li>2001-2005 \u2013 Semmelweis Egyetem Gy\u00f3gyszer\u00e9szi K\u00e9miai Int\u00e9zet \u2013 egyetemi gyakornok<\/li>\n<li>2005-2009 \u2013 Semmelweis Egyetem Gy\u00f3gyszer\u00e9szi K\u00e9miai Int\u00e9zet \u2013 egyetemi tan\u00e1rseg\u00e9d<\/li>\n<li>2009-2015 \u2013 Semmelweis Egyetem Gy\u00f3gyszer\u00e9szi K\u00e9miai Int\u00e9zet \u2013 egyetemi adjunktus<\/li>\n<li>2012-2013 \u2013 University of California, Riverside, postdoc kutat\u00f3<\/li>\n<li>2015 \u2013 Semmelweis Egyetem Gy\u00f3gyszer\u00e9szi K\u00e9miai Int\u00e9zet \u2013 egyetemi docens<\/li>\n<\/ul>\n<p><strong>Oktatott t\u00e1rgyak:<\/strong><\/p>\n<ul style=\"list-style-type: square\">\n<li>Gy\u00f3gyszerk\u00e9mia \u00e9s anal\u00edzis<\/li>\n<li>M\u0171szeres gy\u00f3gyszeranal\u00edzis<\/li>\n<\/ul>\n<p><strong>V\u00e1logatott publik\u00e1ci\u00f3k:<\/strong><\/p>\n<ol>\n<li><strong>Kraszni M<\/strong>., Balogh B.,M\u00e1ndity I, Horv\u00e1th P. (2024): Advantages of Induced Circular Dichroism Spectroscopy for Qualitative and Quantitative Analysis of Solution-Phase Cyclodextrin Host\u2013Guest Complexes. <em> J. Mol. Sci<\/em>. 25(1), 412.\u00a0<\/li>\n<li><strong>Kraszni M<\/strong>., \u00c1gh F., Horv\u00e1th D., Mirzahosseini A., Horv\u00e1th P. (2023): Effect of Substitution Degree and Homogeneity on Cyclodextrin-Ligand Complex Stability: Comparison of Fenbufen and Fenoprofen Using CD and NMR Spectroscopy. <em> J. Mol. Sci<\/em>. 24(8), 7544.<\/li>\n<li>T\u00f3th G., Horv\u00e1thi K., <strong>Kraszni M.<\/strong>, Ausb\u00fcttel T., P\u00e1lyi B., Kis Z., Mucsi Z., Kov\u00e1cs G.M., B\u0151sze S., Boldizs\u00e1r I. (2023): Arylnaphthalene Lignans with Anti-SARS-CoV\u20112 and Antiproliferative Activities from the Underground Organs of <em>Linum austriacum<\/em> and <em>Linum perenne.<\/em> <em> Nat. Prod<\/em>. 86, 672-682.<\/li>\n<li>Hosztafi, S., <strong>Kraszni, M.<\/strong>, T\u00f3th, G., Marton, J. (2018): Synthesis of 1-iodo-substituted codeine derivatives. <em> org. chem<\/em>. 15(12), 1012-1020.<\/li>\n<li><strong>Kraszni, M<\/strong>., Marosi, A., Larive, C.K. (2013): NMR assignments and the acid-base characterization of the pomegranate ellagitannin punicalagin in the acidic pH-range. <em>Analytical and Bioanalytical Chemistry <\/em>405 (17), 5807-5816.<\/li>\n<\/ol>\n<p><strong>Egy\u00e9b:<\/strong><\/p>\n<p>SE Gy\u00f3gyszer\u00e9sztudom\u00e1nyi Kar Tanulm\u00e1nyi \u00e9s Vizsgabizotts\u00e1g eln\u00f6ke<\/p>\n<p><strong>MTMT link: <\/strong><a href=\"https:\/\/m2.mtmt.hu\/api\/author\/10012052\">https:\/\/m2.mtmt.hu\/api\/author\/10012052<\/a><\/p>\n<p>&nbsp;<\/p>\n","protected":false},"excerpt":{"rendered":"<p>N\u00e9v: Beoszt\u00e1s: Telefonsz\u00e1m: E-mail c\u00edm: Iroda: Dr. Maz\u00e1kn\u00e9 Kraszni M\u00e1rta egyetemi docens 476-3600, 53073 kraszni.marta@semmelweis.hu 1. emelet 16. Oktat\u00f3i tev\u00e9kenys\u00e9gem keret\u00e9ben Gy\u00f3gyszerk\u00e9mia \u00e9s anal\u00edzis valamint a M\u0171szeres gy\u00f3gyszeranal\u00edzis tant\u00e1rgyak el\u0151ad\u00f3ja, gyakorlatainak vezet\u0151je valamint vizsg\u00e1ztat\u00f3ja vagyok magyar \u00e9s angol nyelven. Emellett a Molekulaszerkezet-meghat\u00e1roz\u00e1s spektroszk\u00f3piai m\u00f3dszerekkel szabadon v\u00e1laszthat\u00f3 kurzus valamint a Kir\u00e1lis anal\u00edzis Ph.D. kuzus keretein bel\u00fcl &hellip;<\/p>\n","protected":false},"author":102300,"featured_media":0,"parent":1674,"menu_order":0,"comment_status":"closed","ping_status":"closed","template":"template-fullwidth.php","meta":{"_acf_changed":false,"footnotes":""},"categories":[18],"tags":[],"class_list":["post-2212","page","type-page","status-publish","hentry","category-bemutatkozo-oldal"],"acf":[],"_links":{"self":[{"href":"https:\/\/semmelweis.hu\/gyogyszereszi-kemia\/wp-json\/wp\/v2\/pages\/2212","targetHints":{"allow":["GET"]}}],"collection":[{"href":"https:\/\/semmelweis.hu\/gyogyszereszi-kemia\/wp-json\/wp\/v2\/pages"}],"about":[{"href":"https:\/\/semmelweis.hu\/gyogyszereszi-kemia\/wp-json\/wp\/v2\/types\/page"}],"author":[{"embeddable":true,"href":"https:\/\/semmelweis.hu\/gyogyszereszi-kemia\/wp-json\/wp\/v2\/users\/102300"}],"replies":[{"embeddable":true,"href":"https:\/\/semmelweis.hu\/gyogyszereszi-kemia\/wp-json\/wp\/v2\/comments?post=2212"}],"version-history":[{"count":7,"href":"https:\/\/semmelweis.hu\/gyogyszereszi-kemia\/wp-json\/wp\/v2\/pages\/2212\/revisions"}],"predecessor-version":[{"id":2714,"href":"https:\/\/semmelweis.hu\/gyogyszereszi-kemia\/wp-json\/wp\/v2\/pages\/2212\/revisions\/2714"}],"up":[{"embeddable":true,"href":"https:\/\/semmelweis.hu\/gyogyszereszi-kemia\/wp-json\/wp\/v2\/pages\/1674"}],"wp:attachment":[{"href":"https:\/\/semmelweis.hu\/gyogyszereszi-kemia\/wp-json\/wp\/v2\/media?parent=2212"}],"wp:term":[{"taxonomy":"category","embeddable":true,"href":"https:\/\/semmelweis.hu\/gyogyszereszi-kemia\/wp-json\/wp\/v2\/categories?post=2212"},{"taxonomy":"post_tag","embeddable":true,"href":"https:\/\/semmelweis.hu\/gyogyszereszi-kemia\/wp-json\/wp\/v2\/tags?post=2212"}],"curies":[{"name":"wp","href":"https:\/\/api.w.org\/{rel}","templated":true}]}}