{"id":2167,"date":"2024-01-11T09:49:45","date_gmt":"2024-01-11T08:49:45","guid":{"rendered":"https:\/\/semmelweis.hu\/gyogyszereszi-kemia\/?page_id=2167"},"modified":"2025-08-28T12:38:57","modified_gmt":"2025-08-28T10:38:57","slug":"bemutatkozas-vincze-anna","status":"publish","type":"page","link":"https:\/\/semmelweis.hu\/gyogyszereszi-kemia\/munkatarsak\/bemutatkozas-vincze-anna\/","title":{"rendered":"Bemutatkoz\u00e1s &#8211; Dr. Vincze Anna"},"content":{"rendered":"<div class=\"row\">\n<div class=\"col-4\"><img loading=\"lazy\" decoding=\"async\" class=\"size-full wp-image-1625 alignleft\" src=\"https:\/\/semmelweis.hu\/gyogyszereszi-kemia\/files\/2024\/01\/DSC_0703-scaled.jpg\" alt=\"\" width=\"274\" height=\"346\" \/><\/div>\n<div class=\"col-8\">\n<div class=\"row\">\n<div class=\"col-3\"><strong>N\u00e9v: Beoszt\u00e1s: Telefonsz\u00e1m: E-mail c\u00edm: Iroda:<\/strong><\/div>\n<div class=\"col-9\">Dr. Vincze Anna<br \/>\nadjunktus<br \/>\n476-3600, 53013 <br \/>\nvincze.anna@semmelweis.hu <br \/>\n1. emelet 17.<\/div>\n<\/div>\n<div class=\"row mt-3\">\n<div class=\"col-12\">2024-t\u0151l dolgozom a Gy\u00f3gyszer\u00e9szi K\u00e9miai Int\u00e9zetben. Ph.D. munk\u00e1mat a Budapesti M\u0171szaki \u00e9s Gazdas\u00e1gtudom\u00e1nyi Egyetemen v\u00e9geztem gy\u00f3gyszervegy\u00e9sz-m\u00e9rn\u00f6kk\u00e9nt. Kutat\u00e1si ter\u00fcletem hat\u00f3anyagok \u00e9s formul\u00e1ci\u00f3k fizikai-k\u00e9miai jellemz\u00e9se, k\u00fcl\u00f6n\u00f6s tekintettel a sejtmembr\u00e1nokon kereszt\u00fcli transzportra (permeabilit\u00e1s). Ezen bel\u00fcl legink\u00e1bb szem\u00e9szeti k\u00e9sz\u00edtm\u00e9nyekre \u00e9s a szaruh\u00e1rty\u00e1n kereszt\u00fcli felsz\u00edv\u00f3d\u00e1sra f\u00f3kusz\u00e1lok. High-througput-screening, analitikai \u00e9s farmakokinetikai tapasztalatokat a Richter Gedeon Nyrt.-ben szereztem a volt Szint\u00e9zist\u00e1mogat\u00f3 Laborat\u00f3riumban diplom\u00e1z\u00f3 hallgat\u00f3k\u00e9nt.<\/div>\n<\/div>\n<\/div>\n<\/div>\n<p class=\"mt-3\"><strong>Tanulm\u00e1nyok:<\/strong><\/p>\n<ul>\n<li><strong><em>2020-2024<\/em><\/strong> Budapesti M\u0171szaki \u00e9s Gazdas\u00e1gtudom\u00e1nyi Egyetem, Ol\u00e1h Gy\u00f6rgy Doktori Iskola, Ph.D. k\u00e9pz\u00e9s\n<ul>\n<li>kutat\u00e1si t\u00e9ma c\u00edme: <em>In vitro permeabilit\u00e1si modellek kidolgoz\u00e1sa hat\u00f3anyagok \u00e9s formul\u00e1ci\u00f3k optimaliz\u00e1l\u00e1s\u00e1ra<\/em><\/li>\n<\/ul>\n<\/li>\n<li><strong><em>2018-2020<\/em><\/strong> Budapesti M\u0171szaki \u00e9s Gazdas\u00e1gtudom\u00e1nyi Egyetem, Vegy\u00e9sz- \u00e9s Biom\u00e9rn\u00f6ki Kar gy\u00f3gyszervegy\u00e9szm\u00e9rn\u00f6k nappali tagozat mesterk\u00e9pz\u00e9s\n<ul>\n<li>diplomamunka: <em>Az in vitro PAMPA permeabilit\u00e1si modell szem\u00e9szeti vonatkoz\u00e1sai<\/em><\/li>\n<\/ul>\n<\/li>\n<li><strong><em>2014-2018 <\/em><\/strong>Budapesti M\u0171szaki \u00e9s Gazdas\u00e1gtudom\u00e1nyi Egyetem, Vegy\u00e9szm\u00e9rn\u00f6ki \u00e9s Biom\u00e9rn\u00f6ki Kar vegy\u00e9szm\u00e9rn\u00f6k nappali tagozat alapk\u00e9pz\u00e9s \u2013 kiv\u00e1l\u00f3 min\u0151s\u00edt\u00e9s\u0171 oklev\u00e9l\n<ul>\n<li>szakdolgozat:<em> Hat\u00f3anyagok permeabilit\u00e1s\u00e1nak v\u00e1ltoz\u00e1sa (2-hidroxipropil)-\u00df-ciklodextrin hat\u00e1s\u00e1ra<\/em><\/li>\n<\/ul>\n<\/li>\n<\/ul>\n<p><strong>Szakmai tapasztalat:<\/strong><\/p>\n<ul>\n<li><em><strong>2024- <\/strong><\/em><strong>SOTE-GYTK, GYKI, ADME-Fizk\u00e9m Kutat\u00f3csoport:<\/strong>\n<ul>\n<li>(HTS) hat\u00f3anyagok \u00e9s formul\u00e1ci\u00f3k sz\u00f6vetspecifikus permeabilit\u00e1s\u00e1nak vizsg\u00e1lata in vitro, PAMPA m\u00f3dszerrel (intesztin\u00e1lis epit\u00e9lium, v\u00e9r-agy g\u00e1t, szaruh\u00e1rtya)<\/li>\n<li>(HTS) hat\u00f3anyagok kinetikai \u00e9s termodinimai oldhat\u00f3s\u00e1g\u00e1nak vizsg\u00e1lata<\/li>\n<li>analitika: UV-plate olvas\u00f3, HPLC-UV\/DAD, HPLC-MS, nefelom\u00e9ter<\/li>\n<li>oktat\u00e1si feladatok: gyakorlatvezet\u0151 &#8211; M\u0171szeres gy\u00f3gyszeranal\u00edzis magyar \u00e9s angol kurzus, vizsg\u00e1ztat\u00e1s<\/li>\n<li>egy\u00e9b feladatok: int\u00e9zeti vegyszerrakt\u00e1r felel\u0151se, fogy\u00f3eszk\u00f6z\u00f6k\/vegyszerek rendel\u00e9se, gy\u00f3gyszer\u00e9sz hallgat\u00f3k kutat\u00f3munk\u00e1j\u00e1nak t\u00e9mavezet\u00e9se<\/li>\n<\/ul>\n<\/li>\n<li><strong><em>2020-<\/em><\/strong>\u00a0<strong>BME-VBK, KKFT, Biomimetikus Technol\u00f3gi\u00e1k Kutat\u00f3csoport:<\/strong>\n<ul>\n<li>PhD kutat\u00f3 munka keret\u00e9ben sz\u00f6vetspecifikus PAMPA vizsg\u00e1latok (els\u0151sorban szem\u00e9szeti vonalon, szem\u00e9szeti formul\u00e1ci\u00f3k \u00e9s permeabilit\u00e1si modellek fejleszt\u00e9se), vegy\u00fcletek fizikai-k\u00e9miai profil\u00edroz\u00e1sa, reol\u00f3giai vizsg\u00e1latok: ejt\u0151goly\u00f3s \u00e9s rot\u00e1ci\u00f3s viszkozim\u00e9ter, analitika: UV-plate olvas\u00f3, HPLC-UV\/DAD, HPLC-MS<\/li>\n<li>egy\u00e9b feladatok: HPLC m\u0171szeres labor felel\u0151se, fogy\u00f3eszk\u00f6z\u00f6k\/vegyszerek rendel\u00e9se, BSc \u00e9s MSc hallgat\u00f3k kutat\u00f3munk\u00e1j\u00e1nak t\u00e1mogat\u00e1sa konzulensi szerepk\u00f6rben<\/li>\n<li>oktat\u00e1si feladatok: Gy\u00f3gyszerhat\u00f3anyagok optimaliz\u00e1l\u00e1si param\u00e9terei \u2013 vend\u00e9gel\u0151ad\u00f3, Vegyipari M\u0171veletek Labor \u2013 m\u00e9r\u00e9svezet\u0151, z\u00e1r\u00f3vizsga titk\u00e1ri szerepk\u00f6r<\/li>\n<\/ul>\n<\/li>\n<li><strong><em>2019 febr.-nov.<\/em> BME-VBK, FKAT, L\u00e1gy Anyagok Kutat\u00f3csoport:<\/strong>\n<ul>\n<li>polimerek (polivinil-alkohol, poliaszpartamidok) elektrosztatikus sz\u00e1lk\u00e9pz\u00e9se, hat\u00f3anyagtartalm\u00fa nanosz\u00e1lak el\u0151\u00e1ll\u00edt\u00e1sa; analitika: UV-VIS spektrofotom\u00e9ter, SEM<\/li>\n<\/ul>\n<\/li>\n<li><strong><em>2015-2019<\/em> Richter Gedeon Nyrt., K\u00e9miai Kutat\u00e1si Oszt\u00e1ly, Szint\u00e9zist\u00e1mogat\u00f3 Laborat\u00f3rium:<\/strong>\n<ul>\n<li>hallgat\u00f3i st\u00e1tuszban, TDK munka, szakdolgozat \u00e9s diplomamunka keretein bel\u00fcl in vitro felsz\u00edv\u00f3d\u00e1si vizsg\u00e1latok PAMPA-rendszerben (gasztrointesztin\u00e1lis, BBB, cornea), vegy\u00fcletek kinetikai oldhat\u00f3s\u00e1g\u00e1nak meghat\u00e1roz\u00e1sa, m\u00e9r\u00e9si adatok statisztikai \u00e9rt\u00e9kel\u00e9se (GraphPad, Statistica); analitika: UV-plate-olvas\u00f3, HPLC-UV\/DAD;<\/li>\n<\/ul>\n<\/li>\n<\/ul>\n<p><strong>Oktatott t\u00e1rgyak:<\/strong><\/p>\n<ul>\n<li>M\u0171szeres gy\u00f3gyszeranal\u00edzis<\/li>\n<\/ul>\n<p><strong>V\u00e1logatott publik\u00e1ci\u00f3k:<\/strong><\/p>\n<ol>\n<li><strong>A. Vincze; <\/strong>E.Simon; G. Kopl\u00e1nyi; G. J. Stankovits;D.Balogh-Weiser; B. Gyarmati.;Z. Z. Nagy; G. T. Balogh (2025): Toward a High-Throughput in Vitro Model for Estimating Vitreous Humor Permeability of Topically Applied Drugs. <em>Scientific Reports.<\/em> <em>15<\/em> (1), 1\u201312.<br \/>\n<strong><a href=\"https:\/\/doi.org\/10.1038\/s41598-025-93425-3\">https:\/\/doi.org\/10.1038\/s41598-025-93425-3<\/a>.<\/strong><\/li>\n<li><strong>A. Vincze,<\/strong> R. Facsk\u00f3, M. Budai-Sz\u0171cs, G. Katona, B. Gyarmati, A. Csorba, R. Zelk\u00f3, Z. Zs. Nagy, L. Szente, Gy. T. Balogh (2023): Cyclodextrin-enabled nepafenac eye drops with improved absorption open a new therapeutic window, <em>Carbohydrate Polymers<\/em>, 310, 120717.<strong><br \/>\n<a class=\"anchor doi anchor-default\" href=\"https:\/\/doi.org\/10.1016\/j.carbpol.2023.120717\" target=\"_blank\" rel=\"noreferrer noopener\"><span class=\"anchor-text\">doi.org\/10.1016\/j.carbpol.2023.120717<\/span><\/a><\/strong><\/li>\n<li><strong>A. Vincze<\/strong>, G. D\u00e9k\u00e1ny, R. Bicsak, A. Formanek, Y. Moreau, G. Tak\u00e1cs, G. Katona, D. Balogh-Weiser, \u00c1. Arany, Gy. T. Balogh (2023): Natural Lipid Extracts as an Artificial Membrane for Drug Permeability Assay: In Vitro and In Silico Characterization, <em>Pharmaceutics<\/em> 15 (3), 899.<strong><br \/>\n<a href=\"https:\/\/doi.org\/10.3390\/pharmaceutics15030899\">doi.org\/10.3390\/pharmaceutics15030899<\/a><br \/>\n<\/strong><\/li>\n<li><strong>A. Vincze<\/strong>, G. Darg\u00f3, Gy. T. Balogh (2021): A corneal-PAMPA-based in silico model for predicting corneal permeability. <em>Journal of Pharmaceutical and Biomedical Analysis<\/em>, 203, 114218.<br \/>\n<strong><a class=\"anchor doi anchor-default\" href=\"https:\/\/doi.org\/10.1016\/j.jpba.2021.114218\" target=\"_blank\" rel=\"noreferrer noopener\"><span class=\"anchor-text\">doi.org\/10.1016\/j.jpba.2021.114218<\/span><\/a><\/strong><\/li>\n<li>G. Darg\u00f3, <strong>A. Vincze<\/strong>, J. M\u00fcller, H. J. Kiss, Z. Zs. Nagy, Gy. T. Balogh: Corneal-PAMPA (2019): A novel, non-cell-based assay for prediction of corneal drug permeability. <em>European Journal of Pharmaceutical Sciences<\/em>, 128., pp. 232-239.<strong><br \/>\n<a class=\"anchor doi anchor-default\" href=\"https:\/\/doi.org\/10.1016\/j.ejps.2018.12.012\" target=\"_blank\" rel=\"noreferrer noopener\"><span class=\"anchor-text\">doi.org\/10.1016\/j.ejps.2018.12.012<\/span><\/a><br \/>\n<\/strong><\/li>\n<\/ol>\n<p><strong>MTMT link: <\/strong><a href=\"https:\/\/m2.mtmt.hu\/api\/author\/10071360\">https:\/\/m2.mtmt.hu\/api\/author\/10071360<\/a><\/p>\n","protected":false},"excerpt":{"rendered":"<p>N\u00e9v: Beoszt\u00e1s: Telefonsz\u00e1m: E-mail c\u00edm: Iroda: Dr. Vincze Anna adjunktus 476-3600, 53013 vincze.anna@semmelweis.hu 1. emelet 17. 2024-t\u0151l dolgozom a Gy\u00f3gyszer\u00e9szi K\u00e9miai Int\u00e9zetben. Ph.D. munk\u00e1mat a Budapesti M\u0171szaki \u00e9s Gazdas\u00e1gtudom\u00e1nyi Egyetemen v\u00e9geztem gy\u00f3gyszervegy\u00e9sz-m\u00e9rn\u00f6kk\u00e9nt. Kutat\u00e1si ter\u00fcletem hat\u00f3anyagok \u00e9s formul\u00e1ci\u00f3k fizikai-k\u00e9miai jellemz\u00e9se, k\u00fcl\u00f6n\u00f6s tekintettel a sejtmembr\u00e1nokon kereszt\u00fcli transzportra (permeabilit\u00e1s). Ezen bel\u00fcl legink\u00e1bb szem\u00e9szeti k\u00e9sz\u00edtm\u00e9nyekre \u00e9s a szaruh\u00e1rty\u00e1n kereszt\u00fcli &hellip;<\/p>\n","protected":false},"author":102300,"featured_media":0,"parent":1674,"menu_order":0,"comment_status":"closed","ping_status":"closed","template":"template-fullwidth.php","meta":{"_acf_changed":false,"footnotes":""},"categories":[18],"tags":[],"class_list":["post-2167","page","type-page","status-publish","hentry","category-bemutatkozo-oldal"],"acf":[],"_links":{"self":[{"href":"https:\/\/semmelweis.hu\/gyogyszereszi-kemia\/wp-json\/wp\/v2\/pages\/2167","targetHints":{"allow":["GET"]}}],"collection":[{"href":"https:\/\/semmelweis.hu\/gyogyszereszi-kemia\/wp-json\/wp\/v2\/pages"}],"about":[{"href":"https:\/\/semmelweis.hu\/gyogyszereszi-kemia\/wp-json\/wp\/v2\/types\/page"}],"author":[{"embeddable":true,"href":"https:\/\/semmelweis.hu\/gyogyszereszi-kemia\/wp-json\/wp\/v2\/users\/102300"}],"replies":[{"embeddable":true,"href":"https:\/\/semmelweis.hu\/gyogyszereszi-kemia\/wp-json\/wp\/v2\/comments?post=2167"}],"version-history":[{"count":10,"href":"https:\/\/semmelweis.hu\/gyogyszereszi-kemia\/wp-json\/wp\/v2\/pages\/2167\/revisions"}],"predecessor-version":[{"id":2910,"href":"https:\/\/semmelweis.hu\/gyogyszereszi-kemia\/wp-json\/wp\/v2\/pages\/2167\/revisions\/2910"}],"up":[{"embeddable":true,"href":"https:\/\/semmelweis.hu\/gyogyszereszi-kemia\/wp-json\/wp\/v2\/pages\/1674"}],"wp:attachment":[{"href":"https:\/\/semmelweis.hu\/gyogyszereszi-kemia\/wp-json\/wp\/v2\/media?parent=2167"}],"wp:term":[{"taxonomy":"category","embeddable":true,"href":"https:\/\/semmelweis.hu\/gyogyszereszi-kemia\/wp-json\/wp\/v2\/categories?post=2167"},{"taxonomy":"post_tag","embeddable":true,"href":"https:\/\/semmelweis.hu\/gyogyszereszi-kemia\/wp-json\/wp\/v2\/tags?post=2167"}],"curies":[{"name":"wp","href":"https:\/\/api.w.org\/{rel}","templated":true}]}}