{"id":210,"date":"2014-01-17T13:16:48","date_gmt":"2014-01-17T12:16:48","guid":{"rendered":"http:\/\/semmelweis.hu\/gyogyszereszi-kemia\/?page_id=210"},"modified":"2025-09-18T13:19:10","modified_gmt":"2025-09-18T11:19:10","slug":"szakdolgozatok","status":"publish","type":"page","link":"https:\/\/semmelweis.hu\/gyogyszereszi-kemia\/oktatas\/szakdolgozatok\/","title":{"rendered":"Szakdolgozati t\u00e9m\u00e1k"},"content":{"rendered":"<p><strong>A 2025-ben meghirdet\u00e9sre ker\u00fcl\u0151 szakdolgozati t\u00e9m\u00e1k:\u00a0<\/strong><\/p>\n<table style=\"width: 100%;height: 1427px\">\n<thead>\n<tr style=\"height: 56px\">\n<td style=\"height: 55px;width: 73.2721%\">\n<p><strong>T\u00c9MA<\/strong><\/p>\n<\/td>\n<td style=\"height: 55px;width: 26.6739%\">\n<p><strong>T\u00c9MAVEZET\u0150(K) <\/strong><\/p>\n<\/td>\n<\/tr>\n<\/thead>\n<tbody>\n<tr style=\"height: 48px\">\n<td style=\"height: 53px;width: 73.2721%\">\n<p>K\u00eds\u00e9rleti modellek fejleszt\u00e9se a naz\u00e1lis gy\u00f3gyszerfelsz\u00edv\u00f3d\u00e1s vizsg\u00e1lat\u00e1ra<\/p>\n<\/td>\n<td style=\"height: 53px;width: 26.6739%\">\n<p>Dr. Angi R\u00e9ka<\/p>\n<\/td>\n<\/tr>\n<tr style=\"height: 48px\">\n<td style=\"height: 47px;width: 73.2721%\">\n<p>In vitro PAMPA modellek tov\u00e1bbfejleszt\u00e9se sz\u00f6vet-specifikus \u00e9s formul\u00e1ci\u00f3s t\u00e9nyez\u0151k hat\u00e1s\u00e1nak tanulm\u00e1nyoz\u00e1s\u00e1ra<\/p>\n<\/td>\n<td style=\"height: 47px;width: 26.6739%\">Dr. Angi R\u00e9ka<\/td>\n<\/tr>\n<tr style=\"height: 48px\">\n<td style=\"height: 47px;width: 73.2721%\">\u00daj szem\u00e9szeti formul\u00e1ci\u00f3k fejleszt\u00e9se \u00e9s vizsg\u00e1lata in vitro \u00e9s ex vivo rendszerekben (irodalmaz\u00e1s, \u00e9s k\u00eds\u00e9rlet)<\/td>\n<td style=\"height: 47px;width: 26.6739%\">Dr. Balogh G\u00f6rgy Tibor<\/td>\n<\/tr>\n<tr style=\"height: 35px\">\n<td style=\"width: 73.2721%;height: 35px\">\n<p class=\"my-2 [&amp;+p]:mt-4 [&amp;_strong:has(+br)]:inline-block [&amp;_strong:has(+br)]:pb-2\">Szem\u00e9szeti k\u00e9sz\u00edtm\u00e9nyek fejleszt\u00e9se s\u00falytalans\u00e1gban t\u00f6rt\u00e9n\u0151 alkalmaz\u00e1sra (irodalmaz\u00e1s, \u00e9s k\u00eds\u00e9rlet)<\/p>\n<\/td>\n<td style=\"width: 26.6739%;height: 35px\">Dr. Balogh G\u00f6rgy Tibor<\/td>\n<\/tr>\n<tr style=\"height: 48px\">\n<td style=\"height: 47px;width: 73.2721%\"><span style=\"color: #000000\">Szil\u00e1rd formul\u00e1ci\u00f3s lehet\u0151s\u00e9gek a szem\u00e9szetben (irodalmaz\u00e1s, \u00e9s k\u00eds\u00e9rlet)<\/span><\/td>\n<td style=\"height: 47px;width: 26.6739%\">Dr. Balogh G\u00f6rgy Tibor<\/td>\n<\/tr>\n<tr style=\"height: 48px\">\n<td style=\"height: 47px;width: 73.2721%\">Optikailag akt\u00edv hat\u00f3anyagok felsz\u00edv\u00f3d\u00e1s\u00e1nak vizsg\u00e1lata (irodalmaz\u00e1s, \u00e9s k\u00eds\u00e9rlet)<\/td>\n<td style=\"height: 47px;width: 26.6739%\">Dr. Balogh G\u00f6rgy Tibor<\/td>\n<\/tr>\n<tr style=\"height: 32px\">\n<td style=\"width: 73.2721%;height: 32px\"><span style=\"color: #0000ff\">Simaizom relax\u00e1nsok gy\u00f3gyszer\u00e9szi k\u00e9mi\u00e1ja (irodalmaz\u00e1s)<\/span><\/td>\n<td style=\"width: 26.6739%;height: 32px\">Dr. B\u00e1rdos Vivien<\/td>\n<\/tr>\n<tr style=\"height: 32px\">\n<td style=\"width: 73.2721%;height: 32px\"><span style=\"color: #0000ff\">Tr\u00f3pusi parazitafert\u0151z\u00e9sek gy\u00f3gyszerinek gy\u00f3gyszer\u00e9szi k\u00e9mi\u00e1ja (irodalmaz\u00e1s)<\/span><\/td>\n<td style=\"width: 26.6739%;height: 32px\">Dr. B\u00e1rdos Vivien<\/td>\n<\/tr>\n<tr style=\"height: 52px\">\n<td style=\"width: 73.2721%;height: 52px\">\n<p><span style=\"color: #0000ff\">Hat\u00f3anyagok feh\u00e9rjek\u00f6t\u0151d\u00e9s\u00e9nek vizsg\u00e1lata (irodalmaz\u00e1s)<\/span><\/p>\n<\/td>\n<td style=\"width: 26.6739%;height: 52px\">Dr. Dombi Gergely<\/td>\n<\/tr>\n<tr style=\"height: 48px\">\n<td style=\"height: 47px;width: 73.2721%\"><span style=\"color: #0000ff\">Kir\u00e1lis anyagok vizsg\u00e1lata gy\u00f3gyszerk\u00f6nyvekben (irodalmaz\u00e1s)<\/span><\/td>\n<td style=\"height: 47px;width: 26.6739%\">Dr. Dombi Gergely, Dr. T\u00f3th Gerg\u0151<\/td>\n<\/tr>\n<tr style=\"height: 48px\">\n<td style=\"height: 47px;width: 73.2721%\">\u00daj, enantiomer- \u00e9s neh\u00e9zf\u00e9mion-szelekt\u00edv makrociklusok szint\u00e9zise<\/td>\n<td style=\"height: 47px;width: 26.6739%\">Dr. Golcs \u00c1d\u00e1m<\/td>\n<\/tr>\n<tr style=\"height: 48px\">\n<td style=\"height: 47px;width: 73.2721%\">Microplate alap\u00fa szint\u00e9zist\u00e1mogat\u00f3 elv\u00e1laszt\u00e1stechnikai elj\u00e1r\u00e1sok fejleszt\u00e9se<\/td>\n<td style=\"height: 47px;width: 26.6739%\">Dr. Golcs \u00c1d\u00e1m<\/td>\n<\/tr>\n<tr style=\"height: 48px\">\n<td style=\"height: 47px;width: 73.2721%\">K\u00e9pfeldolgoz\u00e1s alap\u00fa neh\u00e9zf\u00e9mion-szelekt\u00edv microplate-optoszenzorok fejleszt\u00e9se<\/td>\n<td style=\"height: 47px;width: 26.6739%\">Dr. Golcs \u00c1d\u00e1m<\/td>\n<\/tr>\n<tr style=\"height: 32px\">\n<td style=\"width: 73.2721%;height: 32px\">C\u00e9lzott hat\u00f3anyaglead\u00f3 rendszerek fejleszt\u00e9se a r\u00e1kkutat\u00e1sban (munkav\u00e9gz\u00e9s a Cyclolab Kft.-n\u00e9l)<\/td>\n<td style=\"width: 26.6739%;height: 32px\">Herr Dominika, Dr. Balogh Gy\u00f6rgy Tibor<\/td>\n<\/tr>\n<tr style=\"height: 62px\">\n<td style=\"width: 73.2721%;height: 62px\">\n<p>Empirikus m\u00f3dszerek morfin\u00e1nv\u00e1zas alkaloidok szerkezet\u00e9nek becsl\u00e9s\u00e9re Cirkul\u00e1ris Dikroizmus spektrumaik alapj\u00e1n<\/p>\n<\/td>\n<td style=\"width: 26.6739%;height: 62px\">Dr. Horv\u00e1th P\u00e9ter<\/td>\n<\/tr>\n<tr style=\"height: 62px\">\n<td style=\"width: 73.2721%;height: 62px\">\n<p><span style=\"color: #0000ff\">A pol\u00e1ris molekulafelsz\u00edn kapcsolata gy\u00f3gyszermolekul\u00e1k lipofilit\u00e1s\u00e1val \u00e9s ciklodextrin komplexeinek stabilit\u00e1s\u00e1val (irodalmaz\u00e1s)<\/span><\/p>\n<\/td>\n<td style=\"width: 26.6739%;height: 62px\">Dr. Horv\u00e1th P\u00e9ter, Dr. Maz\u00e1k K\u00e1roly<\/td>\n<\/tr>\n<tr style=\"height: 52px\">\n<td style=\"width: 73.2721%;height: 52px\">\n<p>Arom\u00e1s gy\u0171r\u0171ben szubsztitu\u00e1lt morfin- \u00e9s kodeinsz\u00e1rmaz\u00e9kok szint\u00e9zise<\/p>\n<\/td>\n<td style=\"width: 26.6739%;height: 52px\">Dr. Hosztafi S\u00e1ndor<\/td>\n<\/tr>\n<tr style=\"height: 62px\">\n<td style=\"width: 73.2721%;height: 62px\">M\u00e9r\u0151t\u00e1lca alap\u00fa UV-pH titr\u00e1l\u00e1sos m\u00f3dszerek fejleszt\u00e9se gy\u00f3gyszer-makromolekula k\u00f6lcs\u00f6nhat\u00e1sok vizsg\u00e1lat\u00e1ra<\/td>\n<td style=\"width: 26.6739%;height: 62px\">Dr. Maz\u00e1k K\u00e1roly<\/td>\n<\/tr>\n<tr style=\"height: 32px\">\n<td style=\"width: 73.2721%;height: 32px\"><span style=\"color: #0000ff\">A mal\u00e1ria elleni szerek gy\u00f3gyszer\u00e9szi k\u00e9mi\u00e1ja (f\u0151k\u00e9nt irodalmaz\u00e1s)<\/span><\/td>\n<td style=\"width: 26.6739%;height: 32px\">Dr. Maz\u00e1k K\u00e1roly<\/td>\n<\/tr>\n<tr style=\"height: 32px\">\n<td style=\"width: 73.2721%;height: 32px\"><span style=\"color: #0000ff\">Gy\u00f3gyszermolekul\u00e1k neveinek etimol\u00f3gi\u00e1ja (irodalmaz\u00e1s)<\/span><\/td>\n<td style=\"width: 26.6739%;height: 32px\">Dr. Maz\u00e1k K\u00e1roly<\/td>\n<\/tr>\n<tr style=\"height: 62px\">\n<td style=\"width: 73.2721%;height: 62px\"><span style=\"color: #0000ff\">A proton\u00e1l\u00f3d\u00e1s hat\u00e1sa gy\u00f3gyszer- \u00e9s biomolekul\u00e1k ciklodextrin komplexeinek stabilit\u00e1s\u00e1ra\u00a0 (irodalmaz\u00e1s)<\/span><\/td>\n<td style=\"width: 26.6739%;height: 62px\">Dr. Maz\u00e1k K\u00e1roly<\/td>\n<\/tr>\n<tr style=\"height: 62px\">\n<td style=\"width: 73.2721%;height: 62px\"><span style=\"color: #0000ff\">Az Eur\u00f3pai Uni\u00f3 esszenci\u00e1lis gy\u00f3gyszerlist\u00e1ja a gy\u00f3gyszer\u00e9szi k\u00e9mia szemsz\u00f6g\u00e9b\u0151l (irodalmaz\u00e1s)<\/span><\/td>\n<td style=\"width: 26.6739%;height: 62px\">Dr. Maz\u00e1k K\u00e1roly, Dr. B\u00e1rdos Vivien<\/td>\n<\/tr>\n<tr style=\"height: 32px\">\n<td style=\"width: 73.2721%;height: 32px\"><span style=\"color: #000000\">Protonpumpa g\u00e1tl\u00f3 gy\u00f3gyszerek kir\u00e1lis anal\u00edzise<\/span><\/td>\n<td style=\"width: 26.6739%;height: 32px\">Dr. Maz\u00e1kn\u00e9 Kraszni M\u00e1rta<\/td>\n<\/tr>\n<tr style=\"height: 62px\">\n<td style=\"width: 73.2721%;height: 62px\">Axi\u00e1lis ligandumok hat\u00e1sa metalloporfirin alap\u00fa biomimetikus rendszerre<\/td>\n<td style=\"width: 26.6739%;height: 62px\">Moh\u00e1csi Zsombor, Dr. Balogh Gy\u00f6rgy Tibor<\/td>\n<\/tr>\n<tr style=\"height: 62px\">\n<td style=\"width: 73.2721%;height: 62px\">Nitrog\u00e9n oldall\u00e1ncban amin-, vagy amid szubsztituenst tartalmaz\u00f3 \u00faj nor-\u00f3pi\u00e1t sz\u00e1rmaz\u00e9kok szint\u00e9zise \u00e9s szerkezetvizsg\u00e1lata<\/td>\n<td style=\"width: 26.6739%;height: 62px\">Dr. Simon Bal\u00e1zs<\/td>\n<\/tr>\n<tr style=\"height: 62px\">\n<td style=\"width: 73.2721%;height: 62px\"><span style=\"color: #0000ff\">Nitrog\u00e9n(ek)en szubsztitu\u00e1lt urea \u00e9s tiourea sz\u00e1rmaz\u00e9kok gy\u00f3gy\u00e1szati felhaszn\u00e1l\u00e1s\u00e1nak lehet\u0151s\u00e9gei (irodalmaz\u00e1s)<\/span><\/td>\n<td style=\"width: 26.6739%;height: 62px\">Dr. Simon Bal\u00e1zs<\/td>\n<\/tr>\n<tr style=\"height: 32px\">\n<td style=\"width: 73.2721%;height: 32px\">Hat\u00f3anyag\u2013ciklodextrin interakci\u00f3k plate-alap\u00fa nagy \u00e1tereszt\u0151k\u00e9pess\u00e9g\u0171 sz\u0171r\u00e9se \u00e9s f\u00e1zisoldhat\u00f3s\u00e1gi vizsg\u00e1lata<\/td>\n<td style=\"width: 26.6739%;height: 32px\">Stifter-Mursits Marcell<\/td>\n<\/tr>\n<tr style=\"height: 52px\">\n<td style=\"width: 73.2721%;height: 52px\" width=\"73%\">\n<p>Kir\u00e1lis elv\u00e1laszt\u00e1sok ciklodextrin- \u00e9s poliszacharid \u00e1ll\u00f3f\u00e1zisokon<\/p>\n<\/td>\n<td style=\"width: 26.6739%;height: 52px\">\n<p>Dr. T\u00f3th Gerg\u0151<\/p>\n<\/td>\n<\/tr>\n<tr style=\"height: 32px\">\n<td style=\"width: 73.2721%;height: 32px\">\u00daj gener\u00e1ci\u00f3s oldhat\u00f3s\u00e1gi tesztplatform robotiz\u00e1lt k\u00e9miai szint\u00e9zisek t\u00e1mogat\u00e1s\u00e1ra<\/td>\n<td style=\"width: 26.6739%;height: 32px\">\n<p>Dr. Vincze Anna, Dr. Angi R\u00e9ka<\/p>\n<\/td>\n<\/tr>\n<\/tbody>\n<\/table>\n<p>&nbsp;<\/p>\n","protected":false},"excerpt":{"rendered":"<p>A 2025-ben meghirdet\u00e9sre ker\u00fcl\u0151 szakdolgozati t\u00e9m\u00e1k:\u00a0 T\u00c9MA T\u00c9MAVEZET\u0150(K) K\u00eds\u00e9rleti modellek fejleszt\u00e9se a naz\u00e1lis gy\u00f3gyszerfelsz\u00edv\u00f3d\u00e1s vizsg\u00e1lat\u00e1ra Dr. Angi R\u00e9ka In vitro PAMPA modellek tov\u00e1bbfejleszt\u00e9se sz\u00f6vet-specifikus \u00e9s formul\u00e1ci\u00f3s t\u00e9nyez\u0151k hat\u00e1s\u00e1nak tanulm\u00e1nyoz\u00e1s\u00e1ra Dr. Angi R\u00e9ka \u00daj szem\u00e9szeti formul\u00e1ci\u00f3k fejleszt\u00e9se \u00e9s vizsg\u00e1lata in vitro \u00e9s ex vivo rendszerekben (irodalmaz\u00e1s, \u00e9s k\u00eds\u00e9rlet) Dr. Balogh G\u00f6rgy Tibor Szem\u00e9szeti k\u00e9sz\u00edtm\u00e9nyek fejleszt\u00e9se s\u00falytalans\u00e1gban &hellip;<\/p>\n","protected":false},"author":298,"featured_media":0,"parent":10,"menu_order":3,"comment_status":"closed","ping_status":"closed","template":"","meta":{"_acf_changed":false,"footnotes":""},"categories":[22],"tags":[],"class_list":["post-210","page","type-page","status-publish","hentry","category-oktatas"],"acf":[],"_links":{"self":[{"href":"https:\/\/semmelweis.hu\/gyogyszereszi-kemia\/wp-json\/wp\/v2\/pages\/210","targetHints":{"allow":["GET"]}}],"collection":[{"href":"https:\/\/semmelweis.hu\/gyogyszereszi-kemia\/wp-json\/wp\/v2\/pages"}],"about":[{"href":"https:\/\/semmelweis.hu\/gyogyszereszi-kemia\/wp-json\/wp\/v2\/types\/page"}],"author":[{"embeddable":true,"href":"https:\/\/semmelweis.hu\/gyogyszereszi-kemia\/wp-json\/wp\/v2\/users\/298"}],"replies":[{"embeddable":true,"href":"https:\/\/semmelweis.hu\/gyogyszereszi-kemia\/wp-json\/wp\/v2\/comments?post=210"}],"version-history":[{"count":12,"href":"https:\/\/semmelweis.hu\/gyogyszereszi-kemia\/wp-json\/wp\/v2\/pages\/210\/revisions"}],"predecessor-version":[{"id":2986,"href":"https:\/\/semmelweis.hu\/gyogyszereszi-kemia\/wp-json\/wp\/v2\/pages\/210\/revisions\/2986"}],"up":[{"embeddable":true,"href":"https:\/\/semmelweis.hu\/gyogyszereszi-kemia\/wp-json\/wp\/v2\/pages\/10"}],"wp:attachment":[{"href":"https:\/\/semmelweis.hu\/gyogyszereszi-kemia\/wp-json\/wp\/v2\/media?parent=210"}],"wp:term":[{"taxonomy":"category","embeddable":true,"href":"https:\/\/semmelweis.hu\/gyogyszereszi-kemia\/wp-json\/wp\/v2\/categories?post=210"},{"taxonomy":"post_tag","embeddable":true,"href":"https:\/\/semmelweis.hu\/gyogyszereszi-kemia\/wp-json\/wp\/v2\/tags?post=210"}],"curies":[{"name":"wp","href":"https:\/\/api.w.org\/{rel}","templated":true}]}}