{"id":2082,"date":"2024-01-11T09:48:31","date_gmt":"2024-01-11T08:48:31","guid":{"rendered":"https:\/\/semmelweis.hu\/gyogyszereszi-kemia\/?page_id=2082"},"modified":"2025-06-13T09:54:35","modified_gmt":"2025-06-13T07:54:35","slug":"bemutatkozas-dr-palla-tamas-ph-d","status":"publish","type":"page","link":"https:\/\/semmelweis.hu\/gyogyszereszi-kemia\/munkatarsak\/bemutatkozas-dr-palla-tamas-ph-d\/","title":{"rendered":"Bemutatkoz\u00e1s &#8211; Dr. P\u00e1lla Tam\u00e1s"},"content":{"rendered":"<div class=\"row\">\n<div class=\"col-4\"><img loading=\"lazy\" decoding=\"async\" class=\"size-full wp-image-1625 alignleft\" src=\"https:\/\/semmelweis.hu\/gyogyszereszi-kemia\/files\/2024\/01\/DSC_0719_1-scaled.jpg\" alt=\"\" width=\"274\" height=\"346\" \/><\/div>\n<div class=\"col-8\">\n<div class=\"row\">\n<div class=\"col-3\"><strong>N\u00e9v: Beoszt\u00e1s: Telefonsz\u00e1m: E-mail c\u00edm: Iroda:<\/strong><\/div>\n<div class=\"col-9\">Dr. P\u00e1lla Tam\u00e1s<br \/>\negyetemi adjunktus, tanulm\u00e1nyi felel\u0151s<br \/>\n476-3600, 53042 <br \/>\npalla.tamas@semmelweis.hu<br \/>\n1. emelet 2.<\/div>\n<\/div>\n<div class=\"row mt-3\">\n<div class=\"col-12\">A gy\u00f3gyszer\u00e9sz diploma megszerz\u00e9se ut\u00e1n a TDK hallgat\u00f3k\u00e9nt megkezdett tudom\u00e1nyos munk\u00e1t PhD hallgat\u00f3k\u00e9nt folytattam a Gy\u00f3gyszer\u00e9szi K\u00e9miai Int\u00e9zetn\u00e9l. A doktori fokozat megszerz\u00e9se ut\u00e1n el\u0151bb tan\u00e1rseg\u00e9dk\u00e9nt, jelenleg pedig adjunktusk\u00e9nt v\u00e9gzem oktat\u00f3-kutat\u00f3 munk\u00e1mat. Kutat\u00f3csoportunk f\u0151 ter\u00fclete a m\u00e1gneses magrezonancia (NMR) spektroszk\u00f3pia, amit kismolekul\u00e1k, kisebb peptidek \u00e9s feh\u00e9rj\u00e9k fiziko-k\u00e9miai param\u00e9tereinek meghat\u00e1roz\u00e1s\u00e1ra haszn\u00e1lunk. F\u0151bb profilom a szel\u00e9ntartalm\u00fa kismolekul\u00e1k vizsg\u00e1lata, melyek egy az irodalomban kev\u00e9sb\u00e9 j\u00f3l k\u00f6r\u00fclj\u00e1rt, 77Se NMR technik\u00e1val is m\u00e9rhet\u0151ek. Egyetemi oktat\u00f3k\u00e9nt k\u00fcl\u00f6nf\u00e9le k\u00e9mi\u00e1val kapcsolatos tant\u00e1rgyakat tan\u00edtok els\u0151-, m\u00e1sod- \u00e9s harmad\u00e9ves hallgat\u00f3knak. A magas sz\u00ednvonal\u00fa oktat\u00e1s, a hallgat\u00f3k sz\u00e1m\u00e1ra motiv\u00e1l\u00f3 l\u00e9gk\u00f6r kialak\u00edt\u00e1sa mindig is f\u0151 szempontk\u00e9nt szerepelt el\u0151ttem.<\/div>\n<\/div>\n<\/div>\n<\/div>\n<p class=\"mt-3\"><strong>Tanulm\u00e1nyok:<\/strong><\/p>\n<ul>\n<li>2016 \u2013 Semmelweis Egyetem \u2013 gy\u00f3gyszer\u00e9sz<\/li>\n<li>2021 \u2013 Semmelweis Egyetem \u2013 PhD, gy\u00f3gyszertudom\u00e1nyok<\/li>\n<li>2022 \u2013 Semmelweis Egyetem \u2013 szakgy\u00f3gyszer\u00e9sz, min\u0151s\u00e9gbiztos\u00edt\u00e1s<\/li>\n<\/ul>\n<p><strong>Szakmai tapasztalat:<\/strong><\/p>\n<ul style=\"list-style-type: square\">\n<li>2018 \u2013 Semmelweis Egyetem, Gy\u00f3gyszer\u00e9szi K\u00e9miai Int\u00e9zet \u2013 tan\u00e1rseg\u00e9d<\/li>\n<li>2023 \u2013 Semmelweis Egyetem, Gy\u00f3gyszer\u00e9szi K\u00e9miai Int\u00e9zet \u2013 adjunktus<\/li>\n<\/ul>\n<p><strong>Oktatott t\u00e1rgyak:<\/strong><\/p>\n<ul style=\"list-style-type: square\">\n<li>\u00c1ltal\u00e1nos \u00e9s szervetlen k\u00e9mia I. \u2013 magyar \u00e9s angol k\u00e9pz\u00e9sben tanulm\u00e1nyi felel\u0151s<\/li>\n<li>\u00c1ltal\u00e1nos k\u00e9miai alapismeretek \u2013 tant\u00e1rgyfelel\u0151s<\/li>\n<li>\u00c1ltal\u00e1nos \u00e9s szervetlen k\u00e9mia II. \u2013 magyar \u00e9s angol k\u00e9pz\u00e9sben tanulm\u00e1nyi felel\u0151s<\/li>\n<li>\u00c1ltal\u00e1nos \u00e9s szervetlen k\u00e9miai alapsz\u00e1m\u00edt\u00e1sok \u2013 tant\u00e1rgyfelel\u0151s<\/li>\n<li>Analitikai k\u00e9mia I.<\/li>\n<li>Analitikai k\u00e9mia II.<\/li>\n<li>Gy\u00f3gyszerk\u00e9mia \u00e9s anal\u00edzis I.<\/li>\n<li>Gy\u00f3gyszerk\u00e9mia \u00e9s anal\u00edzis II.<\/li>\n<\/ul>\n<p><strong>V\u00e1logatott publik\u00e1ci\u00f3k:<\/strong><\/p>\n<ol>\n<li><strong>P\u00e1lla, Tam\u00e1s<\/strong>; Kolomp\u00e1r, Zsolt ; Maz\u00e1k, K\u00e1roly ; Mirzahosseini, Arash ; Nosz\u00e1l, B\u00e9la (2023): Estimating the Bias of Model Compounds for the Determination of Species-Specific Protonation Constants. <em>ACS Omega<\/em> 9(1) 896.\u00a0<\/li>\n<li><strong>P\u00e1lla, Tam\u00e1s<\/strong>; Mirzahosseini, Arash ; Nosz\u00e1l, B\u00e9la (2023): Properties of Selenolate-Diselenide Redox Equilibria in View of Their Thiolate-Disulfide Counterparts. <em>Antioxidants<\/em> 12(4) 822.<\/li>\n<li><strong>P\u00e1lla, Tam\u00e1s<\/strong>; Herbath, Laura ; Maz\u00e1k, K\u00e1roly ; Mirzahosseini, Arash ; Nosz\u00e1l, B\u00e9la (2022): Selenate \u2013 An internal chemical shift standard for aqueous 77 Se NMR spectroscopy. <em>Magnetic Resonance in Chemistry<\/em> 60(1) 148-156.<\/li>\n<li><strong>P\u00e1lla, Tam\u00e1s<\/strong>; Mirzahosseini, Arash ; Nosz\u00e1l, B\u00e9la (2020): Species-Specific, pH-Independent, Standard Redox Potential of Selenocysteine and Selenocysteamine. <em>Antioxidants<\/em> 9(6) 465.<\/li>\n<li><strong>P\u00e1lla, Tam\u00e1s<\/strong>; Mirzahosseini, Arash ; Nosz\u00e1l, B\u00e9la (2020): The species-specific acid-base and multinuclear magnetic resonance properties of selenocysteamine, selenocysteine, and their homodiselenides. <em>Chemical Physics Letters<\/em> 741 137076.<\/li>\n<\/ol>\n<p><strong>MTMT link: <\/strong><a href=\"https:\/\/m2.mtmt.hu\/api\/author\/10057350\">https:\/\/m2.mtmt.hu\/api\/author\/10057350<\/a><\/p>\n<p>&nbsp;<\/p>\n","protected":false},"excerpt":{"rendered":"<p>N\u00e9v: Beoszt\u00e1s: Telefonsz\u00e1m: E-mail c\u00edm: Iroda: Dr. P\u00e1lla Tam\u00e1s egyetemi adjunktus, tanulm\u00e1nyi felel\u0151s 476-3600, 53042 palla.tamas@semmelweis.hu 1. emelet 2. A gy\u00f3gyszer\u00e9sz diploma megszerz\u00e9se ut\u00e1n a TDK hallgat\u00f3k\u00e9nt megkezdett tudom\u00e1nyos munk\u00e1t PhD hallgat\u00f3k\u00e9nt folytattam a Gy\u00f3gyszer\u00e9szi K\u00e9miai Int\u00e9zetn\u00e9l. A doktori fokozat megszerz\u00e9se ut\u00e1n el\u0151bb tan\u00e1rseg\u00e9dk\u00e9nt, jelenleg pedig adjunktusk\u00e9nt v\u00e9gzem oktat\u00f3-kutat\u00f3 munk\u00e1mat. Kutat\u00f3csoportunk f\u0151 ter\u00fclete a m\u00e1gneses &hellip;<\/p>\n","protected":false},"author":102300,"featured_media":0,"parent":1674,"menu_order":0,"comment_status":"closed","ping_status":"closed","template":"template-fullwidth.php","meta":{"_acf_changed":false,"footnotes":""},"categories":[18],"tags":[],"class_list":["post-2082","page","type-page","status-publish","hentry","category-bemutatkozo-oldal"],"acf":[],"_links":{"self":[{"href":"https:\/\/semmelweis.hu\/gyogyszereszi-kemia\/wp-json\/wp\/v2\/pages\/2082","targetHints":{"allow":["GET"]}}],"collection":[{"href":"https:\/\/semmelweis.hu\/gyogyszereszi-kemia\/wp-json\/wp\/v2\/pages"}],"about":[{"href":"https:\/\/semmelweis.hu\/gyogyszereszi-kemia\/wp-json\/wp\/v2\/types\/page"}],"author":[{"embeddable":true,"href":"https:\/\/semmelweis.hu\/gyogyszereszi-kemia\/wp-json\/wp\/v2\/users\/102300"}],"replies":[{"embeddable":true,"href":"https:\/\/semmelweis.hu\/gyogyszereszi-kemia\/wp-json\/wp\/v2\/comments?post=2082"}],"version-history":[{"count":5,"href":"https:\/\/semmelweis.hu\/gyogyszereszi-kemia\/wp-json\/wp\/v2\/pages\/2082\/revisions"}],"predecessor-version":[{"id":2220,"href":"https:\/\/semmelweis.hu\/gyogyszereszi-kemia\/wp-json\/wp\/v2\/pages\/2082\/revisions\/2220"}],"up":[{"embeddable":true,"href":"https:\/\/semmelweis.hu\/gyogyszereszi-kemia\/wp-json\/wp\/v2\/pages\/1674"}],"wp:attachment":[{"href":"https:\/\/semmelweis.hu\/gyogyszereszi-kemia\/wp-json\/wp\/v2\/media?parent=2082"}],"wp:term":[{"taxonomy":"category","embeddable":true,"href":"https:\/\/semmelweis.hu\/gyogyszereszi-kemia\/wp-json\/wp\/v2\/categories?post=2082"},{"taxonomy":"post_tag","embeddable":true,"href":"https:\/\/semmelweis.hu\/gyogyszereszi-kemia\/wp-json\/wp\/v2\/tags?post=2082"}],"curies":[{"name":"wp","href":"https:\/\/api.w.org\/{rel}","templated":true}]}}