{"id":2080,"date":"2024-01-11T09:49:07","date_gmt":"2024-01-11T08:49:07","guid":{"rendered":"https:\/\/semmelweis.hu\/gyogyszereszi-kemia\/?page_id=2080"},"modified":"2025-06-13T10:06:56","modified_gmt":"2025-06-13T08:06:56","slug":"bemutatkozas-fekete-zsolt","status":"publish","type":"page","link":"https:\/\/semmelweis.hu\/gyogyszereszi-kemia\/munkatarsak\/bemutatkozas-fekete-zsolt\/","title":{"rendered":"Bemutatkoz\u00e1s &#8211; Fekete Zsolt"},"content":{"rendered":"<div class=\"row\">\n<div class=\"col-4\"><img loading=\"lazy\" decoding=\"async\" class=\"alignnone size-full wp-image-1857\" src=\"https:\/\/semmelweis.hu\/gyogyszereszi-kemia\/files\/2024\/01\/DSC_0708_1-scaled.jpg\" alt=\"\" width=\"288\" height=\"383\" \/><\/div>\n<div class=\"col-8\">\n<div class=\"row\">\n<div class=\"col-3\"><strong>N\u00e9v: Beoszt\u00e1s: Telefonsz\u00e1m: E-mail c\u00edm: Munkahely:<\/strong><\/div>\n<div class=\"col-9\">Fekete Zsolt<br \/>\nPh.D. hallgat\u00f3<br \/>\n06706216220<br \/>\nfekete.zsolt@phd.semmelweis.hu<br \/>\nCRL Hungary Kft. 6724 Szeged, Szil\u00e1nk k\u00f6z 3.<\/div>\n<\/div>\n<div class=\"row mt-3\">\n<div class=\"col-12\">Az SE Doktori Iskola hallgat\u00f3jak\u00e9nt a munk\u00e1ltat\u00f3m, a Charles River Laboratories Hungary Kft szegedi telephely\u00e9n v\u00e9gzem a kutat\u00f3munk\u00e1mat. A projekt c\u00e9lja egy olyan in vitro elj\u00e1r\u00e1s kidolgoz\u00e1sa, amely alkalmas bizonyos biol\u00f3giai gy\u00f3gyszereknek az \u00e1ltaluk kiv\u00e1ltott immunreakci\u00f3k \u00e1ltal okozott, a m\u00e1jban tal\u00e1lhat\u00f3 gy\u00f3gyszer-metaboliz\u00e1l\u00f3 enzimek expresszi\u00f3j\u00e1nak v\u00e1ltoz\u00e1s\u00e1nak kimutat\u00e1s\u00e1ra, \u00e9s az ezen alapul\u00f3 gy\u00f3gyszer-gy\u00f3gyszer k\u00f6lcs\u00f6nhat\u00e1sok el\u0151rejelz\u00e9s\u00e9re.<\/div>\n<\/div>\n<\/div>\n<\/div>\n<p class=\"mt-3\"><strong>Tanulm\u00e1nyok:<\/strong><\/p>\n<ul style=\"list-style-type: square\">\n<li>2000 \u2013 J\u00f3zsef Attila Tudom\u00e1nyegyetem Szeged &#8211; jog\u00e1sz<\/li>\n<li>2009 \u2013 Szegedi Tudom\u00e1nyegyetem \u2013 Biol\u00f3gia BSc<\/li>\n<li>2011 \u2013 Szegedi Tudom\u00e1nyegyetem \u2013 Okleveles biol\u00f3gus MSc<\/li>\n<\/ul>\n<p><strong>Szakmai tapasztalat:<\/strong><\/p>\n<ul style=\"list-style-type: square\">\n<li>2007-2009 \u2013 SOLVO Zrt &#8211; p\u00e1ly\u00e1zat\u00edr\u00f3<\/li>\n<li>2009-2011 \u2013 SOLVO Zrt &#8211; junior kutat\u00f3<\/li>\n<li>2011-2015 \u2013 SOLVO Zrt. \u2013 kutat\u00f3<\/li>\n<li>2016 \u2013 SOLVO Zrt. &#8211; study director<\/li>\n<li>2016-2017 SOLVO Zrt \u2013 study manager<\/li>\n<li>2017-2020 \u2013 SOLVO Zrt \u2013 senior kutat\u00f3<\/li>\n<li>2021- Charles River Laboratories Hungary Kft &#8211; Metabolizmus Laborvezet\u0151<\/li>\n<\/ul>\n<p><strong>V\u00e1logatott publik\u00e1ci\u00f3k:<\/strong><\/p>\n<ol>\n<li><span class=\"authors-list-item \">B. Kalapos-Kov\u00e1cs<span class=\"comma\">,\u00a0<\/span><\/span><span class=\"authors-list-item \">B. Magda<span class=\"comma\">,\u00a0<\/span><\/span><span class=\"authors-list-item \">M. Jani<span class=\"comma\">,\u00a0<\/span><\/span><span class=\"authors-list-item \"><strong>Zs. Fekete<\/strong><span class=\"comma\">,\u00a0<\/span><\/span><span class=\"authors-list-item \">P. T. Szab\u00f3<span class=\"comma\">,\u00a0<\/span><\/span><span class=\"authors-list-item \">I. Antal<span class=\"comma\">,\u00a0<\/span><\/span><span class=\"authors-list-item \">P. Krajcsi<span class=\"comma\">,\u00a0<\/span><\/span><span class=\"authors-list-item \">I. Klebovich <\/span>(2015): Multiple ABC Transporters Efflux Baicalin, <em>Phytother. Res.<\/em>, 29(12) 1987-1990. <br \/>\n<a href=\"https:\/\/doi.org\/10.1002\/ptr.5477\">https:\/\/doi.org\/10.1002\/ptr.5477<\/a><\/li>\n<li><span class=\"authors-list-item \">Zs. S\u00e1f\u00e1r<span class=\"comma\">,\u00a0<\/span><\/span><span class=\"authors-list-item \">M. Jani<span class=\"comma\">,\u00a0<\/span><\/span><span class=\"authors-list-item \">I. Makai<span class=\"comma\">,\u00a0<\/span><\/span><span class=\"authors-list-item \"><strong>Zs. Fekete<\/strong><span class=\"comma\">,\u00a0<\/span><\/span><span class=\"authors-list-item \">A. Bui<span class=\"comma\">,\u00a0<\/span><\/span><span class=\"authors-list-item \">\u00c9. Moln\u00e1r<span class=\"comma\">,\u00a0<\/span><\/span><span class=\"authors-list-item \">P. P\u00e1d\u00e1r<span class=\"comma\">,\u00a0<\/span><\/span><span class=\"authors-list-item \">J. R. Pratt<span class=\"comma\">,\u00a0<\/span><\/span><span class=\"authors-list-item \">E. Kis<span class=\"comma\">,\u00a0<\/span><\/span><span class=\"authors-list-item \">E. Be\u00e9ry<span class=\"comma\">,\u00a0<\/span><\/span><span class=\"authors-list-item \">P. Krajcsi\u00a0<\/span>(2018): Correlation Analysis of Potential Breast Cancer Resistance Protein Probes in Different Monolayer Systems, <em>J. Pharm. Sci.<\/em>, 107(11). 2742-2747. <br \/>\n<a href=\"https:\/\/doi.org\/10.1016\/j.xphs.2018.07.014\">https:\/\/doi.org\/<span class=\"identifier doi\">10.1016\/j.xphs.2018.07.014<\/span><\/a><\/li>\n<li><span class=\"authors-list-item \">K. Her\u00e9di-Szab\u00f3<span class=\"comma\">,\u00a0<\/span><\/span><span class=\"authors-list-item \">J. E. Palm<span class=\"comma\">,\u00a0<\/span><\/span><span class=\"authors-list-item \">T. B. Andersson<span class=\"comma\">,\u00a0<\/span><\/span><span class=\"authors-list-item \">\u00c1. P\u00e1l<span class=\"comma\">,\u00a0<\/span><\/span><span class=\"authors-list-item \">D. M\u00e9hn<span class=\"comma\">,\u00a0<\/span><\/span><span class=\"authors-list-item \"><strong>Zs. Fekete<\/strong><span class=\"comma\"><strong>,<\/strong>\u00a0<\/span><\/span><span class=\"authors-list-item \">E. Be\u00e9ry<span class=\"comma\">,\u00a0<\/span><\/span><span class=\"authors-list-item \">K. Taubern\u00e9 Jakab<span class=\"comma\">,\u00a0<\/span><\/span><span class=\"authors-list-item \">M. Jani<span class=\"comma\">,\u00a0<\/span><\/span><span class=\"authors-list-item \">P. Krajcsi<\/span> (2013): A P-gp vesicular transport inhibition assay- Optimization and validation for drug-drug interaction testing, <em>Eur.j. Pharm. Sci.<\/em>, 49 (4), 773-781.<br \/>\n<a href=\"https:\/\/doi.org\/10.1016\/j.ejps.2013.04.032\">https:\/\/doi.org\/<span class=\"identifier doi\">10.1016\/j.ejps.2013.04.032<\/span><\/a><\/li>\n<li><span class=\"authors-list-item \"><strong>Zs. Fekete<\/strong><span class=\"comma\">,\u00a0<\/span><\/span><span class=\"authors-list-item \">Zs. Rajnai<span class=\"comma\">,\u00a0<\/span><\/span><span class=\"authors-list-item \">T. Nagy<span class=\"comma\">,\u00a0<\/span><\/span><span class=\"authors-list-item \">K. Taubern\u00e9 Jakab<span class=\"comma\">,\u00a0<\/span><\/span><span class=\"authors-list-item \">A. Kurunczi<span class=\"comma\">,\u00a0<\/span><\/span><span class=\"authors-list-item \">K. G\u00e9mes<span class=\"comma\">,\u00a0<\/span><\/span><span class=\"authors-list-item \">K. Her\u00e9di-Szab\u00f3<span class=\"comma\">,\u00a0<\/span><\/span><span class=\"authors-list-item \">F. F\u00fcl\u00f6p<span class=\"comma\">,\u00a0<\/span><\/span><span class=\"authors-list-item \">G. K. T\u00f3th<span class=\"comma\">,\u00a0<\/span><\/span><span class=\"authors-list-item \">M. Czerwinski<span class=\"comma\">,\u00a0<\/span><\/span><span class=\"authors-list-item \">G. Loewen<span class=\"comma\">,\u00a0<\/span><\/span><span class=\"authors-list-item \">P. Krajcsi<\/span>(2015): Membrane Assays to Characterize Interaction of Drugs with ABCB1, <em>J. Membr. Biol.<\/em>, 248(6) 967-977.<br \/>\n<a href=\"https:\/\/doi.org\/10.1007\/s00232-015-9804-y\"><span class=\"identifier doi\">https:\/\/doi.org\/10.1007\/s00232-015-9804-y<\/span><\/a><\/li>\n<li><span class=\"authors-list-item \">Zs. S\u00e1f\u00e1r<span class=\"comma\">,\u00a0<\/span><\/span><span class=\"authors-list-item \">B. Vask\u00f3<span class=\"comma\">,\u00a0<\/span><\/span><span class=\"authors-list-item \">T. K. Ritchie<span class=\"comma\">,\u00a0<\/span><\/span><span class=\"authors-list-item \">G. Imre<span class=\"comma\">,\u00a0<\/span><\/span><span class=\"authors-list-item \">K. Mogyor\u00f3si<span class=\"comma\">,\u00a0<\/span><\/span><span class=\"authors-list-item \">F. Erd\u0151<span class=\"comma\">,\u00a0<\/span><\/span><span class=\"authors-list-item \">Zs. Rajnai<span class=\"comma\">,\u00a0<\/span><\/span><span class=\"authors-list-item \"><strong>Zs. Fekete<\/strong><span class=\"comma\">,\u00a0<\/span><\/span><span class=\"authors-list-item \">P. Szer\u00e9my<span class=\"comma\">,\u00a0<\/span><\/span><span class=\"authors-list-item \">L. Muka<span class=\"comma\">,\u00a0<\/span><\/span><span class=\"authors-list-item \">J. K. Zolnerciks<span class=\"comma\">,\u00a0<\/span><\/span><span class=\"authors-list-item \">K. Her\u00e9di-Szab\u00f3<span class=\"comma\">,\u00a0<\/span><\/span><span class=\"authors-list-item \">I. Ragueneau-Majlessi<span class=\"comma\">,\u00a0<\/span><\/span><span class=\"authors-list-item \">P. Krajcsi (2015): <\/span>\u00a0Investigating ABCB1-Mediated Drug-Drug Interactions: Considerations for In vitro and In vivo Assay Design, <em>Curr. Drug Metab.<\/em>, 17(5) 430-455.<br \/>\n<a href=\"https:\/\/doi.org\/10.2174\/1389200217666160105111304\">https:\/\/doi.org\/10.2174\/1389200217666160105111304<\/a><\/li>\n<\/ol>\n<p><strong>MTMT link: <\/strong><a href=\"https:\/\/m2.mtmt.hu\/api\/author\/10085512\">https:\/\/m2.mtmt.hu\/api\/author\/10085512<\/a><\/p>\n","protected":false},"excerpt":{"rendered":"<p>N\u00e9v: Beoszt\u00e1s: Telefonsz\u00e1m: E-mail c\u00edm: Munkahely: Fekete Zsolt Ph.D. hallgat\u00f3 06706216220 fekete.zsolt@phd.semmelweis.hu CRL Hungary Kft. 6724 Szeged, Szil\u00e1nk k\u00f6z 3. Az SE Doktori Iskola hallgat\u00f3jak\u00e9nt a munk\u00e1ltat\u00f3m, a Charles River Laboratories Hungary Kft szegedi telephely\u00e9n v\u00e9gzem a kutat\u00f3munk\u00e1mat. A projekt c\u00e9lja egy olyan in vitro elj\u00e1r\u00e1s kidolgoz\u00e1sa, amely alkalmas bizonyos biol\u00f3giai gy\u00f3gyszereknek az \u00e1ltaluk kiv\u00e1ltott &hellip;<\/p>\n","protected":false},"author":102300,"featured_media":0,"parent":1674,"menu_order":0,"comment_status":"closed","ping_status":"closed","template":"template-fullwidth.php","meta":{"_acf_changed":false,"footnotes":""},"categories":[18],"tags":[],"class_list":["post-2080","page","type-page","status-publish","hentry","category-bemutatkozo-oldal"],"acf":[],"_links":{"self":[{"href":"https:\/\/semmelweis.hu\/gyogyszereszi-kemia\/wp-json\/wp\/v2\/pages\/2080","targetHints":{"allow":["GET"]}}],"collection":[{"href":"https:\/\/semmelweis.hu\/gyogyszereszi-kemia\/wp-json\/wp\/v2\/pages"}],"about":[{"href":"https:\/\/semmelweis.hu\/gyogyszereszi-kemia\/wp-json\/wp\/v2\/types\/page"}],"author":[{"embeddable":true,"href":"https:\/\/semmelweis.hu\/gyogyszereszi-kemia\/wp-json\/wp\/v2\/users\/102300"}],"replies":[{"embeddable":true,"href":"https:\/\/semmelweis.hu\/gyogyszereszi-kemia\/wp-json\/wp\/v2\/comments?post=2080"}],"version-history":[{"count":4,"href":"https:\/\/semmelweis.hu\/gyogyszereszi-kemia\/wp-json\/wp\/v2\/pages\/2080\/revisions"}],"predecessor-version":[{"id":2174,"href":"https:\/\/semmelweis.hu\/gyogyszereszi-kemia\/wp-json\/wp\/v2\/pages\/2080\/revisions\/2174"}],"up":[{"embeddable":true,"href":"https:\/\/semmelweis.hu\/gyogyszereszi-kemia\/wp-json\/wp\/v2\/pages\/1674"}],"wp:attachment":[{"href":"https:\/\/semmelweis.hu\/gyogyszereszi-kemia\/wp-json\/wp\/v2\/media?parent=2080"}],"wp:term":[{"taxonomy":"category","embeddable":true,"href":"https:\/\/semmelweis.hu\/gyogyszereszi-kemia\/wp-json\/wp\/v2\/categories?post=2080"},{"taxonomy":"post_tag","embeddable":true,"href":"https:\/\/semmelweis.hu\/gyogyszereszi-kemia\/wp-json\/wp\/v2\/tags?post=2080"}],"curies":[{"name":"wp","href":"https:\/\/api.w.org\/{rel}","templated":true}]}}