{"id":2002,"date":"2024-01-08T14:17:57","date_gmt":"2024-01-08T13:17:57","guid":{"rendered":"https:\/\/semmelweis.hu\/gyogyszereszi-kemia\/?page_id=2002"},"modified":"2025-06-13T09:52:24","modified_gmt":"2025-06-13T07:52:24","slug":"bemutatkozas-angi-reka","status":"publish","type":"page","link":"https:\/\/semmelweis.hu\/gyogyszereszi-kemia\/munkatarsak\/bemutatkozas-angi-reka\/","title":{"rendered":"Bemutatkoz\u00e1s &#8211; Dr. Angi Erzs\u00e9bet R\u00e9ka"},"content":{"rendered":"<div class=\"row\">\n<div class=\"col-4\"><img loading=\"lazy\" decoding=\"async\" class=\"size-full wp-image-1625 alignleft\" src=\"https:\/\/semmelweis.hu\/gyogyszereszi-kemia\/files\/2024\/01\/DSC_0699-scaled.jpg\" alt=\"\" width=\"274\" height=\"346\" \/><\/div>\n<div class=\"col-8\">\n<div class=\"row\">\n<div class=\"col-3\"><strong>N\u00e9v: Beoszt\u00e1s: Telefonsz\u00e1m: E-mail c\u00edm: Iroda:<\/strong><\/div>\n<div class=\"col-9\">Dr. Angi Erzs\u00e9bet R\u00e9ka\u00a0<br \/>\negyetemi adjunktus <br \/>\n476-3600, 53013 <br \/>\nangi.erzsebet@semmelweis.hu <br \/>\n1. emelet 17.<\/div>\n<\/div>\n<div class=\"row mt-3\">\n<div class=\"col-12\">2023 \u00f3ta vagyok a Gy\u00f3gyszer\u00e9szi K\u00e9mia Int\u00e9zetben adjunktus, el\u0151tte gy\u00f3gyszeripari kutat\u00e1s-fejleszt\u00e9s ter\u00fclet\u00e9n dolgoztam. F\u0151bb kutat\u00e1si ter\u00fcletem a gy\u00f3gyszerformul\u00e1ci\u00f3, bele\u00e9rtve a formul\u00e1ci\u00f3 fejleszt\u00e9st \u201ehigh throughput screening\u201d m\u00f3dszerek alkalmaz\u00e1s\u00e1val, valamint az in vitro \u00e9s in vivo jellemz\u00e9seket. A klasszikus in vitro m\u00f3dszerek tov\u00e1bbfejleszt\u00e9s\u00e9vel is foglalkoztam, melynek f\u0151 c\u00e9lja a gy\u00f3gyszerformul\u00e1ci\u00f3k hat\u00e9konys\u00e1g\u00e1nak el\u0151rejelz\u00e9se volt. Munk\u00e1m sor\u00e1n foglalkoztam \u00e1raml\u00e1sos nanoprecipit\u00e1ci\u00f3val, amorf szil\u00e1rd diszperi\u00f3k fejleszt\u00e9s\u00e9vel \u00e9s jellemz\u00e9s\u00fckkel szil\u00e1rd f\u00e1zis\u00fa szerkezetvizsg\u00e1lati m\u00f3dszerekkel. A formul\u00e1ci\u00f3s kutat\u00e1s-fejleszt\u00e9s mellett foglalkoztam gy\u00f3gyszerk\u00e9sz\u00edtm\u00e9nyek nagym\u0171szeres analitikai vizsg\u00e1lat\u00e1val, GMP ir\u00e1nyelveknek megfelel\u0151 technol\u00f3gia transzfer folyamatokban.<\/div>\n<\/div>\n<\/div>\n<\/div>\n<p class=\"mt-3\"><strong>Tanulm\u00e1nyok:<\/strong><\/p>\n<ul style=\"list-style-type: square\">\n<li>2009 Budapesti M\u0171szaki \u00e9s Gazdas\u00e1gtudom\u00e1nyi Egyetem Vegy\u00e9szm\u00e9rn\u00f6ki kar, Vegy\u00e9szm\u00e9rn\u00f6k BSc<\/li>\n<li>2011 Budapesti M\u0171szaki \u00e9s Gazdas\u00e1gtudom\u00e1nyi Egyetem Vegy\u00e9szm\u00e9rn\u00f6ki kar, Vegy\u00e9szm\u00e9rn\u00f6k MSc,<\/li>\n<li>2021 Semmelweis Egyetem Gy\u00f3gyszertudom\u00e1nyok Doktori Iskola, Program: A gy\u00f3gyszer\u00e9szeti tudom\u00e1nyok korszer\u0171 kutat\u00e1si ir\u00e1nyai; PhD fokozat<\/li>\n<\/ul>\n<p><strong>Szakmai tapasztalat:<\/strong><\/p>\n<ul style=\"list-style-type: square\">\n<li>2009-2023 Tavanta Therapeutics Hungary Zrt ( NanGenex Zrt) Vegy\u00e9sz, kutat\u00f3 (Lead scientist)<\/li>\n<\/ul>\n<p><strong>Oktatott t\u00e1rgyak:<\/strong><\/p>\n<ul style=\"list-style-type: square\">\n<li>Gy\u00f3gyszerk\u00e9mia \u00e9s anal\u00edzis<\/li>\n<\/ul>\n<p><strong>V\u00e1logatott publik\u00e1ci\u00f3k:<\/strong><\/p>\n<ol>\n<li><strong>Angi, R<\/strong> ; Solymosi, T ; \u00d6tv\u00f6s, Z ; Ordasi, B ; Glavinas, H ; Filipcsei, G ; Heltovics, G ; Darvas, F (2014): Novel continuous flow technology for the development of a nanostructured Aprepitant formulation with improved pharmacokinetic properties, <em>European Journal of Pharmaceutics and Biopharmaceutics<\/em> 86 (3) 361-368.<\/li>\n<li>Solymosi, T ; <strong>Angi, R<\/strong> ; Basa-Denes, O ; Ranky, S ; Otvos, Z ; Glavinas, H ; Filipcsei, G ; Heltovics, G (2015): Sirolimus formulation with improved pharmacokinetic properties produced by a continuous flow method, <em>European Journal of Pharmaceutics and Biopharmaceutics<\/em> 94, 135-140.<\/li>\n<li>Solymosi, T ; Otvos, Z ; <strong>Angi, R<\/strong> ; Ordasi, B ; Jordan, T ; Semsey, S ; Molnar, L ; Ranky, S ; Filipcsei, G ; Heltovics, G et al. (2017): Development of an abiraterone acetate formulation with improved oral bioavailability guided by absorption modeling based on in vitro dissolution and permeability measurements. <em>International Journal of Pharmaceutics<\/em> 532(1) 427-434.\u00a0<\/li>\n<li><strong>Angi, R\u00e9ka<\/strong> ; Solymosi, Tam\u00e1s ; Erd\u0151si, Nikoletta ; Jord\u00e1n, Tam\u00e1s ; K\u00e1rp\u00e1ti, Bal\u00e1zs ; Basa-D\u00e9nes, Orsolya ; Ujhelyi, Andrea ; McDermott, John ; Roe, Chris ; Mair, Stuart et al. (2019): Preparation, Pre-clinical and Clinical Evaluation of a Novel Rapidly Absorbed Celecoxib Formulation <em>AAPS Pharmscitech<\/em> 20 (2) 15 p.<\/li>\n<\/ol>\n<p><strong>MTMT link: <\/strong><a href=\"https:\/\/m2.mtmt.hu\/api\/author\/10074072\">https:\/\/m2.mtmt.hu\/api\/author\/10074072<\/a><\/p>\n","protected":false},"excerpt":{"rendered":"<p>N\u00e9v: Beoszt\u00e1s: Telefonsz\u00e1m: E-mail c\u00edm: Iroda: Dr. Angi Erzs\u00e9bet R\u00e9ka\u00a0 egyetemi adjunktus 476-3600, 53013 angi.erzsebet@semmelweis.hu 1. emelet 17. 2023 \u00f3ta vagyok a Gy\u00f3gyszer\u00e9szi K\u00e9mia Int\u00e9zetben adjunktus, el\u0151tte gy\u00f3gyszeripari kutat\u00e1s-fejleszt\u00e9s ter\u00fclet\u00e9n dolgoztam. F\u0151bb kutat\u00e1si ter\u00fcletem a gy\u00f3gyszerformul\u00e1ci\u00f3, bele\u00e9rtve a formul\u00e1ci\u00f3 fejleszt\u00e9st \u201ehigh throughput screening\u201d m\u00f3dszerek alkalmaz\u00e1s\u00e1val, valamint az in vitro \u00e9s in vivo jellemz\u00e9seket. A klasszikus &hellip;<\/p>\n","protected":false},"author":102300,"featured_media":0,"parent":1674,"menu_order":0,"comment_status":"closed","ping_status":"closed","template":"template-fullwidth.php","meta":{"_acf_changed":false,"footnotes":""},"categories":[18],"tags":[],"class_list":["post-2002","page","type-page","status-publish","hentry","category-bemutatkozo-oldal"],"acf":[],"_links":{"self":[{"href":"https:\/\/semmelweis.hu\/gyogyszereszi-kemia\/wp-json\/wp\/v2\/pages\/2002","targetHints":{"allow":["GET"]}}],"collection":[{"href":"https:\/\/semmelweis.hu\/gyogyszereszi-kemia\/wp-json\/wp\/v2\/pages"}],"about":[{"href":"https:\/\/semmelweis.hu\/gyogyszereszi-kemia\/wp-json\/wp\/v2\/types\/page"}],"author":[{"embeddable":true,"href":"https:\/\/semmelweis.hu\/gyogyszereszi-kemia\/wp-json\/wp\/v2\/users\/102300"}],"replies":[{"embeddable":true,"href":"https:\/\/semmelweis.hu\/gyogyszereszi-kemia\/wp-json\/wp\/v2\/comments?post=2002"}],"version-history":[{"count":10,"href":"https:\/\/semmelweis.hu\/gyogyszereszi-kemia\/wp-json\/wp\/v2\/pages\/2002\/revisions"}],"predecessor-version":[{"id":2410,"href":"https:\/\/semmelweis.hu\/gyogyszereszi-kemia\/wp-json\/wp\/v2\/pages\/2002\/revisions\/2410"}],"up":[{"embeddable":true,"href":"https:\/\/semmelweis.hu\/gyogyszereszi-kemia\/wp-json\/wp\/v2\/pages\/1674"}],"wp:attachment":[{"href":"https:\/\/semmelweis.hu\/gyogyszereszi-kemia\/wp-json\/wp\/v2\/media?parent=2002"}],"wp:term":[{"taxonomy":"category","embeddable":true,"href":"https:\/\/semmelweis.hu\/gyogyszereszi-kemia\/wp-json\/wp\/v2\/categories?post=2002"},{"taxonomy":"post_tag","embeddable":true,"href":"https:\/\/semmelweis.hu\/gyogyszereszi-kemia\/wp-json\/wp\/v2\/tags?post=2002"}],"curies":[{"name":"wp","href":"https:\/\/api.w.org\/{rel}","templated":true}]}}