{"id":1899,"date":"2023-11-27T16:12:05","date_gmt":"2023-11-27T15:12:05","guid":{"rendered":"https:\/\/semmelweis.hu\/gyogyszereszi-kemia\/?page_id=1899"},"modified":"2026-03-19T13:27:19","modified_gmt":"2026-03-19T12:27:19","slug":"szintetikus-gyogyszerkemiai-kutatocsoport","status":"publish","type":"page","link":"https:\/\/semmelweis.hu\/gyogyszereszi-kemia\/kutatas-2\/szintetikus-gyogyszerkemiai-kutatocsoport\/","title":{"rendered":"Szintetikus Gy\u00f3gyszerk\u00e9miai Kutat\u00f3csoport"},"content":{"rendered":"<p><img decoding=\"async\" src=\"https:\/\/semmelweis.hu\/gyogyszereszi-kemia\/files\/2024\/01\/szintetikus_2025-scaled.jpg\" alt=\"\" \/><\/p>\n<h3><strong>Kutat\u00e1si ter\u00fcletek:<\/strong><\/h3>\n<ul style=\"list-style-type: square\">\n<li>F\u00e9lszintetikus morfinsz\u00e1rmaz\u00e9kok szerkezet-hat\u00e1s \u00f6sszef\u00fcgg\u00e9seinek vizsg\u00e1lata<\/li>\n<li>Normorfin v\u00e1zas hapt\u00e9n-jel\u00f6lt molekul\u00e1k szint\u00e9zise \u00e9s szerkezetvizsg\u00e1lata<\/li>\n<li>Molekul\u00e1ris felismer\u00e9sen alapul\u00f3, preparat\u00edv l\u00e9pt\u00e9k alatti szelektorelj\u00e1r\u00e1sok fejleszt\u00e9se<\/li>\n<li>Nagy \u00e1tereszt\u0151k\u00e9pess\u00e9g\u0171 ionszelekt\u00edv optok\u00e9miai szenzorok fejleszt\u00e9se<\/li>\n<li>Gy\u00f3gyszermetabolitok el\u0151\u00e1ll\u00edt\u00e1sa \u00e9s vizsg\u00e1lata metalloporfirin alap\u00fa \u00e9s elektrok\u00e9miai rendszerekben<\/li>\n<\/ul>\n<h3><strong>TKD\/szakdolgozat t\u00e9m\u00e1k:<\/strong><\/h3>\n<table style=\"width: 837px\">\n<tbody>\n<tr>\n<td style=\"width: 665px\">\n<p><strong>T\u00c9MA<\/strong><\/p>\n<\/td>\n<td style=\"width: 172px\">\n<p><strong>T\u00c9MAVEZET\u0150(K)<\/strong><\/p>\n<\/td>\n<\/tr>\n<tr>\n<td style=\"width: 665px\">Microplate alap\u00fa szint\u00e9zist\u00e1mogat\u00f3 elv\u00e1laszt\u00e1stechnikai elj\u00e1r\u00e1sok fejleszt\u00e9se<\/td>\n<td style=\"width: 172px\">Dr. Golcs \u00c1d\u00e1m<\/td>\n<\/tr>\n<tr>\n<td style=\"width: 665px\">K\u00e9pfeldolgoz\u00e1s alap\u00fa neh\u00e9zf\u00e9mion-szelekt\u00edv microplate-optoszenzorok fejleszt\u00e9se<\/td>\n<td style=\"width: 172px\">\n<p>Dr. Golcs \u00c1d\u00e1m<\/p>\n<\/td>\n<\/tr>\n<tr>\n<td style=\"width: 665px\">\n<p>\u00daj <em>N<\/em>-feniletil-noropioidok szint\u00e9zise \u00e9s a f\u00e1jdalomcsillap\u00edt\u00f3 hat\u00e1s vizsg\u00e1lata<\/p>\n<\/td>\n<td style=\"width: 172px\">\n<p>Dr. Hosztafi S\u00e1ndor<\/p>\n<\/td>\n<\/tr>\n<tr>\n<td style=\"width: 665px\">Morfinv\u00e1z arom\u00e1s gy\u0171r\u0171j\u00e9ben szubsztitu\u00e1lt vegy\u00fcletek el\u0151\u00e1ll\u00edt\u00e1sa<\/td>\n<td style=\"width: 172px\">\n<p>Dr. Hosztafi S\u00e1ndor<\/p>\n<\/td>\n<\/tr>\n<tr>\n<td style=\"width: 665px\">Hat\u00f3anyagok oxidat\u00edv metabolizmus\u00e1nak vizsg\u00e1lata k\u00e9miai (biomimetikus) \u00e9s elektrok\u00e9miai rendszerekben<\/td>\n<td style=\"width: 172px\">\n<p>Dr. Balogh Gy\u00f6rgy Tibor<\/p>\n<\/td>\n<\/tr>\n<\/tbody>\n<\/table>\n<h3>\u00a0<\/h3>\n<h3><strong>Friss k\u00f6zlem\u00e9nyek:<\/strong><\/h3>\n<ol>\n<li><strong>Hosztafi, S<\/strong>., Galambos, A. R., K\u00f6teles, I., Kar\u00e1di, D. \u00c1., F\u00fcrst, S., Al-Khrasani, M. (<strong>2024<\/strong>). Opioid-Based Haptens: Development of Immunotherapy.\u00a0<em>International Journal of Molecular Sciences<\/em>,\u00a0<em>25<\/em>(14), 7781.<br \/>\nDOI:<a href=\"https:\/\/doi.org\/10.3390\/ijms25147781\">10.3390\/ijms25147781<\/a><\/li>\n<li><strong>Malik, A.,<\/strong> <strong>Hosztafi, S., Vincze, A., Marton, A., Kraszni, M., Balogh, G. T., Nosz\u00e1l, B., Maz\u00e1k, K.<\/strong> (<strong>2024<\/strong>). Characterization of opioid agonist morphine derivatives with emphasis on medicinal chemistry.\u00a0<em>ChemMedChem<\/em>, e202400654.<br \/>\nDOI <a href=\"https:\/\/doi.org\/10.1002\/cmdc.202400654\">10.1002\/cmdc.202400654<\/a><\/li>\n<li>\u00c1d\u00e1m, B. \u00c1., <strong>Kis-T\u00f3t, B.<\/strong>, J\u00e1vor, B., L\u00e1szl\u00f3, S., Vezse, P., Huszthy, P., T\u00f3th, T.,<strong> Golcs, \u00c1.<\/strong> <strong>(2024<\/strong>). Covalently Modified Molecular-Recognition-Capable UV-Transparent Microplate for Ultra-High-Throughput Screening of Dissolved Zn<sup>2+<\/sup> and Pb<sup>2+<\/sup>.\u00a0<em>Sensors (Basel, Switzerland)<\/em>,\u00a0<em>24<\/em>(14), 4529.<br \/>\nDOI:<a href=\"https:\/\/doi.org\/10.3390\/s24144529\">10.3390\/s24144529<\/a><\/li>\n<li>Kisfaludi, P., Sp\u00e1tay, S., Krek\u00f3, M., Vezse, P., T\u00f3th, T., Huszthy, P., <strong>Golcs, \u00c1.<\/strong> (<strong>2024<\/strong>). A Bis(Acridino)-Crown Ether for Recognizing Oligoamines in Spermine Biosynthesis.\u00a0<em>Molecules<\/em>,\u00a0<em>29<\/em>(18), 4390. <br \/>\nDOI:<a href=\"https:\/\/doi.org\/10.3390\/molecules29184390\">10.3390\/molecules29184390<\/a><\/li>\n<\/ol>\n<p>&nbsp;<\/p>\n","protected":false},"excerpt":{"rendered":"<p>Kutat\u00e1si ter\u00fcletek: F\u00e9lszintetikus morfinsz\u00e1rmaz\u00e9kok szerkezet-hat\u00e1s \u00f6sszef\u00fcgg\u00e9seinek vizsg\u00e1lata Normorfin v\u00e1zas hapt\u00e9n-jel\u00f6lt molekul\u00e1k szint\u00e9zise \u00e9s szerkezetvizsg\u00e1lata Molekul\u00e1ris felismer\u00e9sen alapul\u00f3, preparat\u00edv l\u00e9pt\u00e9k alatti szelektorelj\u00e1r\u00e1sok fejleszt\u00e9se Nagy \u00e1tereszt\u0151k\u00e9pess\u00e9g\u0171 ionszelekt\u00edv optok\u00e9miai szenzorok fejleszt\u00e9se Gy\u00f3gyszermetabolitok el\u0151\u00e1ll\u00edt\u00e1sa \u00e9s vizsg\u00e1lata metalloporfirin alap\u00fa \u00e9s elektrok\u00e9miai rendszerekben TKD\/szakdolgozat t\u00e9m\u00e1k: T\u00c9MA T\u00c9MAVEZET\u0150(K) Microplate alap\u00fa szint\u00e9zist\u00e1mogat\u00f3 elv\u00e1laszt\u00e1stechnikai elj\u00e1r\u00e1sok fejleszt\u00e9se Dr. Golcs \u00c1d\u00e1m K\u00e9pfeldolgoz\u00e1s alap\u00fa neh\u00e9zf\u00e9mion-szelekt\u00edv microplate-optoszenzorok fejleszt\u00e9se &hellip;<\/p>\n","protected":false},"author":102300,"featured_media":0,"parent":1915,"menu_order":0,"comment_status":"closed","ping_status":"closed","template":"template-fullwidth.php","meta":{"_acf_changed":false,"footnotes":""},"categories":[23],"tags":[],"class_list":["post-1899","page","type-page","status-publish","hentry","category-kutatas"],"acf":[],"_links":{"self":[{"href":"https:\/\/semmelweis.hu\/gyogyszereszi-kemia\/wp-json\/wp\/v2\/pages\/1899","targetHints":{"allow":["GET"]}}],"collection":[{"href":"https:\/\/semmelweis.hu\/gyogyszereszi-kemia\/wp-json\/wp\/v2\/pages"}],"about":[{"href":"https:\/\/semmelweis.hu\/gyogyszereszi-kemia\/wp-json\/wp\/v2\/types\/page"}],"author":[{"embeddable":true,"href":"https:\/\/semmelweis.hu\/gyogyszereszi-kemia\/wp-json\/wp\/v2\/users\/102300"}],"replies":[{"embeddable":true,"href":"https:\/\/semmelweis.hu\/gyogyszereszi-kemia\/wp-json\/wp\/v2\/comments?post=1899"}],"version-history":[{"count":10,"href":"https:\/\/semmelweis.hu\/gyogyszereszi-kemia\/wp-json\/wp\/v2\/pages\/1899\/revisions"}],"predecessor-version":[{"id":3031,"href":"https:\/\/semmelweis.hu\/gyogyszereszi-kemia\/wp-json\/wp\/v2\/pages\/1899\/revisions\/3031"}],"up":[{"embeddable":true,"href":"https:\/\/semmelweis.hu\/gyogyszereszi-kemia\/wp-json\/wp\/v2\/pages\/1915"}],"wp:attachment":[{"href":"https:\/\/semmelweis.hu\/gyogyszereszi-kemia\/wp-json\/wp\/v2\/media?parent=1899"}],"wp:term":[{"taxonomy":"category","embeddable":true,"href":"https:\/\/semmelweis.hu\/gyogyszereszi-kemia\/wp-json\/wp\/v2\/categories?post=1899"},{"taxonomy":"post_tag","embeddable":true,"href":"https:\/\/semmelweis.hu\/gyogyszereszi-kemia\/wp-json\/wp\/v2\/tags?post=1899"}],"curies":[{"name":"wp","href":"https:\/\/api.w.org\/{rel}","templated":true}]}}