{"id":1887,"date":"2023-11-27T14:19:15","date_gmt":"2023-11-27T13:19:15","guid":{"rendered":"https:\/\/semmelweis.hu\/gyogyszereszi-kemia\/?page_id=1887"},"modified":"2026-03-19T13:26:39","modified_gmt":"2026-03-19T12:26:39","slug":"spektroszkopiai-kutatocsoport","status":"publish","type":"page","link":"https:\/\/semmelweis.hu\/gyogyszereszi-kemia\/kutatas-2\/spektroszkopiai-kutatocsoport\/","title":{"rendered":"Spektroszk\u00f3piai Kutat\u00f3csoport"},"content":{"rendered":"<p><img decoding=\"async\" src=\"https:\/\/semmelweis.hu\/gyogyszereszi-kemia\/files\/2024\/01\/spektroszkopia_2025-scaled.jpg\" alt=\"\" \/><\/p>\n<h3><span style=\"font-size: 18pt\"><strong>Kutat\u00e1si ter\u00fcletek:<\/strong><\/span><\/h3>\n<ul style=\"list-style-type: square\">\n<li><span style=\"font-size: 14pt\">Hat\u00f3anyagok biol\u00f3giai makromolekul\u00e1khoz (feh\u00e9rj\u00e9k, DNS, RNS) \u00e9s ciklodextrinekhez t\u00f6rt\u00e9n\u0151 k\u00f6t\u0151d\u00e9si \u00e1lland\u00f3inak \u00e9s a komplexek szerkezet\u00e9nek meghat\u00e1roz\u00e1sa spektroszk\u00f3piai m\u00f3dszerekkel (CD \u00e9s 1D \u00e9s 2D NMR)<\/span><\/li>\n<li><span style=\"font-size: 14pt\">Enantiomer tisztas\u00e1g meghat\u00e1roz\u00e1sa kett\u0151s detekt\u00e1l\u00e1ssal (Direkt\/Indirekt-HPLC detekt\u00e1l\u00e1s)<\/span><\/li>\n<li><span style=\"font-size: 14pt\">Peptidek tiol\u00e1t-diszulfid egyens\u00falyainak \u00e9s kinetik\u00e1j\u00e1nak jellemz\u00e9se<\/span><\/li>\n<li><span style=\"font-size: 14pt\">A redoxi homeoszt\u00e1zist befoly\u00e1sol\u00f3 biorelev\u00e1ns molekul\u00e1k r\u00e9szecske-specifikus param\u00e9tereinek meghat\u00e1roz\u00e1sa<\/span><\/li>\n<li><span style=\"font-size: 14pt\">Stabilit\u00e1si \u00e1lland\u00f3k meghat\u00e1roz\u00e1si m\u00f3dszereinek meta-anal\u00edzise<\/span><\/li>\n<\/ul>\n<h3><span style=\"font-size: 18pt\"><strong>TDK\/szakdolgozat t\u00e9m\u00e1k:<\/strong><\/span><\/h3>\n<table style=\"width: 1050px\">\n<tbody>\n<tr>\n<td style=\"width: 769px\">\n<p><strong>T\u00c9MA<\/strong><\/p>\n<\/td>\n<td style=\"width: 281px\">\n<p><strong>T\u00c9MAVEZET\u0150(K)<\/strong><\/p>\n<\/td>\n<\/tr>\n<tr>\n<td style=\"width: 769px\">Ciklodextrin komplexek vizsg\u00e1lata Cirkul\u00e1ris Dikroizmus spektroszk\u00f3pi\u00e1val<\/td>\n<td style=\"width: 281px\">Dr. Horv\u00e1th P\u00e9ter<\/td>\n<\/tr>\n<tr>\n<td style=\"width: 769px\">A pol\u00e1ris molekulafelsz\u00edn kapcsolata gy\u00f3gyszermolekul\u00e1k lipofilit\u00e1s\u00e1val \u00e9s ciklodextrin komplexeinek stabilit\u00e1s\u00e1val (irodalmaz\u00e1s)<\/td>\n<td style=\"width: 281px\">Dr. Horv\u00e1th P\u00e9ter, Dr. Maz\u00e1k K\u00e1roly<\/td>\n<\/tr>\n<tr>\n<td style=\"width: 769px\">Kir\u00e1lis szennyez\u00e9svizsg\u00e1lat NMR spektroszk\u00f3pi\u00e1val<\/td>\n<td style=\"width: 281px\">Maz\u00e1kn\u00e9 Dr. Kraszni M\u00e1rta<\/td>\n<\/tr>\n<tr>\n<td style=\"width: 769px\">NMR vizsg\u00e1latok a gy\u00f3gyszerk\u00f6nyvben<\/td>\n<td style=\"width: 281px\">Maz\u00e1kn\u00e9 Dr. Kraszni M\u00e1rta<\/td>\n<\/tr>\n<tr>\n<td style=\"width: 769px\">Kapill\u00e1ris elektrofor\u00e9zis a gy\u00f3gyszeranalitk\u00e1ban<\/td>\n<td style=\"width: 281px\">Maz\u00e1kn\u00e9 Dr. Kraszni M\u00e1rta, Dr. T\u00f3th Gerg\u0151<\/td>\n<\/tr>\n<tr>\n<td style=\"width: 769px\">A kinurenin \u00fatvonal metabolitjainak mikrospeci\u00e1ci\u00f3ja<\/td>\n<td style=\"width: 281px\">Dr. Mirzahosseini Arash, Dr. P\u00e1lla Tam\u00e1s<\/td>\n<\/tr>\n<tr>\n<td style=\"width: 769px\">Nem szteroid gyullad\u00e1scs\u00f6kkent\u0151k fajspecifikus k\u00f6t\u0151d\u00e9s\u00e9nek vizsg\u00e1lata sz\u00e9rumalbuminhoz<\/td>\n<td style=\"width: 281px\">Dr. Mirzahosseini Arash, Dr. P\u00e1lla Tam\u00e1s<\/td>\n<\/tr>\n<\/tbody>\n<\/table>\n<h3><strong style=\"font-size: 14pt\"><br \/>\n<span style=\"font-size: 18pt\">Friss k\u00f6zlem\u00e9nyek:<\/span><\/strong><\/h3>\n<ol>\n<li><span style=\"font-size: 14pt\">Effect of Substitution Degree and Homogeneity on Cyclodextrin-Ligand Complex Stability (<strong>2023<\/strong>): Comparison of Fenbufen and Fenoprofen Using CD and NMR Spectroscopy,<strong> M Kraszni<\/strong>, F \u00c1gh, D Horv\u00e1th, <strong>A Mirzahosseini<\/strong>, <strong>P Horv\u00e1th<\/strong>. <em>International Journal of Molecular Sciences<\/em> 24 (8), 7544. <br \/>\nDOI: <a href=\"https:\/\/doi.org\/10.3390\/ijms24087544\">10.3390\/ijms24087544<\/a><\/span><\/li>\n<li><span style=\"font-size: 14pt\">Enantioselective human serum albumin binding of apremilast: liquid chromatographic, fluorescence and molecular docking study, <strong>G. Dombi<\/strong>, <strong>P. Horv\u00e1th<\/strong>, B. Fiser,<strong> A. Mirzahosseini,<\/strong> <strong>M. Dob\u00f3<\/strong>, Z.I. Szab\u00f3,<strong> G. T\u00f3th<\/strong>. (<strong>2023<\/strong>):<em>\u00a0International Journal of Molecular Sciences<\/em> 24 (3), 2168. <br \/>\nDOI: <a href=\"https:\/\/doi.org\/10.3390\/ijms24032168\">10.3390\/ijms24032168<\/a><\/span><\/li>\n<li><span style=\"font-size: 14pt\">Horv\u00e1th, D., D\u00fcrvanger, Z., K. Menyh\u00e1rd, D. Sulyok-Eiler M., Bencs F. Gyulai G., <strong>Horv\u00e1th P.<\/strong>, Taricska N., Perczel A.. (<strong>2023<\/strong>) Polymorphic amyloid nanostructures of hormone peptides involved in glucose homeostasis display reversible amyloid formation. <em>Nature Communications<\/em> 14, 4621.<br \/>\nDOI: <a href=\"http:\/\/doi.org\/10.1038\/s41467-023-40294-x\">10.1038\/s41467-023-40294-x<\/a><\/span><\/li>\n<li>\n<p>Stabilization of G-Quadruplex Structures of the SARS-CoV-2 Genome by TMPyP4, BRACO19, and PhenDC3, Cervenak, Mikl\u00f3s\u00a0;\u00a0Moln\u00e1r, Orsolya R\u00e9ka\u00a0;\u00a0<strong>Horv\u00e1th, P\u00e9ter<\/strong>\u00a0;\u00a0Smeller, L\u00e1szl\u00f3<strong> (2024)\u00a0<\/strong><em>International Journal of Molecular Sciences<\/em> 25 : 5. DOI:<a href=\"https:\/\/doi.org\/10.3390\/ijms25052482\">10.3390\/ijms25052482<\/a><\/p>\n<\/li>\n<li>Advantages of Induced Circular Dichroism Spectroscopy for Qualitative and Quantitative Analysis of Solution-Phase Cyclodextrin Host\u2013Guest Complexes, <strong>(2024)<\/strong> <strong>Kraszni, M\u00e1rta\u00a0<\/strong>;\u00a0Balogh, Bal\u00e1zs\u00a0;\u00a0M\u00e1ndity, Istv\u00e1n\u00a0;\u00a0<strong>Horv\u00e1th, P\u00e9ter<\/strong> <em>International Journal of Molecular Sciences<\/em> 25:1 16 DOI:<a href=\"https:\/\/doi.org\/10.3390\/ijms25010412\">10.3390\/ijms25010412<\/a><\/li>\n<li>Comparison of Orthogonal Determination Methods of Acid\/Base Constants with Meta-Analysis, <strong>P\u00e1lla, T.<\/strong>;\u00a0<strong>Maz\u00e1k, K<\/strong>.; <strong>Alkhazragee, D.M<\/strong>.; <strong>Balogh, G.T<\/strong>.; <strong>Nosz\u00e1l, B.<\/strong>; <strong>Mirzahosseini, A. (2024)<\/strong>\u00a0 <em>International Journal of Molecular Sciences<\/em> 25 : 23\u00a0 16 p. DOI: <a href=\"https:\/\/doi.org\/10.3390\/ijms252312727\">10.3390\/ijms252312727<\/a><\/li>\n<li>\n<p>Estimating the Bias of Model Compounds for the Determination of Species-Specific Protonation Constants, <strong>P\u00e1lla, T.<\/strong>\u00a0;\u00a0Kolomp\u00e1r, Z.\u00a0;<strong>\u00a0Maz\u00e1k, K.<\/strong>\u00a0;\u00a0<strong>Mirzahosseini, A<\/strong>.\u00a0;\u00a0<strong>Nosz\u00e1l, B<\/strong>. <strong>(2024) <\/strong><em>ACS OMEGA<\/em>\u00a09\u00a0:\u00a01\u00a0pp. 896-902. , 7 p.\u00a0DOI: <a href=\"https:\/\/doi.org\/10.1021\/acsomega.3c06994\">10.1021\/acsomega.3c06994<\/a><\/p>\n<\/li>\n<li>\n<p>Prediction of Antioxidant Capacity of Thiolate\u2013Disulfide Systems Using Species-Specific Basicity Values, <strong>P\u00e1lla, Tam\u00e1s<\/strong>\u00a0;\u00a0<strong>Nosz\u00e1l, B\u00e9la<\/strong>\u00a0;\u00a0<strong>Mirzahosseini, Arash<\/strong>, <strong>(2024) <\/strong><em>Antioxidants<\/em> 13:9,13p. <strong>\u00a0<\/strong>DOI\u00a0: <a href=\"https:\/\/doi.org\/10.3390\/antiox13091053\">10.3390\/antiox13091053<\/a><\/p>\n<\/li>\n<\/ol>\n","protected":false},"excerpt":{"rendered":"<p>Kutat\u00e1si ter\u00fcletek: Hat\u00f3anyagok biol\u00f3giai makromolekul\u00e1khoz (feh\u00e9rj\u00e9k, DNS, RNS) \u00e9s ciklodextrinekhez t\u00f6rt\u00e9n\u0151 k\u00f6t\u0151d\u00e9si \u00e1lland\u00f3inak \u00e9s a komplexek szerkezet\u00e9nek meghat\u00e1roz\u00e1sa spektroszk\u00f3piai m\u00f3dszerekkel (CD \u00e9s 1D \u00e9s 2D NMR) Enantiomer tisztas\u00e1g meghat\u00e1roz\u00e1sa kett\u0151s detekt\u00e1l\u00e1ssal (Direkt\/Indirekt-HPLC detekt\u00e1l\u00e1s) Peptidek tiol\u00e1t-diszulfid egyens\u00falyainak \u00e9s kinetik\u00e1j\u00e1nak jellemz\u00e9se A redoxi homeoszt\u00e1zist befoly\u00e1sol\u00f3 biorelev\u00e1ns molekul\u00e1k r\u00e9szecske-specifikus param\u00e9tereinek meghat\u00e1roz\u00e1sa Stabilit\u00e1si \u00e1lland\u00f3k meghat\u00e1roz\u00e1si m\u00f3dszereinek meta-anal\u00edzise TDK\/szakdolgozat t\u00e9m\u00e1k: &hellip;<\/p>\n","protected":false},"author":102300,"featured_media":0,"parent":1915,"menu_order":0,"comment_status":"closed","ping_status":"closed","template":"template-fullwidth.php","meta":{"_acf_changed":false,"footnotes":""},"categories":[23],"tags":[],"class_list":["post-1887","page","type-page","status-publish","hentry","category-kutatas"],"acf":[],"_links":{"self":[{"href":"https:\/\/semmelweis.hu\/gyogyszereszi-kemia\/wp-json\/wp\/v2\/pages\/1887","targetHints":{"allow":["GET"]}}],"collection":[{"href":"https:\/\/semmelweis.hu\/gyogyszereszi-kemia\/wp-json\/wp\/v2\/pages"}],"about":[{"href":"https:\/\/semmelweis.hu\/gyogyszereszi-kemia\/wp-json\/wp\/v2\/types\/page"}],"author":[{"embeddable":true,"href":"https:\/\/semmelweis.hu\/gyogyszereszi-kemia\/wp-json\/wp\/v2\/users\/102300"}],"replies":[{"embeddable":true,"href":"https:\/\/semmelweis.hu\/gyogyszereszi-kemia\/wp-json\/wp\/v2\/comments?post=1887"}],"version-history":[{"count":11,"href":"https:\/\/semmelweis.hu\/gyogyszereszi-kemia\/wp-json\/wp\/v2\/pages\/1887\/revisions"}],"predecessor-version":[{"id":3030,"href":"https:\/\/semmelweis.hu\/gyogyszereszi-kemia\/wp-json\/wp\/v2\/pages\/1887\/revisions\/3030"}],"up":[{"embeddable":true,"href":"https:\/\/semmelweis.hu\/gyogyszereszi-kemia\/wp-json\/wp\/v2\/pages\/1915"}],"wp:attachment":[{"href":"https:\/\/semmelweis.hu\/gyogyszereszi-kemia\/wp-json\/wp\/v2\/media?parent=1887"}],"wp:term":[{"taxonomy":"category","embeddable":true,"href":"https:\/\/semmelweis.hu\/gyogyszereszi-kemia\/wp-json\/wp\/v2\/categories?post=1887"},{"taxonomy":"post_tag","embeddable":true,"href":"https:\/\/semmelweis.hu\/gyogyszereszi-kemia\/wp-json\/wp\/v2\/tags?post=1887"}],"curies":[{"name":"wp","href":"https:\/\/api.w.org\/{rel}","templated":true}]}}