{"id":1873,"date":"2023-11-23T11:03:35","date_gmt":"2023-11-23T10:03:35","guid":{"rendered":"https:\/\/semmelweis.hu\/gyogyszereszi-kemia\/?page_id=1873"},"modified":"2025-06-13T09:55:36","modified_gmt":"2025-06-13T07:55:36","slug":"bemutatkozas-schmidtne-farkas-gabriella","status":"publish","type":"page","link":"https:\/\/semmelweis.hu\/gyogyszereszi-kemia\/munkatarsak\/bemutatkozas-schmidtne-farkas-gabriella\/","title":{"rendered":"Bemutatkoz\u00e1s &#8211; Schmidtn\u00e9 Farkas Gabriella"},"content":{"rendered":"<div class=\"row\">\n<div class=\"col-4\"><img loading=\"lazy\" decoding=\"async\" class=\"alignnone size-medium wp-image-1866\" src=\"https:\/\/semmelweis.hu\/gyogyszereszi-kemia\/files\/2024\/01\/DSC_0667_1-scaled.jpg\" alt=\"\" width=\"339\" height=\"400\" \/><\/div>\n<div class=\"col-8\">\n<div class=\"row\">\n<div class=\"col-3\"><strong>N\u00e9v: Beoszt\u00e1s: Telefonsz\u00e1m: E-mail c\u00edm: Iroda:<\/strong><\/div>\n<div class=\"col-9\">Schmidtn\u00e9 Farkas Gabriella<br \/>\noktat\u00e1si asszisztens<br \/>\n476-3600, 53081<br \/>\nschmidtne.farkas.gabriella@semmelweis.hu<br \/>\n2. emelet 32. (el\u0151k\u00e9sz\u00edt\u0151)<\/div>\n<\/div>\n<div class=\"row mt-5\">\n<div class=\"col-12\">\u00a0<\/div>\n<\/div>\n<\/div>\n<\/div>\n<p class=\"mt-3\"><strong>Tanulm\u00e1nyok:<\/strong><\/p>\n<ul style=\"list-style-type: square\">\n<li>1992. \u2013 Petrik Lajos Vegyipari Szakk\u00f6z\u00e9piskola-\u00c1ltal\u00e1nos vegy\u00e9sztechnikus<\/li>\n<li>1991. \u2013 Petrik Lajos Vegyipari Szakk\u00f6z\u00e9piskola-\u00c9retts\u00e9gi<\/li>\n<\/ul>\n<p><strong>Szakmai tapasztalat:<\/strong><\/p>\n<ul>\n<li>2015-t\u0151l \u2013 Semmelweis Egyetem, Gy\u00f3gyszer\u00e9szi K\u00e9miai Int\u00e9zet \u2013 Oktat\u00e1s<\/li>\n<li>1992-2015 \u2013 Semmelweis Egyetem, Gy\u00f3gyszer\u00e9szi K\u00e9miai Int\u00e9zet\u00a0\u2013 Szerves vegy\u00e9szet\/kutat\u00e1s<\/li>\n<\/ul>\n","protected":false},"excerpt":{"rendered":"<p>N\u00e9v: Beoszt\u00e1s: Telefonsz\u00e1m: E-mail c\u00edm: Iroda:<br \/>\nSchmidtn\u00e9 Farkas Gabriella<br \/>\noktat\u00e1si asszisztens<br \/>\n476-3600, 53081<br \/>\nschmidtne.farkas.gabriella@semmelweis.hu<br \/>\n2. emelet 32. (el\u0151k\u00e9sz\u00edt\u0151)<\/p>\n<p>\u00a0<\/p>\n<p>Tanulm\u00e1nyok:<\/p>\n<p>1992. \u2013 Petrik Lajos Vegyipari Szakk\u00f6z\u00e9piskola-\u00c1ltal\u00e1nos vegy\u00e9sztechnikus<br \/>\n1991. \u2013 Petrik Lajos Vegyipari Szakk\u00f6z\u00e9piskola-\u00c9retts\u00e9gi<\/p>\n<p>Szakmai tapasztalat:<\/p>\n<p>2015-t\u0151l \u2013 Semmelweis Egyetem, Gy\u00f3gyszer\u00e9szi K\u00e9miai Int\u00e9zet \u2013 Oktat\u00e1s<br \/>\n1992-2015 \u2013 Semmelweis Egyetem, Gy\u00f3gyszer\u00e9szi K\u00e9miai Int\u00e9zet\u00a0\u2013 Szerves vegy\u00e9szet\/kutat\u00e1s<\/p>\n","protected":false},"author":102298,"featured_media":0,"parent":1674,"menu_order":0,"comment_status":"closed","ping_status":"closed","template":"template-fullwidth.php","meta":{"_acf_changed":false,"footnotes":""},"categories":[18],"tags":[],"class_list":["post-1873","page","type-page","status-publish","hentry","category-bemutatkozo-oldal"],"acf":[],"_links":{"self":[{"href":"https:\/\/semmelweis.hu\/gyogyszereszi-kemia\/wp-json\/wp\/v2\/pages\/1873","targetHints":{"allow":["GET"]}}],"collection":[{"href":"https:\/\/semmelweis.hu\/gyogyszereszi-kemia\/wp-json\/wp\/v2\/pages"}],"about":[{"href":"https:\/\/semmelweis.hu\/gyogyszereszi-kemia\/wp-json\/wp\/v2\/types\/page"}],"author":[{"embeddable":true,"href":"https:\/\/semmelweis.hu\/gyogyszereszi-kemia\/wp-json\/wp\/v2\/users\/102298"}],"replies":[{"embeddable":true,"href":"https:\/\/semmelweis.hu\/gyogyszereszi-kemia\/wp-json\/wp\/v2\/comments?post=1873"}],"version-history":[{"count":6,"href":"https:\/\/semmelweis.hu\/gyogyszereszi-kemia\/wp-json\/wp\/v2\/pages\/1873\/revisions"}],"predecessor-version":[{"id":2165,"href":"https:\/\/semmelweis.hu\/gyogyszereszi-kemia\/wp-json\/wp\/v2\/pages\/1873\/revisions\/2165"}],"up":[{"embeddable":true,"href":"https:\/\/semmelweis.hu\/gyogyszereszi-kemia\/wp-json\/wp\/v2\/pages\/1674"}],"wp:attachment":[{"href":"https:\/\/semmelweis.hu\/gyogyszereszi-kemia\/wp-json\/wp\/v2\/media?parent=1873"}],"wp:term":[{"taxonomy":"category","embeddable":true,"href":"https:\/\/semmelweis.hu\/gyogyszereszi-kemia\/wp-json\/wp\/v2\/categories?post=1873"},{"taxonomy":"post_tag","embeddable":true,"href":"https:\/\/semmelweis.hu\/gyogyszereszi-kemia\/wp-json\/wp\/v2\/tags?post=1873"}],"curies":[{"name":"wp","href":"https:\/\/api.w.org\/{rel}","templated":true}]}}