{"id":1862,"date":"2023-11-23T10:51:32","date_gmt":"2023-11-23T09:51:32","guid":{"rendered":"https:\/\/semmelweis.hu\/gyogyszereszi-kemia\/?page_id=1862"},"modified":"2025-06-13T09:53:55","modified_gmt":"2025-06-13T07:53:55","slug":"bemutatkozas-berta-izabella-roberta","status":"publish","type":"page","link":"https:\/\/semmelweis.hu\/gyogyszereszi-kemia\/munkatarsak\/bemutatkozas-berta-izabella-roberta\/","title":{"rendered":"Bemutatkoz\u00e1s &#8211; Berta Izabella Roberta"},"content":{"rendered":"<div class=\"row\">\n<div class=\"col-4\"><img loading=\"lazy\" decoding=\"async\" class=\"alignnone size-full wp-image-1864\" src=\"https:\/\/semmelweis.hu\/gyogyszereszi-kemia\/files\/2024\/01\/DSC_0715_1-scaled.jpg\" alt=\"\" width=\"251\" height=\"313\" \/><\/div>\n<div class=\"col-8\">\n<div class=\"row\">\n<div class=\"col-3\"><strong>N\u00e9v: Beoszt\u00e1s: Telefonsz\u00e1m: E-mail c\u00edm: Labor:<\/strong><\/div>\n<div class=\"col-9\">Berta Izabella Roberta<br \/>\nkutat\u00e1si szak\u00e9rt\u0151<br \/>\n476-3600, 53081<br \/>\nberta.izabella@semmelweis.hu<br \/>\n2. emelet 32. (el\u0151k\u00e9sz\u00edt\u0151)<\/div>\n<\/div>\n<div class=\"row mt-5\">\n<div class=\"col-12\">\u00a0<\/div>\n<\/div>\n<\/div>\n<\/div>\n<p class=\"mt-3\"><strong>Tanulm\u00e1nyok:<\/strong><\/p>\n<ul style=\"list-style-type: square\">\n<li>2014 \u2013 MATE \u2013 k\u00f6rnyezetm\u00e9rn\u00f6k<\/li>\n<li>2017 \u2013 MATE \u2013 \u00f6kotoxikol\u00f3gus<\/li>\n<\/ul>\n","protected":false},"excerpt":{"rendered":"<p>N\u00e9v: Beoszt\u00e1s: Telefonsz\u00e1m: E-mail c\u00edm: Labor:<br \/>\nBerta Izabella Roberta<br \/>\nkutat\u00e1si szak\u00e9rt\u0151<br \/>\n476-3600, 53081<br \/>\nberta.izabella@semmelweis.hu<br \/>\n2. emelet 32. (el\u0151k\u00e9sz\u00edt\u0151)<\/p>\n<p>\u00a0<\/p>\n<p>Tanulm\u00e1nyok:<\/p>\n<p>2014 \u2013 MATE \u2013 k\u00f6rnyezetm\u00e9rn\u00f6k<br \/>\n2017 \u2013 MATE \u2013 \u00f6kotoxikol\u00f3gus<\/p>\n","protected":false},"author":102298,"featured_media":0,"parent":1674,"menu_order":0,"comment_status":"closed","ping_status":"closed","template":"template-fullwidth.php","meta":{"_acf_changed":false,"footnotes":""},"categories":[18],"tags":[],"class_list":["post-1862","page","type-page","status-publish","hentry","category-bemutatkozo-oldal"],"acf":[],"_links":{"self":[{"href":"https:\/\/semmelweis.hu\/gyogyszereszi-kemia\/wp-json\/wp\/v2\/pages\/1862","targetHints":{"allow":["GET"]}}],"collection":[{"href":"https:\/\/semmelweis.hu\/gyogyszereszi-kemia\/wp-json\/wp\/v2\/pages"}],"about":[{"href":"https:\/\/semmelweis.hu\/gyogyszereszi-kemia\/wp-json\/wp\/v2\/types\/page"}],"author":[{"embeddable":true,"href":"https:\/\/semmelweis.hu\/gyogyszereszi-kemia\/wp-json\/wp\/v2\/users\/102298"}],"replies":[{"embeddable":true,"href":"https:\/\/semmelweis.hu\/gyogyszereszi-kemia\/wp-json\/wp\/v2\/comments?post=1862"}],"version-history":[{"count":6,"href":"https:\/\/semmelweis.hu\/gyogyszereszi-kemia\/wp-json\/wp\/v2\/pages\/1862\/revisions"}],"predecessor-version":[{"id":2143,"href":"https:\/\/semmelweis.hu\/gyogyszereszi-kemia\/wp-json\/wp\/v2\/pages\/1862\/revisions\/2143"}],"up":[{"embeddable":true,"href":"https:\/\/semmelweis.hu\/gyogyszereszi-kemia\/wp-json\/wp\/v2\/pages\/1674"}],"wp:attachment":[{"href":"https:\/\/semmelweis.hu\/gyogyszereszi-kemia\/wp-json\/wp\/v2\/media?parent=1862"}],"wp:term":[{"taxonomy":"category","embeddable":true,"href":"https:\/\/semmelweis.hu\/gyogyszereszi-kemia\/wp-json\/wp\/v2\/categories?post=1862"},{"taxonomy":"post_tag","embeddable":true,"href":"https:\/\/semmelweis.hu\/gyogyszereszi-kemia\/wp-json\/wp\/v2\/tags?post=1862"}],"curies":[{"name":"wp","href":"https:\/\/api.w.org\/{rel}","templated":true}]}}