{"id":1858,"date":"2023-11-23T10:46:53","date_gmt":"2023-11-23T09:46:53","guid":{"rendered":"https:\/\/semmelweis.hu\/gyogyszereszi-kemia\/?page_id=1858"},"modified":"2025-06-13T09:55:29","modified_gmt":"2025-06-13T07:55:29","slug":"bemutatkozas-szikszayne-gyarmati-dora","status":"publish","type":"page","link":"https:\/\/semmelweis.hu\/gyogyszereszi-kemia\/munkatarsak\/bemutatkozas-szikszayne-gyarmati-dora\/","title":{"rendered":"Bemutatkoz\u00e1s &#8211; Szikszayn\u00e9 Gyarmati D\u00f3ra"},"content":{"rendered":"<div class=\"row\">\n<div class=\"col-4\"><img loading=\"lazy\" decoding=\"async\" class=\"alignnone size-full wp-image-1857\" src=\"https:\/\/semmelweis.hu\/gyogyszereszi-kemia\/files\/2024\/01\/DSC_0674_1-1-scaled.jpg\" alt=\"\" width=\"288\" height=\"383\" \/><\/div>\n<div class=\"col-8\">\n<div class=\"row\">\n<div class=\"col-3\"><strong>N\u00e9v: Beoszt\u00e1s: Telefonsz\u00e1m: E-mail c\u00edm: Iroda:<\/strong><\/div>\n<div class=\"col-9\">Szikszayn\u00e9 Gyarmati D\u00f3ra<br \/>\noktat\u00e1s-kutat\u00e1si szakasszisztens<br \/>\n476-3600, 53081<br \/>\ngyarmati.dora@semmelweis.hu<br \/>\n2. emelet 32. (el\u0151k\u00e9sz\u00edt\u0151)<\/div>\n<\/div>\n<div class=\"row mt-5\">\n<div class=\"col-12\">\u00a0<\/div>\n<\/div>\n<\/div>\n<\/div>\n<p class=\"mt-3\"><strong>Tanulm\u00e1nyok:<\/strong><\/p>\n<ul style=\"list-style-type: square\">\n<li>2018-Petrik Lajos SzKI-M\u0171szeres analitikus<\/li>\n<li>2016-Petrik Lajos SzKI.-Laborat\u00f3riumi technikus<\/li>\n<li>2014 \u2013 Debreceni Egyetem \u2013 Biol\u00f3gia Bsc<\/li>\n<\/ul>\n","protected":false},"excerpt":{"rendered":"<p>N\u00e9v: Beoszt\u00e1s: Telefonsz\u00e1m: E-mail c\u00edm: Iroda:<br \/>\nSzikszayn\u00e9 Gyarmati D\u00f3ra<br \/>\noktat\u00e1s-kutat\u00e1si szakasszisztens<br \/>\n476-3600, 53081<br \/>\ngyarmati.dora@semmelweis.hu<br \/>\n2. emelet 32. (el\u0151k\u00e9sz\u00edt\u0151)<\/p>\n<p>\u00a0<\/p>\n<p>Tanulm\u00e1nyok:<\/p>\n<p>2018-Petrik Lajos SzKI-M\u0171szeres analitikus<br \/>\n2016-Petrik Lajos SzKI.-Laborat\u00f3riumi technikus<br \/>\n2014 \u2013 Debreceni Egyetem \u2013 Biol\u00f3gia Bsc<\/p>\n","protected":false},"author":102298,"featured_media":0,"parent":1674,"menu_order":0,"comment_status":"closed","ping_status":"closed","template":"template-fullwidth.php","meta":{"_acf_changed":false,"footnotes":""},"categories":[18],"tags":[],"class_list":["post-1858","page","type-page","status-publish","hentry","category-bemutatkozo-oldal"],"acf":[],"_links":{"self":[{"href":"https:\/\/semmelweis.hu\/gyogyszereszi-kemia\/wp-json\/wp\/v2\/pages\/1858","targetHints":{"allow":["GET"]}}],"collection":[{"href":"https:\/\/semmelweis.hu\/gyogyszereszi-kemia\/wp-json\/wp\/v2\/pages"}],"about":[{"href":"https:\/\/semmelweis.hu\/gyogyszereszi-kemia\/wp-json\/wp\/v2\/types\/page"}],"author":[{"embeddable":true,"href":"https:\/\/semmelweis.hu\/gyogyszereszi-kemia\/wp-json\/wp\/v2\/users\/102298"}],"replies":[{"embeddable":true,"href":"https:\/\/semmelweis.hu\/gyogyszereszi-kemia\/wp-json\/wp\/v2\/comments?post=1858"}],"version-history":[{"count":6,"href":"https:\/\/semmelweis.hu\/gyogyszereszi-kemia\/wp-json\/wp\/v2\/pages\/1858\/revisions"}],"predecessor-version":[{"id":2163,"href":"https:\/\/semmelweis.hu\/gyogyszereszi-kemia\/wp-json\/wp\/v2\/pages\/1858\/revisions\/2163"}],"up":[{"embeddable":true,"href":"https:\/\/semmelweis.hu\/gyogyszereszi-kemia\/wp-json\/wp\/v2\/pages\/1674"}],"wp:attachment":[{"href":"https:\/\/semmelweis.hu\/gyogyszereszi-kemia\/wp-json\/wp\/v2\/media?parent=1858"}],"wp:term":[{"taxonomy":"category","embeddable":true,"href":"https:\/\/semmelweis.hu\/gyogyszereszi-kemia\/wp-json\/wp\/v2\/categories?post=1858"},{"taxonomy":"post_tag","embeddable":true,"href":"https:\/\/semmelweis.hu\/gyogyszereszi-kemia\/wp-json\/wp\/v2\/tags?post=1858"}],"curies":[{"name":"wp","href":"https:\/\/api.w.org\/{rel}","templated":true}]}}