{"id":1842,"date":"2023-11-21T08:27:05","date_gmt":"2023-11-21T07:27:05","guid":{"rendered":"https:\/\/semmelweis.hu\/gyogyszereszi-kemia\/?page_id=1842"},"modified":"2025-06-13T09:54:52","modified_gmt":"2025-06-13T07:54:52","slug":"bemutatkozas-dr-szollath-rita","status":"publish","type":"page","link":"https:\/\/semmelweis.hu\/gyogyszereszi-kemia\/munkatarsak\/bemutatkozas-dr-szollath-rita\/","title":{"rendered":"Bemutatkoz\u00e1s &#8211; Dr. Szoll\u00e1th Rita"},"content":{"rendered":"<div class=\"row\">\n<div class=\"col-4\"><img loading=\"lazy\" decoding=\"async\" class=\"alignnone size-medium wp-image-1832\" src=\"https:\/\/semmelweis.hu\/gyogyszereszi-kemia\/files\/2024\/01\/DSC_0690_1-scaled.jpg\" alt=\"\" width=\"263\" height=\"400\" \/><\/div>\n<div class=\"col-8\">\n<div class=\"row\">\n<div class=\"col-3\"><strong>N\u00e9v: Beoszt\u00e1s: Telefonsz\u00e1m: E-mail c\u00edm: Iroda:<\/strong><\/div>\n<div class=\"col-9\">Dr. Szoll\u00e1th Rita<br \/>\nPh.D. hallgat\u00f3, oktat\u00e1si munkat\u00e1rs <br \/>\n476-3600, 53019<br \/>\nszollath.rita.mariann@semmelweis.hu<br \/>\n1. emelet 13.<\/div>\n<\/div>\n<div class=\"row mt-5\">\n<div class=\"col-12\">\n<p>Kutat\u00e1som sor\u00e1n k\u00fcl\u00f6nb\u00f6z\u0151 BCS besorol\u00e1s\u00fa gy\u00f3gyszeranyagok oldhat\u00f3s\u00e1g\u00e1t (egyens\u00falyi, kinetikai, amorf), kiold\u00f3d\u00e1s\u00e1t, valamint permeabilit\u00e1s\u00e1t vizsg\u00e1lom UV spektroszk\u00f3piai m\u00f3dszerekkel.\u00a0<\/p>\n<p>Harmad\u00e9ves magyar \u00e9s angol hallgat\u00f3knak tartok gyakorlatokat Gy\u00f3gyszer\u00e9szi K\u00e9mia \u00e9s Anal\u00edzis tant\u00e1rgyb\u00f3l.\u00a0<\/p>\n<\/div>\n<\/div>\n<\/div>\n<\/div>\n<p class=\"mt-3\"><strong>Tanulm\u00e1nyok:<\/strong><\/p>\n<ul style=\"list-style-type: square\">\n<li>2021-t\u00f3l \u2013 Semmelweis Egyetem \u2013 Ph.D. hallgat\u00f3<\/li>\n<li>2016-2021 \u2013 Semmelweis Egyetem \u2013 gy\u00f3gyszer\u00e9sz<\/li>\n<\/ul>\n<p><strong>Szakmai tapasztalat:<\/strong><\/p>\n<ul style=\"list-style-type: square\">\n<li>2021-2023 \u2013 Etele Gy\u00f3gyszert\u00e1r \u2013 beosztott gy\u00f3gyszer\u00e9sz<\/li>\n<\/ul>\n<p><strong style=\"font-size: 1rem\">Oktatott t\u00e1rgyak:<\/strong><\/p>\n<ul style=\"list-style-type: square\">\n<li>Gy\u00f3gyszer\u00e9szi k\u00e9mia \u00e9s anal\u00edzis (gyakorlat)<\/li>\n<\/ul>\n<p><strong>V\u00e1logatott publik\u00e1ci\u00f3k:<\/strong><\/p>\n<ol>\n<li>Csics\u00e1k D., <strong>Szoll\u00e1th R.<\/strong>, K\u00e1d\u00e1r S., Ambrus R., Bartos C., Balogh E., Antal I., K\u00f6teles I., T\u0151zs\u00e9r P., B\u00e1rdos V., Horv\u00e1th P., Borb\u00e1s E., Tak\u00e1cs-Nov\u00e1k K., Sink\u00f3 B., V\u00f6lgyi G. (2023): The Effect of the Particle Size Reduction on the Biorelevant Solubility and Dissolution of Poorly Soluble Drugs with Different Acid-Base Character. <em>Pharmaceutics<\/em>, 15(1), 278. <a href=\"https:\/\/doi.org\/10.3390\/pharmaceutics15010278\">https:\/\/doi.org\/10.3390\/pharmaceutics15010278<\/a><\/li>\n<\/ol>\n<p><strong>MTMT link: <a href=\"https:\/\/m2.mtmt.hu\/api\/author\/10080504\">https:\/\/m2.mtmt.hu\/api\/author\/10080504<\/a><\/strong><\/p>\n","protected":false},"excerpt":{"rendered":"<p>N\u00e9v: Beoszt\u00e1s: Telefonsz\u00e1m: E-mail c\u00edm: Iroda: Dr. Szoll\u00e1th Rita Ph.D. hallgat\u00f3, oktat\u00e1si munkat\u00e1rs 476-3600, 53019 szollath.rita.mariann@semmelweis.hu 1. emelet 13. Kutat\u00e1som sor\u00e1n k\u00fcl\u00f6nb\u00f6z\u0151 BCS besorol\u00e1s\u00fa gy\u00f3gyszeranyagok oldhat\u00f3s\u00e1g\u00e1t (egyens\u00falyi, kinetikai, amorf), kiold\u00f3d\u00e1s\u00e1t, valamint permeabilit\u00e1s\u00e1t vizsg\u00e1lom UV spektroszk\u00f3piai m\u00f3dszerekkel.\u00a0 Harmad\u00e9ves magyar \u00e9s angol hallgat\u00f3knak tartok gyakorlatokat Gy\u00f3gyszer\u00e9szi K\u00e9mia \u00e9s Anal\u00edzis tant\u00e1rgyb\u00f3l.\u00a0 Tanulm\u00e1nyok: 2021-t\u00f3l \u2013 Semmelweis Egyetem \u2013 Ph.D. &hellip;<\/p>\n","protected":false},"author":102298,"featured_media":0,"parent":1674,"menu_order":0,"comment_status":"closed","ping_status":"closed","template":"template-fullwidth.php","meta":{"_acf_changed":false,"footnotes":""},"categories":[18],"tags":[],"class_list":["post-1842","page","type-page","status-publish","hentry","category-bemutatkozo-oldal"],"acf":[],"_links":{"self":[{"href":"https:\/\/semmelweis.hu\/gyogyszereszi-kemia\/wp-json\/wp\/v2\/pages\/1842","targetHints":{"allow":["GET"]}}],"collection":[{"href":"https:\/\/semmelweis.hu\/gyogyszereszi-kemia\/wp-json\/wp\/v2\/pages"}],"about":[{"href":"https:\/\/semmelweis.hu\/gyogyszereszi-kemia\/wp-json\/wp\/v2\/types\/page"}],"author":[{"embeddable":true,"href":"https:\/\/semmelweis.hu\/gyogyszereszi-kemia\/wp-json\/wp\/v2\/users\/102298"}],"replies":[{"embeddable":true,"href":"https:\/\/semmelweis.hu\/gyogyszereszi-kemia\/wp-json\/wp\/v2\/comments?post=1842"}],"version-history":[{"count":7,"href":"https:\/\/semmelweis.hu\/gyogyszereszi-kemia\/wp-json\/wp\/v2\/pages\/1842\/revisions"}],"predecessor-version":[{"id":2401,"href":"https:\/\/semmelweis.hu\/gyogyszereszi-kemia\/wp-json\/wp\/v2\/pages\/1842\/revisions\/2401"}],"up":[{"embeddable":true,"href":"https:\/\/semmelweis.hu\/gyogyszereszi-kemia\/wp-json\/wp\/v2\/pages\/1674"}],"wp:attachment":[{"href":"https:\/\/semmelweis.hu\/gyogyszereszi-kemia\/wp-json\/wp\/v2\/media?parent=1842"}],"wp:term":[{"taxonomy":"category","embeddable":true,"href":"https:\/\/semmelweis.hu\/gyogyszereszi-kemia\/wp-json\/wp\/v2\/categories?post=1842"},{"taxonomy":"post_tag","embeddable":true,"href":"https:\/\/semmelweis.hu\/gyogyszereszi-kemia\/wp-json\/wp\/v2\/tags?post=1842"}],"curies":[{"name":"wp","href":"https:\/\/api.w.org\/{rel}","templated":true}]}}