{"id":1838,"date":"2023-11-21T08:18:44","date_gmt":"2023-11-21T07:18:44","guid":{"rendered":"https:\/\/semmelweis.hu\/gyogyszereszi-kemia\/?page_id=1838"},"modified":"2025-06-13T09:56:32","modified_gmt":"2025-06-13T07:56:32","slug":"bemutatkozas-dr-bardos-vivien","status":"publish","type":"page","link":"https:\/\/semmelweis.hu\/gyogyszereszi-kemia\/munkatarsak\/bemutatkozas-dr-bardos-vivien\/","title":{"rendered":"Bemutatkoz\u00e1s &#8211; Dr. B\u00e1rdos Vivien"},"content":{"rendered":"<div class=\"row\">\n<div class=\"col-4\"><img loading=\"lazy\" decoding=\"async\" class=\"alignnone size-full wp-image-1831\" src=\"https:\/\/semmelweis.hu\/gyogyszereszi-kemia\/files\/2025\/02\/Bardos_Vivien_.jpg\" alt=\"\" width=\"310\" height=\"394\" \/><\/div>\n<div class=\"col-8\">\n<div class=\"row\">\n<div class=\"col-3\"><strong>N\u00e9v: Beoszt\u00e1s: Telefonsz\u00e1m: E-mail c\u00edm: Iroda:<\/strong><\/div>\n<div class=\"col-9\">Dr. B\u00e1rdos Vivien<br \/>\nPh.D. hallgat\u00f3, oktat\u00e1si munkat\u00e1rs<br \/>\n476-3600, 53019<br \/>\nbardos.vivien@semmelweis.hu<br \/>\n1. emelet 13.<\/div>\n<\/div>\n<div class=\"row mt-5\">\n<div class=\"col-12\">\n<p>A kutat\u00e1som sor\u00e1n k\u00fcl\u00f6nb\u00f6z\u0151 seg\u00e9danyagok termodinamikai oldhat\u00f3s\u00e1gra \u00e9s permeabilit\u00e1sra gyakorolt hat\u00e1s\u00e1t vizsg\u00e1lom.<\/p>\n<p>Az oktat\u00e1sban magyar \u00e9s angol harmad\u00e9ves hallgat\u00f3knak vezetek Gy\u00f3gyszer\u00e9szi K\u00e9mia \u00e9s anal\u00edzis gyakorlatokat, illetve negyed \u00e9ves hallgat\u00f3knak tartok M\u0171szeres gy\u00f3gyszeranal\u00edzist.<\/p>\n<\/div>\n<\/div>\n<\/div>\n<\/div>\n<p class=\"mt-3\"><strong>Tanulm\u00e1nyok:<\/strong><\/p>\n<ul style=\"list-style-type: square\">\n<li>2020-t\u00f3l \u2013 Semmelweis Egyetem \u2013 Ph.D. hallgat\u00f3<\/li>\n<li>2015-2020 \u2013 Semmelweis Egyetem \u2013 gy\u00f3gyszer\u00e9sz<\/li>\n<\/ul>\n<p><strong>Szakmai tapasztalat:<\/strong><\/p>\n<ul style=\"list-style-type: square\">\n<li>2020-2023 \u2013\u00a0K\u00e1roly Gy\u00f3gyszert\u00e1r \u2013 beosztott gy\u00f3gyszer\u00e9sz<\/li>\n<\/ul>\n<p><strong style=\"font-size: 1rem\">Oktatott t\u00e1rgyak:<\/strong><\/p>\n<ul style=\"list-style-type: square\">\n<li>Gy\u00f3gyszer\u00e9szi k\u00e9mia \u00e9s anal\u00edzis (gyakorlat)<\/li>\n<li>M\u0171szeres gy\u00f3gyszeranal\u00edzis (gyakorlat)<\/li>\n<\/ul>\n<p><strong>V\u00e1logatott publik\u00e1ci\u00f3k:<\/strong><\/p>\n<ol>\n<li>Sink\u00f3, B., <strong>B\u00e1rdos, V.<\/strong>, Vesztergombi, D., K\u00e1d\u00e1r, S., Malcsiner, P., Moustie, A., Jouy, C., Tak\u00e1cs-Nov\u00e1k, K., Gr\u00e9goire, S.: Use of an in vitro skin parallel artificial membrane assay (Skin-pampa) as a screening tool to compare transdermal permeability of model compound 4-phenylethyl-resorcinol dissolved in different solvent. <em>Pharmaceutics<\/em>, <strong>(2021)<\/strong> 13(11), 1758. <a href=\"https:\/\/doi.org\/10.3390\/pharmaceutics13111758\">https:\/\/doi.org\/10.3390\/pharmaceutics13111758<\/a><\/li>\n<\/ol>\n<p><strong>MTMT link: <a href=\"https:\/\/m2.mtmt.hu\/api\/author\/10074999\">https:\/\/m2.mtmt.hu\/api\/author\/10074999<\/a><\/strong><\/p>\n","protected":false},"excerpt":{"rendered":"<p>N\u00e9v: Beoszt\u00e1s: Telefonsz\u00e1m: E-mail c\u00edm: Iroda: Dr. B\u00e1rdos Vivien Ph.D. hallgat\u00f3, oktat\u00e1si munkat\u00e1rs 476-3600, 53019 bardos.vivien@semmelweis.hu 1. emelet 13. A kutat\u00e1som sor\u00e1n k\u00fcl\u00f6nb\u00f6z\u0151 seg\u00e9danyagok termodinamikai oldhat\u00f3s\u00e1gra \u00e9s permeabilit\u00e1sra gyakorolt hat\u00e1s\u00e1t vizsg\u00e1lom. Az oktat\u00e1sban magyar \u00e9s angol harmad\u00e9ves hallgat\u00f3knak vezetek Gy\u00f3gyszer\u00e9szi K\u00e9mia \u00e9s anal\u00edzis gyakorlatokat, illetve negyed \u00e9ves hallgat\u00f3knak tartok M\u0171szeres gy\u00f3gyszeranal\u00edzist. Tanulm\u00e1nyok: 2020-t\u00f3l \u2013 Semmelweis &hellip;<\/p>\n","protected":false},"author":102298,"featured_media":0,"parent":1674,"menu_order":0,"comment_status":"closed","ping_status":"closed","template":"template-fullwidth.php","meta":{"_acf_changed":false,"footnotes":""},"categories":[18],"tags":[],"class_list":["post-1838","page","type-page","status-publish","hentry","category-bemutatkozo-oldal"],"acf":[],"_links":{"self":[{"href":"https:\/\/semmelweis.hu\/gyogyszereszi-kemia\/wp-json\/wp\/v2\/pages\/1838","targetHints":{"allow":["GET"]}}],"collection":[{"href":"https:\/\/semmelweis.hu\/gyogyszereszi-kemia\/wp-json\/wp\/v2\/pages"}],"about":[{"href":"https:\/\/semmelweis.hu\/gyogyszereszi-kemia\/wp-json\/wp\/v2\/types\/page"}],"author":[{"embeddable":true,"href":"https:\/\/semmelweis.hu\/gyogyszereszi-kemia\/wp-json\/wp\/v2\/users\/102298"}],"replies":[{"embeddable":true,"href":"https:\/\/semmelweis.hu\/gyogyszereszi-kemia\/wp-json\/wp\/v2\/comments?post=1838"}],"version-history":[{"count":9,"href":"https:\/\/semmelweis.hu\/gyogyszereszi-kemia\/wp-json\/wp\/v2\/pages\/1838\/revisions"}],"predecessor-version":[{"id":2718,"href":"https:\/\/semmelweis.hu\/gyogyszereszi-kemia\/wp-json\/wp\/v2\/pages\/1838\/revisions\/2718"}],"up":[{"embeddable":true,"href":"https:\/\/semmelweis.hu\/gyogyszereszi-kemia\/wp-json\/wp\/v2\/pages\/1674"}],"wp:attachment":[{"href":"https:\/\/semmelweis.hu\/gyogyszereszi-kemia\/wp-json\/wp\/v2\/media?parent=1838"}],"wp:term":[{"taxonomy":"category","embeddable":true,"href":"https:\/\/semmelweis.hu\/gyogyszereszi-kemia\/wp-json\/wp\/v2\/categories?post=1838"},{"taxonomy":"post_tag","embeddable":true,"href":"https:\/\/semmelweis.hu\/gyogyszereszi-kemia\/wp-json\/wp\/v2\/tags?post=1838"}],"curies":[{"name":"wp","href":"https:\/\/api.w.org\/{rel}","templated":true}]}}