{"id":1821,"date":"2023-11-17T18:17:51","date_gmt":"2023-11-17T17:17:51","guid":{"rendered":"https:\/\/semmelweis.hu\/gyogyszereszi-kemia\/?page_id=1821"},"modified":"2025-06-13T09:55:38","modified_gmt":"2025-06-13T07:55:38","slug":"bemutatkozas-prof-dr-balogh-gyorgy-tibor","status":"publish","type":"page","link":"https:\/\/semmelweis.hu\/gyogyszereszi-kemia\/munkatarsak\/bemutatkozas-prof-dr-balogh-gyorgy-tibor\/","title":{"rendered":"Bemutatkoz\u00e1s &#8211; Prof. Dr. Balogh Gy\u00f6rgy Tibor"},"content":{"rendered":"<div class=\"row\">\n<div class=\"col-4\"><img loading=\"lazy\" decoding=\"async\" class=\"size-full wp-image-1625 alignleft\" src=\"https:\/\/semmelweis.hu\/gyogyszereszi-kemia\/files\/2024\/01\/DSC_0658_1-scaled.jpg\" alt=\"\" width=\"274\" height=\"346\" \/><\/div>\n<div class=\"col-8\">\n<div class=\"row\">\n<div class=\"col-3\"><strong>N\u00e9v: Beoszt\u00e1s: Telefonsz\u00e1m: E-mail c\u00edm: Iroda:<\/strong><\/div>\n<div class=\"col-9\">Prof. Dr. Balogh Gy\u00f6rgy Tibor <br \/>\negyetemi tan\u00e1r, igazgat\u00f3 <br \/>\n+36 20 480 5172 <br \/>\nbalogh.gyorgy.tibor@semmelweis.hu<br \/>\n1. emelet 5\/a.<\/div>\n<div class=\"row mt-5\">\n<div class=\"col-12\">Hat\u00f3anyagok \u00e9s gy\u00f3gyszerjel\u00f6lt vegy\u00fcletek fizikai-k\u00e9miai \u00e9s farmakokinetikai jellemz\u00e9se. In vitro, ex vivo \u00e9s in silico modellek kidolgoz\u00e1sa \u00e9s alkalmaz\u00e1sa els\u0151sorban gy\u00f3gyszerfelsz\u00edv\u00f3d\u00e1si, sz\u00f6vetspecifikus eloszl\u00e1si \u00e9s metabolizmussal \u00f6sszef\u00fcgg\u0151 folyamatok vizsg\u00e1lat\u00e1ban. F\u00f3kusz\u00e1ltan szem\u00e9szeti \u00e9s k\u00f6zponti idegrendszeri ter\u00e1pi\u00e1s ter\u00fcletekhez kapcsol\u00f3d\u00f3 specifikus gy\u00f3gyszerform\u00e1k kidolgoz\u00e1sa. Tant\u00e1rgyfelel\u0151sk\u00e9nt a Gy\u00f3gyszerk\u00e9mia \u00e9s anal\u00edzis, M\u0171szeres gy\u00f3gyszeranal\u00edzis, \u00c1ltal\u00e1nos \u00e9s szervetlen k\u00e9mia tant\u00e1rgyak gondoz\u00e1sa \u00e9s fejleszt\u00e9se<\/div>\n<\/div>\n<\/div>\n<\/div>\n<\/div>\n<p class=\"mt-3\"><strong>Tanulm\u00e1nyok:<\/strong><\/p>\n<ul style=\"list-style-type: square\">\n<li>2022 \u2013 Egyetemi tan\u00e1r<\/li>\n<li>2020 \u2013 MTA doktora<\/li>\n<li>2018 \u2013 BME VBK \u2013 egyetemi habilit\u00e1ci\u00f3<\/li>\n<li>2009 \u2013 BME GTK \u2013 MBA szakk\u00f6zgazd\u00e1sz<\/li>\n<li>2003 \u2013 BME VBK \u2013 Ph.D.<\/li>\n<li>2000 \u2013 BME VBK \u2013 okleveles vegy\u00e9szm\u00e9rn\u00f6k<\/li>\n<\/ul>\n<p><strong>Szakmai tapasztalat:<\/strong><\/p>\n<ul style=\"list-style-type: square\">\n<li>2023- \u2013 SE GyTK Gy\u00f3gyszer\u00e9szi K\u00e9miai Int\u00e9zet \u2013 egyetemi tan\u00e1r, int\u00e9zetvezet\u0151<\/li>\n<li>2019- \u2013 BME VBK K\u00e9miai \u00e9s K\u00f6rnyezeti Folyamatm\u00e9rn\u00f6ki Tansz\u00e9k \u2013 egyetemi tan\u00e1r (oktat\u00e1si \u00e9s kutat\u00e1si tev\u00e9kenys\u00e9g, Biomimetikus Technol\u00f3gi\u00e1k Kutat\u00f3csoport vezet\u00e9se)<\/li>\n<li>2019-2023 \u2013 SzTE GyTK Gy\u00f3gyszerhat\u00e1stani \u00e9s Biofarm\u00e1ciai Int\u00e9zet \u2013 tudom\u00e1nyos tan\u00e1csad\u00f3 (oktat\u00e1si \u00e9s kutat\u00e1si tev\u00e9kenys\u00e9g)<\/li>\n<li>2008-2019 \u2013 BME VBK Szerves K\u00e9mia \u00e9s Technol\u00f3gia Tansz\u00e9k \u2013 c\u00edmzetes egyetemi docens (oktat\u00e1si \u00e9s t\u00e9mavezet\u0151i tev\u00e9kenys\u00e9g)<\/li>\n<li>1999-2019 \u2013 Richter Gedeon Nyrt Szint\u00e9zist\u00e1mogat\u00f3 Laborat\u00f3rium \u2013 oszt\u00e1lyvezet\u0151 (2010-2018: gy\u00f3gyszerjel\u00f6lt vegy\u00fcletek korai f\u00e1zis\u00fa fizikai-k\u00e9miai \u00e9s farmakokinetikai jellemz\u00e9s\u00e9hez \u00e9s szint\u00e9zis\u00e9hez kapcsol\u00f3d\u00f3 vizsg\u00e1lati m\u00f3dszerek, modellek \u00e9s t\u00e1mogat\u00f3 analitikai rendszerek kidolgoz\u00e1sa \u00e9s szervez\u00e9se)<\/li>\n<\/ul>\n<p><strong>Oktatott t\u00e1rgyak:<\/strong><\/p>\n<ul style=\"list-style-type: square\">\n<li>Gy\u00f3gyszerk\u00e9mia \u00e9s anal\u00edzis<\/li>\n<li>M\u0171szeres gy\u00f3gyszeranal\u00edzis<\/li>\n<li>\u00c1ltal\u00e1nos \u00e9s szervetlen k\u00e9mia<\/li>\n<li>Analitikai k\u00e9mia<\/li>\n<li>Klinikai farmakokinetika \u00e9s biofarm\u00e1cia<\/li>\n<li>Gy\u00f3gyszerhat\u00f3anyagok optimaliz\u00e1l\u00e1si param\u00e9terei (BME VBK)<\/li>\n<li>Farmakokinetika (BME VBK)<\/li>\n<\/ul>\n<p><strong>V\u00e1logatott publik\u00e1ci\u00f3k:<\/strong><\/p>\n<ol>\n<li>Vincze, Anna; Facsk\u00f3, R\u00e9ka; Budai-Sz\u0171cs, M\u00e1ria; Katona, G\u00e1bor; Gyarmati, Benj\u00e1min; Csorba, Anita; Zelk\u00f3, Rom\u00e1na; Nagy, Zolt\u00e1n Zsolt; Szente, Lajos; <strong>Balogh, Gy\u00f6rgy T.<\/strong>: Cyclodextrin-enabled nepafenac eye drops with improved absorption open a new therapeutic window. CARBOHYDRATE POLYMERS Paper: 120717 (2023). doi.org\/10.1016\/j.carbpol.2023.120717 (D1)<\/li>\n<li>Csorba, Anita; Katona, G\u00e1bor; Budai-Sz\u0171cs, M\u00e1ria; Balogh-Weiser, Di\u00e1na; Fadda, Anna Maria; Caddeo, Carla; Tak\u00e1cs, \u00c1gnes Ildik\u00f3; M\u00e1tyus, P\u00e9ter; <strong>Balogh, Gy\u00f6rgy T.<\/strong>; Nagy, Zolt\u00e1n Zsolt: Effect of liposomal formulation of ascorbic acid on corneal permeability. SCIENTIFIC REPORTS 13:1 p. 3448 Paper: 3448 (2023) (D1)<\/li>\n<li>Vincze, Anna; D\u00e9k\u00e1ny, Gergely; Bicsak, Rich\u00e1rd; Formanek, Andr\u00e1s; Moreau, Yves; Kopl\u00e1nyi, G\u00e1bor; Tak\u00e1cs, Gergely; Katona, G\u00e1bor; Balogh-Weiser, Di\u00e1na; Arany, \u00c1d\u00e1m; <strong>Balogh, Gy\u00f6rgy T.<\/strong>: Natural Lipid Extracts as an Artificial Membrane for Drug Permeability Assay: In Vitro and In Silico Characterization. PHARMACEUTICS 15:3 p. 899 (2023) (Q1)<\/li>\n<li>Balogh-Weiser, Di\u00e1na; Poppe, L\u00e1szl\u00f3; Ken\u00e9z, Bal\u00e1zs; Decsi, Bal\u00e1zs; Kopl\u00e1nyi, G\u00e1bor; Katona, G\u00e1bor; Gyarmati, Benj\u00e1min; Ender, Ferenc; <strong>Balogh, Gy\u00f6rgy T.<\/strong>: Novel biomimetic nanocomposite for investigation of drug metabolism. JOURNAL OF MOLECULAR LIQUIDS 368B Paper: 120781, 10 p. (2022) (Q1)<\/li>\n<li>Darg\u00f3, G; Bajusz, D; Simon, K; M\u00fcller, J; <strong>Balogh, Gy.T.<\/strong>: Human serum albumin binding in a vial: a novel UV-pH titration method to assist drug design. JOURNAL OF MEDICINAL CHEMISTRY 63(4) pp. 1763-1774 (2020) (D1)<\/li>\n<\/ol>\n<p><strong>Nemzetk\u00f6zi egy\u00fcttm\u0171k\u00f6d\u00e9sek:<\/strong><\/p>\n<ul style=\"list-style-type: square\">\n<li>2022\u2013 <em>Max Planck Institute of Biophysics<\/em>, old\u00f3szeres lipidrendszerek gy\u00f3gyszermegoszl\u00e1si, permeabilit\u00e1si folyamatainak in silico modellez\u00e9se<\/li>\n<li>2022\u2013 <em>TU Graz<\/em>, Metabolitok f\u00e9l\u00fczemi szint\u00e9zise folyamatos \u00e1raml\u00e1s\u00fa technol\u00f3gi\u00e1val<\/li>\n<li>2020\u2013 <em>UCIBIO, Univ. Nova de Lisboa<\/em>, tengerbiol\u00f3giai kivonatok CNS akt\u00edv komponenseinek izol\u00e1l\u00e1sa<\/li>\n<li>2020\u2013 <em>KU Leuven<\/em>, in silico felsz\u00edv\u00f3d\u00e1si modellek kidolgoz\u00e1sa g\u00e9pi tanul\u00e1si m\u00f3dszerrel<\/li>\n<li>2019\u2013 <em>COST action (CA 18238) <\/em>European transdisciplinary networking platform for marine biotechnology csoport vezet\u0151s\u00e9gi tagja<\/li>\n<li>2019\u2013 <em>COST action (CA 18240)<\/em> ADHEsion GPCR Network: Research and Implementation Set the path for future Exploration csoport vezet\u0151s\u00e9gi tagja<\/li>\n<li>2018\u20132019 <em>Richter Gedeon Nyrt.<\/em>, ADME \u00e9s toxikol\u00f3giai vizsg\u00e1latokhoz, <em>Charles River Laboratories<\/em><\/li>\n<li>2010\u20132018 <em>Richter Gedeon Nyrt.<\/em>, nemzetk\u00f6zi kutat\u00e1si egy\u00fcttm\u0171k\u00f6d\u00e9sek, <em>Orion Pharma, Mitsubishi Tanabe Pharma, Forest Pharmaceuticals<\/em><\/li>\n<\/ul>\n<p><strong>Hazai egy\u00fcttm\u0171k\u00f6d\u00e9sek:<\/strong><\/p>\n<ul style=\"list-style-type: square\">\n<li><em>Servier Kutat\u00f3int\u00e9zet<\/em>: gy\u00f3gyszerjel\u00f6ltek metabolikus folyamatainak vizsg\u00e1lata<\/li>\n<li><em>Solvo Biotechnol\u00f3giai Zrt.<\/em> (Charles Rivers): \u00d6sszetett transzportfolyamatok modellez\u00e9se<\/li>\n<li><em>Mcule Kft<\/em>: Molekulabank fizikai-k\u00e9miai jellemz\u00e9se (k\u00f6z\u00f6s KDP t\u00e9mavezet\u00e9s)<\/li>\n<li><em>Cyclolab Kft<\/em>: Szem\u00e9szeti, per os \u00e9s CNS felsz\u00edv\u00f3d\u00e1s\u00fa gy\u00f3gyszerform\u00e1k fejleszt\u00e9se<\/li>\n<li><em>Egis Zrt<\/em>: gy\u00f3gyszermetabolitok \u00e9s \u00faj vegy\u00fclet szint\u00e9zis elektrok\u00e9miai rendszerekben, molekulabanki vegy\u00fcletek jellemz\u00e9se \u00e9s c\u00e9lzott \u201emedchem\u201d alap\u00fa tervez\u00e9se<\/li>\n<li>Waters: Metabolizmus kutat\u00e1s nagym\u0171szeres analitikai t\u00e1mogat\u00e1s mellett<\/li>\n<li>SE Szem\u00e9szeti Klinika \u00e9s SE GyTK: szem\u00e9szeti formul\u00e1ci\u00f3k \u00e9s felsz\u00edv\u00f3d\u00e1si modellek fejleszt\u00e9se, enzim-helyettes\u00edt\u00e9ses ter\u00e1pi\u00e1s formul\u00e1ci\u00f3k kidolgoz\u00e1sa<\/li>\n<li>SzTE TTK, GyTK: tumorellenes hat\u00e1s\u00fa \u00e9s CNS vegy\u00fcletek fejleszt\u00e9se, naz\u00e1lis gy\u00f3gyszerform\u00e1k fejleszt\u00e9se<\/li>\n<\/ul>\n<p><strong>D\u00edjak, elismer\u00e9sek<\/strong><\/p>\n<ul style=\"list-style-type: square\">\n<li>2015 Kajt\u00e1r M\u00e1rton-d\u00edj<\/li>\n<li>2014 Bolyai J\u00e1nos Kutat\u00e1si \u00d6szt\u00f6nd\u00edj: kiemelked\u0151 min\u0151s\u00edt\u00e9s, elismer\u0151 oklev\u00e9l<\/li>\n<li>2011 BME VBK, c\u00edmzetes egyetemi docens<\/li>\n<li>2010 Richter Innovat\u00edv Tud\u00e1salap (RITA) d\u00edj<\/li>\n<li>2009 BME VBK, tiszteletbeli oktat\u00f3<\/li>\n<li>2005 Kisfaludy Lajos Alap\u00edtv\u00e1nyi d\u00edj<\/li>\n<\/ul>\n<p><strong>Tiszts\u00e9gek \u00e9s bizotts\u00e1gi tags\u00e1gok<\/strong><\/p>\n<ul style=\"list-style-type: square\">\n<li>MTA Szerves \u00e9s Biomolekul\u00e1ris K\u00e9miai Tudom\u00e1nyos Bizotts\u00e1g tagja 2023\u2013<\/li>\n<li>Magyar Gy\u00f3gyszer\u00e9sztudom\u00e1nyi T\u00e1rsas\u00e1g (MGyT), tag, 2013\u2013<\/li>\n<li>MGyT Gy\u00f3gyszerkutat\u00e1si Szakoszt\u00e1ly, vezet\u0151s\u00e9gi tag, 2017\u2013<\/li>\n<li>MGyT Gy\u00f3gyszeranalitikai Munkabizotts\u00e1g, vezet\u0151s\u00e9gi tag, 2017\u2013<\/li>\n<li>Magyar Elv\u00e1laszt\u00e1studom\u00e1nyi T\u00e1rsas\u00e1g, tag, 2010\u2013<\/li>\n<li>Magyar Tudom\u00e1nyos Akad\u00e9mia, k\u00f6ztest\u00fcleti tag, 2003\u2013<\/li>\n<li>MTA Gy\u00f3gyszerk\u00e9miai \u00e9s Gy\u00f3gyszertechnol\u00f3giai Munkabizotts\u00e1g, szavazati jog\u00fa tag, 2003\u2013<\/li>\n<li>MTA Heterociklusos \u00e9s Elemorganikus K\u00e9miai Munkabizotts\u00e1g, tag, 2008\u2013<\/li>\n<li>Magyar K\u00e9mikusok Egyes\u00fclte, tag, 2003\u2013<\/li>\n<\/ul>\n<p><b>T\u00e9mavezet\u0151i tev\u00e9kenys\u00e9g<\/b><\/p>\n<ul style=\"list-style-type: square\">\n<li>Diplomamunk\u00e1k: 18<\/li>\n<li>Szakdolgozatok: 9<\/li>\n<li>TDK dolgozatok: 27\n<ul style=\"list-style-type: square\">\n<li>H\u00e1zi TDK helyez\u00e9sek: 9 f\u0151 I., 5 f\u0151 II., 8 f\u0151 III. helyezett<\/li>\n<li>OTDK helyez\u00e9sek: 2 f\u0151 I. helyezett, 1 f\u0151 G\u00e1bor D\u00e9nes k\u00fcl\u00f6nd\u00edj<\/li>\n<\/ul>\n<\/li>\n<\/ul>\n<p><em>PhD t\u00e9mavezet\u00e9sek:<\/em><\/p>\n<ul style=\"list-style-type: square\">\n<li>Darg\u00f3 Gerg\u0151 (2017\u20132020) 2021 BME-OGDI<\/li>\n<li>F\u0151di Tam\u00e1s (2014\u20132018) 2019 BME-OGDI<\/li>\n<li>M\u00fcller Judit (2013\u20132017) 2018 BME-OGDI<\/li>\n<li>K\u00f6ncz\u00f6l \u00c1rp\u00e1d (2010\u20132013) 2014 SE-GDI<\/li>\n<\/ul>\n<p><em>Folyamatban l\u00e9v\u0151 t\u00e9mavezet\u00e9sek<\/em>:<\/p>\n<ul style=\"list-style-type: square\">\n<li>Vincze Anna (2020\u2013) BME-OGDI<\/li>\n<li>Tak\u00e1cs Gergely (2020\u2013) BME-OGDI (KDP)<\/li>\n<li>Salamah Maryana (2021\u2013) SzTE-GyTDI (t\u00e1rs-t\u00e9mavezet\u00e9s)<\/li>\n<li>Njangiru Isaac Kinyua (2020\u2013) SzTE-GyTDI (t\u00e1rs-t\u00e9mavezet\u00e9s)<\/li>\n<li>Marton Andr\u00e1s (2022\u2013) BME-OGDI<\/li>\n<li>Fekete Zsolt (2022\u2013) SE-GDI (Ipari \u2013 CR-Solvo)<\/li>\n<li>V\u00e1rda Ern\u00e1k (2023\u2013) BME-OGDI (EGIS \u2013 t\u00e1rs-t\u00e9mavezet\u00e9s)<\/li>\n<li>Herr Dominika (2023\u2013) SE-GDI (Ipari \u2013 Cyclolab)<\/li>\n<\/ul>\n<p><strong>Szerkeszt\u0151bizotts\u00e1gi tags\u00e1g \u00e9s b\u00edr\u00e1l\u00f3i tev\u00e9kenys\u00e9g<\/strong><\/p>\n<p><em>Vend\u00e9gszerkeszt\u0151\/b\u00edr\u00e1l\u00f3 test\u00fcleti tag<\/em>:<\/p>\n<ul style=\"list-style-type: square\">\n<li>2023\u2013 Periodica Polytechnica, szerkeszt\u0151s\u00e9gi tag<\/li>\n<li>2022 Metabolites (MDPI): Drug Discovery Metabolism and Biotransformation k\u00fcl\u00f6nsz\u00e1m, vend\u00e9gszerkeszt\u0151<\/li>\n<li>2021\u2013 Pharmaceutics (MDPI), b\u00edr\u00e1l\u00f3 test\u00fcleti tag<\/li>\n<\/ul>\n<p><strong>MTMT link: <\/strong><a href=\"https:\/\/m2.mtmt.hu\/api\/author\/10011949\">https:\/\/m2.mtmt.hu\/api\/author\/10011949<\/a><\/p>\n<p><strong>ODT adatlap<\/strong>: <a href=\"https:\/\/doktori.hu\/index.php?menuid=192&amp;lang=HU&amp;sz_ID=9163\">https:\/\/doktori.hu\/index.php?menuid=192&amp;lang=HU&amp;sz_ID=9163<\/a><\/p>\n","protected":false},"excerpt":{"rendered":"<p>N\u00e9v: Beoszt\u00e1s: Telefonsz\u00e1m: E-mail c\u00edm: Iroda: Prof. Dr. Balogh Gy\u00f6rgy Tibor egyetemi tan\u00e1r, igazgat\u00f3 +36 20 480 5172 balogh.gyorgy.tibor@semmelweis.hu 1. emelet 5\/a. Hat\u00f3anyagok \u00e9s gy\u00f3gyszerjel\u00f6lt vegy\u00fcletek fizikai-k\u00e9miai \u00e9s farmakokinetikai jellemz\u00e9se. In vitro, ex vivo \u00e9s in silico modellek kidolgoz\u00e1sa \u00e9s alkalmaz\u00e1sa els\u0151sorban gy\u00f3gyszerfelsz\u00edv\u00f3d\u00e1si, sz\u00f6vetspecifikus eloszl\u00e1si \u00e9s metabolizmussal \u00f6sszef\u00fcgg\u0151 folyamatok vizsg\u00e1lat\u00e1ban. F\u00f3kusz\u00e1ltan szem\u00e9szeti \u00e9s k\u00f6zponti idegrendszeri &hellip;<\/p>\n","protected":false},"author":102300,"featured_media":0,"parent":1674,"menu_order":0,"comment_status":"closed","ping_status":"closed","template":"template-fullwidth.php","meta":{"_acf_changed":false,"footnotes":""},"categories":[18],"tags":[],"class_list":["post-1821","page","type-page","status-publish","hentry","category-bemutatkozo-oldal"],"acf":[],"_links":{"self":[{"href":"https:\/\/semmelweis.hu\/gyogyszereszi-kemia\/wp-json\/wp\/v2\/pages\/1821","targetHints":{"allow":["GET"]}}],"collection":[{"href":"https:\/\/semmelweis.hu\/gyogyszereszi-kemia\/wp-json\/wp\/v2\/pages"}],"about":[{"href":"https:\/\/semmelweis.hu\/gyogyszereszi-kemia\/wp-json\/wp\/v2\/types\/page"}],"author":[{"embeddable":true,"href":"https:\/\/semmelweis.hu\/gyogyszereszi-kemia\/wp-json\/wp\/v2\/users\/102300"}],"replies":[{"embeddable":true,"href":"https:\/\/semmelweis.hu\/gyogyszereszi-kemia\/wp-json\/wp\/v2\/comments?post=1821"}],"version-history":[{"count":10,"href":"https:\/\/semmelweis.hu\/gyogyszereszi-kemia\/wp-json\/wp\/v2\/pages\/1821\/revisions"}],"predecessor-version":[{"id":2236,"href":"https:\/\/semmelweis.hu\/gyogyszereszi-kemia\/wp-json\/wp\/v2\/pages\/1821\/revisions\/2236"}],"up":[{"embeddable":true,"href":"https:\/\/semmelweis.hu\/gyogyszereszi-kemia\/wp-json\/wp\/v2\/pages\/1674"}],"wp:attachment":[{"href":"https:\/\/semmelweis.hu\/gyogyszereszi-kemia\/wp-json\/wp\/v2\/media?parent=1821"}],"wp:term":[{"taxonomy":"category","embeddable":true,"href":"https:\/\/semmelweis.hu\/gyogyszereszi-kemia\/wp-json\/wp\/v2\/categories?post=1821"},{"taxonomy":"post_tag","embeddable":true,"href":"https:\/\/semmelweis.hu\/gyogyszereszi-kemia\/wp-json\/wp\/v2\/tags?post=1821"}],"curies":[{"name":"wp","href":"https:\/\/api.w.org\/{rel}","templated":true}]}}