{"id":1790,"date":"2023-11-16T16:20:04","date_gmt":"2023-11-16T15:20:04","guid":{"rendered":"https:\/\/semmelweis.hu\/gyogyszereszi-kemia\/?page_id=1790"},"modified":"2025-06-13T09:54:09","modified_gmt":"2025-06-13T07:54:09","slug":"bemutatkozas-dr-mazak-karoly","status":"publish","type":"page","link":"https:\/\/semmelweis.hu\/gyogyszereszi-kemia\/munkatarsak\/bemutatkozas-dr-mazak-karoly\/","title":{"rendered":"Bemutatkoz\u00e1s &#8211; Dr. Maz\u00e1k K\u00e1roly"},"content":{"rendered":"<div class=\"row\">\n<div class=\"col-4\"><img loading=\"lazy\" decoding=\"async\" class=\"size-full wp-image-1625 alignleft\" src=\"https:\/\/semmelweis.hu\/gyogyszereszi-kemia\/files\/2025\/02\/Mazak_Karoly.jpg\" alt=\"\" width=\"274\" height=\"346\" \/><\/div>\n<div class=\"col-8\">\n<div class=\"row\">\n<div class=\"col-3\"><strong>N\u00e9v: Beoszt\u00e1s: Telefonsz\u00e1m: E-mail c\u00edm: Iroda:<\/strong><\/div>\n<div class=\"col-9\">Dr. Maz\u00e1k K\u00e1roly<br \/>\negyetemi docens <br \/>\n476-3600, 53068<br \/>\nmazak.karoly@semmelweis.hu<br \/>\n1. emelet 18.<\/div>\n<\/div>\n<div class=\"row mt-3\">\n<div class=\"col-12\">1997 \u00f3ta dolgozom a Semmelweis Egyetemen. Ph.D. munk\u00e1m keret\u00e9ben Nosz\u00e1l B\u00e9la professzor vezet\u00e9s\u00e9vel vinpocetin \u00e9s rokon vegy\u00fcletei analitikai \u00e9s ter\u00e1pi\u00e1s tulajdons\u00e1gait befoly\u00e1sol\u00f3 fizikai-k\u00e9miai param\u00e9terek meghat\u00e1roz\u00e1s\u00e1t v\u00e9geztem el. Az\u00f3ta gy\u00f3gyszer- \u00e9s biomolekul\u00e1k r\u00e9szecske-specifikus sav-b\u00e1zis tulajdons\u00e1gainak \u00e9s lipofilit\u00e1s\u00e1nak meghat\u00e1roz\u00e1s\u00e1val foglalkozom, leg\u00fajabb kutat\u00e1si ter\u00fcletem pedig egy molekula k\u00fcl\u00f6nb\u00f6z\u0151 proton\u00e1lts\u00e1gi \u00e1llapot\u00fa form\u00e1i ciklodextrin komplexeinek vizsg\u00e1lata. \u00daj m\u00f3dszertani eredm\u00e9nyem a r\u00e9szecske-specifikus megoszl\u00e1si h\u00e1nyadosok k\u00eds\u00e9rletes meghat\u00e1roz\u00e1sa proton\u00e1lts\u00e1gi izomerekre oktanol\/v\u00edz rendszerben. A 2012\/13 tan\u00e9vet a Kaliforniai Egyetemen t\u00f6lt\u00f6ttem Riverside-ban, ahol Cynthia K. Larive laborat\u00f3rium\u00e1ban folytattam kutat\u00f3munk\u00e1t, els\u0151sorban oligoszacharid gy\u00f3gyszervegy\u00fcletek kalcium-k\u00f6t\u0151d\u00e9s\u00e9t vizsg\u00e1lva. El\u0151ad\u00e1sokat \u00e9s gyakorlatokat magyar, angol \u00e9s n\u00e9met nyelven tartok.<\/div>\n<\/div>\n<\/div>\n<\/div>\n<p class=\"mt-3\"><strong>Tanulm\u00e1nyok:<\/strong><\/p>\n<ul style=\"list-style-type: square\">\n<li>1992-1997 \u2013 E\u00f6tv\u00f6s Lor\u00e1nd Tudom\u00e1nyegyetem, Term\u00e9szettudom\u00e1nyi Kar \u2013 biol\u00f3gia-k\u00e9mia-angol szaktan\u00e1r<\/li>\n<li>1998-2002 \u2013 Budapesti Gazdas\u00e1gi F\u0151iskola, P\u00e9nz\u00fcgyi \u00e9s Sz\u00e1mviteli F\u0151iskolai Kar \u2013 k\u00f6zgazd\u00e1sz<\/li>\n<li>2002-2004 &#8211; Budapesti M\u0171szaki \u00e9s Gazdas\u00e1gtudom\u00e1nyi Egyetem, Vegy\u00e9szm\u00e9rn\u00f6ki Kar Ph. D. fokozat: K\u00e9miai tudom\u00e1nyok, summa cum laude<\/li>\n<\/ul>\n<p><strong>Szakmai tapasztalat:<\/strong><\/p>\n<ul style=\"list-style-type: square\">\n<li>1997-1999 &#8211; Semmelweis Egyetem Gy\u00f3gyszer\u00e9szi K\u00e9miai Int\u00e9zet &#8211; egyetemi gyakornok<\/li>\n<li>1999-2005 &#8211; Semmelweis Egyetem Gy\u00f3gyszer\u00e9szi K\u00e9miai Int\u00e9zet &#8211; tud. seg\u00e9dmunkat\u00e1rs<\/li>\n<li>2005-2009 &#8211; Semmelweis Egyetem Gy\u00f3gyszer\u00e9szi K\u00e9miai Int\u00e9zet &#8211; egyetemi tan\u00e1rseg\u00e9d<\/li>\n<li>2009-2015 &#8211; Semmelweis Egyetem Gy\u00f3gyszer\u00e9szi K\u00e9miai Int\u00e9zet &#8211; egyetemi adjunktus<\/li>\n<li>2015- &#8211; Semmelweis Egyetem Gy\u00f3gyszer\u00e9szi K\u00e9miai Int\u00e9zet &#8211; egyetemi docens<\/li>\n<\/ul>\n<p><strong>Oktatott t\u00e1rgyak:<\/strong><\/p>\n<ul style=\"list-style-type: square\">\n<li>Gy\u00f3gyszer\u00e9szi k\u00e9mia \u00e9s anal\u00edzis el\u0151ad\u00e1sok \u00e9s laborat\u00f3riumi gyakorlatok (III. \u00e9ves gy\u00f3gyszer\u00e9szek, magyar, angol \u00e9s n\u00e9met nyelven)<\/li>\n<li>M\u0171szeres gy\u00f3gyszeranal\u00edzis el\u0151ad\u00e1sok \u00e9s laborat\u00f3riumi gyakorlatok (IV. \u00e9ves gy\u00f3gyszer\u00e9szek, magyar, angol \u00e9s n\u00e9met nyelven)<\/li>\n<li>Analitikai k\u00e9mia laborat\u00f3riumi gyakorlatok (ELTE, 2003-2004, II. \u00e9ves k\u00e9mia tan\u00e1rok)<\/li>\n<li>Analitikai k\u00e9miai speci\u00e1lis labor (ELTE, 1998-2004, IV. \u00e9ves vegy\u00e9szek)<\/li>\n<li>Pharmaceutical chemistry &amp; analysis lectures and lab practices (for 3rd year pharmacists, in Hungarian, English, German)<\/li>\n<\/ul>\n<p><strong>V\u00e1logatott publik\u00e1ci\u00f3k:<\/strong><\/p>\n<ol>\n<li>Bogl\u00e1rka T\u0171z, B\u00e9la Nosz\u00e1l, S\u00e1ndor Hosztafi, <strong>K\u00e1roly Maz\u00e1k<\/strong>: \u03b2-cyclodextrin complex formation and protonation equilibria of morphine and other opioid compounds of therapeutic interest. J. Pharm. Sci., 171, 106120, 2022<\/li>\n<li>Istv\u00e1n K\u00f6teles, <strong>K\u00e1roly Maz\u00e1k<\/strong>, Gerg\u0151 T\u00f3th, Bogl\u00e1rka T\u0171z, S\u00e1ndor Hosztafi. Synthesis of Potential Haptens with Morphine Skeleton and Determination of Protonation Constants. Molecules, 25(17), 4009, 2020<\/li>\n<li><strong>K\u00e1roly Maz\u00e1k<\/strong> and B\u00e9la Nosz\u00e1l: Physicochemical properties of zwitterionic drugs in therapy. ChemMedChem 15, 1102\u20131110, 2020<\/li>\n<li><strong>K\u00e1roly Maz\u00e1k<\/strong>, B\u00e9la Nosz\u00e1l and S\u00e1ndor Hosztafi: Advances in the physicochemical profiling of opioid compounds of therapeutic interest. ChemistryOpen 8, 879-887, 2019<\/li>\n<li><strong>K\u00e1roly Maz\u00e1k<\/strong>, B\u00e9la Nosz\u00e1l: Drug delivery: a process governed by species-specific lipophilicities. Eur. J. Pharm. Sci., 62, 96-104, 2014<\/li>\n<\/ol>\n<p><strong>Nyelvismeret:<\/strong><\/p>\n<ul>\n<li>\n<p>angol fels\u0151fok<\/p>\n<\/li>\n<li>\n<p>n\u00e9met fels\u0151fok C<\/p>\n<\/li>\n<\/ul>\n<p><strong>Egy\u00e9b:<\/strong><\/p>\n<p>Vill\u00e1nyi Attila \u201d\u00d6t\u00f6s\u00f6m lesz k\u00e9mi\u00e1b\u00f3l\u201d c\u00edm\u0171 p\u00e9ldat\u00e1r\u00e1nak angolra ford\u00edt\u00e1sa amely, a M\u0171szaki K\u00f6nyvkiad\u00f3n\u00e1l jelent meg \u201dHow to get an A in chemistry\u201d c\u00edmmel.<\/p>\n<p><strong>MTMT link: <\/strong><a href=\"https:\/\/m2.mtmt.hu\/api\/author\/10012051\">https:\/\/m2.mtmt.hu\/api\/author\/10012051<\/a><\/p>\n<p><strong>ODT adatlap<\/strong>: <a href=\"https:\/\/doktori.hu\/index.php?menuid=192&amp;lang=HU&amp;sz_ID=31508\">https:\/\/doktori.hu\/index.php?menuid=192&amp;lang=HU&amp;sz_ID=31508<\/a><\/p>\n","protected":false},"excerpt":{"rendered":"<p>N\u00e9v: Beoszt\u00e1s: Telefonsz\u00e1m: E-mail c\u00edm: Iroda: Dr. Maz\u00e1k K\u00e1roly egyetemi docens 476-3600, 53068 mazak.karoly@semmelweis.hu 1. emelet 18. 1997 \u00f3ta dolgozom a Semmelweis Egyetemen. Ph.D. munk\u00e1m keret\u00e9ben Nosz\u00e1l B\u00e9la professzor vezet\u00e9s\u00e9vel vinpocetin \u00e9s rokon vegy\u00fcletei analitikai \u00e9s ter\u00e1pi\u00e1s tulajdons\u00e1gait befoly\u00e1sol\u00f3 fizikai-k\u00e9miai param\u00e9terek meghat\u00e1roz\u00e1s\u00e1t v\u00e9geztem el. Az\u00f3ta gy\u00f3gyszer- \u00e9s biomolekul\u00e1k r\u00e9szecske-specifikus sav-b\u00e1zis tulajdons\u00e1gainak \u00e9s lipofilit\u00e1s\u00e1nak meghat\u00e1roz\u00e1s\u00e1val foglalkozom, &hellip;<\/p>\n","protected":false},"author":102300,"featured_media":0,"parent":1674,"menu_order":0,"comment_status":"closed","ping_status":"closed","template":"template-fullwidth.php","meta":{"_acf_changed":false,"footnotes":""},"categories":[18],"tags":[],"class_list":["post-1790","page","type-page","status-publish","hentry","category-bemutatkozo-oldal"],"acf":[],"_links":{"self":[{"href":"https:\/\/semmelweis.hu\/gyogyszereszi-kemia\/wp-json\/wp\/v2\/pages\/1790","targetHints":{"allow":["GET"]}}],"collection":[{"href":"https:\/\/semmelweis.hu\/gyogyszereszi-kemia\/wp-json\/wp\/v2\/pages"}],"about":[{"href":"https:\/\/semmelweis.hu\/gyogyszereszi-kemia\/wp-json\/wp\/v2\/types\/page"}],"author":[{"embeddable":true,"href":"https:\/\/semmelweis.hu\/gyogyszereszi-kemia\/wp-json\/wp\/v2\/users\/102300"}],"replies":[{"embeddable":true,"href":"https:\/\/semmelweis.hu\/gyogyszereszi-kemia\/wp-json\/wp\/v2\/comments?post=1790"}],"version-history":[{"count":10,"href":"https:\/\/semmelweis.hu\/gyogyszereszi-kemia\/wp-json\/wp\/v2\/pages\/1790\/revisions"}],"predecessor-version":[{"id":2721,"href":"https:\/\/semmelweis.hu\/gyogyszereszi-kemia\/wp-json\/wp\/v2\/pages\/1790\/revisions\/2721"}],"up":[{"embeddable":true,"href":"https:\/\/semmelweis.hu\/gyogyszereszi-kemia\/wp-json\/wp\/v2\/pages\/1674"}],"wp:attachment":[{"href":"https:\/\/semmelweis.hu\/gyogyszereszi-kemia\/wp-json\/wp\/v2\/media?parent=1790"}],"wp:term":[{"taxonomy":"category","embeddable":true,"href":"https:\/\/semmelweis.hu\/gyogyszereszi-kemia\/wp-json\/wp\/v2\/categories?post=1790"},{"taxonomy":"post_tag","embeddable":true,"href":"https:\/\/semmelweis.hu\/gyogyszereszi-kemia\/wp-json\/wp\/v2\/tags?post=1790"}],"curies":[{"name":"wp","href":"https:\/\/api.w.org\/{rel}","templated":true}]}}