{"id":1783,"date":"2023-11-16T16:09:00","date_gmt":"2023-11-16T15:09:00","guid":{"rendered":"https:\/\/semmelweis.hu\/gyogyszereszi-kemia\/?page_id=1783"},"modified":"2025-06-13T09:54:02","modified_gmt":"2025-06-13T07:54:02","slug":"bemutatkozas-dombi-gergely","status":"publish","type":"page","link":"https:\/\/semmelweis.hu\/gyogyszereszi-kemia\/munkatarsak\/bemutatkozas-dombi-gergely\/","title":{"rendered":"Bemutatkoz\u00e1s &#8211; Dombi Gergely"},"content":{"rendered":"<div class=\"row\">\n<div class=\"col-4\"><img loading=\"lazy\" decoding=\"async\" class=\"size-full wp-image-1625 alignleft\" src=\"https:\/\/semmelweis.hu\/gyogyszereszi-kemia\/files\/2024\/01\/DSC_0635_1-scaled.jpg\" alt=\"\" width=\"274\" height=\"346\" \/><\/div>\n<div class=\"col-8\">\n<div class=\"row\">\n<div class=\"col-3\"><strong>N\u00e9v: Beoszt\u00e1s: Telefonsz\u00e1m: E-mail c\u00edm: Iroda:<\/strong><\/div>\n<div class=\"col-9\">Dr. Dombi Gergely <br \/>\nPh.D. hallgat\u00f3, oktat\u00e1si munkat\u00e1rs<br \/>\n476-3600, 53094 <br \/>\ndombi.gergely@semmelweis.hu<br \/>\n1. emelet 6.<\/div>\n<\/div>\n<div class=\"row mt-5\">\n<div class=\"col-12\">2021. okt\u00f3berben kezdtem TDK munk\u00e1mat Dr. T\u00f3th Gerg\u0151 \u00e9s Dr. Horv\u00e1th P\u00e9ter t\u00e9mavezet\u00e9s\u00e9vel. 2023. szeptember \u00f3ta MD-PhD hallgat\u00f3k\u00e9nt folytatom a kutat\u00e1st, az elv\u00e1laszt\u00e1stechnikai kutat\u00f3csoportban, kir\u00e1lis gy\u00f3gyszervegy\u00fcletek feh\u00e9rjek\u00f6t\u0151d\u00e9s\u00e9nek felt\u00e9rk\u00e9pez\u00e9s\u00e9ben kromatogr\u00e1fi\u00e1s, spektroszk\u00f3pi\u00e1s \u00e9s in silico m\u00f3dszerekkel. A m\u0171szeres gy\u00f3gyszeranal\u00edzis gyakorlati oktat\u00e1s\u00e1ban veszek r\u00e9szt magyar \u00e9s angol nyelven.<\/div>\n<\/div>\n<\/div>\n<\/div>\n<p class=\"mt-3\"><strong>Tanulm\u00e1nyok:<\/strong><\/p>\n<ul style=\"list-style-type: square\">\n<li>2019-2024 Semmelweis Egyetem, gy\u00f3gyszer\u00e9sz k\u00e9pz\u00e9s<\/li>\n<li>2024 &#8211; Semmelweis Egyetem, Ph.D. k\u00e9pz\u00e9s<\/li>\n<\/ul>\n<p><strong style=\"font-size: 1rem\">Oktatott t\u00e1rgyak:<\/strong><\/p>\n<ul style=\"list-style-type: square\">\n<li>M\u0171szeres gy\u00f3gyszeranal\u00edzis (gyakorlatvezet\u00e9s &#8211; magyar \u00e9s angol nyelven)<\/li>\n<\/ul>\n<p><strong>V\u00e1logatott publik\u00e1ci\u00f3k:<\/strong><\/p>\n<ol>\n<li><strong>Dombi G<\/strong>, Horv\u00e1th P, Fiser B, Mirzahosseini A, Dob\u00f3 M, Szab\u00f3 Z-I, T\u00f3th G. Enantioselective Human Serum Albumin Binding of Apremilast: Liquid Chromatographic, Fluorescence and Molecular Docking Study. International Journal of Molecular Sciences. 2023; 24(3):2168. <a href=\"https:\/\/doi.org\/10.3390\/ijms24032168\">https:\/\/doi.org\/10.3390\/ijms24032168<\/a><\/li>\n<li>Dob\u00f3, M., \u00c1d\u00e1m, M., Fiser, B., Papp, L. A., <strong>Dombi, G.<\/strong>, Sekkoum, K., &#8230; &amp; T\u00f3th, G. (2023). Enantioseparation and molecular docking study of selected chiral pharmaceuticals on a commercialized phenylcarbamate-\u03b2-cyclodextrin column using polar organic mode. Scientific Reports, 13(1), 14778.<\/li>\n<\/ol>\n<p><strong>D\u00edjak, elismer\u00e9sek:<\/strong><\/p>\n<ul style=\"list-style-type: square\">\n<li>2024 \u2013 Egyetemi Kutat\u00f3i \u00d6szt\u00f6nd\u00edj Program (EK\u00d6P)<\/li>\n<li>2023 \u2013 MD-PhD \u00f6szt\u00f6nd\u00edj<\/li>\n<li>2023 \u2013 \u00daNKP \u00f6szt\u00f6nd\u00edj<\/li>\n<\/ul>\n<p><strong>MTMT link: <\/strong><a href=\"https:\/\/m2.mtmt.hu\/api\/author\/10087450\">https:\/\/m2.mtmt.hu\/api\/author\/10087450<\/a><\/p>\n","protected":false},"excerpt":{"rendered":"<p>N\u00e9v: Beoszt\u00e1s: Telefonsz\u00e1m: E-mail c\u00edm: Iroda: Dr. Dombi Gergely Ph.D. hallgat\u00f3, oktat\u00e1si munkat\u00e1rs 476-3600, 53094 dombi.gergely@semmelweis.hu 1. emelet 6. 2021. okt\u00f3berben kezdtem TDK munk\u00e1mat Dr. T\u00f3th Gerg\u0151 \u00e9s Dr. Horv\u00e1th P\u00e9ter t\u00e9mavezet\u00e9s\u00e9vel. 2023. szeptember \u00f3ta MD-PhD hallgat\u00f3k\u00e9nt folytatom a kutat\u00e1st, az elv\u00e1laszt\u00e1stechnikai kutat\u00f3csoportban, kir\u00e1lis gy\u00f3gyszervegy\u00fcletek feh\u00e9rjek\u00f6t\u0151d\u00e9s\u00e9nek felt\u00e9rk\u00e9pez\u00e9s\u00e9ben kromatogr\u00e1fi\u00e1s, spektroszk\u00f3pi\u00e1s \u00e9s in silico m\u00f3dszerekkel. A m\u0171szeres &hellip;<\/p>\n","protected":false},"author":102300,"featured_media":0,"parent":1674,"menu_order":0,"comment_status":"closed","ping_status":"closed","template":"template-fullwidth.php","meta":{"_acf_changed":false,"footnotes":""},"categories":[18],"tags":[],"class_list":["post-1783","page","type-page","status-publish","hentry","category-bemutatkozo-oldal"],"acf":[],"_links":{"self":[{"href":"https:\/\/semmelweis.hu\/gyogyszereszi-kemia\/wp-json\/wp\/v2\/pages\/1783","targetHints":{"allow":["GET"]}}],"collection":[{"href":"https:\/\/semmelweis.hu\/gyogyszereszi-kemia\/wp-json\/wp\/v2\/pages"}],"about":[{"href":"https:\/\/semmelweis.hu\/gyogyszereszi-kemia\/wp-json\/wp\/v2\/types\/page"}],"author":[{"embeddable":true,"href":"https:\/\/semmelweis.hu\/gyogyszereszi-kemia\/wp-json\/wp\/v2\/users\/102300"}],"replies":[{"embeddable":true,"href":"https:\/\/semmelweis.hu\/gyogyszereszi-kemia\/wp-json\/wp\/v2\/comments?post=1783"}],"version-history":[{"count":10,"href":"https:\/\/semmelweis.hu\/gyogyszereszi-kemia\/wp-json\/wp\/v2\/pages\/1783\/revisions"}],"predecessor-version":[{"id":2771,"href":"https:\/\/semmelweis.hu\/gyogyszereszi-kemia\/wp-json\/wp\/v2\/pages\/1783\/revisions\/2771"}],"up":[{"embeddable":true,"href":"https:\/\/semmelweis.hu\/gyogyszereszi-kemia\/wp-json\/wp\/v2\/pages\/1674"}],"wp:attachment":[{"href":"https:\/\/semmelweis.hu\/gyogyszereszi-kemia\/wp-json\/wp\/v2\/media?parent=1783"}],"wp:term":[{"taxonomy":"category","embeddable":true,"href":"https:\/\/semmelweis.hu\/gyogyszereszi-kemia\/wp-json\/wp\/v2\/categories?post=1783"},{"taxonomy":"post_tag","embeddable":true,"href":"https:\/\/semmelweis.hu\/gyogyszereszi-kemia\/wp-json\/wp\/v2\/tags?post=1783"}],"curies":[{"name":"wp","href":"https:\/\/api.w.org\/{rel}","templated":true}]}}