{"id":1776,"date":"2023-11-16T15:56:59","date_gmt":"2023-11-16T14:56:59","guid":{"rendered":"https:\/\/semmelweis.hu\/gyogyszereszi-kemia\/?page_id=1776"},"modified":"2025-06-13T09:54:25","modified_gmt":"2025-06-13T07:54:25","slug":"bemutatkozas-dr-dobo-mate","status":"publish","type":"page","link":"https:\/\/semmelweis.hu\/gyogyszereszi-kemia\/munkatarsak\/bemutatkozas-dr-dobo-mate\/","title":{"rendered":"Bemutatkoz\u00e1s &#8211; Dr. Dob\u00f3 M\u00e1t\u00e9"},"content":{"rendered":"<div class=\"row\">\n<div class=\"col-4\"><img loading=\"lazy\" decoding=\"async\" class=\"size-full wp-image-1625 alignleft\" src=\"https:\/\/semmelweis.hu\/gyogyszereszi-kemia\/files\/2024\/01\/DSC_0641_1-scaled.jpg\" alt=\"\" width=\"274\" height=\"346\" \/><\/div>\n<div class=\"col-8\">\n<div class=\"row\">\n<div class=\"col-3\"><strong>N\u00e9v: Beoszt\u00e1s: Telefonsz\u00e1m: E-mail c\u00edm: Iroda:<\/strong><\/div>\n<div class=\"col-9\">Dr. Dob\u00f3 M\u00e1t\u00e9 <br \/>\nPh.D. hallgat\u00f3 <br \/>\n476-3600, 53094 <br \/>\ndobo.mate@stud.semmelweis.hu<br \/>\n1. emelet 2.<\/div>\n<\/div>\n<div class=\"row mt-3\">\n<div class=\"col-12\">2018. janu\u00e1rj\u00e1ban kezdtem el TDK munk\u00e1t folytatni Dr. T\u00f3th Gerg\u0151 t\u00e9mavezet\u00e9se alatt az elv\u00e1laszt\u00e1stechnikai kutat\u00f3csoportban. 2022-ben szereztem gy\u00f3gyszer\u00e9sz diplom\u00e1mat, ezut\u00e1n PhD-hallgat\u00f3k\u00e9nt maradtam a kutat\u00f3csoportban. Munk\u00e1m sor\u00e1n f\u0151leg poliszacharid-alap\u00fa kir\u00e1lis szelektorokat haszn\u00e1lok, ezen \u00e1ll\u00f3f\u00e1zisok eset\u00e9n vizsg\u00e1lom az enantiomer-felismer\u00e9shez vezet\u0151 lehets\u00e9ges mechanizmusokat. A 2022. szeptember\u00e9ben a curriculum reform kapcs\u00e1n \u00faj tant\u00e1rgyk\u00e9nt indult M\u0171szeres gy\u00f3gyszeranal\u00edzis t\u00e1rgy gyakorlati oktat\u00e1s\u00e1ban magyar \u00e9s angol nyelven r\u00e9szt veszek.<\/div>\n<\/div>\n<\/div>\n<\/div>\n<p class=\"mt-3\"><strong>Tanulm\u00e1nyok:<\/strong><\/p>\n<ul style=\"list-style-type: square\">\n<li>2022 \u2013 Semmelweis Egyetem &#8211; gy\u00f3gyszer\u00e9sz<\/li>\n<\/ul>\n<p><strong>Oktatott t\u00e1rgyak:<\/strong><\/p>\n<ul style=\"list-style-type: square\">\n<li>M\u0171szeres gy\u00f3gyszeranal\u00edzis gyakorlat<\/li>\n<li>Instrumental pharmaceutical analysis practice<\/li>\n<li>Pharmaceutical chemistry and analysis practice<\/li>\n<\/ul>\n<p><strong>V\u00e1logatott publik\u00e1ci\u00f3k:<\/strong><\/p>\n<ol>\n<li>Foroughbakhshfasaei, <strong>M.; Dob\u00f3<\/strong>, M.; Boda, F.; Szab\u00f3, Z.-I.; T\u00f3th, G. Comparative Chiral Separation of Thalidomide Class of Drugs Using Polysaccharide-Type Stationary Phases with Emphasis on Elution Order and Hysteresis in Polar Organic Mode. Molecules 2022, 27, 111. (2022)<\/li>\n<li><strong>Dob\u00f3, M\u00e1t\u00e9<\/strong>, et al. &#8222;Chiral separation of oxazolidinone analogues by liquid chromatography on polysaccharide stationary phases using polar organic mode.&#8221; Journal of Chromatography A 1662 (2022): 462741.<\/li>\n<li>Papp L-A, Krizbai S, <strong>Dob\u00f3 M<\/strong>, Hancu G, Szab\u00f3 Z-I, T\u00f3th G. Determination of Chiral Impurity of Naproxen in Different Pharmaceutical Formulations Using Polysaccharide-Based Stationary Phases in Reversed-Phased Mode. Molecules. 2022; 27(9):2986. https:\/\/doi.org\/10.3390\/molecules27092986<\/li>\n<li>Dombi G, Horv\u00e1th P, Fiser B, Mirzahosseini A, <strong>Dob\u00f3 M<\/strong>, Szab\u00f3 Z-I, T\u00f3th G. Enantioselective Human Serum Albumin Binding of Apremilast: Liquid Chromatographic, Fluorescence and Molecular Docking Study. International Journal of Molecular Sciences. 2023; 24(3):2168. https:\/\/doi.org\/10.3390\/ijms24032168<\/li>\n<li><span style=\"font-size: 1rem\"><strong>Dob\u00f3, M.<\/strong>, \u00c1d\u00e1m, M., Fiser, B., Papp, L. A., Dombi, G., Sekkoum, K., &#8230; &amp; T\u00f3th, G. (2023). Enantioseparation and molecular docking study of selected chiral pharmaceuticals on a commercialized phenylcarbamate-\u03b2-cyclodextrin column using polar organic mode. <\/span><em style=\"font-size: 1rem\">Scientific Reports<\/em><span style=\"font-size: 1rem\">,\u00a0<\/span><em style=\"font-size: 1rem\">13<\/em><span style=\"font-size: 1rem\">(1), 14778.<\/span><\/li>\n<\/ol>\n<p><strong>D\u00edjak, elismer\u00e9sek:<\/strong><\/p>\n<ul>\n<li>2020. \u2013 Kieg\u00e9sz\u00edt\u0151 Kutat\u00e1si Kiv\u00e1l\u00f3s\u00e1gi \u00d6szt\u00f6nd\u00edj<\/li>\n<li>2021. \u2013 Anoli-d\u00edj<\/li>\n<\/ul>\n<p><strong>MTMT link: <\/strong><a href=\"https:\/\/m2.mtmt.hu\/api\/author\/10081854\">https:\/\/m2.mtmt.hu\/api\/author\/10081854<\/a><\/p>\n<p><strong>ODT adatlap<\/strong>: <a href=\"https:\/\/doktori.hu\/index.php?menuid=192&amp;lang=HU&amp;sz_ID=45020\">https:\/\/doktori.hu\/index.php?menuid=192&amp;lang=HU&amp;sz_ID=45020<\/a><\/p>\n","protected":false},"excerpt":{"rendered":"<p>N\u00e9v: Beoszt\u00e1s: Telefonsz\u00e1m: E-mail c\u00edm: Iroda: Dr. Dob\u00f3 M\u00e1t\u00e9 Ph.D. hallgat\u00f3 476-3600, 53094 dobo.mate@stud.semmelweis.hu 1. emelet 2. 2018. janu\u00e1rj\u00e1ban kezdtem el TDK munk\u00e1t folytatni Dr. T\u00f3th Gerg\u0151 t\u00e9mavezet\u00e9se alatt az elv\u00e1laszt\u00e1stechnikai kutat\u00f3csoportban. 2022-ben szereztem gy\u00f3gyszer\u00e9sz diplom\u00e1mat, ezut\u00e1n PhD-hallgat\u00f3k\u00e9nt maradtam a kutat\u00f3csoportban. Munk\u00e1m sor\u00e1n f\u0151leg poliszacharid-alap\u00fa kir\u00e1lis szelektorokat haszn\u00e1lok, ezen \u00e1ll\u00f3f\u00e1zisok eset\u00e9n vizsg\u00e1lom az enantiomer-felismer\u00e9shez vezet\u0151 &hellip;<\/p>\n","protected":false},"author":102300,"featured_media":0,"parent":1674,"menu_order":0,"comment_status":"closed","ping_status":"closed","template":"template-fullwidth.php","meta":{"_acf_changed":false,"footnotes":""},"categories":[18],"tags":[],"class_list":["post-1776","page","type-page","status-publish","hentry","category-bemutatkozo-oldal"],"acf":[],"_links":{"self":[{"href":"https:\/\/semmelweis.hu\/gyogyszereszi-kemia\/wp-json\/wp\/v2\/pages\/1776","targetHints":{"allow":["GET"]}}],"collection":[{"href":"https:\/\/semmelweis.hu\/gyogyszereszi-kemia\/wp-json\/wp\/v2\/pages"}],"about":[{"href":"https:\/\/semmelweis.hu\/gyogyszereszi-kemia\/wp-json\/wp\/v2\/types\/page"}],"author":[{"embeddable":true,"href":"https:\/\/semmelweis.hu\/gyogyszereszi-kemia\/wp-json\/wp\/v2\/users\/102300"}],"replies":[{"embeddable":true,"href":"https:\/\/semmelweis.hu\/gyogyszereszi-kemia\/wp-json\/wp\/v2\/comments?post=1776"}],"version-history":[{"count":7,"href":"https:\/\/semmelweis.hu\/gyogyszereszi-kemia\/wp-json\/wp\/v2\/pages\/1776\/revisions"}],"predecessor-version":[{"id":2146,"href":"https:\/\/semmelweis.hu\/gyogyszereszi-kemia\/wp-json\/wp\/v2\/pages\/1776\/revisions\/2146"}],"up":[{"embeddable":true,"href":"https:\/\/semmelweis.hu\/gyogyszereszi-kemia\/wp-json\/wp\/v2\/pages\/1674"}],"wp:attachment":[{"href":"https:\/\/semmelweis.hu\/gyogyszereszi-kemia\/wp-json\/wp\/v2\/media?parent=1776"}],"wp:term":[{"taxonomy":"category","embeddable":true,"href":"https:\/\/semmelweis.hu\/gyogyszereszi-kemia\/wp-json\/wp\/v2\/categories?post=1776"},{"taxonomy":"post_tag","embeddable":true,"href":"https:\/\/semmelweis.hu\/gyogyszereszi-kemia\/wp-json\/wp\/v2\/tags?post=1776"}],"curies":[{"name":"wp","href":"https:\/\/api.w.org\/{rel}","templated":true}]}}