{"id":1763,"date":"2023-11-16T14:00:41","date_gmt":"2023-11-16T13:00:41","guid":{"rendered":"https:\/\/semmelweis.hu\/gyogyszereszi-kemia\/?page_id=1763"},"modified":"2025-06-13T09:54:31","modified_gmt":"2025-06-13T07:54:31","slug":"bemutatkozas-simon-balazs","status":"publish","type":"page","link":"https:\/\/semmelweis.hu\/gyogyszereszi-kemia\/munkatarsak\/bemutatkozas-simon-balazs\/","title":{"rendered":"Bemutatkoz\u00e1s &#8211; Dr. Simon Bal\u00e1zs"},"content":{"rendered":"<div class=\"row\">\n<div class=\"col-4\"><img loading=\"lazy\" decoding=\"async\" class=\"size-full wp-image-1625 alignleft\" src=\"https:\/\/semmelweis.hu\/gyogyszereszi-kemia\/files\/2024\/01\/DSC_0726_1-scaled.jpg\" alt=\"\" width=\"274\" height=\"346\" \/><\/div>\n<div class=\"col-8\">\n<div class=\"row\">\n<div class=\"col-3\"><strong>N\u00e9v: Beoszt\u00e1s: Telefonsz\u00e1m: E-mail c\u00edm: Iroda:<\/strong><\/div>\n<div class=\"col-9\">Dr. Simon Bal\u00e1zs<br \/>\nPh.D. hallgat\u00f3, oktat\u00e1si munkat\u00e1rs<br \/>\n+36 1 459-1500\/55093 <br \/>\nsimon.balazs@semmelweis.hu<br \/>\n2. emelet 26.<\/div>\n<\/div>\n<div class=\"row mt-5\">\n<div class=\"col-12\">Harmad\u00e9ves korom \u00f3ta el\u0151bb mint TDK hallgat\u00f3, majd mint szakdolgozatos hallgat\u00f3, 2021 \u00f3ta pedig mint PhD hallgat\u00f3 dolgozom az int\u00e9zetben. Kutat\u00e1si t\u00e9m\u00e1m morfinv\u00e1zas vegy\u00fcletek N-szubsztituens\u00e9nek m\u00f3dos\u00edt\u00e1s\u00e1t foglalja mag\u00e1ban, kor\u00e1bban \u00fan. \u201ebiased\u201d opioid agonist\u00e1kkal foglalkoztam. Gyakorlatvezet\u0151k\u00e9nt veszek r\u00e9szt a harmad\u00e9ves Gy\u00f3gyszerk\u00e9mia \u00e9s anal\u00edzis tant\u00e1rgyak oktat\u00e1s\u00e1ban magyar, angol \u00e9s n\u00e9met nyelven, valamint t\u00e1rs-gyakorlatvezet\u0151k\u00e9nt a negyed\u00e9ves n\u00e9met \u00e9vfolyamon is oktatok.<\/div>\n<\/div>\n<\/div>\n<\/div>\n<p class=\"mt-3\"><strong>Tanulm\u00e1nyok:<\/strong><\/p>\n<ul style=\"list-style-type: square\">\n<li>2021 \u2013 Semmelweis Egyetem GYTK \u2013 gy\u00f3gyszer\u00e9sz<\/li>\n<\/ul>\n<p><strong style=\"font-size: 1rem\">Szakmai tapasztalat:<\/strong><\/p>\n<ul style=\"list-style-type: square\">\n<li>2021\u2013 SE GYTK GYKI \u2013 PHD hallgat\u00f3<\/li>\n<\/ul>\n<p><strong>Oktatott t\u00e1rgyak:<\/strong><\/p>\n<ul style=\"list-style-type: square\">\n<li>Gy\u00f3gyszer\u00e9szi K\u00e9mia \u00e9s Anal\u00edzis I., II.<\/li>\n<li>Pharmaceutical Chemistry and Analysis I, II<\/li>\n<li>Pharmazeutische Chemie und Analytik I., II.<\/li>\n<li>Instrumentelle Arzneimittelanalytik<\/li>\n<\/ul>\n<p><strong>T\u00e9mavezet\u0151i tev\u00e9kenys\u00e9g:<\/strong><\/p>\n<ul>\n<li>1 TDK hallgat\u00f3, egyetemi konferenci\u00e1n II. d\u00edjat nyert<\/li>\n<\/ul>\n<p><strong style=\"font-size: 1rem\">MTMT link: <\/strong><a href=\"https:\/\/m2.mtmt.hu\/api\/author\/10080508\">https:\/\/m2.mtmt.hu\/api\/author\/10080508<\/a><\/p>\n<p><strong>ODT adatlap<\/strong>: <a href=\"https:\/\/doktori.hu\/index.php?menuid=192&amp;lang=HU&amp;sz_ID=41699\">https:\/\/doktori.hu\/index.php?menuid=192&amp;lang=HU&amp;sz_ID=41699<\/a><\/p>\n","protected":false},"excerpt":{"rendered":"<p>N\u00e9v: Beoszt\u00e1s: Telefonsz\u00e1m: E-mail c\u00edm: Iroda: Dr. Simon Bal\u00e1zs Ph.D. hallgat\u00f3, oktat\u00e1si munkat\u00e1rs +36 1 459-1500\/55093 simon.balazs@semmelweis.hu 2. emelet 26. Harmad\u00e9ves korom \u00f3ta el\u0151bb mint TDK hallgat\u00f3, majd mint szakdolgozatos hallgat\u00f3, 2021 \u00f3ta pedig mint PhD hallgat\u00f3 dolgozom az int\u00e9zetben. Kutat\u00e1si t\u00e9m\u00e1m morfinv\u00e1zas vegy\u00fcletek N-szubsztituens\u00e9nek m\u00f3dos\u00edt\u00e1s\u00e1t foglalja mag\u00e1ban, kor\u00e1bban \u00fan. \u201ebiased\u201d opioid agonist\u00e1kkal foglalkoztam. Gyakorlatvezet\u0151k\u00e9nt &hellip;<\/p>\n","protected":false},"author":102300,"featured_media":0,"parent":1674,"menu_order":0,"comment_status":"closed","ping_status":"closed","template":"template-fullwidth.php","meta":{"_acf_changed":false,"footnotes":""},"categories":[18],"tags":[],"class_list":["post-1763","page","type-page","status-publish","hentry","category-bemutatkozo-oldal"],"acf":[],"_links":{"self":[{"href":"https:\/\/semmelweis.hu\/gyogyszereszi-kemia\/wp-json\/wp\/v2\/pages\/1763","targetHints":{"allow":["GET"]}}],"collection":[{"href":"https:\/\/semmelweis.hu\/gyogyszereszi-kemia\/wp-json\/wp\/v2\/pages"}],"about":[{"href":"https:\/\/semmelweis.hu\/gyogyszereszi-kemia\/wp-json\/wp\/v2\/types\/page"}],"author":[{"embeddable":true,"href":"https:\/\/semmelweis.hu\/gyogyszereszi-kemia\/wp-json\/wp\/v2\/users\/102300"}],"replies":[{"embeddable":true,"href":"https:\/\/semmelweis.hu\/gyogyszereszi-kemia\/wp-json\/wp\/v2\/comments?post=1763"}],"version-history":[{"count":10,"href":"https:\/\/semmelweis.hu\/gyogyszereszi-kemia\/wp-json\/wp\/v2\/pages\/1763\/revisions"}],"predecessor-version":[{"id":2346,"href":"https:\/\/semmelweis.hu\/gyogyszereszi-kemia\/wp-json\/wp\/v2\/pages\/1763\/revisions\/2346"}],"up":[{"embeddable":true,"href":"https:\/\/semmelweis.hu\/gyogyszereszi-kemia\/wp-json\/wp\/v2\/pages\/1674"}],"wp:attachment":[{"href":"https:\/\/semmelweis.hu\/gyogyszereszi-kemia\/wp-json\/wp\/v2\/media?parent=1763"}],"wp:term":[{"taxonomy":"category","embeddable":true,"href":"https:\/\/semmelweis.hu\/gyogyszereszi-kemia\/wp-json\/wp\/v2\/categories?post=1763"},{"taxonomy":"post_tag","embeddable":true,"href":"https:\/\/semmelweis.hu\/gyogyszereszi-kemia\/wp-json\/wp\/v2\/tags?post=1763"}],"curies":[{"name":"wp","href":"https:\/\/api.w.org\/{rel}","templated":true}]}}