{"id":1746,"date":"2023-11-16T13:44:09","date_gmt":"2023-11-16T12:44:09","guid":{"rendered":"https:\/\/semmelweis.hu\/gyogyszereszi-kemia\/?page_id=1746"},"modified":"2025-06-13T09:54:22","modified_gmt":"2025-06-13T07:54:22","slug":"bemutatkozas-dr-horvath-peter","status":"publish","type":"page","link":"https:\/\/semmelweis.hu\/gyogyszereszi-kemia\/munkatarsak\/bemutatkozas-dr-horvath-peter\/","title":{"rendered":"Bemutatkoz\u00e1s &#8211; Dr. Horv\u00e1th P\u00e9ter"},"content":{"rendered":"<div class=\"row\">\n<div class=\"col-4\"><img loading=\"lazy\" decoding=\"async\" class=\"size-full wp-image-1625 alignleft\" src=\"https:\/\/semmelweis.hu\/gyogyszereszi-kemia\/files\/2024\/01\/DSC_0626_1-scaled.jpg\" alt=\"\" width=\"274\" height=\"346\" \/><\/div>\n<div class=\"col-8\">\n<div class=\"row\">\n<div class=\"col-3\"><strong>N\u00e9v: Beoszt\u00e1s: Telefonsz\u00e1m: E-mail c\u00edm: Iroda:<\/strong><\/div>\n<div class=\"col-9\">Dr. Horv\u00e1th P\u00e9ter <br \/>\negyetemi docens, igazgat\u00f3helyettes <br \/>\n476-3600\/53840 <br \/>\nhorvath.peter@semmelweis.hu<br \/>\n1. emelet 5\/b.<\/div>\n<\/div>\n<div class=\"row mt-3\">\n<div class=\"col-12\">1986-ban v\u00e9geztem a Semmelweis Orvostudom\u00e1nyi Egyetem Gy\u00f3gyszer\u00e9sztudom\u00e1nyi Kar\u00e1n. 1990-ig az ELTE Szervetlen \u00e9s Analitikai Tansz\u00e9k\u00e9n kutattam \u00e9s oktattam kirendelt munkat\u00e1rsk\u00e9nt. 1990-t\u0151l a Gy\u00f3gyszer\u00e9szi K\u00e9miai kutat\u00f3csoport megalakul\u00e1sa \u00f3ta foglalkozom kiroptikai spektroszk\u00f3pi\u00e1val. Kor\u00e1bban f\u0151leg kismolekul\u00e1k kiroptikai analitikai lehet\u0151s\u00e9geivel foglalkoztam, 2017 \u00f3ta biopolimerek (ciklodextrinek, feh\u00e9rj\u00e9k, DNS\/RNS) \u00e9s hat\u00f3anyagok k\u00f6t\u0151d\u00e9se ICD spektroszk\u00f3pi\u00e1val az \u00e9rdekl\u0151d\u00e9si ter\u00fcletem<\/div>\n<\/div>\n<\/div>\n<\/div>\n<p class=\"mt-3\"><strong>Tanulm\u00e1nyok:<\/strong><\/p>\n<ul style=\"list-style-type: square\">\n<li>1981-1986 Semmelweis Orvostudom\u00e1nyi Egyetem, Gy\u00f3gyszer\u00e9sztudom\u00e1nyi Kar<\/li>\n<\/ul>\n<p><strong>Szakmai tapasztalat:<\/strong><\/p>\n<ul style=\"list-style-type: square\">\n<li>1986 \u2013 Gy\u00f3gyszer\u00e9szi K\u00e9miai Int\u00e9zet<\/li>\n<li>2009-2012 d\u00e9k\u00e1nhelyettes<\/li>\n<li>2012-2023 igazgat\u00f3<\/li>\n<\/ul>\n<p><strong>Oktatott t\u00e1rgyak:<\/strong><\/p>\n<ul style=\"list-style-type: square\">\n<li>1986-1990 \u00c1ltal\u00e1nos \u00e9s Szervetlen K\u00e9mia, Kvalitat\u00edv \u00e9s Kvantitat\u00edv Analitika \/ELTE-GYTK\/<\/li>\n<li>1989-1990 M\u0171szeres Analitika \/ELTE vegy\u00e9sz\/<\/li>\n<li>1990-2020 Gy\u00f3gyszer\u00e9szi K\u00e9mia I-II-III \/magyar, angol\/ el\u0151ad\u00e1s \u00e9s gyakorlat<\/li>\n<li>1990-2020 M\u0171szeres Gy\u00f3gyszeranal\u00edzis (k\u00f6t.v\u00e1l)<\/li>\n<li>2020- Molekulaszerkezet meghat\u00e1roz\u00e1s spektroszk\u00f3piai m\u00f3dszerekkel (szab. v\u00e1l)<\/li>\n<li>2020- Gy\u00f3gyszerk\u00e9mia \u00e9s Anal\u00edzis \/magyar, angol\/ el\u0151ad\u00e1s \u00e9s gyakorlat<\/li>\n<li>2020- M\u0171szeres Gy\u00f3gyszeranal\u00edzis \/magyar, angol\/ el\u0151ad\u00e1s \u00e9s gyakorlat<\/li>\n<li>2012-2019 Gy\u00f3gyszer \u00c9lelmiszer Interakci\u00f3k (SE. ETK dietetikus M.Sc.))<\/li>\n<\/ul>\n<p><strong>V\u00e1logatott publik\u00e1ci\u00f3k:<\/strong><\/p>\n<ol>\n<li>Kraszni, M. ; \u00c1gh,F. ; Horv\u00e1th, D.; Mirzahosseini, A.; <strong>Horv\u00e1th, P\u00e9ter<\/strong>: Effect of Substitution Degree and Homogeneity on Cyclodextrin-Ligand Complex Stability: Comparison of Fenbufen and Fenoprofen Using CD and NMR Spectroscopy, INTERNATIONAL JOURNAL OF MOLECULAR SCIENCES 24 : 8 Paper: 7544 , 14 p. (2023)<\/li>\n<li>Horv\u00e1th, D.; D\u00fcrvanger, Z.; Menyh\u00e1rd, D. K.; Sulyok-Eiler, M.; Bencs, F.; Gyulai, G.: <strong>Horv\u00e1th, P<\/strong>.; Taricska, N.\u00f3; Perczel, A.:<br \/>\nPolymorphic amyloid nanostructures of hormone peptides involved in glucose homeostasis display reversible amyloid formation, NATURE COMMUNICATIONS 14 : 1 Paper: 4621 , 15 p. (2023)<\/li>\n<li>Dombi, G.; <strong>Horv\u00e1th, P.<\/strong>; Fiser, B.; Mirzahosseini, A.; Dob\u00f3, M.; Szab\u00f3, Z.I.; T\u00f3th, G.: Enantioselective Human Serum Albumin Binding of Apremilast: Liquid Chromatographic, Fluorescence and Molecular Docking Study, INTERNATIONAL JOURNAL OF MOLECULAR SCIENCES 24 : 3 Paper: 2168 , 15 p. (2023)<\/li>\n<li>Kiss E.; Szab\u00f3, V.A.; <strong>Horv\u00e1th, P.<\/strong>: Simple circular dichroism method for selection of the optimal cyclodextrin for drug complexation <br \/>\nJOURNAL OF INCLUSION PHENOMENA AND MACROCYCLIC CHEMISTRY 95 : 3-4 pp. 223-233. , 11 p. (2019)<\/li>\n<li>Komj\u00e1ti, B.; Urai, \u00c1.; Hosztafi, S.; K\u00f6k\u00f6si, J.; Kov\u00e1ts, B.; Nagy, J.; <strong>Horv\u00e1th, P.<\/strong>: Systematic study on the TD-DFT calculated electronic circular dichroism spectra of chiral aromatic nitro compounds: A comparison of B3LYP and CAM-B3LYP, SPECTROCHIMICA ACTA PART A-MOLECULAR AND BIOMOLECULAR SPECTROSCOPY 155 pp. 95-102. , 8 p. (2016)<\/li>\n<\/ol>\n<p><strong>T\u00e9mavezet\u0151i tev\u00e9kenys\u00e9g:<\/strong><\/p>\n<ul style=\"list-style-type: square\">\n<li>1 sikeresen megv\u00e9dett Ph.D \u00e9rtekez\u00e9s t\u00e9mavezet\u0151je, 4 konzulense.<\/li>\n<li>9 TDK-z\u00f3 hallgat\u00f3 (1 OTDK els\u0151, 2 els\u0151, 2 m\u00e1sodik \u00e9s 1 harmadik helyez\u00e9s)<\/li>\n<li>12 megv\u00e9dett diplomamunka konzulense (folyamatban m\u00e9g 2)<\/li>\n<\/ul>\n<p><strong>MTMT link: <\/strong><a href=\"https:\/\/m2.mtmt.hu\/api\/author\/10020177\">https:\/\/m2.mtmt.hu\/api\/author\/10020177<\/a><\/p>\n<p><strong>ODT adatlap<\/strong>: <a href=\"https:\/\/doktori.hu\/index.php?menuid=192&amp;lang=HU&amp;sz_ID=10199\">https:\/\/doktori.hu\/index.php?menuid=192&amp;lang=HU&amp;sz_ID=10199<\/a><\/p>\n","protected":false},"excerpt":{"rendered":"<p>N\u00e9v: Beoszt\u00e1s: Telefonsz\u00e1m: E-mail c\u00edm: Iroda: Dr. Horv\u00e1th P\u00e9ter egyetemi docens, igazgat\u00f3helyettes 476-3600\/53840 horvath.peter@semmelweis.hu 1. emelet 5\/b. 1986-ban v\u00e9geztem a Semmelweis Orvostudom\u00e1nyi Egyetem Gy\u00f3gyszer\u00e9sztudom\u00e1nyi Kar\u00e1n. 1990-ig az ELTE Szervetlen \u00e9s Analitikai Tansz\u00e9k\u00e9n kutattam \u00e9s oktattam kirendelt munkat\u00e1rsk\u00e9nt. 1990-t\u0151l a Gy\u00f3gyszer\u00e9szi K\u00e9miai kutat\u00f3csoport megalakul\u00e1sa \u00f3ta foglalkozom kiroptikai spektroszk\u00f3pi\u00e1val. Kor\u00e1bban f\u0151leg kismolekul\u00e1k kiroptikai analitikai lehet\u0151s\u00e9geivel foglalkoztam, 2017 &hellip;<\/p>\n","protected":false},"author":102300,"featured_media":0,"parent":1674,"menu_order":0,"comment_status":"closed","ping_status":"closed","template":"template-fullwidth.php","meta":{"_acf_changed":false,"footnotes":""},"categories":[18],"tags":[],"class_list":["post-1746","page","type-page","status-publish","hentry","category-bemutatkozo-oldal"],"acf":[],"_links":{"self":[{"href":"https:\/\/semmelweis.hu\/gyogyszereszi-kemia\/wp-json\/wp\/v2\/pages\/1746","targetHints":{"allow":["GET"]}}],"collection":[{"href":"https:\/\/semmelweis.hu\/gyogyszereszi-kemia\/wp-json\/wp\/v2\/pages"}],"about":[{"href":"https:\/\/semmelweis.hu\/gyogyszereszi-kemia\/wp-json\/wp\/v2\/types\/page"}],"author":[{"embeddable":true,"href":"https:\/\/semmelweis.hu\/gyogyszereszi-kemia\/wp-json\/wp\/v2\/users\/102300"}],"replies":[{"embeddable":true,"href":"https:\/\/semmelweis.hu\/gyogyszereszi-kemia\/wp-json\/wp\/v2\/comments?post=1746"}],"version-history":[{"count":10,"href":"https:\/\/semmelweis.hu\/gyogyszereszi-kemia\/wp-json\/wp\/v2\/pages\/1746\/revisions"}],"predecessor-version":[{"id":2148,"href":"https:\/\/semmelweis.hu\/gyogyszereszi-kemia\/wp-json\/wp\/v2\/pages\/1746\/revisions\/2148"}],"up":[{"embeddable":true,"href":"https:\/\/semmelweis.hu\/gyogyszereszi-kemia\/wp-json\/wp\/v2\/pages\/1674"}],"wp:attachment":[{"href":"https:\/\/semmelweis.hu\/gyogyszereszi-kemia\/wp-json\/wp\/v2\/media?parent=1746"}],"wp:term":[{"taxonomy":"category","embeddable":true,"href":"https:\/\/semmelweis.hu\/gyogyszereszi-kemia\/wp-json\/wp\/v2\/categories?post=1746"},{"taxonomy":"post_tag","embeddable":true,"href":"https:\/\/semmelweis.hu\/gyogyszereszi-kemia\/wp-json\/wp\/v2\/tags?post=1746"}],"curies":[{"name":"wp","href":"https:\/\/api.w.org\/{rel}","templated":true}]}}