{"id":1674,"date":"2023-11-15T21:26:12","date_gmt":"2023-11-15T20:26:12","guid":{"rendered":"https:\/\/semmelweis.hu\/gyogyszereszi-kemia\/?page_id=1674"},"modified":"2025-11-26T13:05:50","modified_gmt":"2025-11-26T12:05:50","slug":"munkatarsak","status":"publish","type":"page","link":"https:\/\/semmelweis.hu\/gyogyszereszi-kemia\/munkatarsak\/","title":{"rendered":"Munkat\u00e1rsaink"},"content":{"rendered":"<div class=\"row\">\n<div class=\"col-2\"><img loading=\"lazy\" decoding=\"async\" class=\"size-medium wp-image-1676 alignleft\" src=\"https:\/\/semmelweis.hu\/gyogyszereszi-kemia\/files\/2024\/01\/DSC_0658_1-scaled.jpg\" alt=\"\" width=\"276\" height=\"400\" \/><\/div>\n<div class=\"col-10\">\n<p><strong><a href=\"https:\/\/semmelweis.hu\/gyogyszereszi-kemia\/bemutatkozas-prof-dr-balogh-gyorgy-tibor\/\">Prof. Dr. Balogh Gy\u00f6rgy Tibor<\/a><\/strong><br \/>\negyetemi tan\u00e1r, <strong>igazgat\u00f3<\/strong><\/p>\n<p class=\"mt-4\">Tel.: 476-3600, 53071<br \/>\nIroda: 1. emelet 5\/a. <br \/>\n\u2709 balogh.gyorgy.tibor@semmelweis.hu<\/p>\n<\/div>\n<\/div>\n<hr \/>\n<div class=\"row\">\n<div class=\"col-2\"><img loading=\"lazy\" decoding=\"async\" class=\"size-medium wp-image-1676 alignleft\" src=\"https:\/\/semmelweis.hu\/gyogyszereszi-kemia\/files\/2025\/02\/Mazak_Marta.jpg\" alt=\"\" width=\"276\" height=\"400\" \/><\/div>\n<div class=\"col-10\">\n<p><span style=\"color: #333399;\"><strong><a href=\"https:\/\/semmelweis.hu\/gyogyszereszi-kemia\/bemutatkozas-dr-mazakne-kraszni-marta\/\">Dr. Maz\u00e1kn\u00e9 Kraszni M\u00e1rta<\/a><\/strong><\/span><br \/>\negyetemi docens, <strong>igazgat\u00f3helyettes<\/strong><\/p>\n<p class=\"mt-4\">Tel.: 476-3600, 53073<br \/>\nIroda: 1. emelet 16. <br \/>\n\u2709 kraszni.marta@semmelweis.hu<\/p>\n<\/div>\n<\/div>\n<hr \/>\n<div class=\"row\">\n<div class=\"col-2\"><img loading=\"lazy\" decoding=\"async\" class=\"size-medium wp-image-1676 alignleft\" src=\"https:\/\/semmelweis.hu\/gyogyszereszi-kemia\/files\/2024\/01\/DSC_0626_1-scaled.jpg\" alt=\"\" width=\"276\" height=\"400\" \/><\/div>\n<div class=\"col-10\">\n<p><span style=\"color: #333399;\"><strong><a href=\"https:\/\/semmelweis.hu\/gyogyszereszi-kemia\/bemutatkozas-dr-horvath-peter\/\">Dr. Horv\u00e1th P\u00e9ter<\/a><\/strong><\/span><br \/>\negyetemi docens, <strong>igazgat\u00f3helyettes<\/strong><\/p>\n<p class=\"mt-4\">Tel.: 476-3600, 53840<br \/>\nIroda: 1. emelet 5\/b. <br \/>\n\u2709 horvath.peter@semmelweis.hu<\/p>\n<\/div>\n<\/div>\n<hr \/>\n<div class=\"row\">\n<div class=\"col-2\"><img loading=\"lazy\" decoding=\"async\" class=\"size-medium wp-image-1676 alignleft\" src=\"https:\/\/semmelweis.hu\/gyogyszereszi-kemia\/files\/2024\/01\/DSC_0699-scaled.jpg\" alt=\"\" width=\"276\" height=\"400\" \/><\/div>\n<div class=\"col-10\">\n<p><span style=\"color: #333399;\"><strong><a href=\"https:\/\/semmelweis.hu\/gyogyszereszi-kemia\/bemutatkozas-angi-reka\/\">Dr. Angi Erzs\u00e9bet R\u00e9ka<\/a><\/strong><\/span><br \/>\negyetemi adjunktus<\/p>\n<p class=\"mt-4\">Tel.: 476-3600, 53013<br \/>\nIroda: 1. emelet 17. <br \/>\n\u2709 angi.erzsebet@semmelweis.hu<\/p>\n<\/div>\n<\/div>\n<hr \/>\n<div class=\"row\">\n<div class=\"col-2\"><img loading=\"lazy\" decoding=\"async\" class=\"size-medium wp-image-1676 alignleft\" src=\"https:\/\/semmelweis.hu\/gyogyszereszi-kemia\/files\/2025\/02\/Bardos_Vivien_.jpg\" alt=\"\" width=\"276\" height=\"400\" \/><\/div>\n<div class=\"col-10\">\n<p><span style=\"color: #333399;\"><strong><a href=\"https:\/\/semmelweis.hu\/gyogyszereszi-kemia\/bemutatkozas-dr-bardos-vivien\/\">Dr. B\u00e1rdos Vivien<\/a><\/strong><\/span><br \/>\nPh.D. hallgat\u00f3, oktat\u00e1si munkat\u00e1rs<\/p>\n<p class=\"mt-4\">Tel.: 476-3600, 53013<br \/>\nIroda: 1. emelet 13. <br \/>\n\u2709 bardos.vivien@semmelweis.hu<\/p>\n<\/div>\n<\/div>\n<hr \/>\n<div class=\"row\">\n<div class=\"col-2\"><img loading=\"lazy\" decoding=\"async\" class=\"size-medium wp-image-1676 alignleft\" src=\"https:\/\/semmelweis.hu\/gyogyszereszi-kemia\/files\/2024\/01\/DSC_0715_1-scaled.jpg\" alt=\"\" width=\"276\" height=\"400\" \/><\/div>\n<div class=\"col-10\">\n<p><span style=\"color: #333399;\"><strong><a href=\"https:\/\/semmelweis.hu\/gyogyszereszi-kemia\/bemutatkozas-berta-izabella-roberta\/\">Berta Izabella Roberta<\/a><\/strong><\/span><br \/>\nkutat\u00e1si szak\u00e9rt\u0151<\/p>\n<p class=\"mt-4\">Tel.: 476-3600, 53081<br \/>\nLabor: 2. emelet 32. (el\u0151k\u00e9sz\u00edt\u0151) <br \/>\n\u2709 berta.izabella@semmelweis.hu<\/p>\n<\/div>\n<\/div>\n<hr \/>\n<div class=\"row\">\n<div class=\"col-2\"><img loading=\"lazy\" decoding=\"async\" class=\"size-medium wp-image-1676 alignleft\" src=\"https:\/\/semmelweis.hu\/gyogyszereszi-kemia\/files\/2024\/01\/profile-blank-whitebg.png\" alt=\"\" width=\"276\" height=\"400\" \/><\/div>\n<div class=\"col-10\">\n<p><span style=\"color: #333399;\"><strong><a href=\"https:\/\/semmelweis.hu\/gyogyszereszi-kemia\/bemutatkozas-csillag-balazs\/\">Csillag Bal\u00e1zs<\/a><\/strong><\/span><br \/>\nPh.D. hallgat\u00f3<\/p>\n<p class=\"mt-4\">Tel.: 476-3600, 53013<br \/>\nLabor: 1. emelet 13. <br \/>\n\u2709 csillag.balazs@semmelweis.hu<\/p>\n<\/div>\n<\/div>\n<hr \/>\n<div class=\"row\">\n<div class=\"col-2\"><img loading=\"lazy\" decoding=\"async\" class=\"size-medium wp-image-1676 alignleft\" src=\"https:\/\/semmelweis.hu\/gyogyszereszi-kemia\/files\/2024\/01\/DSC_0641_1-scaled.jpg\" alt=\"\" width=\"276\" height=\"400\" \/><\/div>\n<div class=\"col-10\">\n<p><span style=\"color: #333399;\"><strong><a href=\"https:\/\/semmelweis.hu\/gyogyszereszi-kemia\/bemutatkozas-dr-dobo-mate\/\">Dr. Dob\u00f3 M\u00e1t\u00e9<\/a><\/strong><\/span><br \/>\nPh.D.hallgat\u00f3<\/p>\n<p class=\"mt-4\">Tel.: 476-3600, 53094<br \/>\nIroda: 1. emelet 6. <br \/>\n\u2709 dobo.mate@stud.semmelweis.hu<\/p>\n<\/div>\n<\/div>\n<hr \/>\n<div class=\"row\">\n<div class=\"col-2\"><img loading=\"lazy\" decoding=\"async\" class=\"size-medium wp-image-1676 alignleft\" src=\"https:\/\/semmelweis.hu\/gyogyszereszi-kemia\/files\/2024\/01\/DSC_0635_1-scaled.jpg\" alt=\"\" width=\"276\" height=\"400\" \/><\/div>\n<div class=\"col-10\">\n<p><span style=\"color: #333399;\"><strong><a href=\"https:\/\/semmelweis.hu\/gyogyszereszi-kemia\/bemutatkozas-dombi-gergely\/\">Dr. Dombi Gergely<\/a><\/strong><\/span><br \/>\nPh.D. hallgat\u00f3, oktat\u00e1si munkat\u00e1rs<\/p>\n<p class=\"mt-4\">Tel.: 476-3600, 53094 <br \/>\nIroda: 1. emelet 6. <br \/>\n\u2709 dombi.gergely@semmelweis.hu<\/p>\n<\/div>\n<\/div>\n<hr \/>\n<div class=\"row\">\n<div class=\"col-2\"><img loading=\"lazy\" decoding=\"async\" class=\"size-medium wp-image-1676 alignleft\" src=\"https:\/\/semmelweis.hu\/gyogyszereszi-kemia\/files\/2024\/01\/DSC_0708_1-scaled.jpg\" alt=\"\" width=\"276\" height=\"400\" \/><\/div>\n<div class=\"col-10\">\n<p><span style=\"color: #333399;\"><strong><a href=\"https:\/\/semmelweis.hu\/gyogyszereszi-kemia\/bemutatkozas-fekete-zsolt\/\">Fekete Zsolt<\/a><\/strong><\/span><br \/>\nPh.D. hallgat\u00f3<\/p>\n<p class=\"mt-4\">Tel.: &#8211;<br \/>\nMunkahely: CRL Hungary Kft.<br \/>\n\u2709 fekete.zsolt@phd.semmelweis.hu<\/p>\n<\/div>\n<\/div>\n<hr \/>\n<div class=\"row\">\n<div class=\"col-2\"><img loading=\"lazy\" decoding=\"async\" class=\"size-medium wp-image-1676 alignleft\" src=\"https:\/\/semmelweis.hu\/gyogyszereszi-kemia\/files\/2024\/01\/DSC_0677_1-scaled.jpg\" alt=\"\" width=\"276\" height=\"400\" \/><\/div>\n<div class=\"col-10\">\n<p><span style=\"color: #333399;\"><strong><a href=\"https:\/\/semmelweis.hu\/gyogyszereszi-kemia\/bemutatkozas-gazda-farkas-adrienn\/\">Gazda-Farkas Adrienn<\/a><\/strong><\/span><br \/>\noktat\u00e1si asszisztens<\/p>\n<p class=\"mt-4\">Tel.: 476-3600, 53081<br \/>\nLabor: 2. emelet 32. (el\u0151k\u00e9sz\u00edt\u0151) <br \/>\n\u2709 gazda-farkas.adrienn@semmelweis.hu<\/p>\n<\/div>\n<\/div>\n<hr \/>\n<div class=\"row\">\n<div class=\"col-2\"><img loading=\"lazy\" decoding=\"async\" class=\"size-medium wp-image-1676 alignleft\" src=\"https:\/\/semmelweis.hu\/gyogyszereszi-kemia\/files\/2024\/01\/DSC_0647_1-scaled.jpg\" alt=\"\" width=\"276\" height=\"400\" \/><\/div>\n<div class=\"col-10\">\n<p><span style=\"color: #333399;\"><strong><a href=\"https:\/\/semmelweis.hu\/gyogyszereszi-kemia\/bemutatkozas-dr-golcs-adam\/\">Dr. Golcs \u00c1d\u00e1m<\/a><\/strong><\/span><br \/>\negyetemi adjunktus<\/p>\n<p class=\"mt-4\">Tel.: 476-3600, 53013<br \/>\nIroda: 2. emelet 23. <br \/>\n\u2709 golcs.adam@semmelweis.hu<\/p>\n<\/div>\n<\/div>\n<hr \/>\n<div class=\"row\">\n<div class=\"col-2\"><img loading=\"lazy\" decoding=\"async\" class=\"size-medium wp-image-1676 alignleft\" src=\"https:\/\/semmelweis.hu\/gyogyszereszi-kemia\/files\/2025\/02\/Herr_Dominika.jpg\" alt=\"\" width=\"276\" height=\"400\" \/><\/div>\n<div class=\"col-10\">\n<p><span style=\"color: #333399;\"><strong><a href=\"https:\/\/semmelweis.hu\/gyogyszereszi-kemia\/bemutatkozas-herr-dominika-maria\/\">Herr Dominika<\/a><\/strong><\/span><br \/>\nPh.D. hallgat\u00f3<\/p>\n<p class=\"mt-4\">Tel.:-<br \/>\nMunkahely: Cyclolab Kft. <br \/>\n\u2709 herr.dominika@phd.semmelweis.hu<\/p>\n<\/div>\n<\/div>\n<hr \/>\n<div class=\"row\">\n<div class=\"col-2\"><img loading=\"lazy\" decoding=\"async\" class=\"size-medium wp-image-1676 alignleft\" src=\"https:\/\/semmelweis.hu\/gyogyszereszi-kemia\/files\/2024\/01\/DSC_0727_1-scaled.jpg\" alt=\"\" width=\"276\" height=\"400\" \/><\/div>\n<div class=\"col-10\">\n<p><span style=\"color: #333399;\"><strong><a href=\"https:\/\/semmelweis.hu\/gyogyszereszi-kemia\/bemutatkozas-dr-hosztafi-sandor\/\">Dr. Hosztafi S\u00e1ndor<\/a><\/strong><\/span><br \/>\ntudom\u00e1nyos f\u0151munkat\u00e1rs<\/p>\n<p class=\"mt-4\">Tel.: 476-3600, 53093<br \/>\nIroda: 2. emelet 26. <br \/>\n\u2709 hosztafi.sandor@semmelweis.hu<\/p>\n<\/div>\n<\/div>\n<hr \/>\n<div class=\"row\">\n<div class=\"col-2\"><img loading=\"lazy\" decoding=\"async\" class=\"size-medium wp-image-1676 alignleft\" src=\"https:\/\/semmelweis.hu\/gyogyszereszi-kemia\/files\/2024\/01\/DSC_0620_1-scaled.jpg\" alt=\"\" width=\"276\" height=\"400\" \/><\/div>\n<div class=\"col-10\">\n<p><span style=\"color: #333399;\"><strong><a href=\"https:\/\/semmelweis.hu\/gyogyszereszi-kemia\/bemutatkozas-marton-andras\/\">Marton Andr\u00e1s<\/a><\/strong><\/span><br \/>\nPh.D. hallgat\u00f3<\/p>\n<p class=\"mt-4\">Tel.: 476-3600, 53041<br \/>\nIroda: 1. emelet 2. <br \/>\n\u2709 amarton@edu.bme.hu<\/p>\n<\/div>\n<\/div>\n<hr \/>\n<div class=\"row\">\n<div class=\"col-2\"><img loading=\"lazy\" decoding=\"async\" class=\"size-medium wp-image-1676 alignleft\" src=\"https:\/\/semmelweis.hu\/gyogyszereszi-kemia\/files\/2025\/02\/Mazak_Karoly.jpg\" alt=\"\" width=\"276\" height=\"400\" \/><\/div>\n<div class=\"col-10\">\n<p><span style=\"color: #333399;\"><strong><a href=\"https:\/\/semmelweis.hu\/gyogyszereszi-kemia\/bemutatkozas-dr-mazak-karoly\/\">Dr. Maz\u00e1k K\u00e1roly<\/a><\/strong><\/span><br \/>\negyetemi docens, tanulm\u00e1nyi felel\u0151s (n\u00e9met)<\/p>\n<p class=\"mt-4\">Tel.: 476-3600, 53068<br \/>\nIroda: 1. emelet 12. <br \/>\n\u2709 mazak.karoly@semmelweis.hu<\/p>\n<\/div>\n<\/div>\n<hr \/>\n<div class=\"row\">\n<div class=\"col-2\"><img loading=\"lazy\" decoding=\"async\" class=\"size-medium wp-image-1676 alignleft\" src=\"https:\/\/semmelweis.hu\/gyogyszereszi-kemia\/files\/2024\/01\/DSC_0733_1-scaled.jpg\" alt=\"\" width=\"276\" height=\"400\" \/><\/div>\n<div class=\"col-10\">\n<p><span style=\"color: #333399;\"><strong><a href=\"https:\/\/semmelweis.hu\/gyogyszereszi-kemia\/bemutatkozas-dr-mirzahosseini-arash\/\">Dr. Mirzahosseini Arash<\/a><\/strong><\/span><br \/>\negyetemi docens<\/p>\n<p class=\"mt-4\">Tel.: 476-3600, 53041<br \/>\nIroda: 1. emelet 2. <br \/>\n\u2709 mirzahosseini.arash@semmelweis.hu<\/p>\n<\/div>\n<\/div>\n<hr \/>\n<div class=\"row\">\n<div class=\"col-2\"><img loading=\"lazy\" decoding=\"async\" class=\"size-medium wp-image-1676 alignleft\" src=\"https:\/\/semmelweis.hu\/gyogyszereszi-kemia\/files\/2025\/02\/Mohacsi_Zsombor.jpg\" alt=\"\" width=\"276\" height=\"400\" \/><\/div>\n<div class=\"col-10\">\n<p><strong><a href=\"https:\/\/semmelweis.hu\/gyogyszereszi-kemia\/bemutatkozas-mohacsi-zsombor\/\">Moh\u00e1csi Zsombor M\u00e1rton<\/a><\/strong><br \/>\nPh.D. hallgat\u00f3<\/p>\n<p class=\"mt-4\">Tel.: 476-3600, 55093<br \/>\nIroda: 2. emelet 23. <br \/>\n\u2709 mohacsi.zsombor@phd.semmelweis.hu<\/p>\n<\/div>\n<\/div>\n<hr \/>\n<div class=\"row\">\n<div class=\"col-2\"><img loading=\"lazy\" decoding=\"async\" class=\"size-medium wp-image-1676 alignleft\" src=\"https:\/\/semmelweis.hu\/gyogyszereszi-kemia\/files\/2024\/01\/DSC_0684_1-scaled.jpg\" alt=\"\" width=\"276\" height=\"400\" \/><\/div>\n<div class=\"col-10\">\n<p><strong>Nemes Di\u00e1na<\/strong><br \/>\noktat\u00e1si szakasszisztens<\/p>\n<p class=\"mt-4\">Tel.: 476-3600, 53081<br \/>\nLabor: 2. emelet 32. (el\u0151k\u00e9sz\u00edt\u0151) <br \/>\n\u2709 nemes.diana1@semmelweis.hu<\/p>\n<\/div>\n<\/div>\n<hr \/>\n<div class=\"row\">\n<div class=\"col-2\"><img loading=\"lazy\" decoding=\"async\" class=\"size-medium wp-image-1676 alignleft\" src=\"https:\/\/semmelweis.hu\/gyogyszereszi-kemia\/files\/2024\/01\/DSC_0719_1-scaled.jpg\" alt=\"\" width=\"276\" height=\"400\" \/><\/div>\n<div class=\"col-10\">\n<p><span style=\"color: #333399;\"><strong><a href=\"https:\/\/semmelweis.hu\/gyogyszereszi-kemia\/bemutatkozas-dr-palla-tamas-ph-d\/\">Dr. P\u00e1lla Tam\u00e1s<\/a><\/strong><\/span><br \/>\negyetemi adjunktus, tanulm\u00e1nyi felel\u0151s<\/p>\n<p class=\"mt-4\">Tel.: 476-3600, 53041<br \/>\nIroda: 1. emelet 2. <br \/>\n\u2709 palla.tamas@semmelweis.hu<\/p>\n<\/div>\n<\/div>\n<hr \/>\n<div class=\"row\">\n<div class=\"col-2\"><img loading=\"lazy\" decoding=\"async\" class=\"size-medium wp-image-1676 alignleft\" src=\"https:\/\/semmelweis.hu\/gyogyszereszi-kemia\/files\/2024\/01\/DSC_0667_1-scaled.jpg\" alt=\"\" width=\"276\" height=\"400\" \/><\/div>\n<div class=\"col-10\">\n<p><span style=\"color: #333399;\"><strong><a href=\"https:\/\/semmelweis.hu\/gyogyszereszi-kemia\/bemutatkozas-schmidtne-farkas-gabriella\/\">Schmidtn\u00e9 Farkas Gabriella<\/a><\/strong><\/span><br \/>\noktat\u00e1si asszisztens<\/p>\n<p class=\"mt-4\">Tel.: 476-3600, 53081<br \/>\nLabor: 2. emelet 32. (el\u0151k\u00e9sz\u00edt\u0151) <br \/>\n\u2709 schmidtne.farkas.gabriella@semmelweis.hu<\/p>\n<\/div>\n<\/div>\n<hr \/>\n<div class=\"row\">\n<div class=\"col-2\"><img loading=\"lazy\" decoding=\"async\" class=\"size-medium wp-image-1676 alignleft\" src=\"https:\/\/semmelweis.hu\/gyogyszereszi-kemia\/files\/2024\/01\/DSC_0726_1-scaled.jpg\" alt=\"\" width=\"276\" height=\"400\" \/><\/div>\n<div class=\"col-10\">\n<p><span style=\"color: #333399;\"><strong><a href=\"https:\/\/semmelweis.hu\/gyogyszereszi-kemia\/bemutatkozas-simon-balazs\/\">Dr. Simon Bal\u00e1zs<\/a><\/strong><\/span><br \/>\nPh.D. hallgat\u00f3, oktat\u00e1si munkat\u00e1rs<\/p>\n<p class=\"mt-4\">Tel.: 476-3600, 55093<br \/>\nIroda: 2. emelet 26. <br \/>\n\u2709 simon.balazs@semmelweis.hu<\/p>\n<\/div>\n<\/div>\n<hr \/>\n<div class=\"row\">\n<div class=\"col-2\"><img loading=\"lazy\" decoding=\"async\" class=\"size-medium wp-image-1676 alignleft\" src=\"https:\/\/semmelweis.hu\/gyogyszereszi-kemia\/files\/2025\/02\/Mursits_Marcell.jpg\" alt=\"\" width=\"276\" height=\"400\" \/><\/div>\n<div class=\"col-10\">\n<p><span style=\"color: #333399;\"><strong><a href=\"https:\/\/semmelweis.hu\/gyogyszereszi-kemia\/bemutatkozas-stifter-mursits-marcell\/\">Stifter-Mursits Marcell<\/a><\/strong><\/span><br \/>\nPh.D. hallgat\u00f3<\/p>\n<p class=\"mt-4\">Tel.: 476-3600, 53063<br \/>\nIroda: 1. emelet 13. <br \/>\n\u2709 stifter.marcell@phd.semmelweis.hu<\/p>\n<\/div>\n<\/div>\n<hr \/>\n<div class=\"row\">\n<div class=\"col-2\"><img loading=\"lazy\" decoding=\"async\" class=\"size-medium wp-image-1676 alignleft\" src=\"https:\/\/semmelweis.hu\/gyogyszereszi-kemia\/files\/2024\/01\/DSC_0674_1-1-scaled.jpg\" alt=\"\" width=\"276\" height=\"400\" \/><\/div>\n<div class=\"col-10\">\n<p><span style=\"color: #333399;\"><strong><a href=\"https:\/\/semmelweis.hu\/gyogyszereszi-kemia\/bemutatkozas-szikszayne-gyarmati-dora\/\">Szikszayn\u00e9 Gyarmati D\u00f3ra<\/a><\/strong><\/span><br \/>\noktat\u00e1s-kutat\u00e1si szakasszisztens<\/p>\n<p class=\"mt-4\">Tel.: 476-3600, 53081<br \/>\nLabor: 2. emelet 32. (el\u0151k\u00e9sz\u00edt\u0151) <br \/>\n\u2709 gyarmati.dora@semmelweis.hu<\/p>\n<\/div>\n<\/div>\n<hr \/>\n<div class=\"row\">\n<div class=\"col-2\"><img loading=\"lazy\" decoding=\"async\" class=\"size-medium wp-image-1676 alignleft\" src=\"https:\/\/semmelweis.hu\/gyogyszereszi-kemia\/files\/2024\/01\/DSC_0690_1-scaled.jpg\" alt=\"\" width=\"276\" height=\"400\" \/><\/div>\n<div class=\"col-10\">\n<p><span style=\"color: #333399;\"><strong><a href=\"https:\/\/semmelweis.hu\/gyogyszereszi-kemia\/bemutatkozas-dr-szollath-rita\/\">Dr. Szoll\u00e1th Rita<\/a><\/strong><\/span><br \/>\nPh.D. hallgat\u00f3, oktat\u00e1si munkat\u00e1rs<\/p>\n<p class=\"mt-4\">Tel.: 476-3600, 53063<br \/>\nIroda: 1. emelet 13. <br \/>\n\u2709 szollath.rita.mariann@semmelweis.hu<\/p>\n<\/div>\n<\/div>\n<hr \/>\n<div class=\"row\">\n<div class=\"col-2\"><img loading=\"lazy\" decoding=\"async\" class=\"size-medium wp-image-1676 alignleft\" src=\"https:\/\/semmelweis.hu\/gyogyszereszi-kemia\/files\/2024\/01\/DSC_0739_1-1-scaled.jpg\" alt=\"\" width=\"276\" height=\"400\" \/><\/div>\n<div class=\"col-10\">\n<p><span style=\"color: #333399;\"><strong><a href=\"https:\/\/semmelweis.hu\/gyogyszereszi-kemia\/bemutatkozas-dr-toth-gergo\/\">Dr. T\u00f3th Gerg\u0151<\/a><\/strong><\/span><br \/>\negyetemi docens, tanulm\u00e1nyi felel\u0151s<\/p>\n<p class=\"mt-4\">Tel.: 476-3600, 53094<br \/>\nIroda: 1. emelet 6. <br \/>\n\u2709 toth.gergo@semmelweis.hu<\/p>\n<\/div>\n<\/div>\n<hr \/>\n<div class=\"row\">\n<div class=\"col-2\"><img loading=\"lazy\" decoding=\"async\" class=\"size-medium wp-image-1676 alignleft\" src=\"https:\/\/semmelweis.hu\/gyogyszereszi-kemia\/files\/2025\/02\/Toth_Janos.jpg\" alt=\"\" width=\"276\" height=\"400\" \/><\/div>\n<div class=\"col-10\">\n<p><strong>T\u00f3th J\u00e1nos<\/strong><br \/>\nvezet\u0151 koordin\u00e1tor<\/p>\n<p class=\"mt-4\">Tel.: 476-3600, 53071<br \/>\nIroda: 1. emelet 4. (titk\u00e1rs\u00e1g)<br \/>\n\u2709 toth.janos@semmelweis.hu<\/p>\n<\/div>\n<\/div>\n<hr \/>\n<div class=\"row\">\n<div class=\"col-2\"><img loading=\"lazy\" decoding=\"async\" class=\"size-medium wp-image-1676 alignleft\" src=\"https:\/\/semmelweis.hu\/gyogyszereszi-kemia\/files\/2024\/01\/DSC_0703-scaled.jpg\" alt=\"\" width=\"276\" height=\"400\" \/><\/div>\n<div class=\"col-10\">\n<p><span style=\"color: #333399;\"><strong><a href=\"https:\/\/semmelweis.hu\/gyogyszereszi-kemia\/bemutatkozas-vincze-anna\/\">Dr. Vincze Anna<\/a><\/strong><\/span><br \/>\nadjunktus<\/p>\n<p class=\"mt-4\">Tel.: 476-3600, 53013<br \/>\nIroda: 1. emelet 17. <br \/>\n\u2709 vincze.anna@semmelweis.hu<\/p>\n<p>&nbsp;<\/p>\n<\/div>\n<\/div>\n<h2>PROF EMERITUSOK<\/h2>\n<hr \/>\n<div class=\"row\">\n<div class=\"col-2\"><img loading=\"lazy\" decoding=\"async\" class=\"size-medium wp-image-1676 alignleft\" src=\"https:\/\/semmelweis.hu\/gyogyszereszi-kemia\/files\/2024\/01\/profile-blank-whitebg.png\" alt=\"\" width=\"276\" height=\"400\" \/><\/div>\n<div class=\"col-10\">\n<p><strong>Prof. Nosz\u00e1l B\u00e9la<\/strong><br \/>\nprofessor emeritus<\/p>\n<p class=\"mt-4\">Tel.: (+36-1)217-0891, 53051<br \/>\n\u2709 noszal.bela@semmelweis.hu<\/p>\n<\/div>\n<\/div>\n<hr \/>\n<div class=\"row\">\n<div class=\"col-2\"><img loading=\"lazy\" decoding=\"async\" class=\"size-medium wp-image-1676 alignleft\" src=\"https:\/\/semmelweis.hu\/gyogyszereszi-kemia\/files\/2024\/01\/profile-blank-whitebg.png\" alt=\"\" width=\"276\" height=\"400\" \/><\/div>\n<div class=\"col-10\">\n<p><strong>Prof. Tak\u00e1csn\u00e9 Dr. Nov\u00e1k Krisztina<\/strong><br \/>\nprofessor emerita<\/p>\n<p class=\"mt-4\">Tel.: (+36-1)215-5241, 53019<br \/>\n\u2709 novak.krisztina@semmelweis.hu<\/p>\n<\/div>\n<\/div>\n","protected":false},"excerpt":{"rendered":"<p><a href=\"https:\/\/semmelweis.hu\/gyogyszereszi-kemia\/bemutatkozas-prof-dr-balogh-gyorgy-tibor\/\">Prof. Dr. Balogh Gy\u00f6rgy Tibor<\/a> egyetemi tan\u00e1r, igazgat\u00f3 Tel.: 476-3600, 53071 Iroda: 1. emelet 5\/a. \u2709 balogh.gyorgy.tibor@semmelweis.hu <a href=\"https:\/\/semmelweis.hu\/gyogyszereszi-kemia\/bemutatkozas-dr-mazakne-kraszni-marta\/\">Dr. Maz\u00e1kn\u00e9 Kraszni M\u00e1rta<\/a> egyetemi docens, igazgat\u00f3helyettes Tel.: 476-3600, 53073 Iroda: 1. emelet 16. \u2709 kraszni.marta@semmelweis.hu <a href=\"https:\/\/semmelweis.hu\/gyogyszereszi-kemia\/bemutatkozas-dr-horvath-peter\/\">Dr. Horv\u00e1th P\u00e9ter<\/a> egyetemi docens, igazgat\u00f3helyettes Tel.: 476-3600, 53840 Iroda: 1. emelet 5\/b. \u2709 horvath.peter@semmelweis.hu <a href=\"https:\/\/semmelweis.hu\/gyogyszereszi-kemia\/bemutatkozas-angi-reka\/\">Dr. Angi Erzs\u00e9bet R\u00e9ka<\/a> egyetemi adjunktus Tel.: 476-3600, 53013 Iroda: 1. emelet 17. \u2709 angi.erzsebet@semmelweis.hu <a href=\"https:\/\/semmelweis.hu\/gyogyszereszi-kemia\/bemutatkozas-dr-bardos-vivien\/\">Dr. B\u00e1rdos Vivien<\/a> Ph.D. hallgat\u00f3, oktat\u00e1si munkat\u00e1rs Tel.: 476-3600, 53013 Iroda: &hellip;<\/p>\n","protected":false},"author":102300,"featured_media":0,"parent":0,"menu_order":0,"comment_status":"closed","ping_status":"closed","template":"template-fullwidth.php","meta":{"_acf_changed":false,"footnotes":""},"categories":[19],"tags":[],"class_list":["post-1674","page","type-page","status-publish","hentry","category-fomenu"],"acf":[],"_links":{"self":[{"href":"https:\/\/semmelweis.hu\/gyogyszereszi-kemia\/wp-json\/wp\/v2\/pages\/1674","targetHints":{"allow":["GET"]}}],"collection":[{"href":"https:\/\/semmelweis.hu\/gyogyszereszi-kemia\/wp-json\/wp\/v2\/pages"}],"about":[{"href":"https:\/\/semmelweis.hu\/gyogyszereszi-kemia\/wp-json\/wp\/v2\/types\/page"}],"author":[{"embeddable":true,"href":"https:\/\/semmelweis.hu\/gyogyszereszi-kemia\/wp-json\/wp\/v2\/users\/102300"}],"replies":[{"embeddable":true,"href":"https:\/\/semmelweis.hu\/gyogyszereszi-kemia\/wp-json\/wp\/v2\/comments?post=1674"}],"version-history":[{"count":10,"href":"https:\/\/semmelweis.hu\/gyogyszereszi-kemia\/wp-json\/wp\/v2\/pages\/1674\/revisions"}],"predecessor-version":[{"id":2363,"href":"https:\/\/semmelweis.hu\/gyogyszereszi-kemia\/wp-json\/wp\/v2\/pages\/1674\/revisions\/2363"}],"wp:attachment":[{"href":"https:\/\/semmelweis.hu\/gyogyszereszi-kemia\/wp-json\/wp\/v2\/media?parent=1674"}],"wp:term":[{"taxonomy":"category","embeddable":true,"href":"https:\/\/semmelweis.hu\/gyogyszereszi-kemia\/wp-json\/wp\/v2\/categories?post=1674"},{"taxonomy":"post_tag","embeddable":true,"href":"https:\/\/semmelweis.hu\/gyogyszereszi-kemia\/wp-json\/wp\/v2\/tags?post=1674"}],"curies":[{"name":"wp","href":"https:\/\/api.w.org\/{rel}","templated":true}]}}