{"id":1623,"date":"2023-11-15T21:04:12","date_gmt":"2023-11-15T20:04:12","guid":{"rendered":"https:\/\/semmelweis.hu\/gyogyszereszi-kemia\/?page_id=1623"},"modified":"2025-06-13T09:54:18","modified_gmt":"2025-06-13T07:54:18","slug":"bemutatkozas-dr-golcs-adam","status":"publish","type":"page","link":"https:\/\/semmelweis.hu\/gyogyszereszi-kemia\/munkatarsak\/bemutatkozas-dr-golcs-adam\/","title":{"rendered":"Bemutatkoz\u00e1s &#8211; Dr. Golcs \u00c1d\u00e1m"},"content":{"rendered":"<div class=\"row\">\n<div class=\"col-4\"><img loading=\"lazy\" decoding=\"async\" class=\"size-full wp-image-1625 alignleft\" src=\"https:\/\/semmelweis.hu\/gyogyszereszi-kemia\/files\/2024\/01\/DSC_0647_1-scaled.jpg\" alt=\"\" width=\"274\" height=\"346\" \/><\/div>\n<div class=\"col-8\">\n<div class=\"row\">\n<div class=\"col-3\"><strong>N\u00e9v: Beoszt\u00e1s: Telefonsz\u00e1m: E-mail c\u00edm: Iroda:<\/strong><\/div>\n<div class=\"col-9\">Dr. Golcs \u00c1d\u00e1m <br \/>\negyetemi adjunktus <br \/>\n476-3600, 53013 <br \/>\ngolcs.adam@semmelweis.hu<br \/>\n2. emelet 23.<\/div>\n<\/div>\n<div class=\"row mt-5\">\n<div class=\"col-12\">Kutat\u00e1si ter\u00fclet: alkalmazott szupramolekul\u00e1ris k\u00e9mia; Kutat\u00e1si t\u00e9m\u00e1k: Molekul\u00e1ris felismer\u00e9sre alkalmas vegy\u00fcletek szint\u00e9zise \u00e9s szupramolekul\u00e1ris k\u00f6lcs\u00f6nhat\u00e1sokon alapul\u00f3 eszk\u00f6z\u00f6k \u00e9s elj\u00e1r\u00e1sok fejleszt\u00e9se. Nagy \u00e1tereszt\u0151k\u00e9pess\u00e9g\u0171 molekul\u00e1ris szelektor- \u00e9s kemoszenzor-alkalmaz\u00e1sok kidolgoz\u00e1sa.<\/div>\n<\/div>\n<\/div>\n<\/div>\n<p class=\"mt-3\"><strong>Tanulm\u00e1nyok:<\/strong><\/p>\n<ul style=\"list-style-type: square\">\n<li>2016 \u2013 Budapesti M\u0171szaki \u00e9s Gazdas\u00e1gtudom\u00e1nyi Egyetem \u2013 vegy\u00e9szm\u00e9rn\u00f6k BSc, gy\u00f3gyszeripari szakir\u00e1ny<\/li>\n<li>2018 \u2013 Budapesti M\u0171szaki \u00e9s Gazdas\u00e1gtudom\u00e1nyi Egyetem \u2013 gy\u00f3gyszervegy\u00e9sz-m\u00e9rn\u00f6k MSc<\/li>\n<li>2022 \u2013 Budapesti M\u0171szaki \u00e9s Gazdas\u00e1gtudom\u00e1nyi Egyetem, Ol\u00e1h Gy\u00f6rgy Doktori Iskola \u2013 PhD-fokozat, k\u00e9miai tudom\u00e1nyok<\/li>\n<li>2022 \u2013 E\u00f6tv\u00f6s Lor\u00e1nd Tudom\u00e1nyegyetem \u2013 MBA k\u00f6zgazdas\u00e1gtan MSc<\/li>\n<\/ul>\n<p><strong>Szakmai tapasztalat:<\/strong><\/p>\n<ul style=\"list-style-type: square\">\n<li>2023 \u2013 SE Gy\u00f3gyszer\u00e9szi K\u00e9miai Int\u00e9zet \u2013 egyetemi adjunktus<\/li>\n<li>2022 \u2013 2023 \u2013 X-Chem Zrt. \u2013 projektvezet\u0151<\/li>\n<li>2021 \u2013 2023 \u2013 BME Szerves K\u00e9mia \u00e9s Technol\u00f3gia Tansz\u00e9k \u2013 tudom\u00e1nyos seg\u00e9dmunkat\u00e1rs<\/li>\n<li>2018 \u2013 2021 \u2013 BME Szerves K\u00e9mia \u00e9s Technol\u00f3gia Tansz\u00e9k \u2013 PhD-hallgat\u00f3<\/li>\n<\/ul>\n<p><strong>Oktatott t\u00e1rgyak:<\/strong><\/p>\n<ul style=\"list-style-type: square\">\n<li>Gy\u00f3gyszerk\u00e9mia \u00e9s anal\u00edzis I-II. gyakorlat<\/li>\n<li>\u00c1ltal\u00e1nos k\u00e9mia elm\u00e9let \u00e9s gyakorlat magyar \u00e9s angol nyelven<\/li>\n<li>Szervetlen k\u00e9mia elm\u00e9let \u00e9s gyakorlat magyar \u00e9s angol nyelven<\/li>\n<\/ul>\n<p><strong>V\u00e1logatott publik\u00e1ci\u00f3k:<\/strong><\/p>\n<ol>\n<li>\n<p>\u00c1d\u00e1m, B. \u00c1., Sp\u00e1tay, S., J\u00e1vor, B., L\u00e1szl\u00f3, S., Ill\u00e9s, L., F\u00fcrjes, P., T\u00f3th, T., Huszthy, P., <strong>Golcs, \u00c1.<\/strong> (2025). Atmospheric air plasma pre-activation and customizable covalent functionalization of PVDF-membranes of microtiter filter plates. <em>Scientific Reports<\/em>, <em>15<\/em>(1), 3238. <a href=\"https:\/\/doi.org\/10.1038\/s41598-024-85040-5\">https:\/\/doi.org\/10.1038\/s41598-024-85040-5<\/a><\/p>\n<\/li>\n<li>\n<p>Kisfaludi, P., Sp\u00e1tay, S., Krek\u00f3, M., Vezse, P., T\u00f3th, T., Huszthy, P., <strong>Golcs, \u00c1.<\/strong> (2024). A Bis (Acridino)-Crown Ether for Recognizing Oligoamines in Spermine Biosynthesis. <em>Molecules<\/em>, <em>29<\/em>(18), 4390. <a href=\"https:\/\/doi.org\/10.3390\/molecules29184390\">https:\/\/doi.org\/10.3390\/molecules29184390<\/a><u><\/u><\/p>\n<\/li>\n<li>\n<p>\u00c1d\u00e1m, B. \u00c1., Kis-T\u00f3t, B., J\u00e1vor, B., L\u00e1szl\u00f3, S., Vezse, P., Huszthy, P., T\u00f3th, T., <strong>Golcs, \u00c1.<\/strong> (2024). Covalently Modified Molecular-Recognition-Capable UV-Transparent Microplate for Ultra-High-Throughput Screening of Dissolved Zn2+ and Pb2+. <em>Sensors (Basel, Switzerland)<\/em>, <em>24<\/em>(14), 4529. <a href=\"https:\/\/doi.org\/10.3390\/s24144529\">https:\/\/doi.org\/10.3390\/s24144529<\/a><u><\/u><\/p>\n<\/li>\n<li>\n<p><span style=\"font-size: 1rem\">J\u00e1vor, B., Vezse, P., <\/span><strong style=\"font-size: 1rem\">Golcs, \u00c1.<\/strong><span style=\"font-size: 1rem\">, Huszthy, P., T\u00f3th, T. (2023). Enantiodiscriminating lipophilic liquid membrane-based assay for high-throughput nanomolar enantioenrichment of chiral building blocks.\u00a0<\/span><em style=\"font-size: 1rem\">Membranes<\/em><span style=\"font-size: 1rem\">,\u00a0<\/span><em style=\"font-size: 1rem\">13<\/em><span style=\"font-size: 1rem\">(1), 94. <a href=\"https:\/\/doi.org\/10.3390\/membranes13010094\">https:\/\/doi.org\/10.3390\/membranes13010094<\/a><\/span><\/p>\n<\/li>\n<li><strong>Golcs, \u00c1.<\/strong>, Darg\u00f3, G., Balogh, G. T., Huszthy, P., T\u00f3th, T. (2021). Development of a microplate-format direct optode sensor for ultra-high-throughput environmental and wastewater monitoring of Pb<sup>2+<\/sup>.\u00a0<em>Analytica Chimica Acta<\/em>,\u00a0<em>1167<\/em>, 338586. <a href=\"https:\/\/doi.org\/10.1016\/j.aca.2021.338586\">https:\/\/doi.org\/10.1016\/j.aca.2021.338586<\/a><\/li>\n<\/ol>\n<p><strong>MTMT link: <\/strong><a href=\"https:\/\/m2.mtmt.hu\/api\/author\/10062465\">https:\/\/m2.mtmt.hu\/api\/author\/10062465<\/a><\/p>\n<p><strong>ODT adatlap<\/strong>: <a href=\"https:\/\/doktori.hu\/index.php?menuid=192&amp;lang=HU&amp;sz_ID=27666\">https:\/\/doktori.hu\/index.php?menuid=192&amp;lang=HU&amp;sz_ID=27666<\/a><\/p>\n","protected":false},"excerpt":{"rendered":"<p>N\u00e9v: Beoszt\u00e1s: Telefonsz\u00e1m: E-mail c\u00edm: Iroda: Dr. Golcs \u00c1d\u00e1m egyetemi adjunktus 476-3600, 53013 golcs.adam@semmelweis.hu 2. emelet 23. Kutat\u00e1si ter\u00fclet: alkalmazott szupramolekul\u00e1ris k\u00e9mia; Kutat\u00e1si t\u00e9m\u00e1k: Molekul\u00e1ris felismer\u00e9sre alkalmas vegy\u00fcletek szint\u00e9zise \u00e9s szupramolekul\u00e1ris k\u00f6lcs\u00f6nhat\u00e1sokon alapul\u00f3 eszk\u00f6z\u00f6k \u00e9s elj\u00e1r\u00e1sok fejleszt\u00e9se. Nagy \u00e1tereszt\u0151k\u00e9pess\u00e9g\u0171 molekul\u00e1ris szelektor- \u00e9s kemoszenzor-alkalmaz\u00e1sok kidolgoz\u00e1sa. Tanulm\u00e1nyok: 2016 \u2013 Budapesti M\u0171szaki \u00e9s Gazdas\u00e1gtudom\u00e1nyi Egyetem \u2013 vegy\u00e9szm\u00e9rn\u00f6k BSc, &hellip;<\/p>\n","protected":false},"author":102300,"featured_media":0,"parent":1674,"menu_order":0,"comment_status":"closed","ping_status":"closed","template":"template-fullwidth.php","meta":{"_acf_changed":false,"footnotes":""},"categories":[18],"tags":[],"class_list":["post-1623","page","type-page","status-publish","hentry","category-bemutatkozo-oldal"],"acf":[],"_links":{"self":[{"href":"https:\/\/semmelweis.hu\/gyogyszereszi-kemia\/wp-json\/wp\/v2\/pages\/1623","targetHints":{"allow":["GET"]}}],"collection":[{"href":"https:\/\/semmelweis.hu\/gyogyszereszi-kemia\/wp-json\/wp\/v2\/pages"}],"about":[{"href":"https:\/\/semmelweis.hu\/gyogyszereszi-kemia\/wp-json\/wp\/v2\/types\/page"}],"author":[{"embeddable":true,"href":"https:\/\/semmelweis.hu\/gyogyszereszi-kemia\/wp-json\/wp\/v2\/users\/102300"}],"replies":[{"embeddable":true,"href":"https:\/\/semmelweis.hu\/gyogyszereszi-kemia\/wp-json\/wp\/v2\/comments?post=1623"}],"version-history":[{"count":10,"href":"https:\/\/semmelweis.hu\/gyogyszereszi-kemia\/wp-json\/wp\/v2\/pages\/1623\/revisions"}],"predecessor-version":[{"id":2684,"href":"https:\/\/semmelweis.hu\/gyogyszereszi-kemia\/wp-json\/wp\/v2\/pages\/1623\/revisions\/2684"}],"up":[{"embeddable":true,"href":"https:\/\/semmelweis.hu\/gyogyszereszi-kemia\/wp-json\/wp\/v2\/pages\/1674"}],"wp:attachment":[{"href":"https:\/\/semmelweis.hu\/gyogyszereszi-kemia\/wp-json\/wp\/v2\/media?parent=1623"}],"wp:term":[{"taxonomy":"category","embeddable":true,"href":"https:\/\/semmelweis.hu\/gyogyszereszi-kemia\/wp-json\/wp\/v2\/categories?post=1623"},{"taxonomy":"post_tag","embeddable":true,"href":"https:\/\/semmelweis.hu\/gyogyszereszi-kemia\/wp-json\/wp\/v2\/tags?post=1623"}],"curies":[{"name":"wp","href":"https:\/\/api.w.org\/{rel}","templated":true}]}}