{"id":1569,"date":"2022-11-18T12:57:34","date_gmt":"2022-11-18T11:57:34","guid":{"rendered":"https:\/\/semmelweis.hu\/gyogyszereszi-kemia\/?page_id=1569"},"modified":"2025-01-14T15:36:18","modified_gmt":"2025-01-14T14:36:18","slug":"omhv-eredmenyek-es-intezkedesi-terv","status":"publish","type":"page","link":"https:\/\/semmelweis.hu\/gyogyszereszi-kemia\/oktatas\/omhv-eredmenyek-es-intezkedesi-terv\/","title":{"rendered":"OMHV eredm\u00e9nyek \u00e9s Int\u00e9zked\u00e9si terv"},"content":{"rendered":"<h4>legfrissebb OMHV (<strong>23\/24\/2<\/strong>) \u00e9rt\u00e9kel\u00e9sek<\/h4>\n<h5>Magyar nyelv\u0171 tant\u00e1rgyakhoz:<\/h5>\n<ul>\n<li>\u00c1ltal\u00e1nos \u00e9s szervetlen k\u00e9mia II. (GYKGYK320E2M)<\/li>\n<li>\u00c1ltal\u00e1nos \u00e9s szervetlen k\u00e9miai alapsz\u00e1m\u00edt\u00e1sok (GYSGYK323E1M)<\/li>\n<li>Analitikai k\u00e9mia I. (GYKGYK321G1M)<\/li>\n<li>Analitikai k\u00e9mia II. (GYKGYK321E2M)<\/li>\n<li>Gy\u00f3gyszerk\u00e9mia \u00e9s anal\u00edzis (elm\u00e9let) II. (GYKGYK127E2M)<\/li>\n<li>Gy\u00f3gyszerk\u00e9mia \u00e9s anal\u00edzis (gyakorlat) II. (GYKGYK127G2M)<\/li>\n<\/ul>\n<h5>Angol nyelv\u0171 tant\u00e1rgyakhoz:<\/h5>\n<ul>\n<li>General and inorganic chemistry II. (GYKGYK320E2A)<\/li>\n<li>Analytical chemistry I. (GYKGYK321G1A)<\/li>\n<li>Pharmaceutical chemistry (theory) II. (GYKGYK127E2A)<\/li>\n<li>Pharmaceutical chemistry (practice) II. (GYKGYK127G2A)<\/li>\n<\/ul>\n","protected":false},"excerpt":{"rendered":"<p>legfrissebb OMHV (23\/24\/2) \u00e9rt\u00e9kel\u00e9sek Magyar nyelv\u0171 tant\u00e1rgyakhoz: \u00c1ltal\u00e1nos \u00e9s szervetlen k\u00e9mia II. (GYKGYK320E2M) \u00c1ltal\u00e1nos \u00e9s szervetlen k\u00e9miai alapsz\u00e1m\u00edt\u00e1sok (GYSGYK323E1M) Analitikai k\u00e9mia I. (GYKGYK321G1M) Analitikai k\u00e9mia II. (GYKGYK321E2M) Gy\u00f3gyszerk\u00e9mia \u00e9s anal\u00edzis (elm\u00e9let) II. (GYKGYK127E2M) Gy\u00f3gyszerk\u00e9mia \u00e9s anal\u00edzis (gyakorlat) II. (GYKGYK127G2M) Angol nyelv\u0171 tant\u00e1rgyakhoz: General and inorganic chemistry II. (GYKGYK320E2A) Analytical chemistry I. (GYKGYK321G1A) Pharmaceutical chemistry (theory) &hellip;<\/p>\n","protected":false},"author":298,"featured_media":0,"parent":10,"menu_order":6,"comment_status":"closed","ping_status":"closed","template":"","meta":{"_acf_changed":false,"footnotes":""},"categories":[22],"tags":[],"class_list":["post-1569","page","type-page","status-publish","hentry","category-oktatas"],"acf":[],"_links":{"self":[{"href":"https:\/\/semmelweis.hu\/gyogyszereszi-kemia\/wp-json\/wp\/v2\/pages\/1569","targetHints":{"allow":["GET"]}}],"collection":[{"href":"https:\/\/semmelweis.hu\/gyogyszereszi-kemia\/wp-json\/wp\/v2\/pages"}],"about":[{"href":"https:\/\/semmelweis.hu\/gyogyszereszi-kemia\/wp-json\/wp\/v2\/types\/page"}],"author":[{"embeddable":true,"href":"https:\/\/semmelweis.hu\/gyogyszereszi-kemia\/wp-json\/wp\/v2\/users\/298"}],"replies":[{"embeddable":true,"href":"https:\/\/semmelweis.hu\/gyogyszereszi-kemia\/wp-json\/wp\/v2\/comments?post=1569"}],"version-history":[{"count":6,"href":"https:\/\/semmelweis.hu\/gyogyszereszi-kemia\/wp-json\/wp\/v2\/pages\/1569\/revisions"}],"predecessor-version":[{"id":2600,"href":"https:\/\/semmelweis.hu\/gyogyszereszi-kemia\/wp-json\/wp\/v2\/pages\/1569\/revisions\/2600"}],"up":[{"embeddable":true,"href":"https:\/\/semmelweis.hu\/gyogyszereszi-kemia\/wp-json\/wp\/v2\/pages\/10"}],"wp:attachment":[{"href":"https:\/\/semmelweis.hu\/gyogyszereszi-kemia\/wp-json\/wp\/v2\/media?parent=1569"}],"wp:term":[{"taxonomy":"category","embeddable":true,"href":"https:\/\/semmelweis.hu\/gyogyszereszi-kemia\/wp-json\/wp\/v2\/categories?post=1569"},{"taxonomy":"post_tag","embeddable":true,"href":"https:\/\/semmelweis.hu\/gyogyszereszi-kemia\/wp-json\/wp\/v2\/tags?post=1569"}],"curies":[{"name":"wp","href":"https:\/\/api.w.org\/{rel}","templated":true}]}}