{"id":116,"date":"2014-01-14T14:26:47","date_gmt":"2014-01-14T14:26:47","guid":{"rendered":"http:\/\/semmelweis.hu\/gyogyszereszi-kemia\/?page_id=116"},"modified":"2025-06-13T10:19:24","modified_gmt":"2025-06-13T08:19:24","slug":"molekulaspektroszkopia","status":"publish","type":"page","link":"https:\/\/semmelweis.hu\/gyogyszereszi-kemia\/oktatas\/valaszthato-targyak\/molekulaspektroszkopia\/","title":{"rendered":"Molekulaspektroszk\u00f3pia"},"content":{"rendered":"<h5>Tant\u00e1rgy teljes neve: MOLEKULASZERKEZET MEGHAT\u00c1ROZ\u00c1SA SPEKTROSZK\u00d3PIAI M\u00d3DSZEREKKEL<\/h5>\n<ul>\n<li>El\u0151ad\u00f3: Dr. Horv\u00e1th P\u00e9ter, Dr. T\u00f3th Gerg\u0151, Dr. Maz\u00e1kn\u00e9 Kraszni M\u00e1rta, Dr. Mirzahosseini Arash, dr. Horv\u00e1th D\u00e1niel<\/li>\n<li>Kurzus meghirdet\u00e9se: tavaszi szemeszter<\/li>\n<\/ul>\n<p>Helysz\u00edn:\u00a0<strong> GYKI k\u00f6nyvt\u00e1r<\/strong><\/p>\n<p>A tant\u00e1rgy r\u00e9szletes tematik\u00e1ja:<\/p>\n<p style=\"text-align: justify\"><span style=\"font-family: times new roman,times\"><b>Szerves analitika<\/b>: Alapvet\u0151 m\u00f3dszerei (C, H, N, halog\u00e9nek meghat\u00e1roz\u00e1sa), a fontosabb funkci\u00f3s csoportok kvalitat\u00edv \u00e9s kvantitat\u00edv analitik\u00e1ja. A k\u00e9miai szerkezettel kapcsolatos alapfogalmak (konfigur\u00e1ci\u00f3, konform\u00e1ci\u00f3, dinamika, izom\u00e9ria, tautom\u00e9ria) megbesz\u00e9l\u00e9se.<\/span><\/p>\n<p style=\"text-align: justify\"><span style=\"font-family: times new roman,times\"><b>UV spektroszk\u00f3pia<\/b>: Molekul\u00e1k elektronszerkezete, p\u00e1ly\u00e1k energi\u00e1ja \u00e9s szimmetri\u00e1ja, kiv\u00e1laszt\u00e1si szab\u00e1lyok. K\u00e9tatomos molekula pontenci\u00e1lg\u00f6rb\u00e9je. Kromof\u00f3r \u00e9s auxokr\u00f3m csoportok. N\u00e9h\u00e1ny egyszer\u0171 kromof\u00f3r pl. C=O t\u00e1rgyal\u00e1sa, szubsztituensek, konjug\u00e1ci\u00f3, szt\u00e9rikus viszonyok \u00e9s az old\u00f3szer hat\u00e1sa. Di\u00e9n szab\u00e1ly, poli\u00e9nek, arom\u00e1s \u00e9s heteroarom\u00e1s szerkezetek.<\/span><\/p>\n<p style=\"text-align: justify\"><span style=\"font-family: times new roman,times\"><b>Kiroptikai spektroszk\u00f3pia<\/b>: Optikai aktivit\u00e1s \u00e9s kiral\u00edt\u00e1s. S\u00edkban pol\u00e1rozott f\u00e9ny saj\u00e1ts\u00e1gai \u00e9s k\u00f6lcs\u00f6nhat\u00e1sa kir\u00e1lis rendszerekkel, Cotton effektus. A cirkul\u00e1ris dikroizmus (CD), az optikai rot\u00e1ci\u00f3s diszperzi\u00f3 (ORD) \u00e9s az UV kapcsolata. Kromof\u00f3rok oszt\u00e1lyoz\u00e1sa, \u00f6nmag\u00e1ban kir\u00e1lis kromof\u00f3rok, akir\u00e1lis kromof\u00f3rok csatol\u00f3d\u00e1sa (Exiton rendszer), kir\u00e1lisan perturb\u00e1lt akir\u00e1lis kromof\u00f3rok, pl. karbonilok okt\u00e1ns szab\u00e1lya.<\/span><\/p>\n<p style=\"text-align: justify\"><strong><a href=\"https:\/\/semmelweis.hu\/gyogyszereszi-kemia\/files\/2015\/09\/Magn_Res_Chem_48_2010.pdf\">Okt\u00e1ns szab\u00e1ly-NMR szerkezet felder\u00edt\u00e9s cikk<\/a><\/strong><\/p>\n<p style=\"text-align: justify\"><span style=\"font-family: times new roman,times\"><b>Infrav\u00f6r\u00f6s spektroszk\u00f3pia<\/b>: A rezg\u00e9si-forg\u00e1si sz\u00ednk\u00e9p kialakul\u00e1sa. K\u00e9tatomos molekula, harmonikus \u00e9s anharmonikus oszcill\u00e1tor. T\u00f6bbatomos molekul\u00e1k norm\u00e1l rezg\u00e9sei, karakterisztikus k\u00f6t\u00e9si \u00e9s csoport frekvenci\u00e1k, megjelen\u00e9s\u00fck felt\u00e9telei, az IR \u00e9s Raman spektroszk\u00f3pia kapcsolata. Rezg\u00e9st\u00edpusok nevez\u00e9ktana, az IR s\u00e1vok frekvenci\u00e1j\u00e1t befoly\u00e1sol\u00f3 k\u00fcls\u0151 \u00e9s bels\u0151 (szerkezeti) t\u00e9nyez\u0151k (indukt\u00edv \u00e9s mezomer effektus, hiperkonjug\u00e1ci\u00f3, gy\u0171r\u0171fesz\u00fcl\u00e9s, t\u00e9rg\u00e1tl\u00e1s, izot\u00f3p effektus stb. F\u0151bb vegy\u00fcletcsal\u00e1dok ill. csoportok jellemz\u0151 IR s\u00e1vjai. Felv\u00e9teli technik\u00e1k, p\u00e1szt\u00e1z\u00f3 \u00e9s FT m\u00f3dszer saj\u00e1ts\u00e1gai.<\/span><\/p>\n<p style=\"text-align: justify\"><span style=\"font-family: times new roman,times\"><b>T\u00f6megspektroszk\u00f3pia<\/b>: A t\u00f6megspektrom\u00e9terek fel\u00e9p\u00edt\u00e9se \u00e9s a m\u00e9r\u00e9s elve. K\u00fcl\u00f6nb\u00f6z\u0151 ioniz\u00e1ci\u00f3s m\u00f3dszerek, egyszeres \u00e9s kett\u0151s f\u00f3kusz\u00e1l\u00e1s, metastabil ionok, ionok detekt\u00e1l\u00e1sa, \u00e9rz\u00e9kenys\u00e9g, felbont\u00f3k\u00e9pess\u00e9g, t\u00f6megtartom\u00e1ny. T\u00f6megspektrom\u00e9ter kapcsol\u00e1sa pl. MS-MS, GC-MS, HPLC-MS. Atomok izot\u00f3pjai, term\u00e9szetes gyakoris\u00e1g. Szerves molekul\u00e1k f\u0151bb fragment\u00e1ci\u00f3s folyamatai.<\/span><\/p>\n<p style=\"text-align: justify\"><span style=\"font-family: times new roman,times\"><b>M\u00e1gneses magrezonancia spektroszk\u00f3pia (NMR): <\/b>Magspin, ill. viselked\u00e9se m\u00e1gneses t\u00e9rben, <sup>1<\/sup>H \u00e9s <sup>13<\/sup>C NMR spektroszk\u00f3pi, A pulzus Fourier transzform\u00e1ci\u00f3s m\u00e9r\u00e9si technika (PFT), spektrumakkumul\u00e1ci\u00f3. Az alapvet\u0151 nmr param\u00e9terek : relax\u00e1ci\u00f3, k\u00e9miai eltol\u00f3d\u00e1s \u00e9s a spin-spin csatol\u00f3d\u00e1s elm\u00e9leti alapjai, hat\u00e1suk a spektrumra \u00e9s \u00f6sszef\u00fcgg\u00e9s\u00fck a k\u00e9miai szerkezettel. A k\u00e9miai eltol\u00f3d\u00e1st befoly\u00e1sol\u00f3 t\u00e9nyez\u0151k, szubsztituens effektusok, a k\u00e9miai eltol\u00f3d\u00e1sok k\u00f6zel\u00edt\u0151, empirikus sz\u00e1m\u00edt\u00e1sa. A csatol\u00e1si \u00e1lland\u00f3k felhaszn\u00e1l\u00e1sa a dihedr\u00e1lis sz\u00f6g meghat\u00e1roz\u00e1s\u00e1ra (Karplus \u00f6sszef\u00fcgg\u00e9s), konform\u00e1ci\u00f3s anal\u00edzis, multiplicit\u00e1si szab\u00e1lyok. Kett\u0151srezonancia ill. spinlecsatol\u00e1s, nukle\u00e1ris Overhauser effektus \u00e9s alkalmaz\u00e1sa a proton \u00e9s sz\u00e9n NMR spektroszk\u00f3pi\u00e1ban. Speci\u00e1lis m\u00f3dszerek, dinamikus folyamatok, h\u0151m\u00e9rs\u00e9kletf\u00fcgg\u0151 m\u00e9r\u00e9sek, spektrum szerkeszt\u00e9s, SPI effektus, k\u00e9t dimenzi\u00f3s m\u00f3dszerek: k\u00e9miai eltol\u00f3d\u00e1s korrel\u00e1ci\u00f3 (COSY), csatol\u00e1s felbontott spektrumt\u00e9rk\u00e9p. Feh\u00e9rj\u00e9k szerkezetvizsg\u00e1lata.<br \/>\n<\/span><\/p>\n<p style=\"text-align: justify\">A <b>t\u00e1rgyalt m\u00f3dszerek egy\u00fcttes felhaszn\u00e1l\u00e1sa<\/b>, ill. az \u00edgy nyerhet\u0151 t\u00f6bblet inform\u00e1ci\u00f3k az ismeretlen szerkezet\u0171 szerves vegy\u00fcletek szerkezetfelder\u00edt\u00e9s\u00e9ben. Konkr\u00e9t p\u00e9ld\u00e1k bemutat\u00e1sa \u00e9s a megold\u00e1si folyamat gyakorl\u00e1sa.<\/p>\n<p>Aj\u00e1nlott irodalom:<\/p>\n<p>Dr. T\u00f3th G\u00e1bor &#8211; Dr. Bal\u00e1zs Barbara: Szerves szerkezetfelder\u00edt\u00e9s, M\u0171egyetemi Kiad\u00f3, Budapest, 2005, jegyzetazonos\u00edt\u00f3: 65037.<\/p>\n<p>E. Pretsch, <span style=\"text-decoration: underline\">G. T\u00f3th<\/span>, M. E. Munk, M. Badertscher: Computer-Aided Structures Elucidation. Spectra Interpreta-tion and Structure Generation, Wiley-VCH Verlag GmbH &amp; Co. KgaA. Weinheim, 2002., ISBN 3-527-30640-4<\/p>\n<p>H. Duddeck, W. Dietrich, <span style=\"text-decoration: underline\">G. T\u00f3th<\/span>: Structure Elucidation by Modern NMR. A Workbook, Springer-Steinkopff, Darmstadt (1998)<\/p>\n<p style=\"text-align: justify\">A t\u00e1rgy felv\u00e9tel\u00e9nek felt\u00e9telei: GYSZKSZKE1M, GYASKAKKG1M.<\/p>\n<p style=\"text-align: justify\">\u00a0<\/p>\n","protected":false},"excerpt":{"rendered":"<p>Tant\u00e1rgy teljes neve: MOLEKULASZERKEZET MEGHAT\u00c1ROZ\u00c1SA SPEKTROSZK\u00d3PIAI M\u00d3DSZEREKKEL El\u0151ad\u00f3: Dr. Horv\u00e1th P\u00e9ter, Dr. T\u00f3th Gerg\u0151, Dr. Maz\u00e1kn\u00e9 Kraszni M\u00e1rta, Dr. Mirzahosseini Arash, dr. Horv\u00e1th D\u00e1niel Kurzus meghirdet\u00e9se: tavaszi szemeszter Helysz\u00edn:\u00a0 GYKI k\u00f6nyvt\u00e1r A tant\u00e1rgy r\u00e9szletes tematik\u00e1ja: Szerves analitika: Alapvet\u0151 m\u00f3dszerei (C, H, N, halog\u00e9nek meghat\u00e1roz\u00e1sa), a fontosabb funkci\u00f3s csoportok kvalitat\u00edv \u00e9s kvantitat\u00edv analitik\u00e1ja. A k\u00e9miai szerkezettel &hellip;<\/p>\n","protected":false},"author":298,"featured_media":0,"parent":100,"menu_order":0,"comment_status":"closed","ping_status":"closed","template":"","meta":{"_acf_changed":false,"footnotes":""},"categories":[22],"tags":[],"class_list":["post-116","page","type-page","status-publish","hentry","category-oktatas"],"acf":[],"_links":{"self":[{"href":"https:\/\/semmelweis.hu\/gyogyszereszi-kemia\/wp-json\/wp\/v2\/pages\/116","targetHints":{"allow":["GET"]}}],"collection":[{"href":"https:\/\/semmelweis.hu\/gyogyszereszi-kemia\/wp-json\/wp\/v2\/pages"}],"about":[{"href":"https:\/\/semmelweis.hu\/gyogyszereszi-kemia\/wp-json\/wp\/v2\/types\/page"}],"author":[{"embeddable":true,"href":"https:\/\/semmelweis.hu\/gyogyszereszi-kemia\/wp-json\/wp\/v2\/users\/298"}],"replies":[{"embeddable":true,"href":"https:\/\/semmelweis.hu\/gyogyszereszi-kemia\/wp-json\/wp\/v2\/comments?post=116"}],"version-history":[{"count":10,"href":"https:\/\/semmelweis.hu\/gyogyszereszi-kemia\/wp-json\/wp\/v2\/pages\/116\/revisions"}],"predecessor-version":[{"id":2794,"href":"https:\/\/semmelweis.hu\/gyogyszereszi-kemia\/wp-json\/wp\/v2\/pages\/116\/revisions\/2794"}],"up":[{"embeddable":true,"href":"https:\/\/semmelweis.hu\/gyogyszereszi-kemia\/wp-json\/wp\/v2\/pages\/100"}],"wp:attachment":[{"href":"https:\/\/semmelweis.hu\/gyogyszereszi-kemia\/wp-json\/wp\/v2\/media?parent=116"}],"wp:term":[{"taxonomy":"category","embeddable":true,"href":"https:\/\/semmelweis.hu\/gyogyszereszi-kemia\/wp-json\/wp\/v2\/categories?post=116"},{"taxonomy":"post_tag","embeddable":true,"href":"https:\/\/semmelweis.hu\/gyogyszereszi-kemia\/wp-json\/wp\/v2\/tags?post=116"}],"curies":[{"name":"wp","href":"https:\/\/api.w.org\/{rel}","templated":true}]}}