{"id":915,"date":"2019-05-16T12:31:32","date_gmt":"2019-05-16T10:31:32","guid":{"rendered":"http:\/\/semmelweis.hu\/gyogyszereszeti-intezet\/?page_id=915"},"modified":"2023-05-04T12:49:13","modified_gmt":"2023-05-04T10:49:13","slug":"klinische-pharmakokinetik-und-biopharmazie","status":"publish","type":"page","link":"https:\/\/semmelweis.hu\/gyogyszereszeti-intezet\/de\/bildung\/klinische-pharmakokinetik-und-biopharmazie\/","title":{"rendered":"Klinische Pharmakokinetik und Biopharmazie"},"content":{"rendered":"<p style=\"text-align: justify\">Die Biopharmazie behandelt die Zusammenh\u00e4nge zwischen der Wirksamkeit (Wirkungseintritt, -dauer und -intensit\u00e4t) und den physikalisch-chemischen Eigenschaften von Arzneistoffen und Hilfsstoffen sowie ihrer jeweiligen Darreichungsform.<br \/>\nDie pharmakokinetische Interpretation erfordert die qualitative und quantitative Beschreibung des Zeitverlaufs der Prozesse, der Liberation, Absorption, Distribution, des Metabolismus, der Exkretion, sowie die Auswertung des zeitlichen Konzentrationsverlaufs von Wirkstoffen und ihren Metaboliten. Die Biopharmazie umfasst die Beeinflussung des Schicksals des Pharmakons \u00a0im Organismus durch die Formulierung und Herstellung der Arzneiformen.<br \/>\nW\u00e4hrend des Praktikums der Studenten werden Aufgaben unter Verwendung von in vitro und in vivo Pr\u00fcfungsmethoden und bioanalytische Verfahren durchgef\u00fchrt. Dar\u00fcber hinaus erlernen sie die mathematischen Berechnungen der pharmakokinetischen Parameter und Computersimulationen.<\/p>\n<table width=\"104%\">\n<tbody>\n<tr>\n<td width=\"100%\">\n<p><strong>Thematik der Vorlesungen:<\/strong><\/p>\n<ol>\n<li>Die Entwicklung und Relevanz der Biopharmazie und Pharmakokinetik.<\/li>\n<li>Begriffe und Definitionen. Pharmakokinetische Modelle und Parameter.<\/li>\n<li>Das Schicksal des Wirkstoffs im Organismus. Das LADME-Modell.<\/li>\n<li>Die Wirkstofffreisetzung. Das Biopharmazeutische Klassifizierungssystem.<\/li>\n<li>Transportprozesse und Resorptionsmechanismen. Einflussfaktoren auf die Absorption.<\/li>\n<li>Pharmakokinetische Modelle und Parameter. Einzeldosierung und Mehrfachdosierung.<\/li>\n<li>Metabolismus und seine biopharmazeutischen Aspekte. Relevanz der Bioanalytik.<\/li>\n<li>Die Ausscheidungsprozesse.<\/li>\n<li>Methoden zur pharmakokinetischen Chartakterisierung. Kompartment und Nicht-Kompartment Modellbestimmung.<\/li>\n<li>Bioverf\u00fcgbarkeit und Bio\u00e4quivalenz. Bedeutung der Lebensmittel-Interaktion.<\/li>\n<li>Die pharmakokinetischen Untersuchungen w\u00e4hrend der Arzneimittelforschung und -entwicklung.<\/li>\n<li>Biopharmazeutische und pharmakokinetische Studien und In-vitro-in vivo Korrelationen.<\/li>\n<\/ol>\n<\/td>\n<\/tr>\n<\/tbody>\n<\/table>\n","protected":false},"excerpt":{"rendered":"<p>Die Biopharmazie behandelt die Zusammenh\u00e4nge zwischen der Wirksamkeit (Wirkungseintritt, -dauer und -intensit\u00e4t) und den physikalisch-chemischen Eigenschaften von Arzneistoffen und Hilfsstoffen sowie ihrer jeweiligen Darreichungsform. Die pharmakokinetische Interpretation erfordert die qualitative und quantitative Beschreibung des Zeitverlaufs der Prozesse, der Liberation, Absorption, Distribution, des Metabolismus, der Exkretion, sowie die Auswertung des zeitlichen Konzentrationsverlaufs von Wirkstoffen und ihren &hellip;<\/p>\n","protected":false},"author":114,"featured_media":0,"parent":871,"menu_order":2,"comment_status":"closed","ping_status":"closed","template":"","meta":{"_acf_changed":false,"footnotes":""},"categories":[],"tags":[],"class_list":["post-915","page","type-page","status-publish","hentry"],"acf":[],"_links":{"self":[{"href":"https:\/\/semmelweis.hu\/gyogyszereszeti-intezet\/wp-json\/wp\/v2\/pages\/915","targetHints":{"allow":["GET"]}}],"collection":[{"href":"https:\/\/semmelweis.hu\/gyogyszereszeti-intezet\/wp-json\/wp\/v2\/pages"}],"about":[{"href":"https:\/\/semmelweis.hu\/gyogyszereszeti-intezet\/wp-json\/wp\/v2\/types\/page"}],"author":[{"embeddable":true,"href":"https:\/\/semmelweis.hu\/gyogyszereszeti-intezet\/wp-json\/wp\/v2\/users\/114"}],"replies":[{"embeddable":true,"href":"https:\/\/semmelweis.hu\/gyogyszereszeti-intezet\/wp-json\/wp\/v2\/comments?post=915"}],"version-history":[{"count":6,"href":"https:\/\/semmelweis.hu\/gyogyszereszeti-intezet\/wp-json\/wp\/v2\/pages\/915\/revisions"}],"predecessor-version":[{"id":1558,"href":"https:\/\/semmelweis.hu\/gyogyszereszeti-intezet\/wp-json\/wp\/v2\/pages\/915\/revisions\/1558"}],"up":[{"embeddable":true,"href":"https:\/\/semmelweis.hu\/gyogyszereszeti-intezet\/wp-json\/wp\/v2\/pages\/871"}],"wp:attachment":[{"href":"https:\/\/semmelweis.hu\/gyogyszereszeti-intezet\/wp-json\/wp\/v2\/media?parent=915"}],"wp:term":[{"taxonomy":"category","embeddable":true,"href":"https:\/\/semmelweis.hu\/gyogyszereszeti-intezet\/wp-json\/wp\/v2\/categories?post=915"},{"taxonomy":"post_tag","embeddable":true,"href":"https:\/\/semmelweis.hu\/gyogyszereszeti-intezet\/wp-json\/wp\/v2\/tags?post=915"}],"curies":[{"name":"wp","href":"https:\/\/api.w.org\/{rel}","templated":true}]}}