{"id":911,"date":"2019-05-15T17:42:43","date_gmt":"2019-05-15T15:42:43","guid":{"rendered":"http:\/\/semmelweis.hu\/gyogyszereszeti-intezet\/?page_id=911"},"modified":"2019-07-05T12:09:15","modified_gmt":"2019-07-05T10:09:15","slug":"pharmazeutische-technologie","status":"publish","type":"page","link":"https:\/\/semmelweis.hu\/gyogyszereszeti-intezet\/de\/bildung\/pharmazeutische-technologie\/","title":{"rendered":"Pharmazeutische Technologie"},"content":{"rendered":"<p style=\"text-align: justify\"><em>Die Pharmazeutische Technologie<\/em> befasst sich mit der Formulierung und Verarbeitung des <em>Wirkstoffes mit unterschiedlichen Hilfsstoffen<\/em> in einer geeigneten <em>Arzneiform <\/em>zu einem Arzneimittel. Die Herstellung der Arzneimittel geh\u00f6rt zu den speziellen Fertigkeiten des Apothekers. Die Erkenntnisse zur Entwicklung, Herstellung und Qualit\u00e4tspr\u00fcfung von Arzneiformen und Zubereitungen sind die physiologischen, physikalisch-chemischen und technischen Aspekte zu Qualit\u00e4t, Sicherheit und Wirksamkeit. Die Eigenschaften und Anforderungen der verschiedenen Arzneiformen als Applikationssystemen werden ausf\u00fchrlich behandelt. Zu jeder Arzneiform werden die biopharmazeutische Aspekte, Eigenschaften, Hilfsstoffe, Herstellung, Verpackung und Qualit\u00e4tspr\u00fcfung besprochen. In dem Praktikum der Pharmazeutischen Technologie werden die Grundkenntnisse zur Entwicklung, Herstellung und Pr\u00fcfung von Arzneiformen und Rezepturarzneimitteln vermittelt. Die hergestellten Arzneimittel m\u00fcssen den Anforderungen der Rezeptur und der g\u00fcltigen Arzneib\u00fccher entsprechen.<\/p>\n<p><strong>Pharmazeutische Technologie I. (5. Semester)<\/strong><\/p>\n<table width=\"104%\">\n<tbody>\n<tr>\n<td width=\"99%\">\n<p><strong>Thematik der Vorlesungen:<\/strong><\/p>\n<h6><span style=\"font-size: 12pt\"><u>1. Woche:<br \/>\n<\/u>Einf\u00fchrung in die Pharmazeutische Technologie. Fortschritt und Aufgaben der Pharmazeutischen Technologie mit historischem \u00dcberblick.<\/span><\/h6>\n<p><span style=\"font-size: 12pt\"><u>2. Woche:<br \/>\n<\/u>Arzneiformen als Wirkstofftr\u00e4ger und Applikationssysteme.<\/span><\/p>\n<h6><span style=\"font-size: 12pt\"><u>3. Woche:<br \/>\n<\/u>Generelle Aspekte der Arzneiformung. Entwicklung der Arzneiform, Pr\u00e4formulierung.<\/span><\/h6>\n<p><span style=\"font-size: 12pt\"><u>4. Woche:<br \/>\n<\/u>Physiologische, biopharmazeutische und pharmakokinetische Aspekte der Arzneiformung.<\/span><\/p>\n<p><span style=\"font-size: 12pt\"><u>5. Woche: <br \/>\n<\/u>Physikalisch-chemische Aspekte der Arzneiformung.<\/span><\/p>\n<p><span style=\"font-size: 12pt\"><u>6. Woche:<br \/>\n<\/u>Verfahren und Grundoperationen.<\/span><\/p>\n<p><span style=\"font-size: 12pt\"><u>7. Woche:<br \/>\n<\/u>Technologische Aspekte von Qualit\u00e4t, Sicherheit und Wirksamkeit.<\/span><\/p>\n<p><span style=\"font-size: 12pt\"><u>8. Woche:<br \/>\n<\/u>Verpackungsmaterialien und Technologie.<\/span><\/p>\n<h6><span style=\"font-size: 12pt\"><u>9. Woche:<br \/>\n<\/u>L\u00f6sungen.<\/span><\/h6>\n<p><span style=\"font-size: 12pt\"><u>10. Woche:<br \/>\n<\/u>Fl\u00fcssige Zubereitungen, Tropfen.<\/span><\/p>\n<h6><span style=\"font-size: 12pt\"><u>11. Woche:<br \/>\n<\/u>Extrakte und pflanzliche Drogenzubereitungen.<\/span><\/h6>\n<h6><span style=\"font-size: 12pt\"><u>12. Woche:<br \/>\n<\/u>Dispersen Systeme.<\/span><\/h6>\n<p><span style=\"font-size: 12pt\"><u>13. Woche:<br \/>\n<\/u>Suspensionen.<\/span><\/p>\n<p><span style=\"font-size: 12pt\"><u>14. Woche:<br \/>\n<\/u>Emulsionen.<\/span><\/p>\n<\/td>\n<\/tr>\n<\/tbody>\n<\/table>\n<p><strong>Pharmazeutische Technologie II. (6. Semester)<\/strong><\/p>\n<table width=\"104%\">\n<tbody>\n<tr>\n<td width=\"99%\">\n<p><strong>Thematik der Vorlesungen:<\/strong><\/p>\n<h6><span style=\"font-size: 12pt\"><u>1. Woche:<br \/>\n<\/u>Klassifizierung der koh\u00e4renten pharmazeutischen Systemen, GMP in den Apotheken.<\/span><\/h6>\n<p><span style=\"font-size: 12pt\"><u>2. Woche<\/u><u>:<br \/>\n<\/u>Dermatologische Grundlagen.<\/span><\/p>\n<p><span style=\"font-size: 12pt\"><u>3. Woche<\/u>:<br \/>\nWirkstoffhaltige dermatologische Rezepturen I.<\/span><\/p>\n<p><span style=\"font-size: 12pt\"><u>4. Woche:<br \/>\n<\/u>Wirkstoffhaltige dermatologische Rezepturen II.<\/span><\/p>\n<p><span style=\"font-size: 12pt\"><u>5. Woche<\/u>:<br \/>\nHerstellungsverfahren und Rezepturen von Gelen und Pasten.<\/span><\/p>\n<p><span style=\"font-size: 12pt\"><u>6. Woche<\/u>:<br \/>\nKosmetische Rezepturen.<\/span><\/p>\n<p><span style=\"font-size: 12pt\"><u>7. Woche:<br \/>\n<\/u>Rektale und vaginale Arzneiformen. Arzneiformen zum Einf\u00fchren in K\u00f6rperh\u00f6hlen.<\/span><\/p>\n<p><span style=\"font-size: 12pt\"><u>8. Woche:<br \/>\n<\/u>Herstellungs- und Verpackungsverfahren f\u00fcr Z\u00e4pfchen. Stifte und St\u00e4bchen.<\/span><\/p>\n<p><span style=\"font-size: 12pt\"><u>9. Woche:<br \/>\n<\/u>Pulvern. Zerkleinerung und Mischung. Pulver zur kutanen Anwendung.<\/span><\/p>\n<p><span style=\"font-size: 12pt\"><u>10. Woche:<br \/>\n<\/u>Pulver zum Einnehmen. Granulate. Kapseln.<\/span><\/p>\n<p><span style=\"font-size: 12pt\"><u>11. Woche:<br \/>\n<\/u>Pillen. Wirkstoffhaltige Kaugummis. Wirkstoffhaltige Sch\u00e4ume, Tampons.<\/span><\/p>\n<p><span style=\"font-size: 12pt\"><u>12. Woche:<br \/>\n<\/u>Inkompatibilit\u00e4ten I. Chemische Inkompatibilit\u00e4ten.<\/span><\/p>\n<p><span style=\"font-size: 12pt\"><u>13. Woche:<\/u><br \/>\nInkompatibilit\u00e4ten II. Physikalisch-chemische Inkompatibilit\u00e4ten.<\/span><\/p>\n<p><span style=\"font-size: 12pt\"><u>14. Woche:<br \/>\n<\/u>Arzneiformen f\u00fcr Tiere.<\/span><\/p>\n<\/td>\n<\/tr>\n<\/tbody>\n<\/table>\n<p><strong>Pharmazeutische Technologie III. (7. Semester)<\/strong><\/p>\n<table width=\"104%\">\n<tbody>\n<tr>\n<td width=\"99%\">\n<p><strong>Thematik der Vorlesungen:<\/strong><\/p>\n<h6><span style=\"font-size: 12pt\"><u>1. Woche:<br \/>\n<\/u><\/span><span style=\"font-size: 12pt\">Die Rolle, Geschichte und Entwicklung der industriellen Arzneimittelherstellung.<br \/>\n<\/span><span style=\"font-size: 12pt\">Theoretische Hinweise der industriellen pharmazeutischen Technologie Praktika.<\/span><\/h6>\n<p><span style=\"font-size: 12pt\"><u>2. Woche:<br \/>\n<\/u><\/span><span style=\"font-size: 12pt\">Theoretische Hinweise der Praktika von Injektions-und Infusionszubereitungen.<br \/>\n<\/span><span style=\"font-size: 12pt\">Arzneimittelherstellung, Arzneimittelentwicklung und Pr\u00e4formulierung.<\/span><\/p>\n<h6><span style=\"font-size: 12pt\"><u>3. Woche:<br \/>\n<\/u><\/span><span style=\"font-size: 12pt\">Industrielle Arzneimittelherstellung und Sicherheitstechnik. <\/span><span style=\"font-size: 12pt\">Die Voraussetzungen der industriellen Arzneimittelherstellung.<\/span><\/h6>\n<p><span style=\"font-size: 12pt\"><u>4. Woche:<br \/>\n<\/u><\/span><span style=\"font-size: 12pt\">Grundprinzipien der Arzneimittelstabilit\u00e4t. <\/span><span style=\"font-size: 12pt\">M\u00f6glichkeiten zur Arzneimittelstabilisierung.<\/span><\/p>\n<p><span style=\"font-size: 12pt\"><u>5. Woche:<br \/>\n<\/u><\/span><span style=\"font-size: 12pt\">Die Pr\u00fcfung der Arzneimittelstabilit\u00e4t. <\/span><span style=\"font-size: 12pt\">Chemisch-technische Grundregeln der Arzneimittelherstellung. Herstellung im Pilotmassstab und Scale-up, Herstellungsparameter, In-Prozess-Kontrolle.<\/span><\/p>\n<p><span style=\"font-size: 12pt\"><u>6. Woche:<br \/>\n<\/u><\/span><span style=\"font-size: 12pt\">Pharmazeutisch-technische Operationen: I. W\u00e4rme\u00fcbertragung, Verdampfen, Destillation. <\/span><span style=\"font-size: 12pt\">Pharmazeutisch-technische Operationen: II. Zerkleinern, Vermahlung.<\/span><\/p>\n<p><span style=\"font-size: 12pt\"><u>7. Woche:<br \/>\n<\/u><\/span><span style=\"font-size: 12pt\">Pharmazeutisch-technische Operationen: III. Pressung der Pulvermischungen.<br \/>\n<\/span><span style=\"font-size: 12pt\">Pharmazeutisch-technische Operationen: IV. Mischen, Dispergieren.<\/span><\/p>\n<p><span style=\"font-size: 12pt\"><u>8. Woche:<br \/>\n<\/u><\/span><span style=\"font-size: 12pt\">Pharmazeutisch-technische Operationen: V. Filtrieren, Sedimentieren, Zentrifugieren, Extrahieren, Extrudieren. <\/span><span style=\"font-size: 12pt\">Pharmazeutisch-technische Operationen: VI. Gefriertrocknung (Lyophilisation).<\/span><\/p>\n<h6><span style=\"font-size: 12pt\"><u>9. Woche:<br \/>\n<\/u><\/span><span style=\"font-size: 12pt\">Pharmazeutisch-technische Operationen: VII. Trocknung und Spr\u00fchtrocknung.<br \/>\n<\/span><span style=\"font-size: 12pt\">Pharmazeutisch-technische Operationen: VIII. Kristallisation, Polymorphie.<\/span><\/h6>\n<p><span style=\"font-size: 12pt\"><u>10. Woche:<br \/>\n<\/u><\/span><span style=\"font-size: 12pt\">Pharmazeutisch-technische Operationen: IX. Wirbelschichttrocknung.<br \/>\n<\/span><span style=\"font-size: 12pt\">Sterilisationsmethoden, Aseptische Arzneimittelherstellung. Pulverampulle.<\/span><\/p>\n<h6><span style=\"font-size: 12pt\"><u>11. Woche:<br \/>\n<\/u><\/span><span style=\"font-size: 12pt\">Validierung. <\/span><span style=\"font-size: 12pt\">Sterile Arzneimittelherstellung.<\/span><\/h6>\n<h6><span style=\"font-size: 12pt\"><u>12. Woche: <br \/>\n<\/u><\/span><span style=\"font-size: 12pt\">Injektionszubereitungen: L\u00f6sungen, Suspensionen. <\/span><span style=\"font-size: 12pt\">Parenterale Arzneimittel, Betrieben f\u00fcr Injektion- und Infusionsherstellung, Wasserversorgung.<\/span><\/h6>\n<p><span style=\"font-size: 12pt\"><u>13. Woche:<br \/>\n<\/u><\/span><span style=\"font-size: 12pt\">Gro\u00dfvolumige Parenteralia. <\/span><span style=\"font-size: 12pt\">Arzneimittelentwicklung der sterilen Zubereitungen.<\/span><\/p>\n<p><span style=\"font-size: 12pt\"><u>14. Woche:<br \/>\n<\/u><\/span><span style=\"font-size: 12pt\">Verpackungsmaterialen und Technologie I. <\/span><span style=\"font-size: 12pt\">Verpackungsmaterialen und Technologie II.<\/span><\/p>\n<\/td>\n<\/tr>\n<\/tbody>\n<\/table>\n<p><strong>Pharmazeutische Technologie IV. (8. Semester)<\/strong><\/p>\n<table width=\"104%\">\n<tbody>\n<tr>\n<td width=\"99%\">\n<p><strong>Thematik der Vorlesungen:<\/strong><\/p>\n<h6><span style=\"font-size: 12pt\"><u>1. Woche:<br \/>\n<\/u><\/span><span style=\"font-size: 12pt\">Herstellung von Injektionszubereitungen, Aerosole, Liophylisierte Pr\u00e4parate.<br \/>\n<\/span><span style=\"font-size: 12pt\">Theoretischer Hintergrund zu den Praktika aus industrieller Technologie.<\/span><\/h6>\n<p><span style=\"font-size: 12pt\"><u>2. Woche:<br \/>\n<\/u><\/span><span style=\"font-size: 12pt\">Eigenschaften und Untersuchung von Partikeln. <\/span><span style=\"font-size: 12pt\">Klassifizierung von festen Arzneiformen, Pr\u00e4formulierung. Charakterisierung von festen Stoffen.<\/span><\/p>\n<h6><span style=\"font-size: 12pt\"><u>3. Woche:<br \/>\n<\/u><\/span><span style=\"font-size: 12pt\">Inhalationszubereitungen. Aerosoltypen, Herstellung und Untersuchung von Aerosolen. <\/span><span style=\"font-size: 12pt\">Chirurgische Verbandmittel, chirurgische F\u00e4den, Implantaten.<\/span><\/h6>\n<p><span style=\"font-size: 12pt\"><u>4. Woche:<br \/>\n<\/u><\/span><span style=\"font-size: 12pt\">Granulate und Granulierung I. Granulate und Granulierung II.<\/span><\/p>\n<p><span style=\"font-size: 12pt\"><u>5. Woche:<br \/>\n<\/u><\/span><span style=\"font-size: 12pt\">Pharmazeutische Pellets. Kapseln.<\/span><\/p>\n<p><span style=\"font-size: 12pt\"><u>6. Woche:<br \/>\n<\/u><\/span><span style=\"font-size: 12pt\">Tabletten I. Tabletten II.<\/span><\/p>\n<p><span style=\"font-size: 12pt\"><u>7. Woche:<br \/>\n<\/u><\/span><span style=\"font-size: 12pt\">Zuckerdragierung. \u00dcberzugsmaterialen<\/span><\/p>\n<p><span style=\"font-size: 12pt\"><u>8. Woche:<br \/>\n<\/u><\/span><span style=\"font-size: 12pt\">\u00dcberziehen von Filmtabletten. \u00dcberziehen ohne L\u00f6sungsmittel<\/span><\/p>\n<h6><span style=\"font-size: 12pt\"><u>9. Woche:<br \/>\n<\/u><\/span><span style=\"font-size: 12pt\">Innovative Arzneiformen: modifizierte Freisetzung. Untersuchung uns Auswertung der Wirkstofffreisetzung<\/span><\/h6>\n<p><span style=\"font-size: 12pt\"><u>10. Woche:<br \/>\n<\/u><\/span><span style=\"font-size: 12pt\">Innovative Arzneiformen: Beg\u00fcnstigung des L\u00f6sungsvorganges und Absorption.<br \/>\n<\/span><span style=\"font-size: 12pt\">Innovative Arzneiformen: Transdermale und andere therapeutische Systeme .<\/span><\/p>\n<h6><span style=\"font-size: 12pt\"><u>11. Woche:<br \/>\n<\/u><\/span><span style=\"font-size: 12pt\">Innovative Arzneiformen: Darreichungsformen\u00a0 f\u00fcr Makromolek\u00fclen.<\/span><span style=\"font-size: 12pt\">(Mikrofabrikation, Nano- und molekulare pharmazeutische Technologie, biologische Arzneimittel). <\/span><span style=\"font-size: 12pt\">Kolloidale Arzneimittellieferungssysteme, Liposomen.<\/span><\/h6>\n<h6><span style=\"font-size: 12pt\"><u>12. Woche:<br \/>\n<\/u><\/span><span style=\"font-size: 12pt\">Liposomen II. Arzneimittelherstellung und Qualit\u00e4tsversicherung.<\/span><\/h6>\n<p><span style=\"font-size: 12pt\"><u>13. Woche:<br \/>\n<\/u><\/span><span style=\"font-size: 12pt\">In Prozess Kontrolle. Technologische Aspekte von Ph.Eur. 8.<\/span><\/p>\n<p><span style=\"font-size: 12pt\"><u>14. Woche:<br \/>\n<\/u><\/span><span style=\"font-size: 12pt\">Industrielle Rechtsschutzversicherung, Generika. Galenikherstellung im Pilotma\u00dfstab.<\/span><\/p>\n<\/td>\n<\/tr>\n<\/tbody>\n<\/table>\n<p>&nbsp;<\/p>\n","protected":false},"excerpt":{"rendered":"<p>Die Pharmazeutische Technologie befasst sich mit der Formulierung und Verarbeitung des Wirkstoffes mit unterschiedlichen Hilfsstoffen in einer geeigneten Arzneiform zu einem Arzneimittel. Die Herstellung der Arzneimittel geh\u00f6rt zu den speziellen Fertigkeiten des Apothekers. Die Erkenntnisse zur Entwicklung, Herstellung und Qualit\u00e4tspr\u00fcfung von Arzneiformen und Zubereitungen sind die physiologischen, physikalisch-chemischen und technischen Aspekte zu Qualit\u00e4t, Sicherheit und &hellip;<\/p>\n","protected":false},"author":114,"featured_media":0,"parent":871,"menu_order":1,"comment_status":"closed","ping_status":"closed","template":"","meta":{"_acf_changed":false,"footnotes":""},"categories":[],"tags":[],"class_list":["post-911","page","type-page","status-publish","hentry"],"acf":[],"_links":{"self":[{"href":"https:\/\/semmelweis.hu\/gyogyszereszeti-intezet\/wp-json\/wp\/v2\/pages\/911","targetHints":{"allow":["GET"]}}],"collection":[{"href":"https:\/\/semmelweis.hu\/gyogyszereszeti-intezet\/wp-json\/wp\/v2\/pages"}],"about":[{"href":"https:\/\/semmelweis.hu\/gyogyszereszeti-intezet\/wp-json\/wp\/v2\/types\/page"}],"author":[{"embeddable":true,"href":"https:\/\/semmelweis.hu\/gyogyszereszeti-intezet\/wp-json\/wp\/v2\/users\/114"}],"replies":[{"embeddable":true,"href":"https:\/\/semmelweis.hu\/gyogyszereszeti-intezet\/wp-json\/wp\/v2\/comments?post=911"}],"version-history":[{"count":3,"href":"https:\/\/semmelweis.hu\/gyogyszereszeti-intezet\/wp-json\/wp\/v2\/pages\/911\/revisions"}],"predecessor-version":[{"id":914,"href":"https:\/\/semmelweis.hu\/gyogyszereszeti-intezet\/wp-json\/wp\/v2\/pages\/911\/revisions\/914"}],"up":[{"embeddable":true,"href":"https:\/\/semmelweis.hu\/gyogyszereszeti-intezet\/wp-json\/wp\/v2\/pages\/871"}],"wp:attachment":[{"href":"https:\/\/semmelweis.hu\/gyogyszereszeti-intezet\/wp-json\/wp\/v2\/media?parent=911"}],"wp:term":[{"taxonomy":"category","embeddable":true,"href":"https:\/\/semmelweis.hu\/gyogyszereszeti-intezet\/wp-json\/wp\/v2\/categories?post=911"},{"taxonomy":"post_tag","embeddable":true,"href":"https:\/\/semmelweis.hu\/gyogyszereszeti-intezet\/wp-json\/wp\/v2\/tags?post=911"}],"curies":[{"name":"wp","href":"https:\/\/api.w.org\/{rel}","templated":true}]}}