{"id":880,"date":"2019-05-15T16:51:17","date_gmt":"2019-05-15T14:51:17","guid":{"rendered":"http:\/\/semmelweis.hu\/gyogyszereszeti-intezet\/?page_id=880"},"modified":"2021-02-18T12:19:38","modified_gmt":"2021-02-18T11:19:38","slug":"arzneiformenlehre","status":"publish","type":"page","link":"https:\/\/semmelweis.hu\/gyogyszereszeti-intezet\/de\/bildung\/arzneiformenlehre\/","title":{"rendered":"Physiologische Pharmazie und Arzneiformenlehre"},"content":{"rendered":"<p style=\"text-align: justify\">Die Arzneiform beeinflusst ma\u00dfgeblich die Wirksamkeit eines Arzneistoffs. Die Verarbeitung des <em>Wirkstoffes mit unterschiedlichen Hilfstoffen<\/em> in einer geeigneten <em>Arzneiform<\/em> zu einem Arzneimittel geh\u00f6rt zu den speziellen Fertigkeiten des Apothekers. Die <em>Arzneiformenlehre<\/em> beinhaltet die theoretischen physiologischen, physikalisch-chemischen und technischen Grundlagen der Arzneiformen.<\/p>\n<ul>\n<li>Grundlagen der Biopharmazie und Pharmakokinetik: Bioverf\u00fcgbarkeit und Bio\u00e4quivalenz, Resorption von Wirkstoffen, Freisetzungs- und resorptions- beeinflussende Faktoren.<\/li>\n<li>Physikalisch-chemische Grundlagen der Arzneiformung: Zustand, Teilchengr\u00f6\u00dfe, L\u00f6slichkeit und Aufl\u00f6sung, Grenzfl\u00e4chenph\u00e4nomene, Rheologie.<\/li>\n<li>Allgemeine Aspekte der Arzneiformung: Stabilit\u00e4t und Stabilisierung, Inkompatibilit\u00e4ten, Verpackungsmaterialien und Technologie.<\/li>\n<li>Grundoperationen und Einf\u00fchrung in die Herstellung der verschiedenen Arzneiformen.<\/li>\n<\/ul>\n<p style=\"text-align: justify\">Die Eigenschaften und Anforderungen der verschiedenen Arzneiformen als Applikationssystemen werden ausf\u00fchrlich behandelt. Zu jeder Arzneiform werden Definitionen, grundlegende biopharmazeutische Aspekte, Eigenschaften, Hilfsstoffe, Herstellung, Verpackung und Qualit\u00e4tskontrolle besprochen. Neben klassischen fl\u00fcssigen, halbfesten und festen Darreichungsformen, auch die Mikrokapseln, Nanopartikeln, Liposomen, Retard- und Depotarzneiformen, therapeutische Systeme und andere Arzneiformen der Zukunft werden bekannt gemacht.<\/p>\n<table style=\"height: 1651px;width: 105.463%\" width=\"649\">\n<tbody>\n<tr>\n<td width=\"99%\">\n<p><strong>I. Thematik der Vorlesungen<\/strong><\/p>\n<p>&nbsp;<\/p>\n<p><span style=\"font-size: 12pt\"><u>1. Woche: <\/u>Einf\u00fchrung in die Arzneiformenlehre<br \/>\n<\/span><span style=\"font-size: 12pt\">Begriffe und Definitionen. Die Arzneiform als Applikationssystem. Wirkstoffe und Hilfstoffen. Arzneimittelherstellung: Rezeptur, Defektur, Gro\u00dfherstellung. Arzneimittelgesetz (AMG) \u2013 Wirksamkeit, Qualit\u00e4t, Unbedenklichkeit. Deutsches Arzneibuch (DAB), Neues Rezeptur-Formularium (NRF).<\/span><\/p>\n<p><span style=\"font-size: 12pt\"><u>\u00a0<\/u><\/span><span style=\"font-size: 12pt\"><u>2. Woche: <\/u>\u00dcbersicht der Arzneiformen<br \/>\nDie Geschichte und Zukunft der Arzneiformen. Grundoperationen und Einf\u00fchrung in die Herstellung der verschiedenen Arzneiformen. Zusammensetzung \u00fcber Einteilung von Hilfstoffen nach Funktionalit\u00e4t und Qualit\u00e4t. Generelle Aspekte der Arzneiformung: Stabilit\u00e4t und Stabilisierung, Inkompatibilit\u00e4ten, Verpackung.<\/span><\/p>\n<p><span style=\"font-size: 12pt\"><u>3. Woche: <\/u>Grundlagen der Biopharmazie und Pharmakokinetik<br \/>\n<\/span><span style=\"font-size: 12pt\">\u00c4u\u00dferliche und innerliche Applikationsarten. LADME-Modell. Begriffe der Biopharmazie. Bioverf\u00fcgbarkeit und Bio\u00e4quivalenz. Freisetzungs- und resorptionsbeeinflussende Faktoren.<\/span><\/p>\n<p><span style=\"font-size: 12pt\"><u>4. Woche: <\/u>Physikalische und chemische Grundlagen<br \/>\nPhysikalisch-chemische Grundlagen der Arzneiformung: Zustand, Teilchengr\u00f6\u00dfe, L\u00f6slichkeit und Aufl\u00f6sung, Grenzfl\u00e4chenph\u00e4nomene, Rheologie. Generelle Aspekte der Arzneiformung. Physikalische, chemische und mikrobielle Stabilit\u00e4t.<\/span><\/p>\n<p><span style=\"font-size: 12pt\"><u>5. Woche: <\/u>Fl\u00fcssige Arzneiformen I.<br \/>\n<\/span><span style=\"font-size: 12pt\">L\u00f6sungen. Pflanzliche Arzneimittel &#8211; Extrakte, Tinkturen, Guttae, Mixturen, Sirupe, Klysmen.<\/span><\/p>\n<p><span style=\"font-size: 12pt\"><u>6. Woche: <\/u>Fl\u00fcssige Arzneiformen II. <br \/>\n<\/span><span style=\"font-size: 12pt\">Emulsionen: Emulsionstypen, Emulgatoren. Suspensionen: <\/span><span style=\"font-size: 12pt\">Physikalische Stabilit\u00e4t der dispersen Systeme.<\/span><\/p>\n<p><span style=\"font-size: 12pt\"><u>7. Woche: <\/u>Parenteralia<br \/>\n<\/span><span style=\"font-size: 12pt\">Anforderungen an Injektions- und Infusionszubereitungen. Sterilisationsmethoden. <\/span><span style=\"font-size: 12pt\">Elektrolyttherapie. Plasmaersatzmittel. Zubereitungen zur parenteralen Ern\u00e4hrung.<\/span><\/p>\n<p><span style=\"font-size: 12pt\"><u>8. Woche: <\/u>Halbfeste Arzneiformen und Dermatika.<br \/>\n<\/span><span style=\"font-size: 12pt\">Unguenta, Gele, Pasten. Hydrophobe und hydrophile Zubereitungen. <\/span><span style=\"font-size: 12pt\">Aufbau von halbfesten Zubereitungen. <em>KLAUSUR 1.<\/em><\/span><\/p>\n<p><span style=\"font-size: 12pt\"><u>9. Woche: <\/u>Arzneiformen f\u00fcr die K\u00f6rperh\u00f6hlen <br \/>\n\u00dcbersicht von rektalen und vaginalen Arzneiformen. Eigenschaften und Anforderungen an Suppositorien.<\/span><\/p>\n<p><span style=\"font-size: 12pt\"><u>10. Woche: <\/u>Feste Arzneiformen I. <br \/>\nEigenschaften und Anforderungen von Pulvern, Granulate, Pellets. Kapseln: Weichkapseln, Hartkapseln.<\/span><\/p>\n<p><span style=\"font-size: 12pt\"><u>11. Woche: <\/u>Feste Arzneiformen II. <br \/>\nDarreichungsformen von Tabletten. \u00dcberzogene<\/span> Tabletten, Brausetabletten, Tabletten zur Herstellung einer L\u00f6sung, Tabletten zur Anwendung in der Mundh\u00f6hle. Tablettierung, Hilfstoffen.<\/p>\n<p><u>12. Woche: <\/u>Arzneiformen zur Anwendung an Auge, Ohr und Nase<br \/>\nEigenschaften und Anforderungen an Augentropfen. Augensalben, Augenb\u00e4der, Augeninserte. Eigenschaften von nasalen Arzneiformen: Nasentropfen, Nasensalben, Nasensprays. Ohrentropfen, Ohrensalben.<\/p>\n<p><u>13. Woche: <\/u>Gasf\u00f6rmige Arzneiformen (Inhalanda, Aerosole)<br \/>\nPulmonale Applikation. Pulver und Aerosole.<em> KLAUSUR 2.<\/em><\/p>\n<p><u>14. Woche: <\/u>Moderne und innovative Arzneiformulierung<br \/>\nModifizierter Wirkstoff-Freisetzung. Therapeutische Systeme.<\/p>\n<\/td>\n<\/tr>\n<\/tbody>\n<\/table>\n","protected":false},"excerpt":{"rendered":"<p>Die Arzneiform beeinflusst ma\u00dfgeblich die Wirksamkeit eines Arzneistoffs. Die Verarbeitung des Wirkstoffes mit unterschiedlichen Hilfstoffen in einer geeigneten Arzneiform zu einem Arzneimittel geh\u00f6rt zu den speziellen Fertigkeiten des Apothekers. Die Arzneiformenlehre beinhaltet die theoretischen physiologischen, physikalisch-chemischen und technischen Grundlagen der Arzneiformen. Grundlagen der Biopharmazie und Pharmakokinetik: Bioverf\u00fcgbarkeit und Bio\u00e4quivalenz, Resorption von Wirkstoffen, Freisetzungs- und resorptions- &hellip;<\/p>\n","protected":false},"author":114,"featured_media":0,"parent":871,"menu_order":3,"comment_status":"closed","ping_status":"closed","template":"","meta":{"_acf_changed":false,"footnotes":""},"categories":[],"tags":[],"class_list":["post-880","page","type-page","status-publish","hentry"],"acf":[],"_links":{"self":[{"href":"https:\/\/semmelweis.hu\/gyogyszereszeti-intezet\/wp-json\/wp\/v2\/pages\/880","targetHints":{"allow":["GET"]}}],"collection":[{"href":"https:\/\/semmelweis.hu\/gyogyszereszeti-intezet\/wp-json\/wp\/v2\/pages"}],"about":[{"href":"https:\/\/semmelweis.hu\/gyogyszereszeti-intezet\/wp-json\/wp\/v2\/types\/page"}],"author":[{"embeddable":true,"href":"https:\/\/semmelweis.hu\/gyogyszereszeti-intezet\/wp-json\/wp\/v2\/users\/114"}],"replies":[{"embeddable":true,"href":"https:\/\/semmelweis.hu\/gyogyszereszeti-intezet\/wp-json\/wp\/v2\/comments?post=880"}],"version-history":[{"count":3,"href":"https:\/\/semmelweis.hu\/gyogyszereszeti-intezet\/wp-json\/wp\/v2\/pages\/880\/revisions"}],"predecessor-version":[{"id":1383,"href":"https:\/\/semmelweis.hu\/gyogyszereszeti-intezet\/wp-json\/wp\/v2\/pages\/880\/revisions\/1383"}],"up":[{"embeddable":true,"href":"https:\/\/semmelweis.hu\/gyogyszereszeti-intezet\/wp-json\/wp\/v2\/pages\/871"}],"wp:attachment":[{"href":"https:\/\/semmelweis.hu\/gyogyszereszeti-intezet\/wp-json\/wp\/v2\/media?parent=880"}],"wp:term":[{"taxonomy":"category","embeddable":true,"href":"https:\/\/semmelweis.hu\/gyogyszereszeti-intezet\/wp-json\/wp\/v2\/categories?post=880"},{"taxonomy":"post_tag","embeddable":true,"href":"https:\/\/semmelweis.hu\/gyogyszereszeti-intezet\/wp-json\/wp\/v2\/tags?post=880"}],"curies":[{"name":"wp","href":"https:\/\/api.w.org\/{rel}","templated":true}]}}