{"id":875,"date":"2019-05-15T11:49:59","date_gmt":"2019-05-15T09:49:59","guid":{"rendered":"http:\/\/semmelweis.hu\/gyogyszereszeti-intezet\/?page_id=875"},"modified":"2019-07-04T09:26:37","modified_gmt":"2019-07-04T07:26:37","slug":"forschung","status":"publish","type":"page","link":"https:\/\/semmelweis.hu\/gyogyszereszeti-intezet\/de\/forschung\/","title":{"rendered":"Forschung"},"content":{"rendered":"<p><strong>F &amp; E -F\u00e4higkeiten<\/strong><\/p>\n<p style=\"text-align: justify\">Die Mitarbeiter der Abteilung haben in den ersten Phasen der Produktentwicklung Erfahrungen gesammelt, um eine geeignete Dosierungsform zu erstellen, die den Bed\u00fcrfnissen mit dem gew\u00fcnschten Wirkstofffreisetzung entspricht.<\/p>\n<p style=\"text-align: justify\">Einige Mitarbeiter waren in verschiedenen Pharmaunternehmen t\u00e4tig, wo sie Erfahrungen in der Herstellung und im Test der meisten pharmazeutischen Produkte gesammelt haben.<\/p>\n<p style=\"text-align: justify\">Pharmazeutisch-technologische Forschung ist komplex, da neben Wissenschaft und Technik auch Kenntnisse \u00fcber regulatorische Fragen und Branchenpraktiken erforderlich sind.<\/p>\n<p style=\"text-align: justify\">Das analytische Labor ist in der Lage, Arzneimittel zu preformulieren und formulieren, In-Prozess-, Freisetzungs-, Stabilit\u00e4ts-, Kompatibilit\u00e4ts- und bioanalytische Teste durchzuf\u00fchren. \u00a0<\/p>\n<p style=\"text-align: justify\">Das Institut f\u00fcr Pharmazie ist in der Lage, verschiedene Forschungs- und Entwicklungsaktivit\u00e4ten zu vollf\u00fchren, darunter:<\/p>\n<ul>\n<li style=\"text-align: justify\">Vorformulierungsstudien, wie die Bestimmung der physiochemischen Eigenschaften von Arzneistoffen<\/li>\n<li style=\"text-align: justify\">Studien zu Arzneimittel-Hilfsstoff-Wechselwirkungen (Inkompatibilit\u00e4tsstudien) zur Auswahl der Hilfsstoffe<\/li>\n<li style=\"text-align: justify\">Formulierung und Prozessentwicklung im Laborma\u00dfstab<\/li>\n<li style=\"text-align: justify\">Stabilit\u00e4tspr\u00fcfung der Formulierung<\/li>\n<li style=\"text-align: justify\">Entwicklung spezieller Dosierungsformen (Modifizierte Freisetzung, Verbesserung der Aufl\u00f6sung \/ L\u00f6slichkeit)<\/li>\n<\/ul>\n<p style=\"text-align: justify\">Das Forschungsteam hat Erfahrungen in der Anwendung des statistischen experimentellen Designs (DOE), um Beziehungen zu finden, z.B. zwischen physikochemischen Eigenschaften und der Wirkstofffreisetzung der Arzneimitteltr\u00e4gersysteme.<\/p>\n","protected":false},"excerpt":{"rendered":"<p>F &amp; E -F\u00e4higkeiten Die Mitarbeiter der Abteilung haben in den ersten Phasen der Produktentwicklung Erfahrungen gesammelt, um eine geeignete Dosierungsform zu erstellen, die den Bed\u00fcrfnissen mit dem gew\u00fcnschten Wirkstofffreisetzung entspricht. Einige Mitarbeiter waren in verschiedenen Pharmaunternehmen t\u00e4tig, wo sie Erfahrungen in der Herstellung und im Test der meisten pharmazeutischen Produkte gesammelt haben. Pharmazeutisch-technologische Forschung &hellip;<\/p>\n","protected":false},"author":114,"featured_media":0,"parent":0,"menu_order":3,"comment_status":"closed","ping_status":"closed","template":"","meta":{"_acf_changed":false,"footnotes":""},"categories":[],"tags":[],"class_list":["post-875","page","type-page","status-publish","hentry"],"acf":[],"_links":{"self":[{"href":"https:\/\/semmelweis.hu\/gyogyszereszeti-intezet\/wp-json\/wp\/v2\/pages\/875","targetHints":{"allow":["GET"]}}],"collection":[{"href":"https:\/\/semmelweis.hu\/gyogyszereszeti-intezet\/wp-json\/wp\/v2\/pages"}],"about":[{"href":"https:\/\/semmelweis.hu\/gyogyszereszeti-intezet\/wp-json\/wp\/v2\/types\/page"}],"author":[{"embeddable":true,"href":"https:\/\/semmelweis.hu\/gyogyszereszeti-intezet\/wp-json\/wp\/v2\/users\/114"}],"replies":[{"embeddable":true,"href":"https:\/\/semmelweis.hu\/gyogyszereszeti-intezet\/wp-json\/wp\/v2\/comments?post=875"}],"version-history":[{"count":1,"href":"https:\/\/semmelweis.hu\/gyogyszereszeti-intezet\/wp-json\/wp\/v2\/pages\/875\/revisions"}],"predecessor-version":[{"id":877,"href":"https:\/\/semmelweis.hu\/gyogyszereszeti-intezet\/wp-json\/wp\/v2\/pages\/875\/revisions\/877"}],"wp:attachment":[{"href":"https:\/\/semmelweis.hu\/gyogyszereszeti-intezet\/wp-json\/wp\/v2\/media?parent=875"}],"wp:term":[{"taxonomy":"category","embeddable":true,"href":"https:\/\/semmelweis.hu\/gyogyszereszeti-intezet\/wp-json\/wp\/v2\/categories?post=875"},{"taxonomy":"post_tag","embeddable":true,"href":"https:\/\/semmelweis.hu\/gyogyszereszeti-intezet\/wp-json\/wp\/v2\/tags?post=875"}],"curies":[{"name":"wp","href":"https:\/\/api.w.org\/{rel}","templated":true}]}}