{"id":871,"date":"2019-05-15T11:28:26","date_gmt":"2019-05-15T09:28:26","guid":{"rendered":"http:\/\/semmelweis.hu\/gyogyszereszeti-intezet\/?page_id=871"},"modified":"2019-07-05T12:06:11","modified_gmt":"2019-07-05T10:06:11","slug":"bildung","status":"publish","type":"page","link":"https:\/\/semmelweis.hu\/gyogyszereszeti-intezet\/de\/bildung\/","title":{"rendered":"Bildung"},"content":{"rendered":"<p style=\"text-align: justify\">Im Institut f\u00fcr Pharmazie der Semmelweis Universit\u00e4t werden die folgenden Pflichtf\u00e4cher f\u00fcr Pharmaziestudenten unterrichtet: Arzneiformenlehre im 4. Semester; Pharmazeutische Technologie I.-IV. von 5. bis 8. Semester; Biopharmazie und Pharmakokinetik im 9. Semester.<br \/>\nNeben den Pflichtf\u00e4chern werden im Institut folgende Wahlf\u00e4cher unterrichtet: Industrielle Pharmazeutische Technologie I-II; Arzneimittel-Innovation und Zulassung; Arzneimittelherstellung in der Apotheke.<\/p>\n","protected":false},"excerpt":{"rendered":"<p>Im Institut f\u00fcr Pharmazie der Semmelweis Universit\u00e4t werden die folgenden Pflichtf\u00e4cher f\u00fcr Pharmaziestudenten unterrichtet: Arzneiformenlehre im 4. Semester; Pharmazeutische Technologie I.-IV. von 5. bis 8. Semester; Biopharmazie und Pharmakokinetik im 9. Semester.<br \/>\nNeben den Pflichtf\u00e4chern werden im Institut folgende Wahlf\u00e4cher unterrichtet: Industrielle Pharmazeutische Technologie I-II; Arzneimittel-Innovation und Zulassung; Arzneimittelherstellung in der Apotheke.<\/p>\n","protected":false},"author":114,"featured_media":0,"parent":0,"menu_order":2,"comment_status":"closed","ping_status":"closed","template":"","meta":{"_acf_changed":false,"footnotes":""},"categories":[],"tags":[],"class_list":["post-871","page","type-page","status-publish","hentry"],"acf":[],"_links":{"self":[{"href":"https:\/\/semmelweis.hu\/gyogyszereszeti-intezet\/wp-json\/wp\/v2\/pages\/871","targetHints":{"allow":["GET"]}}],"collection":[{"href":"https:\/\/semmelweis.hu\/gyogyszereszeti-intezet\/wp-json\/wp\/v2\/pages"}],"about":[{"href":"https:\/\/semmelweis.hu\/gyogyszereszeti-intezet\/wp-json\/wp\/v2\/types\/page"}],"author":[{"embeddable":true,"href":"https:\/\/semmelweis.hu\/gyogyszereszeti-intezet\/wp-json\/wp\/v2\/users\/114"}],"replies":[{"embeddable":true,"href":"https:\/\/semmelweis.hu\/gyogyszereszeti-intezet\/wp-json\/wp\/v2\/comments?post=871"}],"version-history":[{"count":2,"href":"https:\/\/semmelweis.hu\/gyogyszereszeti-intezet\/wp-json\/wp\/v2\/pages\/871\/revisions"}],"predecessor-version":[{"id":1006,"href":"https:\/\/semmelweis.hu\/gyogyszereszeti-intezet\/wp-json\/wp\/v2\/pages\/871\/revisions\/1006"}],"wp:attachment":[{"href":"https:\/\/semmelweis.hu\/gyogyszereszeti-intezet\/wp-json\/wp\/v2\/media?parent=871"}],"wp:term":[{"taxonomy":"category","embeddable":true,"href":"https:\/\/semmelweis.hu\/gyogyszereszeti-intezet\/wp-json\/wp\/v2\/categories?post=871"},{"taxonomy":"post_tag","embeddable":true,"href":"https:\/\/semmelweis.hu\/gyogyszereszeti-intezet\/wp-json\/wp\/v2\/tags?post=871"}],"curies":[{"name":"wp","href":"https:\/\/api.w.org\/{rel}","templated":true}]}}