{"id":869,"date":"2019-07-04T09:22:21","date_gmt":"2019-07-04T07:22:21","guid":{"rendered":"http:\/\/semmelweis.hu\/gyogyszereszeti-intezet\/?page_id=869"},"modified":"2019-07-05T12:05:09","modified_gmt":"2019-07-05T10:05:09","slug":"uber-uns","status":"publish","type":"page","link":"https:\/\/semmelweis.hu\/gyogyszereszeti-intezet\/de\/uber-uns\/","title":{"rendered":"\u00dcber Uns"},"content":{"rendered":"<p><strong>Geschichte des Intituts f\u00fcr Pharmazie<\/strong><\/p>\n<p style=\"text-align: justify\">Pharmazie wird seit 1914 vom Vorg\u00e4ngerinstitut unterrichtet, der 1907 gegr\u00fcndeten Universit\u00e4tsapotheke und seit 1935 von dem Institut f\u00fcr Pharmazie.<\/p>\n<p style=\"text-align: justify\">S\u00e1ndor Mozsonyi war der erste Direktor (1935-1962) und Gr\u00fcnder der Fakult\u00e4t f\u00fcr Pharmazie.<\/p>\n<p style=\"text-align: justify\">Egon Pandula folgte Prof. Mozsonyi in 1962 als Institutsleiter. Seine Hauptforschungsarbeit bedeckte die theoretischen und praktischen Aspekten der pharmazeutischen Technologie.<\/p>\n<p style=\"text-align: justify\">L\u00e1szl\u00f3 Gyarmati brachte die Biopharmazie als neues Forschungsthema ins Institut und untersuchte die Beziehungen zwischen Dosierungsformen und Arzneimittelwirkungen.<\/p>\n<p style=\"text-align: justify\">Istv\u00e1n R\u00e1cz hat das wissenschaftliche Profil des Instituts durch die Aufnahme zahlreicher neuer Themen wie &#8222;Industrielle Pharmazie&#8221; und &#8222;Arzneimittelinnovation&#8221; erweitert.<\/p>\n<p style=\"text-align: justify\">Sylvia Marton war an der Entwicklung von Weiterbildungsma\u00dfnahmen beteiligt.<\/p>\n<p style=\"text-align: justify\">Istv\u00e1n Antal als stellvertretender Direktor ber\u00fccksichtigte nationale und internationale Trends unter Ber\u00fccksichtigung der Themen der pharmazeutischen Technologie.<\/p>\n<p style=\"text-align: justify\">Zu den wichtigsten Forschungsgebieten von Imre Klebovich geh\u00f6ren Pharmakokinetik, In-vivo-Arzneimittelstoffwechsel, Bio\u00e4quivalenz, Interaktionsstudien mit Lebensmitteln und Arzneimitteln, biopharmazeutische Aspekte der Entwicklung von Retard-Dosierungsformen, Trennungswissenschaften, Entwicklung bioanalytischer und radioanalytischer Methoden.<\/p>\n<p style=\"text-align: justify\">Istv\u00e1n Antal, der heutige Institutsleiter, konzentriert sich auf die neuen Trends der pharmazeutischen Forschung, wie z. B. patientenzentrische Formulierung, Verbesserung der L\u00f6slichkeit, Optimierung der Pharmakokinetik, Nanotransporter, Biopharmazeutika, Bioanalytik.<\/p>\n<p><strong>Profil des Instituts f\u00fcr Pharmazie<\/strong><\/p>\n<p style=\"text-align: justify\">Das Hauptprofil ist die Lehre der pharmazeutischen Technologie, Biopharmazie-Pharmakokinetik und Bioanalytik sowie die Forschung in verwandten wissenschaftlichen Bereichen.<\/p>\n<p style=\"text-align: justify\">Der Lehrplan f\u00fcr das dritte, vierte und f\u00fcnfte Jahr des Studiengangs von Pharmazie umfasst Pflichtf\u00e4cher wie Pharmazeutische Technologie (540 Stunden), Biopharmazie &#8211; Pharmakokinetik (60 Stunden) sowie Wahlf\u00e4cher wie Arzneimittelinnovation, industrielle Pharmazie, Bioanalytik in der Pharmakokinetik und Tierarzneimittel.<\/p>\n<p style=\"text-align: justify\">Die wichtigsten Forschungsaktivit\u00e4ten betreffen technologische und biopharmazeutische Aspekte des Dosierungsformdesigns:<\/p>\n<ul>\n<li>Formulierung von Dosierungsformen mit kontrollierter \/ modifizierter Freisetzung<\/li>\n<li>Studie zur Wirkstofffreisetzung unter Ber\u00fccksichtigung von In-vitro-In-vivo-Beziehungen<\/li>\n<li>Erh\u00f6hung der L\u00f6slichkeit und Absorption von Arzneimitteln<\/li>\n<li>Optimierung der Parameter des Herstellungsprozesses<\/li>\n<li>Untersuchung der Abbaukinetik und der M\u00f6glichkeiten der Stabilisierung<\/li>\n<li>Anwendung und Charakterisierung neuer Hilfsstoffe<\/li>\n<li>Studien zur Pharmakokinetik und zur Wechselwirkung zwischen Arzneimitteln und Lebensmitteln<\/li>\n<li>Bioanalytik f\u00fcr pharmakokinetische Studien und Stoffwechselstudien<\/li>\n<\/ul>\n","protected":false},"excerpt":{"rendered":"<p>Geschichte des Intituts f\u00fcr Pharmazie Pharmazie wird seit 1914 vom Vorg\u00e4ngerinstitut unterrichtet, der 1907 gegr\u00fcndeten Universit\u00e4tsapotheke und seit 1935 von dem Institut f\u00fcr Pharmazie. S\u00e1ndor Mozsonyi war der erste Direktor (1935-1962) und Gr\u00fcnder der Fakult\u00e4t f\u00fcr Pharmazie. Egon Pandula folgte Prof. Mozsonyi in 1962 als Institutsleiter. Seine Hauptforschungsarbeit bedeckte die theoretischen und praktischen Aspekten der &hellip;<\/p>\n","protected":false},"author":114,"featured_media":994,"parent":0,"menu_order":1,"comment_status":"closed","ping_status":"closed","template":"","meta":{"_acf_changed":false,"footnotes":""},"categories":[],"tags":[],"class_list":["post-869","page","type-page","status-publish","has-post-thumbnail","hentry"],"acf":[],"_links":{"self":[{"href":"https:\/\/semmelweis.hu\/gyogyszereszeti-intezet\/wp-json\/wp\/v2\/pages\/869","targetHints":{"allow":["GET"]}}],"collection":[{"href":"https:\/\/semmelweis.hu\/gyogyszereszeti-intezet\/wp-json\/wp\/v2\/pages"}],"about":[{"href":"https:\/\/semmelweis.hu\/gyogyszereszeti-intezet\/wp-json\/wp\/v2\/types\/page"}],"author":[{"embeddable":true,"href":"https:\/\/semmelweis.hu\/gyogyszereszeti-intezet\/wp-json\/wp\/v2\/users\/114"}],"replies":[{"embeddable":true,"href":"https:\/\/semmelweis.hu\/gyogyszereszeti-intezet\/wp-json\/wp\/v2\/comments?post=869"}],"version-history":[{"count":4,"href":"https:\/\/semmelweis.hu\/gyogyszereszeti-intezet\/wp-json\/wp\/v2\/pages\/869\/revisions"}],"predecessor-version":[{"id":1005,"href":"https:\/\/semmelweis.hu\/gyogyszereszeti-intezet\/wp-json\/wp\/v2\/pages\/869\/revisions\/1005"}],"wp:featuredmedia":[{"embeddable":true,"href":"https:\/\/semmelweis.hu\/gyogyszereszeti-intezet\/wp-json\/wp\/v2\/media\/994"}],"wp:attachment":[{"href":"https:\/\/semmelweis.hu\/gyogyszereszeti-intezet\/wp-json\/wp\/v2\/media?parent=869"}],"wp:term":[{"taxonomy":"category","embeddable":true,"href":"https:\/\/semmelweis.hu\/gyogyszereszeti-intezet\/wp-json\/wp\/v2\/categories?post=869"},{"taxonomy":"post_tag","embeddable":true,"href":"https:\/\/semmelweis.hu\/gyogyszereszeti-intezet\/wp-json\/wp\/v2\/tags?post=869"}],"curies":[{"name":"wp","href":"https:\/\/api.w.org\/{rel}","templated":true}]}}