{"id":8,"date":"2012-06-19T06:50:13","date_gmt":"2012-06-19T06:50:13","guid":{"rendered":"http:\/\/semmelweis-egyetem.hu\/gyogyszereszeti-intezet\/?page_id=8"},"modified":"2024-09-19T14:21:01","modified_gmt":"2024-09-19T12:21:01","slug":"gyogyszertechnologia","status":"publish","type":"page","link":"https:\/\/semmelweis.hu\/gyogyszereszeti-intezet\/oktatas\/gyogyszertechnologia\/","title":{"rendered":"Gy\u00f3gyszertechnol\u00f3gia"},"content":{"rendered":"<div class=\"responsive-tabs\">\n<h2 class=\"tabtitle\">III. \u00e9vfolyam<\/h2>\n<div class=\"tabcontent\">\n\n<p style=\"text-align: justify;\">A Gy\u00f3gyszertechnol\u00f3gia t\u00e1rgy oktat\u00e1s\u00e1nak c\u00e9lja, hogy a hallgat\u00f3 rendelkezzen az alapvet\u0151 gy\u00f3gyszer\u00e9szi szakmai tev\u00e9kenys\u00e9ghez, a gy\u00f3gyszerk\u00e9sz\u00edt\u00e9shez elengedhetetlen\u00fcl sz\u00fcks\u00e9ges elm\u00e9leti ismeretekkel \u00e9s gyakorlati k\u00e9szs\u00e9ggel.<\/p>\n<p><strong>El\u0151ad\u00e1s tematika:<\/strong><\/p>\n<p>A gy\u00f3gyszertechnol\u00f3gia feladata, a gy\u00f3gyszerk\u00e9sz\u00edt\u00e9s t\u00f6rt\u00e9neti \u00e1ttekint\u00e9se.<br \/>\nA gy\u00f3gyszerforma mint a hat\u00f3anyag hordoz\u00f3ja. Gy\u00f3gyszerk\u00e9sz\u00edt\u00e9ssel kapcsolatos alapismeretek<\/p>\n<hr \/>\n<p>Gy\u00f3gyszerk\u00e9sz\u00edtm\u00e9ny min\u0151s\u00e9g\u00e9nek gy\u00f3gyszertechnol\u00f3giai vonatkoz\u00e1sai. Min\u0151s\u00e9gi szabv\u00e1nyok.<br \/>\nGy\u00f3gyszerk\u00f6nyv ( Pharmacopoea Hungarica Ph.Hg.VIII. ) \u00e9s a Formulae Normales (FoNo VIII.) OGY\u00c9I ir\u00e1nyelvek.<br \/>\nA gy\u00f3gyszeranyagok \u00e1ltal\u00e1nos jellemz\u0151i.<\/p>\n<hr \/>\n<p>A gy\u00f3gyszertechnol\u00f3gia fizikai k\u00e9miai alapjai.<\/p>\n<hr \/>\n<p>A gy\u00f3gyszerform\u00e1k kialak\u00edt\u00e1s\u00e1hoz sz\u00fcks\u00e9ges gy\u00f3gyszeranyagok (hat\u00f3 \u00e9s seg\u00e9danyagok) meghat\u00e1roz\u00f3 tulajdons\u00e1gai.<br \/>\nA seg\u00e9danyagok szerepe a gy\u00f3gyszertechnol\u00f3gi\u00e1ban<\/p>\n<hr \/>\n<p>Gy\u00f3gyszerform\u00e1k csoportos\u00edt\u00e1sa, a recept\u00farai munk\u00e1ban el\u0151fordul\u00f3 gy\u00f3gyszerk\u00e9sz\u00edtm\u00e9nyek.<br \/>\nA recept\u00farai gy\u00f3gyszerk\u00e9sz\u00edt\u00e9s technol\u00f3giai m\u0171veletei (desztill\u00e1l\u00e1s,ioncsere, ford\u00edtott ozm\u00f3zis, old\u00e1s, sz\u0171r\u00e9s, der\u00edt\u00e9s, <br \/>\ndekant\u00e1l\u00e1s, h\u0151k\u00f6zl\u00e9s, sz\u00e1r\u00edt\u00e1s, kever\u00e9s, homogeniz\u00e1l\u00e1s, kivon\u00e1s<\/p>\n<hr \/>\n<p>Gy\u00f3gyszerek eltart\u00e1sa. A gy\u00f3gyszert\u00e1rban haszn\u00e1lt csomagol\u00f3 anyagok \u00e9s azok min\u0151s\u00e9gi k\u00f6vetelm\u00e9nyei<\/p>\n<hr \/>\n<p>Cseppsz\u00e1mra adagolt gy\u00f3gyszerform\u00e1k. Bev\u00e9telre sz\u00e1nt cseppek ( gutta). K\u00fcls\u0151leges c\u00e9lra szolg\u00e1l\u00f3 cseppek (oto-nasogutta).<\/p>\n<hr \/>\n<p>Foly\u00e9kony gy\u00f3gyszerform\u00e1k. Az old\u00e1s m\u0171velete. Old\u00e9konys\u00e1g \u00e9s old\u00f3d\u00e1si sebess\u00e9g.<br \/>\nFoly\u00e9kony gy\u00f3gyszerform\u00e1k seg\u00e9danyagai. Oldatk\u00e9sz\u00edt\u00e9s m\u0171velete.<\/p>\n<hr \/>\n<p>Val\u00f3di oldatok, kolloid oldatok, arom\u00e1s vizek, szirupok, ny\u00e1kok. <br \/>\nElix\u00edrek, mixtur\u00e1k, gargarizm\u00e1k, Rekt\u00e1lis oldatok (klyzma) k\u00e9sz\u00edtm\u00e9nyek.<\/p>\n<hr \/>\n<p><em>\u201eSterilez\u00e9s, aszeptikus gy\u00f3gyszerk\u00e9sz\u00edt\u00e9s a gy\u00f3gyszert\u00e1rban\u201d<\/em><\/p>\n<hr \/>\n<p>Kivon\u00e1ssal k\u00e9sz\u00fcl\u0151 gy\u00f3gyszerk\u00e9sz\u00edtm\u00e9nyek. Kivon\u00e1s \u00e9s befoly\u00e1sol\u00f3 t\u00e9nyez\u0151i. <br \/>\nTinktur\u00e1k, extraktumok, f\u0151zetek, forr\u00e1zatok, teakever\u00e9kek<\/p>\n<hr \/>\n<p>Heterog\u00e9n diszperz rendszerek tulajdons\u00e1gainak fizikai k\u00e9miai alapjai. Emulzi\u00f3k jellemz\u0151 tulajdons\u00e1gai. <br \/>\nAz emulzi\u00f3kban v\u00e9gbemen\u0151 v\u00e1ltoz\u00e1sok. Emulzi\u00f3k el\u0151\u00e1ll\u00edt\u00e1si lehet\u0151s\u00e9gei.<\/p>\n<hr \/>\n<p>Szuszpenzi\u00f3k el\u0151\u00e1ll\u00edt\u00e1s\u00e1nak technol\u00f3giai lehet\u0151s\u00e9gei, alkalmazott\u00a0 seg\u00e9danyagok, berendez\u00e9sek.<\/p>\n<hr \/>\n<p>Szem\u00e9lyre szabott\u00a0 magisztr\u00e1lis gy\u00f3gyszerrendel\u00e9s. A foly\u00e9kony gy\u00f3gyszerform\u00e1k rendel\u00e9se, k\u00e9sz\u00edt\u00e9se sor\u00e1n felmer\u0171 <br \/>\nprobl\u00e9m\u00e1k \u00e9s azok megold\u00e1si lehet\u0151s\u00e9ge.<\/p>\n\n<\/div><h2 class=\"tabtitle\">IV. \u00e9vfolyam<\/h2>\n<div class=\"tabcontent\">\n\n<p style=\"text-align: justify;\">A tant\u00e1rgy mag\u00e1ban foglalja a gy\u00f3gyszerk\u00e9sz\u00edt\u00e9shez sz\u00fcks\u00e9ges elm\u00e9leti \u00e9s gyakorlati ismereteket. A gy\u00f3gyszerk\u00e9sz\u00edtm\u00e9nyek, k\u00fcl\u00f6nb\u00f6z\u0151 gy\u00f3gyszerform\u00e1k el\u0151\u00e1ll\u00edt\u00e1s\u00e1nak t\u00f6rt\u00e9nete \u00e9s fejl\u0151d\u00e9se. A gy\u00f3gyszergy\u00e1rt\u00e1s folyamata, felt\u00e9telrendszere (GMP) m\u0171szaki k\u00e9miai alapok, m\u00e9retn\u00f6vel\u00e9s, kritikus gy\u00e1rt\u00e1si param\u00e9terek ismerete, gy\u00e1rt\u00e1sk\u00f6zi ellen\u0151rz\u00e9s, valid\u00e1l\u00e1s, statisztikai folyamatellen\u0151rz\u00e9s. \u00dczemi gy\u00f3gyszergy\u00e1rt\u00e1sban (kis, k\u00f6z\u00e9p \u00e9s nagy\u00fczemi), alkalmazott elj\u00e1r\u00e1sok, m\u0171veletek (h\u0151k\u00f6zl\u00e9s, bep\u00e1rl\u00e1s, desztill\u00e1l\u00e1s, krist\u00e1lyos\u00edt\u00e1s, sz\u0171r\u00e9s, \u00fclep\u00edt\u00e9s, centrifug\u00e1l\u00e1s, sajtol\u00e1s, kivon\u00e1s, kever\u00e9s, diszperg\u00e1l\u00e1s, apr\u00edt\u00e1s, por\u00edt\u00e1s, szit\u00e1l\u00e1s, fluidiz\u00e1ci\u00f3, sz\u00e1r\u00edt\u00e1s, porlaszt\u00e1sos- \u00e9s fagyasztva sz\u00e1r\u00edt\u00e1s, pr\u00e9sel\u00e9s). A k\u00fcl\u00f6nb\u00f6z\u0151 gy\u00f3gyszerform\u00e1k el\u0151\u00e1ll\u00edt\u00e1s\u00e1nak t\u00f6rt\u00e9neti \u00e1ttekint\u00e9se, hat\u00e9konys\u00e1guk biztos\u00edt\u00e1s\u00e1nak gy\u00f3gyszertechnol\u00f3giai vonatkoz\u00e1sai, alkalmaz\u00e1si \u00e9s adagol\u00e1si m\u00f3djuk, a gy\u00f3gyszerk\u00e9sz\u00edtm\u00e9nyre vonatkoz\u00f3 min\u0151s\u00e9gi k\u00f6vetelm\u00e9nyek. A gy\u00f3gyszerform\u00e1k csoportos\u00edt\u00e1sa szerkezeti fel\u00e9p\u00edt\u00e9s \u00e9s alkalmaz\u00e1si m\u00f3d szerint, tulajdons\u00e1gaik, gy\u00f3gyszert\u00e1ri \u00e9s ipari el\u0151\u00e1ll\u00edt\u00e1suk, min\u0151s\u00edt\u00e9s\u00fck. A gy\u00f3gyszerform\u00e1k kialak\u00edt\u00e1s\u00e1hoz sz\u00fcks\u00e9ges anyagismeret, gy\u00f3gyszeranyagok (hat\u00f3 \u00e9s seg\u00e9danyagok) meghat\u00e1roz\u00f3 tulajdons\u00e1gai.<\/p>\n<p>&nbsp;<\/p>\n<p><strong>El\u0151ad\u00e1s tematika (heti bont\u00e1sban), 1. f\u00e9l\u00e9v:<\/strong><\/p>\n<ol>\n<li>Az ipari gy\u00f3gyszertechnol\u00f3gia feladata, t\u00f6rt\u00e9nete, fejl\u0151d\u00e9se. K\u00f6z\u00e9p\u00fczemi gy\u00f3gyszer-el\u0151\u00e1ll\u00edt\u00e1s gyakorlatok elm\u00e9leti vonatkoz\u00e1sai.<\/li>\n<li>Gy\u00f3gyszergy\u00e1rt\u00e1s \u00e9s gy\u00f3gyszertechnol\u00f3giai fejleszt\u00e9s. Preformul\u00e1l\u00e1s<\/li>\n<li>A gy\u00f3gyszergy\u00e1rt\u00e1s felt\u00e9telrendszere, GMP. \u00dczemi gy\u00f3gyszergy\u00e1rt\u00e1s \u00e9s biztons\u00e1gtechnika.<\/li>\n<li>Gy\u00f3gyszerstabilit\u00e1s elvi alapjai. Gy\u00f3gyszerk\u00e9sz\u00edtm\u00e9nyek stabiliz\u00e1l\u00e1si lehet\u0151s\u00e9gei.<\/li>\n<li>Gy\u00f3gyszerstabilit\u00e1s vizsg\u00e1lata. Gy\u00f3gyszerform\u00e1k el\u0151\u00e1ll\u00edt\u00e1s\u00e1nak m\u0171szaki k\u00e9miai alapjai. M\u00e9retn\u00f6vel\u00e9s, kritikus gy\u00e1rt\u00e1si param\u00e9terek, gy\u00e1rt\u00e1sk\u00f6zi ellen\u0151rz\u00e9s.<\/li>\n<li>Gy\u00f3gyszertechnol\u00f3giai m\u0171veletek I. H\u0151k\u00f6zl\u00e9s, bep\u00e1rl\u00e1s, desztill\u00e1l\u00e1s. Gy\u00f3gyszertechnol\u00f3giai m\u0171veletek II. R\u00e9szecskem\u00e9ret cs\u00f6kkent\u00e9s, \u0151rl\u00e9s.<\/li>\n<li>Gy\u00f3gyszertechnol\u00f3giai m\u0171veletek III. Szemcsehalmazok pr\u00e9sel\u00e9se. Gy\u00f3gyszertechnol\u00f3giai m\u0171veletek IV. Kever\u00e9s, diszperg\u00e1l\u00e1s.<\/li>\n<li>Gy\u00f3gyszertechnol\u00f3giai m\u0171veletek V. Sz\u0171r\u00e9s, \u00fclep\u00edt\u00e9s, centrifug\u00e1l\u00e1s, kivon\u00e1s, sajtol\u00e1s. Gy\u00f3gyszertechnol\u00f3giai m\u0171veletek VI. Fagyasztva sz\u00e1r\u00edt\u00e1s (Liofiliz\u00e1l\u00e1s)<\/li>\n<li>Gy\u00f3gyszertechnol\u00f3giai m\u0171veletek VII. Sz\u00e1r\u00edt\u00e1s, porlaszt\u00e1sos sz\u00e1r\u00edt\u00e1s. Gy\u00f3gyszertechnol\u00f3giai m\u0171veletek VIII. Krist\u00e1lyos\u00edt\u00e1s, polimorfia.<\/li>\n<li>Gy\u00f3gyszertechnol\u00f3giai m\u0171veletek IX. Fluidiz\u00e1ci\u00f3. Valid\u00e1l\u00e1s.<\/li>\n<li>Sterilez\u00e9si m\u00f3dszerek, aszeptikus gy\u00f3gyszerk\u00e9sz\u00edt\u00e9s. Porampull\u00e1s k\u00e9sz\u00edtm\u00e9nyek addit\u00edvok. Steril gy\u00f3gyszergy\u00e1rt\u00e1s.<\/li>\n<li>Oldatos, szuszpenzi\u00f3s injekci\u00f3k. Parenter\u00e1lis gy\u00f3gyszerk\u00e9sz\u00edtm\u00e9nyek, inf\u00fazi\u00f3s, injekci\u00f3s \u00fczem, v\u00edzell\u00e1t\u00e1s.<\/li>\n<li>Nagyt\u00e9rfogat\u00fa parenter\u00e1lis k\u00e9sz\u00edtm\u00e9nyek. Steril k\u00e9sz\u00edtm\u00e9nyek fejleszt\u00e9se.<\/li>\n<li>Csomagol\u00e1stechnika, csomagol\u00f3anyagok.<\/li>\n<\/ol>\n<hr \/>\n<p><strong>El\u0151ad\u00e1s tematika (heti bont\u00e1sban), 2. f\u00e9l\u00e9v:<\/strong><\/p>\n<ol>\n<li>Injekci\u00f3, aeroszol, liofiliz\u00e1tum k\u00e9sz\u00edt\u00e9s elm\u00e9leti vonatkoz\u00e1sai. K\u00f6z\u00e9p\u00fczemi gy\u00f3gyszerel\u0151\u00e1ll\u00edt\u00e1si gyakorlatok elm\u00e9leti vonatkoz\u00e1sai.<\/li>\n<li>Szemcsehalmazok tulajdons\u00e1gai, vizsg\u00e1latok. Szil\u00e1rd gy\u00f3gyszerform\u00e1k. csoportos\u00edt\u00e1sa, preformul\u00e1l\u00e1si vizsg\u00e1lata. Szil\u00e1rd anyagok jellemz\u00e9se.<\/li>\n<li>Inhal\u00e1ci\u00f3s k\u00e9sz\u00edtm\u00e9nyek. Aeroszolok t\u00edpusai, el\u0151\u00e1ll\u00edt\u00e1sa, vizsg\u00e1lata. Seb\u00e9szeti k\u00f6t\u00f6z\u0151szerek, varr\u00f3anyagok, implant\u00e1tumok.<\/li>\n<li>Granul\u00e1tumok \u00e9s granul\u00e1l\u00e1s I. Granul\u00e1tumok \u00e9s granul\u00e1l\u00e1s II.<\/li>\n<li>Gy\u00f3gyszeres pelletek. Gy\u00f3gyszeres kapszul\u00e1k.<\/li>\n<li>Tablett\u00e1k I. Tablett\u00e1k II.<\/li>\n<li>Hagyom\u00e1nyos cukros bevon\u00e1s.Bevon\u00f3 anyagok.<\/li>\n<li>Filmbevon\u00e1s. Old\u00f3szermentes bevon\u00e1s.<\/li>\n<li>Korszer\u0171 gy\u00f3gyszerform\u00e1k: m\u00f3dos\u00edtott hat\u00f3anyaglead\u00e1s\u00fa gy\u00f3gyszerform\u00e1k. A hat\u00f3anyaglead\u00e1s illetve kiold\u00f3d\u00e1s vizsg\u00e1lata \u00e9s \u00e9rt\u00e9kel\u00e9se.<\/li>\n<li>Korszer\u0171 gy\u00f3gyszerform\u00e1k: old\u00f3d\u00e1s \u00e9s felsz\u00edv\u00f3d\u00e1s el\u0151seg\u00edt\u00e9s. Korszer\u0171 gy\u00f3gyszerform\u00e1k: transzderm\u00e1lis \u00e9s egy\u00e9b ter\u00e1pi\u00e1s rendszerek.<\/li>\n<li>Korszer\u0171 gy\u00f3gyszerform\u00e1k: a genomika gy\u00f3gyszertechnol\u00f3giai kih\u00edv\u00e1sai (mikrofabrik\u00e1l\u00e1s, nano-,s molekul\u00e1ris gy\u00f3gyszertechnol\u00f3gia, biol\u00f3giai gy\u00f3gyszerek). Kolloid\u00e1lis gy\u00f3gyszerhordoz\u00f3 rendszerek, liposz\u00f3m\u00e1k.<\/li>\n<li>\u00dczemi gy\u00f3gyszergy\u00e1rt\u00e1s. Gy\u00f3gyszergy\u00e1rt\u00e1s \u00e9s min\u0151s\u00e9gbiztos\u00edt\u00e1s. Tervezett min\u0151s\u00e9g.<\/li>\n<li>Gy\u00e1rt\u00e1sk\u00f6zi ellen\u0151rz\u00e9s, Folyamatelemz\u0151 technol\u00f3gia. A Ph.Eur 6. \u00e9s a Ph.Hg. VIII. elvei, gy\u00f3gyszertechnol\u00f3giai vonatkoz\u00e1sai.<\/li>\n<li>Iparjogv\u00e9delem, innovat\u00edv technol\u00f3giai megold\u00e1sok, generikus k\u00e9sz\u00edtm\u00e9nyek. Galenikumok k\u00f6z\u00e9p\u00fczemi el\u0151\u00e1ll\u00edt\u00e1sa<\/li>\n<\/ol>\n<\/div><\/div>\n","protected":false},"excerpt":{"rendered":"<p>A Gy\u00f3gyszertechnol\u00f3gia t\u00e1rgy oktat\u00e1s\u00e1nak c\u00e9lja, hogy a hallgat\u00f3 rendelkezzen az alapvet\u0151 gy\u00f3gyszer\u00e9szi szakmai tev\u00e9kenys\u00e9ghez, a gy\u00f3gyszerk\u00e9sz\u00edt\u00e9shez elengedhetetlen\u00fcl sz\u00fcks\u00e9ges elm\u00e9leti ismeretekkel \u00e9s gyakorlati k\u00e9szs\u00e9ggel. El\u0151ad\u00e1s tematika: A gy\u00f3gyszertechnol\u00f3gia feladata, a gy\u00f3gyszerk\u00e9sz\u00edt\u00e9s t\u00f6rt\u00e9neti \u00e1ttekint\u00e9se. A gy\u00f3gyszerforma mint a hat\u00f3anyag hordoz\u00f3ja. Gy\u00f3gyszerk\u00e9sz\u00edt\u00e9ssel kapcsolatos alapismeretek Gy\u00f3gyszerk\u00e9sz\u00edtm\u00e9ny min\u0151s\u00e9g\u00e9nek gy\u00f3gyszertechnol\u00f3giai vonatkoz\u00e1sai. Min\u0151s\u00e9gi szabv\u00e1nyok. Gy\u00f3gyszerk\u00f6nyv ( Pharmacopoea Hungarica Ph.Hg.VIII. ) \u00e9s a &hellip;<\/p>\n","protected":false},"author":8,"featured_media":0,"parent":7,"menu_order":1,"comment_status":"closed","ping_status":"closed","template":"","meta":{"_acf_changed":false,"footnotes":""},"categories":[],"tags":[],"class_list":["post-8","page","type-page","status-publish","hentry"],"acf":[],"_links":{"self":[{"href":"https:\/\/semmelweis.hu\/gyogyszereszeti-intezet\/wp-json\/wp\/v2\/pages\/8","targetHints":{"allow":["GET"]}}],"collection":[{"href":"https:\/\/semmelweis.hu\/gyogyszereszeti-intezet\/wp-json\/wp\/v2\/pages"}],"about":[{"href":"https:\/\/semmelweis.hu\/gyogyszereszeti-intezet\/wp-json\/wp\/v2\/types\/page"}],"author":[{"embeddable":true,"href":"https:\/\/semmelweis.hu\/gyogyszereszeti-intezet\/wp-json\/wp\/v2\/users\/8"}],"replies":[{"embeddable":true,"href":"https:\/\/semmelweis.hu\/gyogyszereszeti-intezet\/wp-json\/wp\/v2\/comments?post=8"}],"version-history":[{"count":10,"href":"https:\/\/semmelweis.hu\/gyogyszereszeti-intezet\/wp-json\/wp\/v2\/pages\/8\/revisions"}],"predecessor-version":[{"id":1615,"href":"https:\/\/semmelweis.hu\/gyogyszereszeti-intezet\/wp-json\/wp\/v2\/pages\/8\/revisions\/1615"}],"up":[{"embeddable":true,"href":"https:\/\/semmelweis.hu\/gyogyszereszeti-intezet\/wp-json\/wp\/v2\/pages\/7"}],"wp:attachment":[{"href":"https:\/\/semmelweis.hu\/gyogyszereszeti-intezet\/wp-json\/wp\/v2\/media?parent=8"}],"wp:term":[{"taxonomy":"category","embeddable":true,"href":"https:\/\/semmelweis.hu\/gyogyszereszeti-intezet\/wp-json\/wp\/v2\/categories?post=8"},{"taxonomy":"post_tag","embeddable":true,"href":"https:\/\/semmelweis.hu\/gyogyszereszeti-intezet\/wp-json\/wp\/v2\/tags?post=8"}],"curies":[{"name":"wp","href":"https:\/\/api.w.org\/{rel}","templated":true}]}}