{"id":758,"date":"2019-01-30T20:10:48","date_gmt":"2019-01-30T19:10:48","guid":{"rendered":"http:\/\/semmelweis.hu\/gyogyszereszeti-intezet\/?page_id=758"},"modified":"2019-05-15T14:56:15","modified_gmt":"2019-05-15T12:56:15","slug":"gyogyszertari-gyogyszerkeszites","status":"publish","type":"page","link":"https:\/\/semmelweis.hu\/gyogyszereszeti-intezet\/oktatas\/szabadon-valaszthato-targyak\/gyogyszertari-gyogyszerkeszites\/","title":{"rendered":"Gy\u00f3gyszert\u00e1ri gy\u00f3gyszerk\u00e9sz\u00edt\u00e9s"},"content":{"rendered":"<p style=\"text-align: justify\">A t\u00e1rgy ismeretanyaga tartalmazza azokat a speci\u00e1lis gy\u00f3gyszer-technol\u00f3giai ismereteket, amelyek fontosak a korszer\u0171 magisztr\u00e1lis gy\u00f3gyszerk\u00e9sz\u00edt\u00e9sben. El\u0151k\u00e9pzetts\u00e9gi ismeretek: gy\u00f3gyszertechnol\u00f3gia.<\/p>\n<p>Tematika:<\/p>\n<ol>\n<li>Bevezet\u00e9s, a gy\u00f3gyszert\u00e1ri gy\u00f3gyszerk\u00e9sz\u00edt\u00e9s lehet\u0151s\u00e9gei.<\/li>\n<li>Betegk\u00f6zpont\u00fa gy\u00f3gyszerformul\u00e1l\u00e1s.<\/li>\n<li>Gy\u00f3gyszertechnol\u00f3giai interakci\u00f3k.<\/li>\n<li>Inkompatibilit\u00e1sok.<\/li>\n<li>A Gy\u00f3gyszerk\u00f6nyv gy\u00f3gyszerk\u00e9sz\u00edt\u00e9si vonatkoz\u00e1sai.<\/li>\n<li>Magisztr\u00e1lis gy\u00f3gyszerk\u00e9sz\u00edt\u00e9s gyakorlati probl\u00e9m\u00e1i.<\/li>\n<li>D\u00f3zissz\u00e1mol\u00e1s. Szinonim nevek.<\/li>\n<li>Egyedi \u00f6sszetett magisztr\u00e1lis k\u00e9sz\u00edtm\u00e9nyek I.<\/li>\n<li>Egyedi \u00f6sszetett magisztr\u00e1lis k\u00e9sz\u00edtm\u00e9nyek II.<\/li>\n<li>Egyedi \u00f6sszetett magisztr\u00e1lis k\u00e9sz\u00edtm\u00e9nyek III.<\/li>\n<li>Egyedi \u00f6sszetett magisztr\u00e1lis k\u00e9sz\u00edtm\u00e9nyek IV.<\/li>\n<li>Gy\u00f3gy\u00e1szati seg\u00e9deszk\u00f6z\u00f6k a gy\u00f3gyszert\u00e1rban I.<\/li>\n<li>Gy\u00f3gy\u00e1szati seg\u00e9deszk\u00f6z\u00f6k a gy\u00f3gyszert\u00e1rban II.<\/li>\n<li>\u00d6sszefoglal\u00f3 \u00e1ttekint\u00e9s, konzult\u00e1ci\u00f3.<\/li>\n<\/ol>\n","protected":false},"excerpt":{"rendered":"<p>A t\u00e1rgy ismeretanyaga tartalmazza azokat a speci\u00e1lis gy\u00f3gyszer-technol\u00f3giai ismereteket, amelyek fontosak a korszer\u0171 magisztr\u00e1lis gy\u00f3gyszerk\u00e9sz\u00edt\u00e9sben. El\u0151k\u00e9pzetts\u00e9gi ismeretek: gy\u00f3gyszertechnol\u00f3gia. Tematika: Bevezet\u00e9s, a gy\u00f3gyszert\u00e1ri gy\u00f3gyszerk\u00e9sz\u00edt\u00e9s lehet\u0151s\u00e9gei. Betegk\u00f6zpont\u00fa gy\u00f3gyszerformul\u00e1l\u00e1s. Gy\u00f3gyszertechnol\u00f3giai interakci\u00f3k. Inkompatibilit\u00e1sok. A Gy\u00f3gyszerk\u00f6nyv gy\u00f3gyszerk\u00e9sz\u00edt\u00e9si vonatkoz\u00e1sai. Magisztr\u00e1lis gy\u00f3gyszerk\u00e9sz\u00edt\u00e9s gyakorlati probl\u00e9m\u00e1i. D\u00f3zissz\u00e1mol\u00e1s. Szinonim nevek. Egyedi \u00f6sszetett magisztr\u00e1lis k\u00e9sz\u00edtm\u00e9nyek I. Egyedi \u00f6sszetett magisztr\u00e1lis k\u00e9sz\u00edtm\u00e9nyek II. Egyedi \u00f6sszetett magisztr\u00e1lis k\u00e9sz\u00edtm\u00e9nyek III. &hellip;<\/p>\n","protected":false},"author":114,"featured_media":0,"parent":10,"menu_order":9,"comment_status":"closed","ping_status":"closed","template":"","meta":{"_acf_changed":false,"footnotes":""},"categories":[],"tags":[],"class_list":["post-758","page","type-page","status-publish","hentry"],"acf":[],"_links":{"self":[{"href":"https:\/\/semmelweis.hu\/gyogyszereszeti-intezet\/wp-json\/wp\/v2\/pages\/758","targetHints":{"allow":["GET"]}}],"collection":[{"href":"https:\/\/semmelweis.hu\/gyogyszereszeti-intezet\/wp-json\/wp\/v2\/pages"}],"about":[{"href":"https:\/\/semmelweis.hu\/gyogyszereszeti-intezet\/wp-json\/wp\/v2\/types\/page"}],"author":[{"embeddable":true,"href":"https:\/\/semmelweis.hu\/gyogyszereszeti-intezet\/wp-json\/wp\/v2\/users\/114"}],"replies":[{"embeddable":true,"href":"https:\/\/semmelweis.hu\/gyogyszereszeti-intezet\/wp-json\/wp\/v2\/comments?post=758"}],"version-history":[{"count":2,"href":"https:\/\/semmelweis.hu\/gyogyszereszeti-intezet\/wp-json\/wp\/v2\/pages\/758\/revisions"}],"predecessor-version":[{"id":902,"href":"https:\/\/semmelweis.hu\/gyogyszereszeti-intezet\/wp-json\/wp\/v2\/pages\/758\/revisions\/902"}],"up":[{"embeddable":true,"href":"https:\/\/semmelweis.hu\/gyogyszereszeti-intezet\/wp-json\/wp\/v2\/pages\/10"}],"wp:attachment":[{"href":"https:\/\/semmelweis.hu\/gyogyszereszeti-intezet\/wp-json\/wp\/v2\/media?parent=758"}],"wp:term":[{"taxonomy":"category","embeddable":true,"href":"https:\/\/semmelweis.hu\/gyogyszereszeti-intezet\/wp-json\/wp\/v2\/categories?post=758"},{"taxonomy":"post_tag","embeddable":true,"href":"https:\/\/semmelweis.hu\/gyogyszereszeti-intezet\/wp-json\/wp\/v2\/tags?post=758"}],"curies":[{"name":"wp","href":"https:\/\/api.w.org\/{rel}","templated":true}]}}