{"id":754,"date":"2019-01-30T20:01:09","date_gmt":"2019-01-30T19:01:09","guid":{"rendered":"http:\/\/semmelweis.hu\/gyogyszereszeti-intezet\/?page_id=754"},"modified":"2019-05-15T14:55:43","modified_gmt":"2019-05-15T12:55:43","slug":"gyogyszeripar-a-z","status":"publish","type":"page","link":"https:\/\/semmelweis.hu\/gyogyszereszeti-intezet\/oktatas\/szabadon-valaszthato-targyak\/gyogyszeripar-a-z\/","title":{"rendered":"Gy\u00f3gyszeripar A-Z"},"content":{"rendered":"<p style=\"text-align: justify\">A t\u00e1rgy tematik\u00e1ja mag\u00e1ban foglalja a gy\u00f3gyszeripari tev\u00e9kenys\u00e9gek, illetve szakter\u00fcletek (origin\u00e1lis, generikus \u00e9s generikus plusz kutat\u00e1s-fejleszt\u00e9s, preklinikai \u00e9s klinikai vizsg\u00e1latok, t\u00f6rzsk\u00f6nyvez\u00e9s, hat\u00f3anyag- \u00e9s k\u00e9sz\u00edtm\u00e9ny gy\u00e1rt\u00e1s, biotechnol\u00f3gia, min\u0151s\u00e9gellen\u0151rz\u00e9s \u00e9s min\u0151s\u00e9gbiztos\u00edt\u00e1s, logisztika, stb.) \u00e1ttekint\u00e9s\u00e9t \u00e9s betekint\u00e9st enged a gy\u00f3gyszer\u00e9szi karrier lehet\u0151s\u00e9geibe.<\/p>\n<p>Tematika:<\/p>\n<ol>\n<li>Bevezet\u00e9s. Gy\u00f3gyszertrendek a vil\u00e1gban.<\/li>\n<li>Iparjogi k\u00e9rd\u00e9sek.<\/li>\n<li>Vez\u00e9rmolekula azonos\u00edt\u00e1s, vez\u00e9rmolekula optim\u00e1l\u00e1s.<\/li>\n<li>Origin\u00e1lis gy\u00f3gyszerfejleszt\u00e9s (preklinikai \u00e9s klinikai).<\/li>\n<li>Technol\u00f3giai fejleszt\u00e9s (formul\u00e1l\u00e1s, fejleszt\u00e9si analitika).<\/li>\n<li>Biohasonl\u00f3 term\u00e9kek fejleszt\u00e9sei.<\/li>\n<li>Bioekvivalencia vizsg\u00e1latok.<\/li>\n<li>Gy\u00f3gyszerenged\u00e9lyez\u00e9s (t\u00f6rzsk\u00f6nyvez\u00e9s).<\/li>\n<li>Hat\u00f3anyaggy\u00e1rt\u00e1s. Gy\u00f3gyszerk\u00e9sz\u00edtm\u00e9nyek gy\u00e1rt\u00e1sa.<\/li>\n<li>Min\u0151s\u00e9g-ellen\u0151rz\u00e9s, analitika (hat\u00f3anyag).<\/li>\n<li>Min\u0151s\u00e9gbiztos\u00edt\u00e1s. Hat\u00f3s\u00e1gi inspekci\u00f3k. GMP, GDP.<\/li>\n<li>Gy\u00f3gyszerek logisztik\u00e1ja.<\/li>\n<li>Term\u00e9km\u00f3dos\u00edt\u00e1ssal kapcsolatos fejleszt\u00e9sek (gy\u00e1rt\u00e1sfejleszt\u00e9s).<\/li>\n<li>Gy\u00f3gyszergy\u00e1ri HR. Karrier lehet\u0151s\u00e9gek. Demonstr\u00e1ci\u00f3s \u00f6sszefoglal\u00f3 el\u0151ad\u00e1s, konzult\u00e1ci\u00f3<\/li>\n<\/ol>\n","protected":false},"excerpt":{"rendered":"<p>A t\u00e1rgy tematik\u00e1ja mag\u00e1ban foglalja a gy\u00f3gyszeripari tev\u00e9kenys\u00e9gek, illetve szakter\u00fcletek (origin\u00e1lis, generikus \u00e9s generikus plusz kutat\u00e1s-fejleszt\u00e9s, preklinikai \u00e9s klinikai vizsg\u00e1latok, t\u00f6rzsk\u00f6nyvez\u00e9s, hat\u00f3anyag- \u00e9s k\u00e9sz\u00edtm\u00e9ny gy\u00e1rt\u00e1s, biotechnol\u00f3gia, min\u0151s\u00e9gellen\u0151rz\u00e9s \u00e9s min\u0151s\u00e9gbiztos\u00edt\u00e1s, logisztika, stb.) \u00e1ttekint\u00e9s\u00e9t \u00e9s betekint\u00e9st enged a gy\u00f3gyszer\u00e9szi karrier lehet\u0151s\u00e9geibe. Tematika: Bevezet\u00e9s. Gy\u00f3gyszertrendek a vil\u00e1gban. Iparjogi k\u00e9rd\u00e9sek. Vez\u00e9rmolekula azonos\u00edt\u00e1s, vez\u00e9rmolekula optim\u00e1l\u00e1s. Origin\u00e1lis gy\u00f3gyszerfejleszt\u00e9s (preklinikai \u00e9s klinikai). &hellip;<\/p>\n","protected":false},"author":114,"featured_media":0,"parent":10,"menu_order":8,"comment_status":"closed","ping_status":"closed","template":"","meta":{"_acf_changed":false,"footnotes":""},"categories":[],"tags":[],"class_list":["post-754","page","type-page","status-publish","hentry"],"acf":[],"_links":{"self":[{"href":"https:\/\/semmelweis.hu\/gyogyszereszeti-intezet\/wp-json\/wp\/v2\/pages\/754","targetHints":{"allow":["GET"]}}],"collection":[{"href":"https:\/\/semmelweis.hu\/gyogyszereszeti-intezet\/wp-json\/wp\/v2\/pages"}],"about":[{"href":"https:\/\/semmelweis.hu\/gyogyszereszeti-intezet\/wp-json\/wp\/v2\/types\/page"}],"author":[{"embeddable":true,"href":"https:\/\/semmelweis.hu\/gyogyszereszeti-intezet\/wp-json\/wp\/v2\/users\/114"}],"replies":[{"embeddable":true,"href":"https:\/\/semmelweis.hu\/gyogyszereszeti-intezet\/wp-json\/wp\/v2\/comments?post=754"}],"version-history":[{"count":2,"href":"https:\/\/semmelweis.hu\/gyogyszereszeti-intezet\/wp-json\/wp\/v2\/pages\/754\/revisions"}],"predecessor-version":[{"id":901,"href":"https:\/\/semmelweis.hu\/gyogyszereszeti-intezet\/wp-json\/wp\/v2\/pages\/754\/revisions\/901"}],"up":[{"embeddable":true,"href":"https:\/\/semmelweis.hu\/gyogyszereszeti-intezet\/wp-json\/wp\/v2\/pages\/10"}],"wp:attachment":[{"href":"https:\/\/semmelweis.hu\/gyogyszereszeti-intezet\/wp-json\/wp\/v2\/media?parent=754"}],"wp:term":[{"taxonomy":"category","embeddable":true,"href":"https:\/\/semmelweis.hu\/gyogyszereszeti-intezet\/wp-json\/wp\/v2\/categories?post=754"},{"taxonomy":"post_tag","embeddable":true,"href":"https:\/\/semmelweis.hu\/gyogyszereszeti-intezet\/wp-json\/wp\/v2\/tags?post=754"}],"curies":[{"name":"wp","href":"https:\/\/api.w.org\/{rel}","templated":true}]}}